{"id":10142,"date":"2021-10-01T14:25:31","date_gmt":"2021-10-01T12:25:31","guid":{"rendered":"http:\/\/aem.hr\/?page_id=10142"},"modified":"2022-11-14T13:20:53","modified_gmt":"2022-11-14T12:20:53","slug":"u-spektru-bogatstva-razlicitosti","status":"publish","type":"page","link":"https:\/\/aem.hr\/en\/u-spektru-bogatstva-razlicitosti\/","title":{"rendered":"U spektru bogatstva razli\u010ditosti"},"content":{"rendered":"\n<div class=\"wp-block-file advgb-dyn-03cf1381\"><a id=\"wp-block-file--media-89446f41-0f56-4126-ac97-a77b34e7750e\" href=\"https:\/\/aem.hr\/wp-content\/uploads\/2021\/10\/1.-Ured-za-lj.prava_.pdf\">1. Ured za ljudska prava i prava nacionalnih manjina<\/a><a href=\"https:\/\/aem.hr\/wp-content\/uploads\/2021\/10\/1.-Ured-za-lj.prava_.pdf\" class=\"wp-block-file__button wp-element-button\" download aria-describedby=\"wp-block-file--media-89446f41-0f56-4126-ac97-a77b34e7750e\"> Preuzimanje <\/a><\/div>\n\n\n\n<div class=\"wp-block-file advgb-dyn-b51a1cc7\"><a id=\"wp-block-file--media-72fb6f50-7860-490a-80ac-8b6f841e8bbd\" href=\"https:\/\/aem.hr\/wp-content\/uploads\/2021\/10\/2.-Savjet-za-nac.-manjine.pdf\">2. Savjet za nacionalne manjine<\/a><a href=\"https:\/\/aem.hr\/wp-content\/uploads\/2021\/10\/2.-Savjet-za-nac.-manjine.pdf\" class=\"wp-block-file__button wp-element-button\" download aria-describedby=\"wp-block-file--media-72fb6f50-7860-490a-80ac-8b6f841e8bbd\"> Preuzimanje <\/a><\/div>\n\n\n\n<div class=\"wp-block-file advgb-dyn-311875ae\"><a id=\"wp-block-file--media-006af05a-68ed-403e-b65a-bc45b14a1de5\" href=\"https:\/\/aem.hr\/wp-content\/uploads\/2021\/10\/3.-Zastupnici-u-hrv.-saboru.pdf\">3. Zastupnici u Hrvatskom saboru iz redova nacionalnih manjina<\/a><a href=\"https:\/\/aem.hr\/wp-content\/uploads\/2021\/10\/3.-Zastupnici-u-hrv.-saboru.pdf\" class=\"wp-block-file__button wp-element-button\" download aria-describedby=\"wp-block-file--media-006af05a-68ed-403e-b65a-bc45b14a1de5\"> Preuzimanje <\/a><\/div>\n\n\n\n<div class=\"wp-block-file advgb-dyn-9a879ebb\"><a id=\"wp-block-file--media-a6a35a56-b181-41ff-97bf-f02225201b54\" href=\"https:\/\/aem.hr\/wp-content\/uploads\/2021\/10\/4.-Vlada-RH.pdf\">4. Vlada republike Hrvatske i odnos prema predstavnicima nacionalnih manjina u hrvatskoj<\/a><a href=\"https:\/\/aem.hr\/wp-content\/uploads\/2021\/10\/4.-Vlada-RH.pdf\" class=\"wp-block-file__button wp-element-button\" download aria-describedby=\"wp-block-file--media-a6a35a56-b181-41ff-97bf-f02225201b54\"> Preuzimanje <\/a><\/div>\n\n\n\n<div class=\"wp-block-file advgb-dyn-ed033cea\"><a id=\"wp-block-file--media-69be4a73-7707-488d-b8f6-e7f016cddbda\" href=\"https:\/\/aem.hr\/wp-content\/uploads\/2021\/10\/5.-Romska-nac.-manjina.pdf\">5. Po\u0161tovanje prava pripadnika Romske nacionalne manjine<\/a><a href=\"https:\/\/aem.hr\/wp-content\/uploads\/2021\/10\/5.-Romska-nac.-manjina.pdf\" class=\"wp-block-file__button wp-element-button\" download aria-describedby=\"wp-block-file--media-69be4a73-7707-488d-b8f6-e7f016cddbda\"> Preuzimanje <\/a><\/div>\n\n\n\n<div class=\"wp-block-file advgb-dyn-9a98e70a\"><a id=\"wp-block-file--media-dfe100f5-6d3d-47b9-8477-3929121b4747\" href=\"https:\/\/aem.hr\/wp-content\/uploads\/2021\/10\/6.-Ceska-i-slovacka-nac.-manjina.pdf\">6. Po\u0161tovanje prava \u010ce\u0161ke i Slova\u010dke nacionalne manjine<\/a><a href=\"https:\/\/aem.hr\/wp-content\/uploads\/2021\/10\/6.-Ceska-i-slovacka-nac.-manjina.pdf\" class=\"wp-block-file__button wp-element-button\" download aria-describedby=\"wp-block-file--media-dfe100f5-6d3d-47b9-8477-3929121b4747\">Preuzimanje<\/a><\/div>\n\n\n\n<div class=\"wp-block-file advgb-dyn-d0d97987\"><a id=\"wp-block-file--media-2a882322-bf43-42a9-bbf0-562652fda843\" href=\"https:\/\/aem.hr\/wp-content\/uploads\/2021\/10\/7.-I-pripadnici-nac.-manjina.pdf\">7. I pripadnici nacionalnih manjina sudjelovali su u stvaranju i obrani Hrvatske<\/a><a href=\"https:\/\/aem.hr\/wp-content\/uploads\/2021\/10\/7.-I-pripadnici-nac.-manjina.pdf\" class=\"wp-block-file__button wp-element-button\" download aria-describedby=\"wp-block-file--media-2a882322-bf43-42a9-bbf0-562652fda843\"> Preuzimanje <\/a><\/div>\n\n\n\n<div class=\"wp-block-file advgb-dyn-f369cb90\"><a id=\"wp-block-file--media-2814b81e-ed7c-4452-8737-52736a4d95f5\" href=\"https:\/\/aem.hr\/wp-content\/uploads\/2021\/10\/8.-Znanstveni-pristup.pdf\">8. Znanstveni pristup istra\u017eivanju nekih specifi\u010dnih prava nacionalnih manjina u Hrvatskoj<\/a><a href=\"https:\/\/aem.hr\/wp-content\/uploads\/2021\/10\/8.-Znanstveni-pristup.pdf\" class=\"wp-block-file__button wp-element-button\" download aria-describedby=\"wp-block-file--media-2814b81e-ed7c-4452-8737-52736a4d95f5\"> Preuzimanje <\/a><\/div>\n\n\n\n<p><\/p>\n","protected":false},"excerpt":{"rendered":"","protected":false},"author":18,"featured_media":0,"parent":0,"menu_order":0,"comment_status":"closed","ping_status":"closed","template":"","meta":{"_acf_changed":false,"inline_featured_image":false,"advgb_blocks_editor_width":"","advgb_blocks_columns_visual_guide":"","_links_to":"","_links_to_type":0,"footnotes":""},"class_list":["post-10142","page","type-page","status-publish","hentry"],"acf":[],"yoast_head":"<!-- This site is optimized with the Yoast SEO plugin v25.7 - https:\/\/yoast.com\/wordpress\/plugins\/seo\/ -->\n<title>U spektru bogatstva razli\u010ditosti - Agencija za elektroni\u010dke medije<\/title>\n<meta name=\"robots\" content=\"index, follow, max-snippet:-1, max-image-preview:large, max-video-preview:-1\" \/>\n<link rel=\"canonical\" href=\"https:\/\/aem.hr\/u-spektru-bogatstva-razlicitosti\/\" \/>\n<meta property=\"og:locale\" content=\"en_US\" \/>\n<meta property=\"og:type\" content=\"article\" \/>\n<meta property=\"og:title\" content=\"U spektru bogatstva razli\u010ditosti - Agencija za elektroni\u010dke medije\" \/>\n<meta property=\"og:url\" content=\"https:\/\/aem.hr\/u-spektru-bogatstva-razlicitosti\/\" \/>\n<meta property=\"og:site_name\" content=\"Agencija za elektroni\u010dke medije\" \/>\n<meta property=\"article:modified_time\" content=\"2022-11-14T12:20:53+00:00\" \/>\n<meta name=\"twitter:card\" content=\"summary_large_image\" \/>\n<meta name=\"twitter:label1\" content=\"Est. reading time\" \/>\n\t<meta name=\"twitter:data1\" content=\"1 minute\" \/>\n<script type=\"application\/ld+json\" class=\"yoast-schema-graph\">{\"@context\":\"https:\/\/schema.org\",\"@graph\":[{\"@type\":\"WebPage\",\"@id\":\"https:\/\/aem.hr\/u-spektru-bogatstva-razlicitosti\/\",\"url\":\"https:\/\/aem.hr\/u-spektru-bogatstva-razlicitosti\/\",\"name\":\"U spektru bogatstva razli\u010ditosti - Agencija za elektroni\u010dke medije\",\"isPartOf\":{\"@id\":\"https:\/\/aem.hr\/#website\"},\"datePublished\":\"2021-10-01T12:25:31+00:00\",\"dateModified\":\"2022-11-14T12:20:53+00:00\",\"breadcrumb\":{\"@id\":\"https:\/\/aem.hr\/u-spektru-bogatstva-razlicitosti\/#breadcrumb\"},\"inLanguage\":\"en-US\",\"potentialAction\":[{\"@type\":\"ReadAction\",\"target\":[\"https:\/\/aem.hr\/u-spektru-bogatstva-razlicitosti\/\"]}]},{\"@type\":\"BreadcrumbList\",\"@id\":\"https:\/\/aem.hr\/u-spektru-bogatstva-razlicitosti\/#breadcrumb\",\"itemListElement\":[{\"@type\":\"ListItem\",\"position\":1,\"name\":\"Po\u010detna stranica\",\"item\":\"https:\/\/aem.hr\/\"},{\"@type\":\"ListItem\",\"position\":2,\"name\":\"U spektru bogatstva razli\u010ditosti\"}]},{\"@type\":\"WebSite\",\"@id\":\"https:\/\/aem.hr\/#website\",\"url\":\"https:\/\/aem.hr\/\",\"name\":\"Agencija za elektroni\u010dke medije\",\"description\":\"\",\"potentialAction\":[{\"@type\":\"SearchAction\",\"target\":{\"@type\":\"EntryPoint\",\"urlTemplate\":\"https:\/\/aem.hr\/?s={search_term_string}\"},\"query-input\":{\"@type\":\"PropertyValueSpecification\",\"valueRequired\":true,\"valueName\":\"search_term_string\"}}],\"inLanguage\":\"en-US\"}]}<\/script>\n<!-- \/ Yoast SEO plugin. -->","yoast_head_json":{"title":"U spektru bogatstva razli\u010ditosti - Agencija za elektroni\u010dke medije","robots":{"index":"index","follow":"follow","max-snippet":"max-snippet:-1","max-image-preview":"max-image-preview:large","max-video-preview":"max-video-preview:-1"},"canonical":"https:\/\/aem.hr\/u-spektru-bogatstva-razlicitosti\/","og_locale":"en_US","og_type":"article","og_title":"U spektru bogatstva razli\u010ditosti - Agencija za elektroni\u010dke medije","og_url":"https:\/\/aem.hr\/u-spektru-bogatstva-razlicitosti\/","og_site_name":"Agencija za elektroni\u010dke medije","article_modified_time":"2022-11-14T12:20:53+00:00","twitter_card":"summary_large_image","twitter_misc":{"Est. reading time":"1 minute"},"schema":{"@context":"https:\/\/schema.org","@graph":[{"@type":"WebPage","@id":"https:\/\/aem.hr\/u-spektru-bogatstva-razlicitosti\/","url":"https:\/\/aem.hr\/u-spektru-bogatstva-razlicitosti\/","name":"U spektru bogatstva razli\u010ditosti - Agencija za elektroni\u010dke medije","isPartOf":{"@id":"https:\/\/aem.hr\/#website"},"datePublished":"2021-10-01T12:25:31+00:00","dateModified":"2022-11-14T12:20:53+00:00","breadcrumb":{"@id":"https:\/\/aem.hr\/u-spektru-bogatstva-razlicitosti\/#breadcrumb"},"inLanguage":"en-US","potentialAction":[{"@type":"ReadAction","target":["https:\/\/aem.hr\/u-spektru-bogatstva-razlicitosti\/"]}]},{"@type":"BreadcrumbList","@id":"https:\/\/aem.hr\/u-spektru-bogatstva-razlicitosti\/#breadcrumb","itemListElement":[{"@type":"ListItem","position":1,"name":"Po\u010detna stranica","item":"https:\/\/aem.hr\/"},{"@type":"ListItem","position":2,"name":"U spektru bogatstva razli\u010ditosti"}]},{"@type":"WebSite","@id":"https:\/\/aem.hr\/#website","url":"https:\/\/aem.hr\/","name":"Agencija za elektroni\u010dke medije","description":"","potentialAction":[{"@type":"SearchAction","target":{"@type":"EntryPoint","urlTemplate":"https:\/\/aem.hr\/?s={search_term_string}"},"query-input":{"@type":"PropertyValueSpecification","valueRequired":true,"valueName":"search_term_string"}}],"inLanguage":"en-US"}]}},"coauthors":[],"author_meta":{"author_link":"https:\/\/aem.hr\/en\/blog\/author\/mkirac\/","display_name":"Matko Kirac"},"relative_dates":{"created":"Posted 5 years ago","modified":"Updated 3 years ago"},"absolute_dates":{"created":"Posted on 1. October 2021.","modified":"Updated on 14. November 2022."},"absolute_dates_time":{"created":"Posted on 1. October 2021. 14:25","modified":"Updated on 14. November 2022. 13:20"},"featured_img_caption":"","featured_img":false,"series_order":"","_links":{"self":[{"href":"https:\/\/aem.hr\/en\/wp-json\/wp\/v2\/pages\/10142","targetHints":{"allow":["GET"]}}],"collection":[{"href":"https:\/\/aem.hr\/en\/wp-json\/wp\/v2\/pages"}],"about":[{"href":"https:\/\/aem.hr\/en\/wp-json\/wp\/v2\/types\/page"}],"author":[{"embeddable":true,"href":"https:\/\/aem.hr\/en\/wp-json\/wp\/v2\/users\/18"}],"replies":[{"embeddable":true,"href":"https:\/\/aem.hr\/en\/wp-json\/wp\/v2\/comments?post=10142"}],"version-history":[{"count":2,"href":"https:\/\/aem.hr\/en\/wp-json\/wp\/v2\/pages\/10142\/revisions"}],"predecessor-version":[{"id":13639,"href":"https:\/\/aem.hr\/en\/wp-json\/wp\/v2\/pages\/10142\/revisions\/13639"}],"wp:attachment":[{"href":"https:\/\/aem.hr\/en\/wp-json\/wp\/v2\/media?parent=10142"}],"curies":[{"name":"wp","href":"https:\/\/api.w.org\/{rel}","templated":true}]}}