{"id":10182,"date":"2021-10-01T14:56:37","date_gmt":"2021-10-01T12:56:37","guid":{"rendered":"http:\/\/aem.hr\/?page_id=10182"},"modified":"2022-11-14T13:32:09","modified_gmt":"2022-11-14T12:32:09","slug":"sve-krajnosti-zdravog-nacina-zivota-ozbiljni-poremecaji-o-kojima-se-malo-zna-i-premalo-govori","status":"publish","type":"page","link":"https:\/\/aem.hr\/en\/sve-krajnosti-zdravog-nacina-zivota-ozbiljni-poremecaji-o-kojima-se-malo-zna-i-premalo-govori\/","title":{"rendered":"Sve krajnosti &#8220;zdravog&#8221; na\u010dina \u017eivota: Ozbiljni poreme\u0107aji o kojima se malo zna i premalo govori"},"content":{"rendered":"\n<div class=\"wp-block-file advgb-dyn-d537b9e8\"><a id=\"wp-block-file--media-ac768243-57bf-4eb0-9979-9a2d0174c8b7\" href=\"https:\/\/aem.hr\/wp-content\/uploads\/2021\/10\/1.-Nametanje-ZDRAVOG-nacina.pdf\">1. Nametanje &#8220;zdravog&#8221; na\u010dina \u017eivota odvodi i u smrt: Poreme\u0107aji o kojma se u Hrvatskoj ne govori<\/a><a href=\"https:\/\/aem.hr\/wp-content\/uploads\/2021\/10\/1.-Nametanje-ZDRAVOG-nacina.pdf\" class=\"wp-block-file__button wp-element-button\" download aria-describedby=\"wp-block-file--media-ac768243-57bf-4eb0-9979-9a2d0174c8b7\"> Preuzimanje <\/a><\/div>\n\n\n\n<div class=\"wp-block-file advgb-dyn-a9ad12ae\"><a id=\"wp-block-file--media-7336bef6-f7b5-4f0c-ad1c-2f761992f357\" href=\"https:\/\/aem.hr\/wp-content\/uploads\/2021\/10\/2.-UMIRE-IH-20-POSTO.pdf\">2. Umire ih 20 posto, no u RH tu bolest ne lije\u010de: &#8220;Toliko puta sam htjela odustati u toj borbi bez kraja!&#8221;<\/a><a href=\"https:\/\/aem.hr\/wp-content\/uploads\/2021\/10\/2.-UMIRE-IH-20-POSTO.pdf\" class=\"wp-block-file__button wp-element-button\" download aria-describedby=\"wp-block-file--media-7336bef6-f7b5-4f0c-ad1c-2f761992f357\"> Preuzimanje <\/a><\/div>\n\n\n\n<div class=\"wp-block-file advgb-dyn-b1dfdac0\"><a id=\"wp-block-file--media-5bf460d0-919e-4410-93dc-d11b57817521\" href=\"https:\/\/aem.hr\/wp-content\/uploads\/2021\/10\/3.-ZASTO-SE-OVO-SKRIVA.pdf\">3. Za\u0161to se ovo skriva: Zbog nelije\u010denja poreme\u0107aja u prehrani, u RH svaki tjedan umre jedna osoba!<\/a><a href=\"https:\/\/aem.hr\/wp-content\/uploads\/2021\/10\/3.-ZASTO-SE-OVO-SKRIVA.pdf\" class=\"wp-block-file__button wp-element-button\" download aria-describedby=\"wp-block-file--media-5bf460d0-919e-4410-93dc-d11b57817521\">Preuzimanje<\/a><\/div>\n\n\n\n<div class=\"wp-block-file advgb-dyn-22f4b235\"><a id=\"wp-block-file--media-fe57f4ac-40b5-4049-a34a-110872657b18\" href=\"https:\/\/aem.hr\/wp-content\/uploads\/2021\/10\/4.-Poremecaji-u-prehrani-nisu.pdf\">4. Je li &#8220;zdravo&#8221; ba\u0161 uvijek zdravo &#8211; odgovaraju stru\u010dnjaci: &#8220;Poreme\u0107aji u prehrani nisu dijeta, ni razma\u017eenost, ve\u0107 ozbiljne psihi\u010dke bolesti od kojih se \u010desto umire!&#8221;<\/a><a href=\"https:\/\/aem.hr\/wp-content\/uploads\/2021\/10\/4.-Poremecaji-u-prehrani-nisu.pdf\" class=\"wp-block-file__button wp-element-button\" download aria-describedby=\"wp-block-file--media-fe57f4ac-40b5-4049-a34a-110872657b18\"> Preuzimanje <\/a><\/div>\n\n\n\n<div class=\"wp-block-file advgb-dyn-7056df35\"><a id=\"wp-block-file--media-d897c379-6470-4b9d-af96-536a6e47144e\" href=\"https:\/\/aem.hr\/wp-content\/uploads\/2021\/10\/5.-ZABLUDE-O-ZDRAVOJ-HRANI.pdf\">5. Zablude o zdravoj hrani: Oni koji tvrde da sendvi\u010di i slatki\u0161i ne mogu biti zdravi ne govore istinu<\/a><a href=\"https:\/\/aem.hr\/wp-content\/uploads\/2021\/10\/5.-ZABLUDE-O-ZDRAVOJ-HRANI.pdf\" class=\"wp-block-file__button wp-element-button\" download aria-describedby=\"wp-block-file--media-d897c379-6470-4b9d-af96-536a6e47144e\"> Preuzimanje <\/a><\/div>\n\n\n\n<div class=\"wp-block-file advgb-dyn-2edbd7a2\"><a id=\"wp-block-file--media-c78d2c81-dd12-4e96-9019-65b8eb1f6830\" href=\"https:\/\/aem.hr\/wp-content\/uploads\/2021\/10\/6.-JEDITE-BEZ-STRAHA.pdf\">6. Jedite bez straha: &#8220;Zdravlje u svakoj veli\u010dini tijela&#8221; kona\u010dni je udarac mitovima o dijetama<\/a><a href=\"https:\/\/aem.hr\/wp-content\/uploads\/2021\/10\/6.-JEDITE-BEZ-STRAHA.pdf\" class=\"wp-block-file__button wp-element-button\" download aria-describedby=\"wp-block-file--media-c78d2c81-dd12-4e96-9019-65b8eb1f6830\"> Preuzimanje <\/a><\/div>\n\n\n\n<p><\/p>\n","protected":false},"excerpt":{"rendered":"","protected":false},"author":18,"featured_media":0,"parent":0,"menu_order":0,"comment_status":"closed","ping_status":"closed","template":"","meta":{"_acf_changed":false,"inline_featured_image":false,"advgb_blocks_editor_width":"","advgb_blocks_columns_visual_guide":"","_links_to":"","_links_to_type":0,"footnotes":""},"class_list":["post-10182","page","type-page","status-publish","hentry"],"acf":[],"yoast_head":"<!-- This site is optimized with the Yoast SEO plugin v25.7 - https:\/\/yoast.com\/wordpress\/plugins\/seo\/ -->\n<title>Sve krajnosti &quot;zdravog&quot; na\u010dina \u017eivota: Ozbiljni poreme\u0107aji o kojima se malo zna i premalo govori - Agencija za elektroni\u010dke medije<\/title>\n<meta name=\"robots\" content=\"index, follow, max-snippet:-1, max-image-preview:large, max-video-preview:-1\" \/>\n<link rel=\"canonical\" href=\"https:\/\/aem.hr\/sve-krajnosti-zdravog-nacina-zivota-ozbiljni-poremecaji-o-kojima-se-malo-zna-i-premalo-govori\/\" \/>\n<meta property=\"og:locale\" content=\"en_US\" \/>\n<meta property=\"og:type\" content=\"article\" \/>\n<meta property=\"og:title\" content=\"Sve krajnosti &quot;zdravog&quot; na\u010dina \u017eivota: Ozbiljni poreme\u0107aji o kojima se malo zna i premalo govori - Agencija za elektroni\u010dke medije\" \/>\n<meta property=\"og:url\" content=\"https:\/\/aem.hr\/sve-krajnosti-zdravog-nacina-zivota-ozbiljni-poremecaji-o-kojima-se-malo-zna-i-premalo-govori\/\" \/>\n<meta property=\"og:site_name\" content=\"Agencija za elektroni\u010dke medije\" \/>\n<meta property=\"article:modified_time\" content=\"2022-11-14T12:32:09+00:00\" \/>\n<meta name=\"twitter:card\" content=\"summary_large_image\" \/>\n<meta name=\"twitter:label1\" content=\"Est. reading time\" \/>\n\t<meta name=\"twitter:data1\" content=\"1 minute\" \/>\n<script type=\"application\/ld+json\" class=\"yoast-schema-graph\">{\"@context\":\"https:\/\/schema.org\",\"@graph\":[{\"@type\":\"WebPage\",\"@id\":\"https:\/\/aem.hr\/sve-krajnosti-zdravog-nacina-zivota-ozbiljni-poremecaji-o-kojima-se-malo-zna-i-premalo-govori\/\",\"url\":\"https:\/\/aem.hr\/sve-krajnosti-zdravog-nacina-zivota-ozbiljni-poremecaji-o-kojima-se-malo-zna-i-premalo-govori\/\",\"name\":\"Sve krajnosti \\\"zdravog\\\" na\u010dina \u017eivota: Ozbiljni poreme\u0107aji o kojima se malo zna i premalo govori - Agencija za elektroni\u010dke medije\",\"isPartOf\":{\"@id\":\"https:\/\/aem.hr\/#website\"},\"datePublished\":\"2021-10-01T12:56:37+00:00\",\"dateModified\":\"2022-11-14T12:32:09+00:00\",\"breadcrumb\":{\"@id\":\"https:\/\/aem.hr\/sve-krajnosti-zdravog-nacina-zivota-ozbiljni-poremecaji-o-kojima-se-malo-zna-i-premalo-govori\/#breadcrumb\"},\"inLanguage\":\"en-US\",\"potentialAction\":[{\"@type\":\"ReadAction\",\"target\":[\"https:\/\/aem.hr\/sve-krajnosti-zdravog-nacina-zivota-ozbiljni-poremecaji-o-kojima-se-malo-zna-i-premalo-govori\/\"]}]},{\"@type\":\"BreadcrumbList\",\"@id\":\"https:\/\/aem.hr\/sve-krajnosti-zdravog-nacina-zivota-ozbiljni-poremecaji-o-kojima-se-malo-zna-i-premalo-govori\/#breadcrumb\",\"itemListElement\":[{\"@type\":\"ListItem\",\"position\":1,\"name\":\"Po\u010detna stranica\",\"item\":\"https:\/\/aem.hr\/\"},{\"@type\":\"ListItem\",\"position\":2,\"name\":\"Sve krajnosti &#8220;zdravog&#8221; na\u010dina \u017eivota: Ozbiljni poreme\u0107aji o kojima se malo zna i premalo govori\"}]},{\"@type\":\"WebSite\",\"@id\":\"https:\/\/aem.hr\/#website\",\"url\":\"https:\/\/aem.hr\/\",\"name\":\"Agencija za elektroni\u010dke medije\",\"description\":\"\",\"potentialAction\":[{\"@type\":\"SearchAction\",\"target\":{\"@type\":\"EntryPoint\",\"urlTemplate\":\"https:\/\/aem.hr\/?s={search_term_string}\"},\"query-input\":{\"@type\":\"PropertyValueSpecification\",\"valueRequired\":true,\"valueName\":\"search_term_string\"}}],\"inLanguage\":\"en-US\"}]}<\/script>\n<!-- \/ Yoast SEO plugin. -->","yoast_head_json":{"title":"Sve krajnosti \"zdravog\" na\u010dina \u017eivota: Ozbiljni poreme\u0107aji o kojima se malo zna i premalo govori - Agencija za elektroni\u010dke medije","robots":{"index":"index","follow":"follow","max-snippet":"max-snippet:-1","max-image-preview":"max-image-preview:large","max-video-preview":"max-video-preview:-1"},"canonical":"https:\/\/aem.hr\/sve-krajnosti-zdravog-nacina-zivota-ozbiljni-poremecaji-o-kojima-se-malo-zna-i-premalo-govori\/","og_locale":"en_US","og_type":"article","og_title":"Sve krajnosti \"zdravog\" na\u010dina \u017eivota: Ozbiljni poreme\u0107aji o kojima se malo zna i premalo govori - Agencija za elektroni\u010dke medije","og_url":"https:\/\/aem.hr\/sve-krajnosti-zdravog-nacina-zivota-ozbiljni-poremecaji-o-kojima-se-malo-zna-i-premalo-govori\/","og_site_name":"Agencija za elektroni\u010dke medije","article_modified_time":"2022-11-14T12:32:09+00:00","twitter_card":"summary_large_image","twitter_misc":{"Est. reading time":"1 minute"},"schema":{"@context":"https:\/\/schema.org","@graph":[{"@type":"WebPage","@id":"https:\/\/aem.hr\/sve-krajnosti-zdravog-nacina-zivota-ozbiljni-poremecaji-o-kojima-se-malo-zna-i-premalo-govori\/","url":"https:\/\/aem.hr\/sve-krajnosti-zdravog-nacina-zivota-ozbiljni-poremecaji-o-kojima-se-malo-zna-i-premalo-govori\/","name":"Sve krajnosti \"zdravog\" na\u010dina \u017eivota: Ozbiljni poreme\u0107aji o kojima se malo zna i premalo govori - Agencija za elektroni\u010dke medije","isPartOf":{"@id":"https:\/\/aem.hr\/#website"},"datePublished":"2021-10-01T12:56:37+00:00","dateModified":"2022-11-14T12:32:09+00:00","breadcrumb":{"@id":"https:\/\/aem.hr\/sve-krajnosti-zdravog-nacina-zivota-ozbiljni-poremecaji-o-kojima-se-malo-zna-i-premalo-govori\/#breadcrumb"},"inLanguage":"en-US","potentialAction":[{"@type":"ReadAction","target":["https:\/\/aem.hr\/sve-krajnosti-zdravog-nacina-zivota-ozbiljni-poremecaji-o-kojima-se-malo-zna-i-premalo-govori\/"]}]},{"@type":"BreadcrumbList","@id":"https:\/\/aem.hr\/sve-krajnosti-zdravog-nacina-zivota-ozbiljni-poremecaji-o-kojima-se-malo-zna-i-premalo-govori\/#breadcrumb","itemListElement":[{"@type":"ListItem","position":1,"name":"Po\u010detna stranica","item":"https:\/\/aem.hr\/"},{"@type":"ListItem","position":2,"name":"Sve krajnosti &#8220;zdravog&#8221; na\u010dina \u017eivota: Ozbiljni poreme\u0107aji o kojima se malo zna i premalo govori"}]},{"@type":"WebSite","@id":"https:\/\/aem.hr\/#website","url":"https:\/\/aem.hr\/","name":"Agencija za elektroni\u010dke medije","description":"","potentialAction":[{"@type":"SearchAction","target":{"@type":"EntryPoint","urlTemplate":"https:\/\/aem.hr\/?s={search_term_string}"},"query-input":{"@type":"PropertyValueSpecification","valueRequired":true,"valueName":"search_term_string"}}],"inLanguage":"en-US"}]}},"coauthors":[],"author_meta":{"author_link":"https:\/\/aem.hr\/en\/blog\/author\/mkirac\/","display_name":"Matko Kirac"},"relative_dates":{"created":"Posted 5 years ago","modified":"Updated 3 years ago"},"absolute_dates":{"created":"Posted on 1. October 2021.","modified":"Updated on 14. November 2022."},"absolute_dates_time":{"created":"Posted on 1. October 2021. 14:56","modified":"Updated on 14. November 2022. 13:32"},"featured_img_caption":"","featured_img":false,"series_order":"","_links":{"self":[{"href":"https:\/\/aem.hr\/en\/wp-json\/wp\/v2\/pages\/10182","targetHints":{"allow":["GET"]}}],"collection":[{"href":"https:\/\/aem.hr\/en\/wp-json\/wp\/v2\/pages"}],"about":[{"href":"https:\/\/aem.hr\/en\/wp-json\/wp\/v2\/types\/page"}],"author":[{"embeddable":true,"href":"https:\/\/aem.hr\/en\/wp-json\/wp\/v2\/users\/18"}],"replies":[{"embeddable":true,"href":"https:\/\/aem.hr\/en\/wp-json\/wp\/v2\/comments?post=10182"}],"version-history":[{"count":2,"href":"https:\/\/aem.hr\/en\/wp-json\/wp\/v2\/pages\/10182\/revisions"}],"predecessor-version":[{"id":13642,"href":"https:\/\/aem.hr\/en\/wp-json\/wp\/v2\/pages\/10182\/revisions\/13642"}],"wp:attachment":[{"href":"https:\/\/aem.hr\/en\/wp-json\/wp\/v2\/media?parent=10182"}],"curies":[{"name":"wp","href":"https:\/\/api.w.org\/{rel}","templated":true}]}}