{"id":10207,"date":"2021-10-01T15:22:07","date_gmt":"2021-10-01T13:22:07","guid":{"rendered":"http:\/\/aem.hr\/?page_id=10207"},"modified":"2022-11-14T13:13:33","modified_gmt":"2022-11-14T12:13:33","slug":"hrvatski-otoci-na-rubu","status":"publish","type":"page","link":"https:\/\/aem.hr\/en\/hrvatski-otoci-na-rubu\/","title":{"rendered":"Hrvatski otoci na rubu ili u srcu Europe"},"content":{"rendered":"\n<div class=\"wp-block-file advgb-dyn-6176d76f\"><a id=\"wp-block-file--media-c00938d7-0e31-4d5a-8b24-bd0c5196850a\" href=\"https:\/\/aem.hr\/wp-content\/uploads\/2021\/10\/1.-Tamo-dolazimo.pdf\">1. Tamo dolazimo napuniti baterije, ne misle\u0107i da pritom praznimo oto\u010dke \u017eivotne baterije!<\/a><a href=\"https:\/\/aem.hr\/wp-content\/uploads\/2021\/10\/1.-Tamo-dolazimo.pdf\" class=\"wp-block-file__button wp-element-button\" download aria-describedby=\"wp-block-file--media-c00938d7-0e31-4d5a-8b24-bd0c5196850a\"> Preuzimanje <\/a><\/div>\n\n\n\n<div class=\"wp-block-file advgb-dyn-c7fd72e2\"><a id=\"wp-block-file--media-d00db529-9bf3-41ff-842d-f624787dae86\" href=\"https:\/\/aem.hr\/wp-content\/uploads\/2021\/10\/2.-Mlada-Silbenka.pdf\">2. Mlada Silbenka od svog otoka planira u\u010diniti EU \u010dudo!<\/a><a href=\"https:\/\/aem.hr\/wp-content\/uploads\/2021\/10\/2.-Mlada-Silbenka.pdf\" class=\"wp-block-file__button wp-element-button\" download aria-describedby=\"wp-block-file--media-d00db529-9bf3-41ff-842d-f624787dae86\"> Preuzimanje<\/a><\/div>\n\n\n\n<div class=\"wp-block-file advgb-dyn-7e53fce1\"><a id=\"wp-block-file--media-7ee20f49-1ed5-4c78-b5fa-e365ee9dc67d\" href=\"https:\/\/aem.hr\/wp-content\/uploads\/2021\/10\/3.-Murterini-Jedrom.pdf\">3. Murterini Jedrom plove, a Mre\u017eom uspje\u0161no love uzdu\u017e Europe<\/a><a href=\"https:\/\/aem.hr\/wp-content\/uploads\/2021\/10\/3.-Murterini-Jedrom.pdf\" class=\"wp-block-file__button wp-element-button\" download aria-describedby=\"wp-block-file--media-7ee20f49-1ed5-4c78-b5fa-e365ee9dc67d\">Preuzimanje<\/a><\/div>\n\n\n\n<div class=\"wp-block-file advgb-dyn-d6a21b33\"><a id=\"wp-block-file--media-22c05ae5-c431-40cd-8210-4f48cae36892\" href=\"https:\/\/aem.hr\/wp-content\/uploads\/2021\/10\/4.-Razumiju-li-projekt.pdf\">4. Razumiju li projekt Otoci bez plastike, bolje u Bruxellesu nego u Zagrebu?<\/a><a href=\"https:\/\/aem.hr\/wp-content\/uploads\/2021\/10\/4.-Razumiju-li-projekt.pdf\" class=\"wp-block-file__button wp-element-button\" download aria-describedby=\"wp-block-file--media-22c05ae5-c431-40cd-8210-4f48cae36892\"> Preuzimanje<\/a><\/div>\n\n\n\n<div class=\"wp-block-file advgb-dyn-8406da40\"><a id=\"wp-block-file--media-9aaff7f2-929e-425a-a29d-87ac29d4b16a\" href=\"https:\/\/aem.hr\/wp-content\/uploads\/2021\/10\/5.-Dr.-Starc-Bez-svijesti.pdf\">5. Dr. Starc: \u201cBez svijesti o arhipelagu, na\u0161i otoci ostat \u0107e tek razjedinjeni dijelovi kopna u moru\u201d<\/a><a href=\"https:\/\/aem.hr\/wp-content\/uploads\/2021\/10\/5.-Dr.-Starc-Bez-svijesti.pdf\" class=\"wp-block-file__button wp-element-button\" download aria-describedby=\"wp-block-file--media-9aaff7f2-929e-425a-a29d-87ac29d4b16a\"> Preuzimanje<\/a><\/div>\n\n\n\n<div class=\"wp-block-file advgb-dyn-059f40f2\"><a id=\"wp-block-file--media-7b207206-dff7-4f60-88a5-b788fd6f9afd\" href=\"https:\/\/aem.hr\/wp-content\/uploads\/2021\/10\/6.-OTRA-je-Cres.pdf\">6. OTRA je Cres vratila na europske rute, a sad bi joj Vlada oduzela pravo na odluke!?<\/a><a href=\"https:\/\/aem.hr\/wp-content\/uploads\/2021\/10\/6.-OTRA-je-Cres.pdf\" class=\"wp-block-file__button wp-element-button\" download aria-describedby=\"wp-block-file--media-7b207206-dff7-4f60-88a5-b788fd6f9afd\"> Preuzimanje<\/a><\/div>\n\n\n\n<p><\/p>\n\n\n\n<p><\/p>\n","protected":false},"excerpt":{"rendered":"","protected":false},"author":2,"featured_media":0,"parent":0,"menu_order":0,"comment_status":"closed","ping_status":"closed","template":"","meta":{"_acf_changed":false,"inline_featured_image":false,"advgb_blocks_editor_width":"","advgb_blocks_columns_visual_guide":"","_links_to":"","_links_to_type":0,"footnotes":""},"class_list":["post-10207","page","type-page","status-publish","hentry"],"acf":[],"yoast_head":"<!-- This site is optimized with the Yoast SEO plugin v25.7 - https:\/\/yoast.com\/wordpress\/plugins\/seo\/ -->\n<title>Hrvatski otoci na rubu ili u srcu Europe - Agencija za elektroni\u010dke medije<\/title>\n<meta name=\"robots\" content=\"index, follow, max-snippet:-1, max-image-preview:large, max-video-preview:-1\" \/>\n<link rel=\"canonical\" href=\"https:\/\/aem.hr\/hrvatski-otoci-na-rubu\/\" \/>\n<meta property=\"og:locale\" content=\"en_US\" \/>\n<meta property=\"og:type\" content=\"article\" \/>\n<meta property=\"og:title\" content=\"Hrvatski otoci na rubu ili u srcu Europe - Agencija za elektroni\u010dke medije\" \/>\n<meta property=\"og:url\" content=\"https:\/\/aem.hr\/hrvatski-otoci-na-rubu\/\" \/>\n<meta property=\"og:site_name\" content=\"Agencija za elektroni\u010dke medije\" \/>\n<meta property=\"article:modified_time\" content=\"2022-11-14T12:13:33+00:00\" \/>\n<meta name=\"twitter:card\" content=\"summary_large_image\" \/>\n<meta name=\"twitter:label1\" content=\"Est. reading time\" \/>\n\t<meta name=\"twitter:data1\" content=\"1 minute\" \/>\n<script type=\"application\/ld+json\" class=\"yoast-schema-graph\">{\"@context\":\"https:\/\/schema.org\",\"@graph\":[{\"@type\":\"WebPage\",\"@id\":\"https:\/\/aem.hr\/hrvatski-otoci-na-rubu\/\",\"url\":\"https:\/\/aem.hr\/hrvatski-otoci-na-rubu\/\",\"name\":\"Hrvatski otoci na rubu ili u srcu Europe - Agencija za elektroni\u010dke medije\",\"isPartOf\":{\"@id\":\"https:\/\/aem.hr\/#website\"},\"datePublished\":\"2021-10-01T13:22:07+00:00\",\"dateModified\":\"2022-11-14T12:13:33+00:00\",\"breadcrumb\":{\"@id\":\"https:\/\/aem.hr\/hrvatski-otoci-na-rubu\/#breadcrumb\"},\"inLanguage\":\"en-US\",\"potentialAction\":[{\"@type\":\"ReadAction\",\"target\":[\"https:\/\/aem.hr\/hrvatski-otoci-na-rubu\/\"]}]},{\"@type\":\"BreadcrumbList\",\"@id\":\"https:\/\/aem.hr\/hrvatski-otoci-na-rubu\/#breadcrumb\",\"itemListElement\":[{\"@type\":\"ListItem\",\"position\":1,\"name\":\"Po\u010detna stranica\",\"item\":\"https:\/\/aem.hr\/\"},{\"@type\":\"ListItem\",\"position\":2,\"name\":\"Hrvatski otoci na rubu ili u srcu Europe\"}]},{\"@type\":\"WebSite\",\"@id\":\"https:\/\/aem.hr\/#website\",\"url\":\"https:\/\/aem.hr\/\",\"name\":\"Agencija za elektroni\u010dke medije\",\"description\":\"\",\"potentialAction\":[{\"@type\":\"SearchAction\",\"target\":{\"@type\":\"EntryPoint\",\"urlTemplate\":\"https:\/\/aem.hr\/?s={search_term_string}\"},\"query-input\":{\"@type\":\"PropertyValueSpecification\",\"valueRequired\":true,\"valueName\":\"search_term_string\"}}],\"inLanguage\":\"en-US\"}]}<\/script>\n<!-- \/ Yoast SEO plugin. -->","yoast_head_json":{"title":"Hrvatski otoci na rubu ili u srcu Europe - Agencija za elektroni\u010dke medije","robots":{"index":"index","follow":"follow","max-snippet":"max-snippet:-1","max-image-preview":"max-image-preview:large","max-video-preview":"max-video-preview:-1"},"canonical":"https:\/\/aem.hr\/hrvatski-otoci-na-rubu\/","og_locale":"en_US","og_type":"article","og_title":"Hrvatski otoci na rubu ili u srcu Europe - Agencija za elektroni\u010dke medije","og_url":"https:\/\/aem.hr\/hrvatski-otoci-na-rubu\/","og_site_name":"Agencija za elektroni\u010dke medije","article_modified_time":"2022-11-14T12:13:33+00:00","twitter_card":"summary_large_image","twitter_misc":{"Est. reading time":"1 minute"},"schema":{"@context":"https:\/\/schema.org","@graph":[{"@type":"WebPage","@id":"https:\/\/aem.hr\/hrvatski-otoci-na-rubu\/","url":"https:\/\/aem.hr\/hrvatski-otoci-na-rubu\/","name":"Hrvatski otoci na rubu ili u srcu Europe - Agencija za elektroni\u010dke medije","isPartOf":{"@id":"https:\/\/aem.hr\/#website"},"datePublished":"2021-10-01T13:22:07+00:00","dateModified":"2022-11-14T12:13:33+00:00","breadcrumb":{"@id":"https:\/\/aem.hr\/hrvatski-otoci-na-rubu\/#breadcrumb"},"inLanguage":"en-US","potentialAction":[{"@type":"ReadAction","target":["https:\/\/aem.hr\/hrvatski-otoci-na-rubu\/"]}]},{"@type":"BreadcrumbList","@id":"https:\/\/aem.hr\/hrvatski-otoci-na-rubu\/#breadcrumb","itemListElement":[{"@type":"ListItem","position":1,"name":"Po\u010detna stranica","item":"https:\/\/aem.hr\/"},{"@type":"ListItem","position":2,"name":"Hrvatski otoci na rubu ili u srcu Europe"}]},{"@type":"WebSite","@id":"https:\/\/aem.hr\/#website","url":"https:\/\/aem.hr\/","name":"Agencija za elektroni\u010dke medije","description":"","potentialAction":[{"@type":"SearchAction","target":{"@type":"EntryPoint","urlTemplate":"https:\/\/aem.hr\/?s={search_term_string}"},"query-input":{"@type":"PropertyValueSpecification","valueRequired":true,"valueName":"search_term_string"}}],"inLanguage":"en-US"}]}},"coauthors":[],"author_meta":{"author_link":"https:\/\/aem.hr\/en\/blog\/author\/stjepan\/","display_name":"stjepan"},"relative_dates":{"created":"Posted 5 years ago","modified":"Updated 3 years ago"},"absolute_dates":{"created":"Posted on 1. October 2021.","modified":"Updated on 14. November 2022."},"absolute_dates_time":{"created":"Posted on 1. October 2021. 15:22","modified":"Updated on 14. November 2022. 13:13"},"featured_img_caption":"","featured_img":false,"series_order":"","_links":{"self":[{"href":"https:\/\/aem.hr\/en\/wp-json\/wp\/v2\/pages\/10207","targetHints":{"allow":["GET"]}}],"collection":[{"href":"https:\/\/aem.hr\/en\/wp-json\/wp\/v2\/pages"}],"about":[{"href":"https:\/\/aem.hr\/en\/wp-json\/wp\/v2\/types\/page"}],"author":[{"embeddable":true,"href":"https:\/\/aem.hr\/en\/wp-json\/wp\/v2\/users\/2"}],"replies":[{"embeddable":true,"href":"https:\/\/aem.hr\/en\/wp-json\/wp\/v2\/comments?post=10207"}],"version-history":[{"count":3,"href":"https:\/\/aem.hr\/en\/wp-json\/wp\/v2\/pages\/10207\/revisions"}],"predecessor-version":[{"id":13636,"href":"https:\/\/aem.hr\/en\/wp-json\/wp\/v2\/pages\/10207\/revisions\/13636"}],"wp:attachment":[{"href":"https:\/\/aem.hr\/en\/wp-json\/wp\/v2\/media?parent=10207"}],"curies":[{"name":"wp","href":"https:\/\/api.w.org\/{rel}","templated":true}]}}