{"id":10232,"date":"2021-10-05T12:06:10","date_gmt":"2021-10-05T10:06:10","guid":{"rendered":"http:\/\/aem.hr\/?page_id=10232"},"modified":"2022-11-14T13:34:06","modified_gmt":"2022-11-14T12:34:06","slug":"istrazivanje-o-odnosu-republike-hrvatske-prema-hrvatima-u-bih-u-pojedinim-podrucjima-ljudskog-zivota","status":"publish","type":"page","link":"https:\/\/aem.hr\/en\/istrazivanje-o-odnosu-republike-hrvatske-prema-hrvatima-u-bih-u-pojedinim-podrucjima-ljudskog-zivota\/","title":{"rendered":"Istra\u017eivanje o odnosu Republike Hrvatske prema Hrvatima u BiH u pojedinim podru\u010djima ljudskog \u017eivota"},"content":{"rendered":"\n<div class=\"wp-block-file advgb-dyn-f90da8c0\"><a id=\"wp-block-file--media-90ae3845-927e-44d1-b18a-112accd96b1a\" href=\"https:\/\/aem.hr\/wp-content\/uploads\/2021\/10\/1.-Potpora-RH-Hrvatima.pdf\">1. Potpora Republike Hrvatske Hrvatima u BiH kroz nanciranje projekata i programa<\/a><a href=\"https:\/\/aem.hr\/wp-content\/uploads\/2021\/10\/1.-Potpora-RH-Hrvatima.pdf\" class=\"wp-block-file__button wp-element-button\" download aria-describedby=\"wp-block-file--media-90ae3845-927e-44d1-b18a-112accd96b1a\"> Preuzimanje <\/a><\/div>\n\n\n\n<div class=\"wp-block-file advgb-dyn-7c6190a6\"><a id=\"wp-block-file--media-b7f5788e-6169-4dde-9147-132953ab7683\" href=\"https:\/\/aem.hr\/wp-content\/uploads\/2021\/10\/2.-Promjene-Izbornog-zakona-.pdf\">2. Promjene Izbornog zakona BiH prioritet su Vlade Republike Hrvatske<\/a><a href=\"https:\/\/aem.hr\/wp-content\/uploads\/2021\/10\/2.-Promjene-Izbornog-zakona-.pdf\" class=\"wp-block-file__button wp-element-button\" download aria-describedby=\"wp-block-file--media-b7f5788e-6169-4dde-9147-132953ab7683\"> Preuzimanje <\/a><\/div>\n\n\n\n<div class=\"wp-block-file advgb-dyn-3e8a25d2\"><a id=\"wp-block-file--media-e57cf927-40d4-43f8-8f35-fd68062eef13\" href=\"https:\/\/aem.hr\/wp-content\/uploads\/2021\/10\/3.-Pomoc-RH-Hrvatima.pdf\">3. Pomo\u0107 Republike Hrvatske Hrvatima u BiH u podru\u010dju zdravstvene skrbi<\/a><a href=\"https:\/\/aem.hr\/wp-content\/uploads\/2021\/10\/3.-Pomoc-RH-Hrvatima.pdf\" class=\"wp-block-file__button wp-element-button\" download aria-describedby=\"wp-block-file--media-e57cf927-40d4-43f8-8f35-fd68062eef13\"> Preuzimanje <\/a><\/div>\n\n\n\n<div class=\"wp-block-file advgb-dyn-9dd7c860\"><a id=\"wp-block-file--media-cf4c97fd-76c0-4516-b124-6e4f8dc76737\" href=\"https:\/\/aem.hr\/wp-content\/uploads\/2021\/10\/4.-Neizmjeran-doprinos.pdf\">4. Neizmjeran doprinos kulturi hrvatskoga naroda u BiH<\/a><a href=\"https:\/\/aem.hr\/wp-content\/uploads\/2021\/10\/4.-Neizmjeran-doprinos.pdf\" class=\"wp-block-file__button wp-element-button\" download aria-describedby=\"wp-block-file--media-cf4c97fd-76c0-4516-b124-6e4f8dc76737\">Preuzimanje<\/a><\/div>\n\n\n\n<div class=\"wp-block-file advgb-dyn-ef120d01\"><a id=\"wp-block-file--media-bc06f241-d1d5-4f08-9b6e-4d09f528863a\" href=\"https:\/\/aem.hr\/wp-content\/uploads\/2021\/10\/5.-Financijsko-sudjelovanje.pdf\">5. Financijsko sudjelovanje Republike Hrvatske u realizaciji projekata i potreba u obrazovanju i znanosti hrvatskoga naroda u BiH<\/a><a href=\"https:\/\/aem.hr\/wp-content\/uploads\/2021\/10\/5.-Financijsko-sudjelovanje.pdf\" class=\"wp-block-file__button wp-element-button\" download aria-describedby=\"wp-block-file--media-bc06f241-d1d5-4f08-9b6e-4d09f528863a\">  Preuzimanje<\/a><\/div>\n\n\n\n<div class=\"wp-block-file advgb-dyn-1f7058e4\"><a id=\"wp-block-file--media-23d5477f-d724-4d45-b31b-497f904eb86f\" href=\"https:\/\/aem.hr\/wp-content\/uploads\/2021\/10\/6.-Doprinos-RH.pdf\">6. Doprinos Republike Hrvatske u ostvarivanju uvjeta za povratak i ostanak Hrvata u BiH<\/a><a href=\"https:\/\/aem.hr\/wp-content\/uploads\/2021\/10\/6.-Doprinos-RH.pdf\" class=\"wp-block-file__button wp-element-button\" download aria-describedby=\"wp-block-file--media-23d5477f-d724-4d45-b31b-497f904eb86f\"> Preuzimanje <\/a><\/div>\n\n\n\n<div class=\"wp-block-file advgb-dyn-3827219c\"><a id=\"wp-block-file--media-fb489207-28bc-483e-9fc6-e86ab0a4e0f8\" href=\"https:\/\/aem.hr\/wp-content\/uploads\/2021\/10\/7.-Doprinos-RH.pdf\">7. Doprinos Republike Hrvatske Hrvatima u BiH kroz me\u0111udr\u017eavnu gospodarsku suradnju<\/a><a href=\"https:\/\/aem.hr\/wp-content\/uploads\/2021\/10\/7.-Doprinos-RH.pdf\" class=\"wp-block-file__button wp-element-button\" download aria-describedby=\"wp-block-file--media-fb489207-28bc-483e-9fc6-e86ab0a4e0f8\">  Preuzimanje<\/a><\/div>\n\n\n\n<div class=\"wp-block-file advgb-dyn-7ecb5b24\"><a id=\"wp-block-file--media-12a5f72a-49fb-4bf8-b327-c9c209ad47ff\" href=\"https:\/\/aem.hr\/wp-content\/uploads\/2021\/10\/8.-Nacionalni-naboj.pdf\">8. Nacionalni naboj za vrhunske rezultate u \u0161portu<\/a><a href=\"https:\/\/aem.hr\/wp-content\/uploads\/2021\/10\/8.-Nacionalni-naboj.pdf\" class=\"wp-block-file__button wp-element-button\" download aria-describedby=\"wp-block-file--media-12a5f72a-49fb-4bf8-b327-c9c209ad47ff\"> Preuzimanje <\/a><\/div>\n\n\n\n<p><\/p>\n\n\n\n<p><\/p>\n","protected":false},"excerpt":{"rendered":"","protected":false},"author":18,"featured_media":0,"parent":0,"menu_order":0,"comment_status":"closed","ping_status":"closed","template":"","meta":{"_acf_changed":false,"inline_featured_image":false,"advgb_blocks_editor_width":"","advgb_blocks_columns_visual_guide":"","_links_to":"","_links_to_type":0,"footnotes":""},"class_list":["post-10232","page","type-page","status-publish","hentry"],"acf":[],"yoast_head":"<!-- This site is optimized with the Yoast SEO plugin v25.7 - https:\/\/yoast.com\/wordpress\/plugins\/seo\/ -->\n<title>Istra\u017eivanje o odnosu Republike Hrvatske prema Hrvatima u BiH u pojedinim podru\u010djima ljudskog \u017eivota - Agencija za elektroni\u010dke medije<\/title>\n<meta name=\"robots\" content=\"index, follow, max-snippet:-1, max-image-preview:large, max-video-preview:-1\" \/>\n<link rel=\"canonical\" href=\"https:\/\/aem.hr\/istrazivanje-o-odnosu-republike-hrvatske-prema-hrvatima-u-bih-u-pojedinim-podrucjima-ljudskog-zivota\/\" \/>\n<meta property=\"og:locale\" content=\"en_US\" \/>\n<meta property=\"og:type\" content=\"article\" \/>\n<meta property=\"og:title\" content=\"Istra\u017eivanje o odnosu Republike Hrvatske prema Hrvatima u BiH u pojedinim podru\u010djima ljudskog \u017eivota - Agencija za elektroni\u010dke medije\" \/>\n<meta property=\"og:url\" content=\"https:\/\/aem.hr\/istrazivanje-o-odnosu-republike-hrvatske-prema-hrvatima-u-bih-u-pojedinim-podrucjima-ljudskog-zivota\/\" \/>\n<meta property=\"og:site_name\" content=\"Agencija za elektroni\u010dke medije\" \/>\n<meta property=\"article:modified_time\" content=\"2022-11-14T12:34:06+00:00\" \/>\n<meta name=\"twitter:card\" content=\"summary_large_image\" \/>\n<meta name=\"twitter:label1\" content=\"Est. reading time\" \/>\n\t<meta name=\"twitter:data1\" content=\"1 minute\" \/>\n<script type=\"application\/ld+json\" class=\"yoast-schema-graph\">{\"@context\":\"https:\/\/schema.org\",\"@graph\":[{\"@type\":\"WebPage\",\"@id\":\"https:\/\/aem.hr\/istrazivanje-o-odnosu-republike-hrvatske-prema-hrvatima-u-bih-u-pojedinim-podrucjima-ljudskog-zivota\/\",\"url\":\"https:\/\/aem.hr\/istrazivanje-o-odnosu-republike-hrvatske-prema-hrvatima-u-bih-u-pojedinim-podrucjima-ljudskog-zivota\/\",\"name\":\"Istra\u017eivanje o odnosu Republike Hrvatske prema Hrvatima u BiH u pojedinim podru\u010djima ljudskog \u017eivota - Agencija za elektroni\u010dke medije\",\"isPartOf\":{\"@id\":\"https:\/\/aem.hr\/#website\"},\"datePublished\":\"2021-10-05T10:06:10+00:00\",\"dateModified\":\"2022-11-14T12:34:06+00:00\",\"breadcrumb\":{\"@id\":\"https:\/\/aem.hr\/istrazivanje-o-odnosu-republike-hrvatske-prema-hrvatima-u-bih-u-pojedinim-podrucjima-ljudskog-zivota\/#breadcrumb\"},\"inLanguage\":\"en-US\",\"potentialAction\":[{\"@type\":\"ReadAction\",\"target\":[\"https:\/\/aem.hr\/istrazivanje-o-odnosu-republike-hrvatske-prema-hrvatima-u-bih-u-pojedinim-podrucjima-ljudskog-zivota\/\"]}]},{\"@type\":\"BreadcrumbList\",\"@id\":\"https:\/\/aem.hr\/istrazivanje-o-odnosu-republike-hrvatske-prema-hrvatima-u-bih-u-pojedinim-podrucjima-ljudskog-zivota\/#breadcrumb\",\"itemListElement\":[{\"@type\":\"ListItem\",\"position\":1,\"name\":\"Po\u010detna stranica\",\"item\":\"https:\/\/aem.hr\/\"},{\"@type\":\"ListItem\",\"position\":2,\"name\":\"Istra\u017eivanje o odnosu Republike Hrvatske prema Hrvatima u BiH u pojedinim podru\u010djima ljudskog \u017eivota\"}]},{\"@type\":\"WebSite\",\"@id\":\"https:\/\/aem.hr\/#website\",\"url\":\"https:\/\/aem.hr\/\",\"name\":\"Agencija za elektroni\u010dke medije\",\"description\":\"\",\"potentialAction\":[{\"@type\":\"SearchAction\",\"target\":{\"@type\":\"EntryPoint\",\"urlTemplate\":\"https:\/\/aem.hr\/?s={search_term_string}\"},\"query-input\":{\"@type\":\"PropertyValueSpecification\",\"valueRequired\":true,\"valueName\":\"search_term_string\"}}],\"inLanguage\":\"en-US\"}]}<\/script>\n<!-- \/ Yoast SEO plugin. -->","yoast_head_json":{"title":"Istra\u017eivanje o odnosu Republike Hrvatske prema Hrvatima u BiH u pojedinim podru\u010djima ljudskog \u017eivota - Agencija za elektroni\u010dke medije","robots":{"index":"index","follow":"follow","max-snippet":"max-snippet:-1","max-image-preview":"max-image-preview:large","max-video-preview":"max-video-preview:-1"},"canonical":"https:\/\/aem.hr\/istrazivanje-o-odnosu-republike-hrvatske-prema-hrvatima-u-bih-u-pojedinim-podrucjima-ljudskog-zivota\/","og_locale":"en_US","og_type":"article","og_title":"Istra\u017eivanje o odnosu Republike Hrvatske prema Hrvatima u BiH u pojedinim podru\u010djima ljudskog \u017eivota - Agencija za elektroni\u010dke medije","og_url":"https:\/\/aem.hr\/istrazivanje-o-odnosu-republike-hrvatske-prema-hrvatima-u-bih-u-pojedinim-podrucjima-ljudskog-zivota\/","og_site_name":"Agencija za elektroni\u010dke medije","article_modified_time":"2022-11-14T12:34:06+00:00","twitter_card":"summary_large_image","twitter_misc":{"Est. reading time":"1 minute"},"schema":{"@context":"https:\/\/schema.org","@graph":[{"@type":"WebPage","@id":"https:\/\/aem.hr\/istrazivanje-o-odnosu-republike-hrvatske-prema-hrvatima-u-bih-u-pojedinim-podrucjima-ljudskog-zivota\/","url":"https:\/\/aem.hr\/istrazivanje-o-odnosu-republike-hrvatske-prema-hrvatima-u-bih-u-pojedinim-podrucjima-ljudskog-zivota\/","name":"Istra\u017eivanje o odnosu Republike Hrvatske prema Hrvatima u BiH u pojedinim podru\u010djima ljudskog \u017eivota - Agencija za elektroni\u010dke medije","isPartOf":{"@id":"https:\/\/aem.hr\/#website"},"datePublished":"2021-10-05T10:06:10+00:00","dateModified":"2022-11-14T12:34:06+00:00","breadcrumb":{"@id":"https:\/\/aem.hr\/istrazivanje-o-odnosu-republike-hrvatske-prema-hrvatima-u-bih-u-pojedinim-podrucjima-ljudskog-zivota\/#breadcrumb"},"inLanguage":"en-US","potentialAction":[{"@type":"ReadAction","target":["https:\/\/aem.hr\/istrazivanje-o-odnosu-republike-hrvatske-prema-hrvatima-u-bih-u-pojedinim-podrucjima-ljudskog-zivota\/"]}]},{"@type":"BreadcrumbList","@id":"https:\/\/aem.hr\/istrazivanje-o-odnosu-republike-hrvatske-prema-hrvatima-u-bih-u-pojedinim-podrucjima-ljudskog-zivota\/#breadcrumb","itemListElement":[{"@type":"ListItem","position":1,"name":"Po\u010detna stranica","item":"https:\/\/aem.hr\/"},{"@type":"ListItem","position":2,"name":"Istra\u017eivanje o odnosu Republike Hrvatske prema Hrvatima u BiH u pojedinim podru\u010djima ljudskog \u017eivota"}]},{"@type":"WebSite","@id":"https:\/\/aem.hr\/#website","url":"https:\/\/aem.hr\/","name":"Agencija za elektroni\u010dke medije","description":"","potentialAction":[{"@type":"SearchAction","target":{"@type":"EntryPoint","urlTemplate":"https:\/\/aem.hr\/?s={search_term_string}"},"query-input":{"@type":"PropertyValueSpecification","valueRequired":true,"valueName":"search_term_string"}}],"inLanguage":"en-US"}]}},"coauthors":[],"author_meta":{"author_link":"https:\/\/aem.hr\/en\/blog\/author\/mkirac\/","display_name":"Matko Kirac"},"relative_dates":{"created":"Posted 5 years ago","modified":"Updated 3 years ago"},"absolute_dates":{"created":"Posted on 5. October 2021.","modified":"Updated on 14. November 2022."},"absolute_dates_time":{"created":"Posted on 5. October 2021. 12:06","modified":"Updated on 14. November 2022. 13:34"},"featured_img_caption":"","featured_img":false,"series_order":"","_links":{"self":[{"href":"https:\/\/aem.hr\/en\/wp-json\/wp\/v2\/pages\/10232","targetHints":{"allow":["GET"]}}],"collection":[{"href":"https:\/\/aem.hr\/en\/wp-json\/wp\/v2\/pages"}],"about":[{"href":"https:\/\/aem.hr\/en\/wp-json\/wp\/v2\/types\/page"}],"author":[{"embeddable":true,"href":"https:\/\/aem.hr\/en\/wp-json\/wp\/v2\/users\/18"}],"replies":[{"embeddable":true,"href":"https:\/\/aem.hr\/en\/wp-json\/wp\/v2\/comments?post=10232"}],"version-history":[{"count":2,"href":"https:\/\/aem.hr\/en\/wp-json\/wp\/v2\/pages\/10232\/revisions"}],"predecessor-version":[{"id":13643,"href":"https:\/\/aem.hr\/en\/wp-json\/wp\/v2\/pages\/10232\/revisions\/13643"}],"wp:attachment":[{"href":"https:\/\/aem.hr\/en\/wp-json\/wp\/v2\/media?parent=10232"}],"curies":[{"name":"wp","href":"https:\/\/api.w.org\/{rel}","templated":true}]}}