{"id":10249,"date":"2021-10-05T12:12:40","date_gmt":"2021-10-05T10:12:40","guid":{"rendered":"http:\/\/aem.hr\/?page_id=10249"},"modified":"2022-11-14T13:40:26","modified_gmt":"2022-11-14T12:40:26","slug":"banijo-ti-ni-pjesmu-svoju-nemas","status":"publish","type":"page","link":"https:\/\/aem.hr\/en\/banijo-ti-ni-pjesmu-svoju-nemas\/","title":{"rendered":"&#8220;Banijo, ti ni pjesmu svoju nema\u0161&#8221;"},"content":{"rendered":"\n<div class=\"wp-block-file advgb-dyn-3afe4717\"><a id=\"wp-block-file--media-bda8b30c-50a0-4c65-9ca3-2440b1509b3b\" href=\"https:\/\/aem.hr\/wp-content\/uploads\/2021\/10\/1.-Banija-.pdf\">1. Banija \u2013 O\u010di dr\u017eave desetlje\u0107ima \u0161irom zatvorene<\/a><a href=\"https:\/\/aem.hr\/wp-content\/uploads\/2021\/10\/1.-Banija-.pdf\" class=\"wp-block-file__button wp-element-button\" download aria-describedby=\"wp-block-file--media-bda8b30c-50a0-4c65-9ca3-2440b1509b3b\"> Preuzimanje <\/a><\/div>\n\n\n\n<div class=\"wp-block-file advgb-dyn-26b41a3f\"><a id=\"wp-block-file--media-b2b3a862-4def-433a-9857-0628bf40dbd8\" href=\"https:\/\/aem.hr\/wp-content\/uploads\/2021\/10\/2.-Za-propast-Banije.pdf\">2. Za propast Banije kriva je dr\u017eava<\/a><a href=\"https:\/\/aem.hr\/wp-content\/uploads\/2021\/10\/2.-Za-propast-Banije.pdf\" class=\"wp-block-file__button wp-element-button\" download aria-describedby=\"wp-block-file--media-b2b3a862-4def-433a-9857-0628bf40dbd8\"> Preuzimanje <\/a><\/div>\n\n\n\n<div class=\"wp-block-file advgb-dyn-b5f7dfc4\"><a id=\"wp-block-file--media-33046506-7c4d-4e96-89ce-f2320df40821\" href=\"https:\/\/aem.hr\/wp-content\/uploads\/2021\/10\/3.-Zivot-uz-svijece.pdf\">3. \u017divot uz svije\u0107e na 50 kilometara od Zagreba<\/a><a href=\"https:\/\/aem.hr\/wp-content\/uploads\/2021\/10\/3.-Zivot-uz-svijece.pdf\" class=\"wp-block-file__button wp-element-button\" download aria-describedby=\"wp-block-file--media-33046506-7c4d-4e96-89ce-f2320df40821\"> Preuzimanje <\/a><\/div>\n\n\n\n<div class=\"wp-block-file advgb-dyn-c0703ce1\"><a id=\"wp-block-file--media-5a9f25a6-b480-4659-9b43-5f937c20bec5\" href=\"https:\/\/aem.hr\/wp-content\/uploads\/2021\/10\/4.-Boris-Milosevic.pdf\">4. Boris Milo\u0161evi\u0107: Odustajanje od Banije bio bi poraz za dr\u017eavu i dru\u0161tvo<\/a><a href=\"https:\/\/aem.hr\/wp-content\/uploads\/2021\/10\/4.-Boris-Milosevic.pdf\" class=\"wp-block-file__button wp-element-button\" download aria-describedby=\"wp-block-file--media-5a9f25a6-b480-4659-9b43-5f937c20bec5\"> Preuzimanje <\/a><\/div>\n\n\n\n<div class=\"wp-block-file advgb-dyn-aa9653c2\"><a id=\"wp-block-file--media-27fcf8fe-6175-46ba-9d3b-5bc30467842d\" href=\"https:\/\/aem.hr\/wp-content\/uploads\/2021\/10\/5.-Sve-je-vise-sumnji.pdf\">5. Sve je vi\u0161e sumnji u politi\u010dku volju za obnovu \u017eivota na Baniji<\/a><a href=\"https:\/\/aem.hr\/wp-content\/uploads\/2021\/10\/5.-Sve-je-vise-sumnji.pdf\" class=\"wp-block-file__button wp-element-button\" download aria-describedby=\"wp-block-file--media-27fcf8fe-6175-46ba-9d3b-5bc30467842d\">Preuzimanje<\/a><\/div>\n\n\n\n<div class=\"wp-block-file advgb-dyn-4be87a31\"><a id=\"wp-block-file--media-bbaf4034-cb3d-4692-bacc-422f515fc047\" href=\"https:\/\/aem.hr\/wp-content\/uploads\/2021\/10\/6.-Akrap_-Drzava-treba.pdf\">6. Akrap: Dr\u017eava treba pomo\u0107i Baniji u razvoju IT-sektora<\/a><a href=\"https:\/\/aem.hr\/wp-content\/uploads\/2021\/10\/6.-Akrap_-Drzava-treba.pdf\" class=\"wp-block-file__button wp-element-button\" download aria-describedby=\"wp-block-file--media-bbaf4034-cb3d-4692-bacc-422f515fc047\"> Preuzimanje <\/a><\/div>\n\n\n\n<div class=\"wp-block-file advgb-dyn-83687e78\"><a id=\"wp-block-file--media-25308b01-7724-41b1-83f9-eb2479126f41\" href=\"https:\/\/aem.hr\/wp-content\/uploads\/2021\/10\/7.-Zaboravljeni-smo-jer.pdf\">7. Zaboravljeni smo jer nisu htjeli da se Srbi vrate<\/a><a href=\"https:\/\/aem.hr\/wp-content\/uploads\/2021\/10\/7.-Zaboravljeni-smo-jer.pdf\" class=\"wp-block-file__button wp-element-button\" download aria-describedby=\"wp-block-file--media-25308b01-7724-41b1-83f9-eb2479126f41\"> Preuzimanje <\/a><\/div>\n\n\n\n<p><\/p>\n","protected":false},"excerpt":{"rendered":"","protected":false},"author":18,"featured_media":0,"parent":0,"menu_order":0,"comment_status":"closed","ping_status":"closed","template":"","meta":{"_acf_changed":false,"inline_featured_image":false,"advgb_blocks_editor_width":"","advgb_blocks_columns_visual_guide":"","_links_to":"","_links_to_type":0,"footnotes":""},"class_list":["post-10249","page","type-page","status-publish","hentry"],"acf":[],"yoast_head":"<!-- This site is optimized with the Yoast SEO plugin v25.7 - https:\/\/yoast.com\/wordpress\/plugins\/seo\/ -->\n<title>&quot;Banijo, ti ni pjesmu svoju nema\u0161&quot; - Agencija za elektroni\u010dke medije<\/title>\n<meta name=\"robots\" content=\"index, follow, max-snippet:-1, max-image-preview:large, max-video-preview:-1\" \/>\n<link rel=\"canonical\" href=\"https:\/\/aem.hr\/banijo-ti-ni-pjesmu-svoju-nemas\/\" \/>\n<meta property=\"og:locale\" content=\"en_US\" \/>\n<meta property=\"og:type\" content=\"article\" \/>\n<meta property=\"og:title\" content=\"&quot;Banijo, ti ni pjesmu svoju nema\u0161&quot; - Agencija za elektroni\u010dke medije\" \/>\n<meta property=\"og:url\" content=\"https:\/\/aem.hr\/banijo-ti-ni-pjesmu-svoju-nemas\/\" \/>\n<meta property=\"og:site_name\" content=\"Agencija za elektroni\u010dke medije\" \/>\n<meta property=\"article:modified_time\" content=\"2022-11-14T12:40:26+00:00\" \/>\n<meta name=\"twitter:card\" content=\"summary_large_image\" \/>\n<meta name=\"twitter:label1\" content=\"Est. reading time\" \/>\n\t<meta name=\"twitter:data1\" content=\"1 minute\" \/>\n<script type=\"application\/ld+json\" class=\"yoast-schema-graph\">{\"@context\":\"https:\/\/schema.org\",\"@graph\":[{\"@type\":\"WebPage\",\"@id\":\"https:\/\/aem.hr\/banijo-ti-ni-pjesmu-svoju-nemas\/\",\"url\":\"https:\/\/aem.hr\/banijo-ti-ni-pjesmu-svoju-nemas\/\",\"name\":\"\\\"Banijo, ti ni pjesmu svoju nema\u0161\\\" - Agencija za elektroni\u010dke medije\",\"isPartOf\":{\"@id\":\"https:\/\/aem.hr\/#website\"},\"datePublished\":\"2021-10-05T10:12:40+00:00\",\"dateModified\":\"2022-11-14T12:40:26+00:00\",\"breadcrumb\":{\"@id\":\"https:\/\/aem.hr\/banijo-ti-ni-pjesmu-svoju-nemas\/#breadcrumb\"},\"inLanguage\":\"en-US\",\"potentialAction\":[{\"@type\":\"ReadAction\",\"target\":[\"https:\/\/aem.hr\/banijo-ti-ni-pjesmu-svoju-nemas\/\"]}]},{\"@type\":\"BreadcrumbList\",\"@id\":\"https:\/\/aem.hr\/banijo-ti-ni-pjesmu-svoju-nemas\/#breadcrumb\",\"itemListElement\":[{\"@type\":\"ListItem\",\"position\":1,\"name\":\"Po\u010detna stranica\",\"item\":\"https:\/\/aem.hr\/\"},{\"@type\":\"ListItem\",\"position\":2,\"name\":\"&#8220;Banijo, ti ni pjesmu svoju nema\u0161&#8221;\"}]},{\"@type\":\"WebSite\",\"@id\":\"https:\/\/aem.hr\/#website\",\"url\":\"https:\/\/aem.hr\/\",\"name\":\"Agencija za elektroni\u010dke medije\",\"description\":\"\",\"potentialAction\":[{\"@type\":\"SearchAction\",\"target\":{\"@type\":\"EntryPoint\",\"urlTemplate\":\"https:\/\/aem.hr\/?s={search_term_string}\"},\"query-input\":{\"@type\":\"PropertyValueSpecification\",\"valueRequired\":true,\"valueName\":\"search_term_string\"}}],\"inLanguage\":\"en-US\"}]}<\/script>\n<!-- \/ Yoast SEO plugin. -->","yoast_head_json":{"title":"\"Banijo, ti ni pjesmu svoju nema\u0161\" - Agencija za elektroni\u010dke medije","robots":{"index":"index","follow":"follow","max-snippet":"max-snippet:-1","max-image-preview":"max-image-preview:large","max-video-preview":"max-video-preview:-1"},"canonical":"https:\/\/aem.hr\/banijo-ti-ni-pjesmu-svoju-nemas\/","og_locale":"en_US","og_type":"article","og_title":"\"Banijo, ti ni pjesmu svoju nema\u0161\" - Agencija za elektroni\u010dke medije","og_url":"https:\/\/aem.hr\/banijo-ti-ni-pjesmu-svoju-nemas\/","og_site_name":"Agencija za elektroni\u010dke medije","article_modified_time":"2022-11-14T12:40:26+00:00","twitter_card":"summary_large_image","twitter_misc":{"Est. reading time":"1 minute"},"schema":{"@context":"https:\/\/schema.org","@graph":[{"@type":"WebPage","@id":"https:\/\/aem.hr\/banijo-ti-ni-pjesmu-svoju-nemas\/","url":"https:\/\/aem.hr\/banijo-ti-ni-pjesmu-svoju-nemas\/","name":"\"Banijo, ti ni pjesmu svoju nema\u0161\" - Agencija za elektroni\u010dke medije","isPartOf":{"@id":"https:\/\/aem.hr\/#website"},"datePublished":"2021-10-05T10:12:40+00:00","dateModified":"2022-11-14T12:40:26+00:00","breadcrumb":{"@id":"https:\/\/aem.hr\/banijo-ti-ni-pjesmu-svoju-nemas\/#breadcrumb"},"inLanguage":"en-US","potentialAction":[{"@type":"ReadAction","target":["https:\/\/aem.hr\/banijo-ti-ni-pjesmu-svoju-nemas\/"]}]},{"@type":"BreadcrumbList","@id":"https:\/\/aem.hr\/banijo-ti-ni-pjesmu-svoju-nemas\/#breadcrumb","itemListElement":[{"@type":"ListItem","position":1,"name":"Po\u010detna stranica","item":"https:\/\/aem.hr\/"},{"@type":"ListItem","position":2,"name":"&#8220;Banijo, ti ni pjesmu svoju nema\u0161&#8221;"}]},{"@type":"WebSite","@id":"https:\/\/aem.hr\/#website","url":"https:\/\/aem.hr\/","name":"Agencija za elektroni\u010dke medije","description":"","potentialAction":[{"@type":"SearchAction","target":{"@type":"EntryPoint","urlTemplate":"https:\/\/aem.hr\/?s={search_term_string}"},"query-input":{"@type":"PropertyValueSpecification","valueRequired":true,"valueName":"search_term_string"}}],"inLanguage":"en-US"}]}},"coauthors":[],"author_meta":{"author_link":"https:\/\/aem.hr\/en\/blog\/author\/mkirac\/","display_name":"Matko Kirac"},"relative_dates":{"created":"Posted 5 years ago","modified":"Updated 3 years ago"},"absolute_dates":{"created":"Posted on 5. October 2021.","modified":"Updated on 14. November 2022."},"absolute_dates_time":{"created":"Posted on 5. October 2021. 12:12","modified":"Updated on 14. November 2022. 13:40"},"featured_img_caption":"","featured_img":false,"series_order":"","_links":{"self":[{"href":"https:\/\/aem.hr\/en\/wp-json\/wp\/v2\/pages\/10249","targetHints":{"allow":["GET"]}}],"collection":[{"href":"https:\/\/aem.hr\/en\/wp-json\/wp\/v2\/pages"}],"about":[{"href":"https:\/\/aem.hr\/en\/wp-json\/wp\/v2\/types\/page"}],"author":[{"embeddable":true,"href":"https:\/\/aem.hr\/en\/wp-json\/wp\/v2\/users\/18"}],"replies":[{"embeddable":true,"href":"https:\/\/aem.hr\/en\/wp-json\/wp\/v2\/comments?post=10249"}],"version-history":[{"count":2,"href":"https:\/\/aem.hr\/en\/wp-json\/wp\/v2\/pages\/10249\/revisions"}],"predecessor-version":[{"id":13647,"href":"https:\/\/aem.hr\/en\/wp-json\/wp\/v2\/pages\/10249\/revisions\/13647"}],"wp:attachment":[{"href":"https:\/\/aem.hr\/en\/wp-json\/wp\/v2\/media?parent=10249"}],"curies":[{"name":"wp","href":"https:\/\/api.w.org\/{rel}","templated":true}]}}