{"id":10265,"date":"2021-10-06T11:39:18","date_gmt":"2021-10-06T09:39:18","guid":{"rendered":"http:\/\/aem.hr\/?page_id=10265"},"modified":"2022-11-14T13:42:18","modified_gmt":"2022-11-14T12:42:18","slug":"kako-se-trosi-javni-novac","status":"publish","type":"page","link":"https:\/\/aem.hr\/en\/kako-se-trosi-javni-novac\/","title":{"rendered":"Kako se tro\u0161i javni novac"},"content":{"rendered":"\n<div class=\"wp-block-file advgb-dyn-dd3ebc12\"><a id=\"wp-block-file--media-9bfc89fa-2e6f-4c29-9386-f8ab7c13fbae\" href=\"https:\/\/aem.hr\/wp-content\/uploads\/2021\/10\/1.-2019.-godina-1.pdf\">1. 2019. godina: Za\u0161to je gradnja poskupjela 107 milijuna i \u0161to je Plenkovi\u0107 obe\u0107ao Bajsu<\/a><a href=\"https:\/\/aem.hr\/wp-content\/uploads\/2021\/10\/1.-2019.-godina-1.pdf\" class=\"wp-block-file__button wp-element-button\" download aria-describedby=\"wp-block-file--media-9bfc89fa-2e6f-4c29-9386-f8ab7c13fbae\"> Preuzimanje <\/a><\/div>\n\n\n\n<div class=\"wp-block-file advgb-dyn-88d45a8f\"><a id=\"wp-block-file--media-80d78192-d5b6-47c8-b482-24e85cc2cd8b\" href=\"https:\/\/aem.hr\/wp-content\/uploads\/2021\/10\/2.-Koliko-je-milijuna-1.pdf\">2. Koliko je milijuna kuna pla\u0107eno prije prve lopate na gradili\u0161tu<\/a><a href=\"https:\/\/aem.hr\/wp-content\/uploads\/2021\/10\/2.-Koliko-je-milijuna-1.pdf\" class=\"wp-block-file__button wp-element-button\" download aria-describedby=\"wp-block-file--media-80d78192-d5b6-47c8-b482-24e85cc2cd8b\"> Preuzimanje <\/a><\/div>\n\n\n\n<div class=\"wp-block-file advgb-dyn-e2ad80dd\"><a id=\"wp-block-file--media-540e5b13-1c8d-49e8-b923-e2cd59314980\" href=\"https:\/\/aem.hr\/wp-content\/uploads\/2021\/10\/3.-Gradani-BBZ-1.pdf\">3. Gra\u0111ani BB\u017d po pla\u0107ama na dnu hrvatskog prosjeka, a \u017eupan i zamjenik pri vrhu<\/a><a href=\"https:\/\/aem.hr\/wp-content\/uploads\/2021\/10\/3.-Gradani-BBZ-1.pdf\" class=\"wp-block-file__button wp-element-button\" download aria-describedby=\"wp-block-file--media-540e5b13-1c8d-49e8-b923-e2cd59314980\"> Preuzimanje <\/a><\/div>\n\n\n\n<div class=\"wp-block-file advgb-dyn-0e7a3d1d\"><a id=\"wp-block-file--media-a9b20ec2-6910-4d10-81d2-0862bc096928\" href=\"https:\/\/aem.hr\/wp-content\/uploads\/2021\/10\/4.-Predizborna-igra-1.pdf\">4. Predizborna igra aneksima: cijene lete u nebo pa ih kumovi sunovrate ispod odobrenih tro\u0161kova<\/a><a href=\"https:\/\/aem.hr\/wp-content\/uploads\/2021\/10\/4.-Predizborna-igra-1.pdf\" class=\"wp-block-file__button wp-element-button\" download aria-describedby=\"wp-block-file--media-a9b20ec2-6910-4d10-81d2-0862bc096928\">Preuzimanje<\/a><\/div>\n\n\n\n<div class=\"wp-block-file advgb-dyn-55722693\"><a id=\"wp-block-file--media-3481365d-25f1-45c4-b538-8eb14078d830\" href=\"https:\/\/aem.hr\/wp-content\/uploads\/2021\/10\/5.-Vlasnici-prigovaraju-1.pdf\">5. Vlasnici prigovaraju: svi grijesi direktora Sajma s neograni\u010denim ovlastima<\/a><a href=\"https:\/\/aem.hr\/wp-content\/uploads\/2021\/10\/5.-Vlasnici-prigovaraju-1.pdf\" class=\"wp-block-file__button wp-element-button\" download aria-describedby=\"wp-block-file--media-3481365d-25f1-45c4-b538-8eb14078d830\"> Preuzimanje <\/a><\/div>\n\n\n\n<div class=\"wp-block-file advgb-dyn-437f708a\"><a id=\"wp-block-file--media-5e0dc9c8-e5c9-4dce-982f-0ad213c16615\" href=\"https:\/\/aem.hr\/wp-content\/uploads\/2021\/10\/6.-Sto-je-Bajs-ostavio-1.pdf\">6. \u0160to je Bajs ostavio Maru\u0161i\u0107u \u2013 minus, dugovi, obveze&#8230;<\/a><a href=\"https:\/\/aem.hr\/wp-content\/uploads\/2021\/10\/6.-Sto-je-Bajs-ostavio-1.pdf\" class=\"wp-block-file__button wp-element-button\" download aria-describedby=\"wp-block-file--media-5e0dc9c8-e5c9-4dce-982f-0ad213c16615\"> Preuzimanje <\/a><\/div>\n\n\n\n<div class=\"wp-block-file advgb-dyn-00238fb3\"><a id=\"wp-block-file--media-53531a46-0ad9-44bf-8b03-f7ec739670cc\" href=\"https:\/\/aem.hr\/wp-content\/uploads\/2021\/10\/7.-Svi-grijesi-direktora-1.pdf\">7. Svi grijesi direktora Posavca ili za\u0161to \u0107e Skup\u0161tina odbiti njegovo financijsko izvje\u0161\u0107e<\/a><a href=\"https:\/\/aem.hr\/wp-content\/uploads\/2021\/10\/7.-Svi-grijesi-direktora-1.pdf\" class=\"wp-block-file__button wp-element-button\" download aria-describedby=\"wp-block-file--media-53531a46-0ad9-44bf-8b03-f7ec739670cc\"> Preuzimanje <\/a><\/div>\n\n\n\n<div class=\"wp-block-file advgb-dyn-bece1393\"><a id=\"wp-block-file--media-d32fbaa3-4632-4a7c-9dfd-0d98ce2becdc\" href=\"https:\/\/aem.hr\/wp-content\/uploads\/2021\/10\/8.-Svi-na-minimalac-1.pdf\">8. Svi na minimalac, a tajnici izda\u0161ne nagrade. Evo koje<\/a><a href=\"https:\/\/aem.hr\/wp-content\/uploads\/2021\/10\/8.-Svi-na-minimalac-1.pdf\" class=\"wp-block-file__button wp-element-button\" download aria-describedby=\"wp-block-file--media-d32fbaa3-4632-4a7c-9dfd-0d98ce2becdc\"> Preuzimanje <\/a><\/div>\n\n\n\n<p><\/p>\n","protected":false},"excerpt":{"rendered":"","protected":false},"author":18,"featured_media":0,"parent":0,"menu_order":0,"comment_status":"closed","ping_status":"closed","template":"","meta":{"_acf_changed":false,"inline_featured_image":false,"advgb_blocks_editor_width":"","advgb_blocks_columns_visual_guide":"","_links_to":"","_links_to_type":0,"footnotes":""},"class_list":["post-10265","page","type-page","status-publish","hentry"],"acf":[],"yoast_head":"<!-- This site is optimized with the Yoast SEO plugin v25.7 - https:\/\/yoast.com\/wordpress\/plugins\/seo\/ -->\n<title>Kako se tro\u0161i javni novac - Agencija za elektroni\u010dke medije<\/title>\n<meta name=\"robots\" content=\"index, follow, max-snippet:-1, max-image-preview:large, max-video-preview:-1\" \/>\n<link rel=\"canonical\" href=\"https:\/\/aem.hr\/kako-se-trosi-javni-novac\/\" \/>\n<meta property=\"og:locale\" content=\"en_US\" \/>\n<meta property=\"og:type\" content=\"article\" \/>\n<meta property=\"og:title\" content=\"Kako se tro\u0161i javni novac - Agencija za elektroni\u010dke medije\" \/>\n<meta property=\"og:url\" content=\"https:\/\/aem.hr\/kako-se-trosi-javni-novac\/\" \/>\n<meta property=\"og:site_name\" content=\"Agencija za elektroni\u010dke medije\" \/>\n<meta property=\"article:modified_time\" content=\"2022-11-14T12:42:18+00:00\" \/>\n<meta name=\"twitter:card\" content=\"summary_large_image\" \/>\n<meta name=\"twitter:label1\" content=\"Est. reading time\" \/>\n\t<meta name=\"twitter:data1\" content=\"1 minute\" \/>\n<script type=\"application\/ld+json\" class=\"yoast-schema-graph\">{\"@context\":\"https:\/\/schema.org\",\"@graph\":[{\"@type\":\"WebPage\",\"@id\":\"https:\/\/aem.hr\/kako-se-trosi-javni-novac\/\",\"url\":\"https:\/\/aem.hr\/kako-se-trosi-javni-novac\/\",\"name\":\"Kako se tro\u0161i javni novac - Agencija za elektroni\u010dke medije\",\"isPartOf\":{\"@id\":\"https:\/\/aem.hr\/#website\"},\"datePublished\":\"2021-10-06T09:39:18+00:00\",\"dateModified\":\"2022-11-14T12:42:18+00:00\",\"breadcrumb\":{\"@id\":\"https:\/\/aem.hr\/kako-se-trosi-javni-novac\/#breadcrumb\"},\"inLanguage\":\"en-US\",\"potentialAction\":[{\"@type\":\"ReadAction\",\"target\":[\"https:\/\/aem.hr\/kako-se-trosi-javni-novac\/\"]}]},{\"@type\":\"BreadcrumbList\",\"@id\":\"https:\/\/aem.hr\/kako-se-trosi-javni-novac\/#breadcrumb\",\"itemListElement\":[{\"@type\":\"ListItem\",\"position\":1,\"name\":\"Po\u010detna stranica\",\"item\":\"https:\/\/aem.hr\/\"},{\"@type\":\"ListItem\",\"position\":2,\"name\":\"Kako se tro\u0161i javni novac\"}]},{\"@type\":\"WebSite\",\"@id\":\"https:\/\/aem.hr\/#website\",\"url\":\"https:\/\/aem.hr\/\",\"name\":\"Agencija za elektroni\u010dke medije\",\"description\":\"\",\"potentialAction\":[{\"@type\":\"SearchAction\",\"target\":{\"@type\":\"EntryPoint\",\"urlTemplate\":\"https:\/\/aem.hr\/?s={search_term_string}\"},\"query-input\":{\"@type\":\"PropertyValueSpecification\",\"valueRequired\":true,\"valueName\":\"search_term_string\"}}],\"inLanguage\":\"en-US\"}]}<\/script>\n<!-- \/ Yoast SEO plugin. -->","yoast_head_json":{"title":"Kako se tro\u0161i javni novac - Agencija za elektroni\u010dke medije","robots":{"index":"index","follow":"follow","max-snippet":"max-snippet:-1","max-image-preview":"max-image-preview:large","max-video-preview":"max-video-preview:-1"},"canonical":"https:\/\/aem.hr\/kako-se-trosi-javni-novac\/","og_locale":"en_US","og_type":"article","og_title":"Kako se tro\u0161i javni novac - Agencija za elektroni\u010dke medije","og_url":"https:\/\/aem.hr\/kako-se-trosi-javni-novac\/","og_site_name":"Agencija za elektroni\u010dke medije","article_modified_time":"2022-11-14T12:42:18+00:00","twitter_card":"summary_large_image","twitter_misc":{"Est. reading time":"1 minute"},"schema":{"@context":"https:\/\/schema.org","@graph":[{"@type":"WebPage","@id":"https:\/\/aem.hr\/kako-se-trosi-javni-novac\/","url":"https:\/\/aem.hr\/kako-se-trosi-javni-novac\/","name":"Kako se tro\u0161i javni novac - Agencija za elektroni\u010dke medije","isPartOf":{"@id":"https:\/\/aem.hr\/#website"},"datePublished":"2021-10-06T09:39:18+00:00","dateModified":"2022-11-14T12:42:18+00:00","breadcrumb":{"@id":"https:\/\/aem.hr\/kako-se-trosi-javni-novac\/#breadcrumb"},"inLanguage":"en-US","potentialAction":[{"@type":"ReadAction","target":["https:\/\/aem.hr\/kako-se-trosi-javni-novac\/"]}]},{"@type":"BreadcrumbList","@id":"https:\/\/aem.hr\/kako-se-trosi-javni-novac\/#breadcrumb","itemListElement":[{"@type":"ListItem","position":1,"name":"Po\u010detna stranica","item":"https:\/\/aem.hr\/"},{"@type":"ListItem","position":2,"name":"Kako se tro\u0161i javni novac"}]},{"@type":"WebSite","@id":"https:\/\/aem.hr\/#website","url":"https:\/\/aem.hr\/","name":"Agencija za elektroni\u010dke medije","description":"","potentialAction":[{"@type":"SearchAction","target":{"@type":"EntryPoint","urlTemplate":"https:\/\/aem.hr\/?s={search_term_string}"},"query-input":{"@type":"PropertyValueSpecification","valueRequired":true,"valueName":"search_term_string"}}],"inLanguage":"en-US"}]}},"coauthors":[],"author_meta":{"author_link":"https:\/\/aem.hr\/en\/blog\/author\/mkirac\/","display_name":"Matko Kirac"},"relative_dates":{"created":"Posted 5 years ago","modified":"Updated 3 years ago"},"absolute_dates":{"created":"Posted on 6. October 2021.","modified":"Updated on 14. November 2022."},"absolute_dates_time":{"created":"Posted on 6. October 2021. 11:39","modified":"Updated on 14. November 2022. 13:42"},"featured_img_caption":"","featured_img":false,"series_order":"","_links":{"self":[{"href":"https:\/\/aem.hr\/en\/wp-json\/wp\/v2\/pages\/10265","targetHints":{"allow":["GET"]}}],"collection":[{"href":"https:\/\/aem.hr\/en\/wp-json\/wp\/v2\/pages"}],"about":[{"href":"https:\/\/aem.hr\/en\/wp-json\/wp\/v2\/types\/page"}],"author":[{"embeddable":true,"href":"https:\/\/aem.hr\/en\/wp-json\/wp\/v2\/users\/18"}],"replies":[{"embeddable":true,"href":"https:\/\/aem.hr\/en\/wp-json\/wp\/v2\/comments?post=10265"}],"version-history":[{"count":2,"href":"https:\/\/aem.hr\/en\/wp-json\/wp\/v2\/pages\/10265\/revisions"}],"predecessor-version":[{"id":13650,"href":"https:\/\/aem.hr\/en\/wp-json\/wp\/v2\/pages\/10265\/revisions\/13650"}],"wp:attachment":[{"href":"https:\/\/aem.hr\/en\/wp-json\/wp\/v2\/media?parent=10265"}],"curies":[{"name":"wp","href":"https:\/\/api.w.org\/{rel}","templated":true}]}}