{"id":10315,"date":"2021-10-06T12:01:37","date_gmt":"2021-10-06T10:01:37","guid":{"rendered":"http:\/\/aem.hr\/?page_id=10315"},"modified":"2022-11-14T13:15:43","modified_gmt":"2022-11-14T12:15:43","slug":"meduvjersko-zajednistvo-u-prirodnoj-katastrofi-katolicki-pravoslavni-i-muslimanski-volonteri-hrvatskog-caritasa","status":"publish","type":"page","link":"https:\/\/aem.hr\/en\/meduvjersko-zajednistvo-u-prirodnoj-katastrofi-katolicki-pravoslavni-i-muslimanski-volonteri-hrvatskog-caritasa\/","title":{"rendered":"Me\u0111uvjersko zajedni\u0161tvo u prirodnoj katastrofi \u2013 katoli\u010dki, pravoslavni i muslimanski volonteri Hrvatskog Caritasa"},"content":{"rendered":"\n<div class=\"wp-block-file advgb-dyn-0ffc06d0\"><a id=\"wp-block-file--media-699d3493-ab2f-4358-bcf7-b408409d99d9\" href=\"https:\/\/aem.hr\/wp-content\/uploads\/2021\/10\/1.-Vjerska-tolerancija.pdf\">1. Vjerska tolerancija me\u0111u volonterima na Banovini: \u010covjek koji pati potreban je ljudske blizine, tu nema mjesta za bilo kakve podjele<\/a><a href=\"https:\/\/aem.hr\/wp-content\/uploads\/2021\/10\/1.-Vjerska-tolerancija.pdf\" class=\"wp-block-file__button wp-element-button\" download aria-describedby=\"wp-block-file--media-699d3493-ab2f-4358-bcf7-b408409d99d9\"> Preuzimanje <\/a><\/div>\n\n\n\n<div class=\"wp-block-file advgb-dyn-33baae79\"><a id=\"wp-block-file--media-28df574e-a36c-45e6-97f5-bffdbcd75c90\" href=\"https:\/\/aem.hr\/wp-content\/uploads\/2021\/10\/2.-Darivanje-Caritasovih.pdf\">2. Darivanje Caritasovih volontera djece na pravoslavni Bo\u017ei\u0107: Koliko radosti zbog jedne \u010dokolade i bombona!<\/a><a href=\"https:\/\/aem.hr\/wp-content\/uploads\/2021\/10\/2.-Darivanje-Caritasovih.pdf\" class=\"wp-block-file__button wp-element-button\" download aria-describedby=\"wp-block-file--media-28df574e-a36c-45e6-97f5-bffdbcd75c90\"> Preuzimanje <\/a><\/div>\n\n\n\n<div class=\"wp-block-file advgb-dyn-0c357bb1\"><a id=\"wp-block-file--media-4d1c5edb-db5e-4421-932d-31bb0cb830db\" href=\"https:\/\/aem.hr\/wp-content\/uploads\/2021\/10\/3.-Suzivot-i-prijateljstvo.pdf\">3. BANOVINA Su\u017eivot i prijateljstvo d\u017eemata, \u017eupe i parohije: &#8220;Potres nas je jo\u0161 vi\u0161e zbli\u017eio&#8221;<\/a><a href=\"https:\/\/aem.hr\/wp-content\/uploads\/2021\/10\/3.-Suzivot-i-prijateljstvo.pdf\" class=\"wp-block-file__button wp-element-button\" download aria-describedby=\"wp-block-file--media-4d1c5edb-db5e-4421-932d-31bb0cb830db\">Preuzimanje<\/a><\/div>\n\n\n\n<div class=\"wp-block-file advgb-dyn-57f98f0d\"><a id=\"wp-block-file--media-a6a04898-8ec1-4fc5-bfe0-759733f49073\" href=\"https:\/\/aem.hr\/wp-content\/uploads\/2021\/10\/4.-Volonteri-razlicite-dobi.pdf\">4. BANOVINA Volonteri razli\u010dite dobi nesebi\u010dno se davali potrebitima: Iskustvo volontiranja mijenjalo je na\u0161a srca<\/a><a href=\"https:\/\/aem.hr\/wp-content\/uploads\/2021\/10\/4.-Volonteri-razlicite-dobi.pdf\" class=\"wp-block-file__button wp-element-button\" download aria-describedby=\"wp-block-file--media-a6a04898-8ec1-4fc5-bfe0-759733f49073\"> Preuzimanje <\/a><\/div>\n\n\n\n<div class=\"wp-block-file advgb-dyn-310f08bf\"><a id=\"wp-block-file--media-3bac5855-65e4-44ad-8594-19c6c6bed9eb\" href=\"https:\/\/aem.hr\/wp-content\/uploads\/2021\/10\/5.-Deset-volontera.pdf\">5. Deset volontera u Banovini za HKM: Osmijeh i darovano vrijeme za drugog nekome su sitnica, ali stradalim ljudima to je bilo sve \u0161to im je potrebno<\/a><a href=\"https:\/\/aem.hr\/wp-content\/uploads\/2021\/10\/5.-Deset-volontera.pdf\" class=\"wp-block-file__button wp-element-button\" download aria-describedby=\"wp-block-file--media-3bac5855-65e4-44ad-8594-19c6c6bed9eb\"> Preuzimanje <\/a><\/div>\n\n\n\n<div class=\"wp-block-file advgb-dyn-c5457c9e\"><a id=\"wp-block-file--media-5a011271-6d5a-46e3-a38b-45ebcf67b54f\" href=\"https:\/\/aem.hr\/wp-content\/uploads\/2021\/10\/6.-Majka-petero-djece.pdf\">6. BANOVINA Majka petero djece:Nepokretnu svekrvu jedva smo izvukli iz ku\u0107e za vrijeme potresa<\/a><a href=\"https:\/\/aem.hr\/wp-content\/uploads\/2021\/10\/6.-Majka-petero-djece.pdf\" class=\"wp-block-file__button wp-element-button\" download aria-describedby=\"wp-block-file--media-5a011271-6d5a-46e3-a38b-45ebcf67b54f\"> Preuzimanje <\/a><\/div>\n\n\n\n<p><\/p>\n","protected":false},"excerpt":{"rendered":"","protected":false},"author":18,"featured_media":0,"parent":0,"menu_order":0,"comment_status":"closed","ping_status":"closed","template":"","meta":{"_acf_changed":false,"inline_featured_image":false,"advgb_blocks_editor_width":"","advgb_blocks_columns_visual_guide":"","_links_to":"","_links_to_type":0,"footnotes":""},"class_list":["post-10315","page","type-page","status-publish","hentry"],"acf":[],"yoast_head":"<!-- This site is optimized with the Yoast SEO plugin v25.7 - https:\/\/yoast.com\/wordpress\/plugins\/seo\/ -->\n<title>Me\u0111uvjersko zajedni\u0161tvo u prirodnoj katastrofi \u2013 katoli\u010dki, pravoslavni i muslimanski volonteri Hrvatskog Caritasa - Agencija za elektroni\u010dke medije<\/title>\n<meta name=\"robots\" content=\"index, follow, max-snippet:-1, max-image-preview:large, max-video-preview:-1\" \/>\n<link rel=\"canonical\" href=\"https:\/\/aem.hr\/meduvjersko-zajednistvo-u-prirodnoj-katastrofi-katolicki-pravoslavni-i-muslimanski-volonteri-hrvatskog-caritasa\/\" \/>\n<meta property=\"og:locale\" content=\"en_US\" \/>\n<meta property=\"og:type\" content=\"article\" \/>\n<meta property=\"og:title\" content=\"Me\u0111uvjersko zajedni\u0161tvo u prirodnoj katastrofi \u2013 katoli\u010dki, pravoslavni i muslimanski volonteri Hrvatskog Caritasa - Agencija za elektroni\u010dke medije\" \/>\n<meta property=\"og:url\" content=\"https:\/\/aem.hr\/meduvjersko-zajednistvo-u-prirodnoj-katastrofi-katolicki-pravoslavni-i-muslimanski-volonteri-hrvatskog-caritasa\/\" \/>\n<meta property=\"og:site_name\" content=\"Agencija za elektroni\u010dke medije\" \/>\n<meta property=\"article:modified_time\" content=\"2022-11-14T12:15:43+00:00\" \/>\n<meta name=\"twitter:card\" content=\"summary_large_image\" \/>\n<meta name=\"twitter:label1\" content=\"Est. reading time\" \/>\n\t<meta name=\"twitter:data1\" content=\"1 minute\" \/>\n<script type=\"application\/ld+json\" class=\"yoast-schema-graph\">{\"@context\":\"https:\/\/schema.org\",\"@graph\":[{\"@type\":\"WebPage\",\"@id\":\"https:\/\/aem.hr\/meduvjersko-zajednistvo-u-prirodnoj-katastrofi-katolicki-pravoslavni-i-muslimanski-volonteri-hrvatskog-caritasa\/\",\"url\":\"https:\/\/aem.hr\/meduvjersko-zajednistvo-u-prirodnoj-katastrofi-katolicki-pravoslavni-i-muslimanski-volonteri-hrvatskog-caritasa\/\",\"name\":\"Me\u0111uvjersko zajedni\u0161tvo u prirodnoj katastrofi \u2013 katoli\u010dki, pravoslavni i muslimanski volonteri Hrvatskog Caritasa - Agencija za elektroni\u010dke medije\",\"isPartOf\":{\"@id\":\"https:\/\/aem.hr\/#website\"},\"datePublished\":\"2021-10-06T10:01:37+00:00\",\"dateModified\":\"2022-11-14T12:15:43+00:00\",\"breadcrumb\":{\"@id\":\"https:\/\/aem.hr\/meduvjersko-zajednistvo-u-prirodnoj-katastrofi-katolicki-pravoslavni-i-muslimanski-volonteri-hrvatskog-caritasa\/#breadcrumb\"},\"inLanguage\":\"en-US\",\"potentialAction\":[{\"@type\":\"ReadAction\",\"target\":[\"https:\/\/aem.hr\/meduvjersko-zajednistvo-u-prirodnoj-katastrofi-katolicki-pravoslavni-i-muslimanski-volonteri-hrvatskog-caritasa\/\"]}]},{\"@type\":\"BreadcrumbList\",\"@id\":\"https:\/\/aem.hr\/meduvjersko-zajednistvo-u-prirodnoj-katastrofi-katolicki-pravoslavni-i-muslimanski-volonteri-hrvatskog-caritasa\/#breadcrumb\",\"itemListElement\":[{\"@type\":\"ListItem\",\"position\":1,\"name\":\"Po\u010detna stranica\",\"item\":\"https:\/\/aem.hr\/\"},{\"@type\":\"ListItem\",\"position\":2,\"name\":\"Me\u0111uvjersko zajedni\u0161tvo u prirodnoj katastrofi \u2013 katoli\u010dki, pravoslavni i muslimanski volonteri Hrvatskog Caritasa\"}]},{\"@type\":\"WebSite\",\"@id\":\"https:\/\/aem.hr\/#website\",\"url\":\"https:\/\/aem.hr\/\",\"name\":\"Agencija za elektroni\u010dke medije\",\"description\":\"\",\"potentialAction\":[{\"@type\":\"SearchAction\",\"target\":{\"@type\":\"EntryPoint\",\"urlTemplate\":\"https:\/\/aem.hr\/?s={search_term_string}\"},\"query-input\":{\"@type\":\"PropertyValueSpecification\",\"valueRequired\":true,\"valueName\":\"search_term_string\"}}],\"inLanguage\":\"en-US\"}]}<\/script>\n<!-- \/ Yoast SEO plugin. -->","yoast_head_json":{"title":"Me\u0111uvjersko zajedni\u0161tvo u prirodnoj katastrofi \u2013 katoli\u010dki, pravoslavni i muslimanski volonteri Hrvatskog Caritasa - Agencija za elektroni\u010dke medije","robots":{"index":"index","follow":"follow","max-snippet":"max-snippet:-1","max-image-preview":"max-image-preview:large","max-video-preview":"max-video-preview:-1"},"canonical":"https:\/\/aem.hr\/meduvjersko-zajednistvo-u-prirodnoj-katastrofi-katolicki-pravoslavni-i-muslimanski-volonteri-hrvatskog-caritasa\/","og_locale":"en_US","og_type":"article","og_title":"Me\u0111uvjersko zajedni\u0161tvo u prirodnoj katastrofi \u2013 katoli\u010dki, pravoslavni i muslimanski volonteri Hrvatskog Caritasa - Agencija za elektroni\u010dke medije","og_url":"https:\/\/aem.hr\/meduvjersko-zajednistvo-u-prirodnoj-katastrofi-katolicki-pravoslavni-i-muslimanski-volonteri-hrvatskog-caritasa\/","og_site_name":"Agencija za elektroni\u010dke medije","article_modified_time":"2022-11-14T12:15:43+00:00","twitter_card":"summary_large_image","twitter_misc":{"Est. reading time":"1 minute"},"schema":{"@context":"https:\/\/schema.org","@graph":[{"@type":"WebPage","@id":"https:\/\/aem.hr\/meduvjersko-zajednistvo-u-prirodnoj-katastrofi-katolicki-pravoslavni-i-muslimanski-volonteri-hrvatskog-caritasa\/","url":"https:\/\/aem.hr\/meduvjersko-zajednistvo-u-prirodnoj-katastrofi-katolicki-pravoslavni-i-muslimanski-volonteri-hrvatskog-caritasa\/","name":"Me\u0111uvjersko zajedni\u0161tvo u prirodnoj katastrofi \u2013 katoli\u010dki, pravoslavni i muslimanski volonteri Hrvatskog Caritasa - Agencija za elektroni\u010dke medije","isPartOf":{"@id":"https:\/\/aem.hr\/#website"},"datePublished":"2021-10-06T10:01:37+00:00","dateModified":"2022-11-14T12:15:43+00:00","breadcrumb":{"@id":"https:\/\/aem.hr\/meduvjersko-zajednistvo-u-prirodnoj-katastrofi-katolicki-pravoslavni-i-muslimanski-volonteri-hrvatskog-caritasa\/#breadcrumb"},"inLanguage":"en-US","potentialAction":[{"@type":"ReadAction","target":["https:\/\/aem.hr\/meduvjersko-zajednistvo-u-prirodnoj-katastrofi-katolicki-pravoslavni-i-muslimanski-volonteri-hrvatskog-caritasa\/"]}]},{"@type":"BreadcrumbList","@id":"https:\/\/aem.hr\/meduvjersko-zajednistvo-u-prirodnoj-katastrofi-katolicki-pravoslavni-i-muslimanski-volonteri-hrvatskog-caritasa\/#breadcrumb","itemListElement":[{"@type":"ListItem","position":1,"name":"Po\u010detna stranica","item":"https:\/\/aem.hr\/"},{"@type":"ListItem","position":2,"name":"Me\u0111uvjersko zajedni\u0161tvo u prirodnoj katastrofi \u2013 katoli\u010dki, pravoslavni i muslimanski volonteri Hrvatskog Caritasa"}]},{"@type":"WebSite","@id":"https:\/\/aem.hr\/#website","url":"https:\/\/aem.hr\/","name":"Agencija za elektroni\u010dke medije","description":"","potentialAction":[{"@type":"SearchAction","target":{"@type":"EntryPoint","urlTemplate":"https:\/\/aem.hr\/?s={search_term_string}"},"query-input":{"@type":"PropertyValueSpecification","valueRequired":true,"valueName":"search_term_string"}}],"inLanguage":"en-US"}]}},"coauthors":[],"author_meta":{"author_link":"https:\/\/aem.hr\/en\/blog\/author\/mkirac\/","display_name":"Matko Kirac"},"relative_dates":{"created":"Posted 5 years ago","modified":"Updated 3 years ago"},"absolute_dates":{"created":"Posted on 6. October 2021.","modified":"Updated on 14. November 2022."},"absolute_dates_time":{"created":"Posted on 6. October 2021. 12:01","modified":"Updated on 14. November 2022. 13:15"},"featured_img_caption":"","featured_img":false,"series_order":"","_links":{"self":[{"href":"https:\/\/aem.hr\/en\/wp-json\/wp\/v2\/pages\/10315","targetHints":{"allow":["GET"]}}],"collection":[{"href":"https:\/\/aem.hr\/en\/wp-json\/wp\/v2\/pages"}],"about":[{"href":"https:\/\/aem.hr\/en\/wp-json\/wp\/v2\/types\/page"}],"author":[{"embeddable":true,"href":"https:\/\/aem.hr\/en\/wp-json\/wp\/v2\/users\/18"}],"replies":[{"embeddable":true,"href":"https:\/\/aem.hr\/en\/wp-json\/wp\/v2\/comments?post=10315"}],"version-history":[{"count":2,"href":"https:\/\/aem.hr\/en\/wp-json\/wp\/v2\/pages\/10315\/revisions"}],"predecessor-version":[{"id":13638,"href":"https:\/\/aem.hr\/en\/wp-json\/wp\/v2\/pages\/10315\/revisions\/13638"}],"wp:attachment":[{"href":"https:\/\/aem.hr\/en\/wp-json\/wp\/v2\/media?parent=10315"}],"curies":[{"name":"wp","href":"https:\/\/api.w.org\/{rel}","templated":true}]}}