{"id":10333,"date":"2021-10-06T12:45:21","date_gmt":"2021-10-06T10:45:21","guid":{"rendered":"http:\/\/aem.hr\/?page_id=10333"},"modified":"2022-11-14T13:34:42","modified_gmt":"2022-11-14T12:34:42","slug":"utjecaj-pandemije-koronavirusa-na-zivot-100-tnih-hrvatskih-i-ratnih-vojnih-invalida","status":"publish","type":"page","link":"https:\/\/aem.hr\/en\/utjecaj-pandemije-koronavirusa-na-zivot-100-tnih-hrvatskih-i-ratnih-vojnih-invalida\/","title":{"rendered":"Utjecaj pandemije koronavirusa na \u017eivot 100%-tnih hrvatskih ratnih vojnih invalida"},"content":{"rendered":"\n<div class=\"wp-block-file advgb-dyn-2e1366c6\"><a id=\"wp-block-file--media-d720ed0a-4351-4086-84be-b8f4033b27b5\" href=\"https:\/\/aem.hr\/wp-content\/uploads\/2021\/10\/1.-Ja-se-ne-predajem.pdf\">1. \u201cJa se ne predajem!\u201d \u2013 adaptacija 100% HRVI na situaciju uzrokovanu pandemijom korona virusa<\/a><a href=\"https:\/\/aem.hr\/wp-content\/uploads\/2021\/10\/1.-Ja-se-ne-predajem.pdf\" class=\"wp-block-file__button wp-element-button\" download aria-describedby=\"wp-block-file--media-d720ed0a-4351-4086-84be-b8f4033b27b5\"> Preuzimanje <\/a><\/div>\n\n\n\n<div class=\"wp-block-file advgb-dyn-6a3f06f4\"><a id=\"wp-block-file--media-9b624c01-cc2b-4fa2-812e-fb2c4295c44a\" href=\"https:\/\/aem.hr\/wp-content\/uploads\/2021\/10\/2.-Gdje-se-iskazao.pdf\">2. Gdje se iskazao, a gdje je zakazao? \u2013 zdravstveni sustav u podr\u0161ci 100%-tnim HRVI tijekom pandemije korona virusa<\/a><a href=\"https:\/\/aem.hr\/wp-content\/uploads\/2021\/10\/2.-Gdje-se-iskazao.pdf\" class=\"wp-block-file__button wp-element-button\" download aria-describedby=\"wp-block-file--media-9b624c01-cc2b-4fa2-812e-fb2c4295c44a\"> Preuzimanje <\/a><\/div>\n\n\n\n<div class=\"wp-block-file advgb-dyn-f4722e0e\"><a id=\"wp-block-file--media-5eb5535d-21a3-4684-9d71-6e3a8f966b75\" href=\"https:\/\/aem.hr\/wp-content\/uploads\/2021\/10\/3.-Kada-izades-van.pdf\">3. \u201cKada iza\u0111e\u0161 van i vidi\u0161 da ljudi \u017eive, \u017eivi\u0161 i ti.\u201d \u2013 dru\u0161tveni \u017eivot 100%-tnih ratnih vojnih invalida za vrijeme pandemije korona virusa<\/a><a href=\"https:\/\/aem.hr\/wp-content\/uploads\/2021\/10\/3.-Kada-izades-van.pdf\" class=\"wp-block-file__button wp-element-button\" download aria-describedby=\"wp-block-file--media-5eb5535d-21a3-4684-9d71-6e3a8f966b75\">Preuzimanje<\/a><\/div>\n\n\n\n<div class=\"wp-block-file advgb-dyn-583dd3e9\"><a id=\"wp-block-file--media-5c3ba6fc-060d-4475-ab7b-dc9aa734739f\" href=\"https:\/\/aem.hr\/wp-content\/uploads\/2021\/10\/4.-Korona-nas-nije.pdf\">4. Korona nas nije zaustavila. Sporta\u0161 uvijek na\u0111e na\u010din kako odr\u017eati formu. \u2013 sportski \u017eivot 100%-tnih ratnih vojnih invalida za vrijeme pandemije korona virusa<\/a><a href=\"https:\/\/aem.hr\/wp-content\/uploads\/2021\/10\/4.-Korona-nas-nije.pdf\" class=\"wp-block-file__button wp-element-button\" download aria-describedby=\"wp-block-file--media-5c3ba6fc-060d-4475-ab7b-dc9aa734739f\"> Preuzimanje <\/a><\/div>\n\n\n\n<div class=\"wp-block-file advgb-dyn-7f91d405\"><a id=\"wp-block-file--media-d6cf7d63-893d-44fe-9ccc-3ccadb354ae4\" href=\"https:\/\/aem.hr\/wp-content\/uploads\/2021\/10\/5.-Volim-putovati.pdf\">5. \u201cVolim putovati Hrvatskom i upoznavati je sa svojim prijateljima. To je s koronom prestalo.\u201d \u2013 putovanja 100%-tnih ratnih vojnih invalida za vrijeme pandemije korona virusa<\/a><a href=\"https:\/\/aem.hr\/wp-content\/uploads\/2021\/10\/5.-Volim-putovati.pdf\" class=\"wp-block-file__button wp-element-button\" download aria-describedby=\"wp-block-file--media-d6cf7d63-893d-44fe-9ccc-3ccadb354ae4\"> Preuzimanje <\/a><\/div>\n\n\n\n<div class=\"wp-block-file advgb-dyn-a283ec81\"><a id=\"wp-block-file--media-8c9c08bb-68b3-4410-9742-030f5865ff23\" href=\"https:\/\/aem.hr\/wp-content\/uploads\/2021\/10\/6.-Tih-par-sekundi.pdf\">6. \u201cTih par sekundi upla\u0161ilo me vi\u0161e nego cijeli rat\u201d \u2013 do\u017eivljaj potresa kod 100%-tnih hrvatskih ratnih vojnih invalida<\/a><a href=\"https:\/\/aem.hr\/wp-content\/uploads\/2021\/10\/6.-Tih-par-sekundi.pdf\" class=\"wp-block-file__button wp-element-button\" download aria-describedby=\"wp-block-file--media-8c9c08bb-68b3-4410-9742-030f5865ff23\"> Preuzimanje <\/a><\/div>\n\n\n\n<p><\/p>\n","protected":false},"excerpt":{"rendered":"","protected":false},"author":18,"featured_media":0,"parent":0,"menu_order":0,"comment_status":"closed","ping_status":"closed","template":"","meta":{"_acf_changed":false,"inline_featured_image":false,"advgb_blocks_editor_width":"","advgb_blocks_columns_visual_guide":"","_links_to":"","_links_to_type":0,"footnotes":""},"class_list":["post-10333","page","type-page","status-publish","hentry"],"acf":[],"yoast_head":"<!-- This site is optimized with the Yoast SEO plugin v25.7 - https:\/\/yoast.com\/wordpress\/plugins\/seo\/ -->\n<title>Utjecaj pandemije koronavirusa na \u017eivot 100%-tnih hrvatskih ratnih vojnih invalida - Agencija za elektroni\u010dke medije<\/title>\n<meta name=\"robots\" content=\"index, follow, max-snippet:-1, max-image-preview:large, max-video-preview:-1\" \/>\n<link rel=\"canonical\" href=\"https:\/\/aem.hr\/utjecaj-pandemije-koronavirusa-na-zivot-100-tnih-hrvatskih-i-ratnih-vojnih-invalida\/\" \/>\n<meta property=\"og:locale\" content=\"en_US\" \/>\n<meta property=\"og:type\" content=\"article\" \/>\n<meta property=\"og:title\" content=\"Utjecaj pandemije koronavirusa na \u017eivot 100%-tnih hrvatskih ratnih vojnih invalida - Agencija za elektroni\u010dke medije\" \/>\n<meta property=\"og:url\" content=\"https:\/\/aem.hr\/utjecaj-pandemije-koronavirusa-na-zivot-100-tnih-hrvatskih-i-ratnih-vojnih-invalida\/\" \/>\n<meta property=\"og:site_name\" content=\"Agencija za elektroni\u010dke medije\" \/>\n<meta property=\"article:modified_time\" content=\"2022-11-14T12:34:42+00:00\" \/>\n<meta name=\"twitter:card\" content=\"summary_large_image\" \/>\n<meta name=\"twitter:label1\" content=\"Est. reading time\" \/>\n\t<meta name=\"twitter:data1\" content=\"1 minute\" \/>\n<script type=\"application\/ld+json\" class=\"yoast-schema-graph\">{\"@context\":\"https:\/\/schema.org\",\"@graph\":[{\"@type\":\"WebPage\",\"@id\":\"https:\/\/aem.hr\/utjecaj-pandemije-koronavirusa-na-zivot-100-tnih-hrvatskih-i-ratnih-vojnih-invalida\/\",\"url\":\"https:\/\/aem.hr\/utjecaj-pandemije-koronavirusa-na-zivot-100-tnih-hrvatskih-i-ratnih-vojnih-invalida\/\",\"name\":\"Utjecaj pandemije koronavirusa na \u017eivot 100%-tnih hrvatskih ratnih vojnih invalida - Agencija za elektroni\u010dke medije\",\"isPartOf\":{\"@id\":\"https:\/\/aem.hr\/#website\"},\"datePublished\":\"2021-10-06T10:45:21+00:00\",\"dateModified\":\"2022-11-14T12:34:42+00:00\",\"breadcrumb\":{\"@id\":\"https:\/\/aem.hr\/utjecaj-pandemije-koronavirusa-na-zivot-100-tnih-hrvatskih-i-ratnih-vojnih-invalida\/#breadcrumb\"},\"inLanguage\":\"en-US\",\"potentialAction\":[{\"@type\":\"ReadAction\",\"target\":[\"https:\/\/aem.hr\/utjecaj-pandemije-koronavirusa-na-zivot-100-tnih-hrvatskih-i-ratnih-vojnih-invalida\/\"]}]},{\"@type\":\"BreadcrumbList\",\"@id\":\"https:\/\/aem.hr\/utjecaj-pandemije-koronavirusa-na-zivot-100-tnih-hrvatskih-i-ratnih-vojnih-invalida\/#breadcrumb\",\"itemListElement\":[{\"@type\":\"ListItem\",\"position\":1,\"name\":\"Po\u010detna stranica\",\"item\":\"https:\/\/aem.hr\/\"},{\"@type\":\"ListItem\",\"position\":2,\"name\":\"Utjecaj pandemije koronavirusa na \u017eivot 100%-tnih hrvatskih ratnih vojnih invalida\"}]},{\"@type\":\"WebSite\",\"@id\":\"https:\/\/aem.hr\/#website\",\"url\":\"https:\/\/aem.hr\/\",\"name\":\"Agencija za elektroni\u010dke medije\",\"description\":\"\",\"potentialAction\":[{\"@type\":\"SearchAction\",\"target\":{\"@type\":\"EntryPoint\",\"urlTemplate\":\"https:\/\/aem.hr\/?s={search_term_string}\"},\"query-input\":{\"@type\":\"PropertyValueSpecification\",\"valueRequired\":true,\"valueName\":\"search_term_string\"}}],\"inLanguage\":\"en-US\"}]}<\/script>\n<!-- \/ Yoast SEO plugin. -->","yoast_head_json":{"title":"Utjecaj pandemije koronavirusa na \u017eivot 100%-tnih hrvatskih ratnih vojnih invalida - Agencija za elektroni\u010dke medije","robots":{"index":"index","follow":"follow","max-snippet":"max-snippet:-1","max-image-preview":"max-image-preview:large","max-video-preview":"max-video-preview:-1"},"canonical":"https:\/\/aem.hr\/utjecaj-pandemije-koronavirusa-na-zivot-100-tnih-hrvatskih-i-ratnih-vojnih-invalida\/","og_locale":"en_US","og_type":"article","og_title":"Utjecaj pandemije koronavirusa na \u017eivot 100%-tnih hrvatskih ratnih vojnih invalida - Agencija za elektroni\u010dke medije","og_url":"https:\/\/aem.hr\/utjecaj-pandemije-koronavirusa-na-zivot-100-tnih-hrvatskih-i-ratnih-vojnih-invalida\/","og_site_name":"Agencija za elektroni\u010dke medije","article_modified_time":"2022-11-14T12:34:42+00:00","twitter_card":"summary_large_image","twitter_misc":{"Est. reading time":"1 minute"},"schema":{"@context":"https:\/\/schema.org","@graph":[{"@type":"WebPage","@id":"https:\/\/aem.hr\/utjecaj-pandemije-koronavirusa-na-zivot-100-tnih-hrvatskih-i-ratnih-vojnih-invalida\/","url":"https:\/\/aem.hr\/utjecaj-pandemije-koronavirusa-na-zivot-100-tnih-hrvatskih-i-ratnih-vojnih-invalida\/","name":"Utjecaj pandemije koronavirusa na \u017eivot 100%-tnih hrvatskih ratnih vojnih invalida - Agencija za elektroni\u010dke medije","isPartOf":{"@id":"https:\/\/aem.hr\/#website"},"datePublished":"2021-10-06T10:45:21+00:00","dateModified":"2022-11-14T12:34:42+00:00","breadcrumb":{"@id":"https:\/\/aem.hr\/utjecaj-pandemije-koronavirusa-na-zivot-100-tnih-hrvatskih-i-ratnih-vojnih-invalida\/#breadcrumb"},"inLanguage":"en-US","potentialAction":[{"@type":"ReadAction","target":["https:\/\/aem.hr\/utjecaj-pandemije-koronavirusa-na-zivot-100-tnih-hrvatskih-i-ratnih-vojnih-invalida\/"]}]},{"@type":"BreadcrumbList","@id":"https:\/\/aem.hr\/utjecaj-pandemije-koronavirusa-na-zivot-100-tnih-hrvatskih-i-ratnih-vojnih-invalida\/#breadcrumb","itemListElement":[{"@type":"ListItem","position":1,"name":"Po\u010detna stranica","item":"https:\/\/aem.hr\/"},{"@type":"ListItem","position":2,"name":"Utjecaj pandemije koronavirusa na \u017eivot 100%-tnih hrvatskih ratnih vojnih invalida"}]},{"@type":"WebSite","@id":"https:\/\/aem.hr\/#website","url":"https:\/\/aem.hr\/","name":"Agencija za elektroni\u010dke medije","description":"","potentialAction":[{"@type":"SearchAction","target":{"@type":"EntryPoint","urlTemplate":"https:\/\/aem.hr\/?s={search_term_string}"},"query-input":{"@type":"PropertyValueSpecification","valueRequired":true,"valueName":"search_term_string"}}],"inLanguage":"en-US"}]}},"coauthors":[],"author_meta":{"author_link":"https:\/\/aem.hr\/en\/blog\/author\/mkirac\/","display_name":"Matko Kirac"},"relative_dates":{"created":"Posted 5 years ago","modified":"Updated 3 years ago"},"absolute_dates":{"created":"Posted on 6. October 2021.","modified":"Updated on 14. November 2022."},"absolute_dates_time":{"created":"Posted on 6. October 2021. 12:45","modified":"Updated on 14. November 2022. 13:34"},"featured_img_caption":"","featured_img":false,"series_order":"","_links":{"self":[{"href":"https:\/\/aem.hr\/en\/wp-json\/wp\/v2\/pages\/10333","targetHints":{"allow":["GET"]}}],"collection":[{"href":"https:\/\/aem.hr\/en\/wp-json\/wp\/v2\/pages"}],"about":[{"href":"https:\/\/aem.hr\/en\/wp-json\/wp\/v2\/types\/page"}],"author":[{"embeddable":true,"href":"https:\/\/aem.hr\/en\/wp-json\/wp\/v2\/users\/18"}],"replies":[{"embeddable":true,"href":"https:\/\/aem.hr\/en\/wp-json\/wp\/v2\/comments?post=10333"}],"version-history":[{"count":3,"href":"https:\/\/aem.hr\/en\/wp-json\/wp\/v2\/pages\/10333\/revisions"}],"predecessor-version":[{"id":13644,"href":"https:\/\/aem.hr\/en\/wp-json\/wp\/v2\/pages\/10333\/revisions\/13644"}],"wp:attachment":[{"href":"https:\/\/aem.hr\/en\/wp-json\/wp\/v2\/media?parent=10333"}],"curies":[{"name":"wp","href":"https:\/\/api.w.org\/{rel}","templated":true}]}}