{"id":10350,"date":"2021-10-07T13:42:25","date_gmt":"2021-10-07T11:42:25","guid":{"rendered":"http:\/\/aem.hr\/?page_id=10350"},"modified":"2022-11-14T13:35:12","modified_gmt":"2022-11-14T12:35:12","slug":"beskucnici-nevidljivi-ljudi-od-kojih-okrecemo-glavu-deklasirani-i-zaboravljeni-promijenimo-to","status":"publish","type":"page","link":"https:\/\/aem.hr\/en\/beskucnici-nevidljivi-ljudi-od-kojih-okrecemo-glavu-deklasirani-i-zaboravljeni-promijenimo-to\/","title":{"rendered":"Besku\u0107nici-nevidljivi ljudi od kojih okre\u0107emo glavu, deklasirani i zaboravljeni. Promijenimo to!"},"content":{"rendered":"\n<div class=\"wp-block-file advgb-dyn-4ae35259\"><a id=\"wp-block-file--media-dc6ff0ba-244a-4cf7-a41e-80c17f0f09bc\" href=\"https:\/\/aem.hr\/wp-content\/uploads\/2021\/10\/1.-Skupina-gurnuta.pdf\">1. BESKU\u0106NICI, \u2018NEVIDLJIVI\u2019 LJUDI OKO NAS: Skupina gurnuta na marginu dru\u0161tva svakodnevno vodi te\u0161ke bitke, njihov status dodatno je ugro\u017een pandemijom i potresima<\/a><a href=\"https:\/\/aem.hr\/wp-content\/uploads\/2021\/10\/1.-Skupina-gurnuta.pdf\" class=\"wp-block-file__button wp-element-button\" download aria-describedby=\"wp-block-file--media-dc6ff0ba-244a-4cf7-a41e-80c17f0f09bc\"> Preuzimanje <\/a><\/div>\n\n\n\n<div class=\"wp-block-file advgb-dyn-c0f7517c\"><a id=\"wp-block-file--media-35187d07-7eea-4b27-94d6-cb1a125abea2\" href=\"https:\/\/aem.hr\/wp-content\/uploads\/2021\/10\/2.-Kakva-su-prava.pdf\">2. \u2018KAKVA SU PRAVA BESKU\u0106NIKA?\u2019 Nakon \u0161to smo provjerili \u2018stanje na terenu\u2019 kontaktirali smo Ministarstvo rada i Ministarstvo zdravstva; evo \u0161to smo saznali<\/a><a href=\"https:\/\/aem.hr\/wp-content\/uploads\/2021\/10\/2.-Kakva-su-prava.pdf\" class=\"wp-block-file__button wp-element-button\" download aria-describedby=\"wp-block-file--media-35187d07-7eea-4b27-94d6-cb1a125abea2\"> Preuzimanje <\/a><\/div>\n\n\n\n<div class=\"wp-block-file advgb-dyn-d8b60178\"><a id=\"wp-block-file--media-10d3d71d-4257-4c33-aaeb-f2660b2f931c\" href=\"https:\/\/aem.hr\/wp-content\/uploads\/2021\/10\/3.-Mile-Mrvalj.pdf\">3. Mile Mrvalj: Svih 365 dana u godini besku\u0107nicima su pakao. Godine besku\u0107ni\u0161tva bile su mi te\u017ee od onih ratnih u opkoljenom Sarajevu<\/a><a href=\"https:\/\/aem.hr\/wp-content\/uploads\/2021\/10\/3.-Mile-Mrvalj.pdf\" class=\"wp-block-file__button wp-element-button\" download aria-describedby=\"wp-block-file--media-10d3d71d-4257-4c33-aaeb-f2660b2f931c\">Preuzimanje<\/a><\/div>\n\n\n\n<div class=\"wp-block-file advgb-dyn-dd2282a5\"><a id=\"wp-block-file--media-db2b6865-7349-4558-a417-bae948069b53\" href=\"https:\/\/aem.hr\/wp-content\/uploads\/2021\/10\/4.-Volonterka.pdf\">4. Volonterka o besku\u0107nicima: Ti ljudi ne tra\u017ee samilost nego na\u0161e suosje\u0107anje, samo \u017eele da ih netko saslu\u0161a i pokloni im dio svoga vremena\u2026<\/a><a href=\"https:\/\/aem.hr\/wp-content\/uploads\/2021\/10\/4.-Volonterka.pdf\" class=\"wp-block-file__button wp-element-button\" download aria-describedby=\"wp-block-file--media-db2b6865-7349-4558-a417-bae948069b53\"> Preuzimanje <\/a><\/div>\n\n\n\n<p><\/p>\n","protected":false},"excerpt":{"rendered":"","protected":false},"author":18,"featured_media":0,"parent":0,"menu_order":0,"comment_status":"closed","ping_status":"closed","template":"","meta":{"_acf_changed":false,"inline_featured_image":false,"advgb_blocks_editor_width":"","advgb_blocks_columns_visual_guide":"","_links_to":"","_links_to_type":0,"footnotes":""},"class_list":["post-10350","page","type-page","status-publish","hentry"],"acf":[],"yoast_head":"<!-- This site is optimized with the Yoast SEO plugin v25.7 - https:\/\/yoast.com\/wordpress\/plugins\/seo\/ -->\n<title>Besku\u0107nici-nevidljivi ljudi od kojih okre\u0107emo glavu, deklasirani i zaboravljeni. Promijenimo to! - Agencija za elektroni\u010dke medije<\/title>\n<meta name=\"robots\" content=\"index, follow, max-snippet:-1, max-image-preview:large, max-video-preview:-1\" \/>\n<link rel=\"canonical\" href=\"https:\/\/aem.hr\/beskucnici-nevidljivi-ljudi-od-kojih-okrecemo-glavu-deklasirani-i-zaboravljeni-promijenimo-to\/\" \/>\n<meta property=\"og:locale\" content=\"en_US\" \/>\n<meta property=\"og:type\" content=\"article\" \/>\n<meta property=\"og:title\" content=\"Besku\u0107nici-nevidljivi ljudi od kojih okre\u0107emo glavu, deklasirani i zaboravljeni. Promijenimo to! - Agencija za elektroni\u010dke medije\" \/>\n<meta property=\"og:url\" content=\"https:\/\/aem.hr\/beskucnici-nevidljivi-ljudi-od-kojih-okrecemo-glavu-deklasirani-i-zaboravljeni-promijenimo-to\/\" \/>\n<meta property=\"og:site_name\" content=\"Agencija za elektroni\u010dke medije\" \/>\n<meta property=\"article:modified_time\" content=\"2022-11-14T12:35:12+00:00\" \/>\n<meta name=\"twitter:card\" content=\"summary_large_image\" \/>\n<meta name=\"twitter:label1\" content=\"Est. reading time\" \/>\n\t<meta name=\"twitter:data1\" content=\"1 minute\" \/>\n<script type=\"application\/ld+json\" class=\"yoast-schema-graph\">{\"@context\":\"https:\/\/schema.org\",\"@graph\":[{\"@type\":\"WebPage\",\"@id\":\"https:\/\/aem.hr\/beskucnici-nevidljivi-ljudi-od-kojih-okrecemo-glavu-deklasirani-i-zaboravljeni-promijenimo-to\/\",\"url\":\"https:\/\/aem.hr\/beskucnici-nevidljivi-ljudi-od-kojih-okrecemo-glavu-deklasirani-i-zaboravljeni-promijenimo-to\/\",\"name\":\"Besku\u0107nici-nevidljivi ljudi od kojih okre\u0107emo glavu, deklasirani i zaboravljeni. Promijenimo to! - Agencija za elektroni\u010dke medije\",\"isPartOf\":{\"@id\":\"https:\/\/aem.hr\/#website\"},\"datePublished\":\"2021-10-07T11:42:25+00:00\",\"dateModified\":\"2022-11-14T12:35:12+00:00\",\"breadcrumb\":{\"@id\":\"https:\/\/aem.hr\/beskucnici-nevidljivi-ljudi-od-kojih-okrecemo-glavu-deklasirani-i-zaboravljeni-promijenimo-to\/#breadcrumb\"},\"inLanguage\":\"en-US\",\"potentialAction\":[{\"@type\":\"ReadAction\",\"target\":[\"https:\/\/aem.hr\/beskucnici-nevidljivi-ljudi-od-kojih-okrecemo-glavu-deklasirani-i-zaboravljeni-promijenimo-to\/\"]}]},{\"@type\":\"BreadcrumbList\",\"@id\":\"https:\/\/aem.hr\/beskucnici-nevidljivi-ljudi-od-kojih-okrecemo-glavu-deklasirani-i-zaboravljeni-promijenimo-to\/#breadcrumb\",\"itemListElement\":[{\"@type\":\"ListItem\",\"position\":1,\"name\":\"Po\u010detna stranica\",\"item\":\"https:\/\/aem.hr\/\"},{\"@type\":\"ListItem\",\"position\":2,\"name\":\"Besku\u0107nici-nevidljivi ljudi od kojih okre\u0107emo glavu, deklasirani i zaboravljeni. Promijenimo to!\"}]},{\"@type\":\"WebSite\",\"@id\":\"https:\/\/aem.hr\/#website\",\"url\":\"https:\/\/aem.hr\/\",\"name\":\"Agencija za elektroni\u010dke medije\",\"description\":\"\",\"potentialAction\":[{\"@type\":\"SearchAction\",\"target\":{\"@type\":\"EntryPoint\",\"urlTemplate\":\"https:\/\/aem.hr\/?s={search_term_string}\"},\"query-input\":{\"@type\":\"PropertyValueSpecification\",\"valueRequired\":true,\"valueName\":\"search_term_string\"}}],\"inLanguage\":\"en-US\"}]}<\/script>\n<!-- \/ Yoast SEO plugin. -->","yoast_head_json":{"title":"Besku\u0107nici-nevidljivi ljudi od kojih okre\u0107emo glavu, deklasirani i zaboravljeni. Promijenimo to! - Agencija za elektroni\u010dke medije","robots":{"index":"index","follow":"follow","max-snippet":"max-snippet:-1","max-image-preview":"max-image-preview:large","max-video-preview":"max-video-preview:-1"},"canonical":"https:\/\/aem.hr\/beskucnici-nevidljivi-ljudi-od-kojih-okrecemo-glavu-deklasirani-i-zaboravljeni-promijenimo-to\/","og_locale":"en_US","og_type":"article","og_title":"Besku\u0107nici-nevidljivi ljudi od kojih okre\u0107emo glavu, deklasirani i zaboravljeni. Promijenimo to! - Agencija za elektroni\u010dke medije","og_url":"https:\/\/aem.hr\/beskucnici-nevidljivi-ljudi-od-kojih-okrecemo-glavu-deklasirani-i-zaboravljeni-promijenimo-to\/","og_site_name":"Agencija za elektroni\u010dke medije","article_modified_time":"2022-11-14T12:35:12+00:00","twitter_card":"summary_large_image","twitter_misc":{"Est. reading time":"1 minute"},"schema":{"@context":"https:\/\/schema.org","@graph":[{"@type":"WebPage","@id":"https:\/\/aem.hr\/beskucnici-nevidljivi-ljudi-od-kojih-okrecemo-glavu-deklasirani-i-zaboravljeni-promijenimo-to\/","url":"https:\/\/aem.hr\/beskucnici-nevidljivi-ljudi-od-kojih-okrecemo-glavu-deklasirani-i-zaboravljeni-promijenimo-to\/","name":"Besku\u0107nici-nevidljivi ljudi od kojih okre\u0107emo glavu, deklasirani i zaboravljeni. Promijenimo to! - Agencija za elektroni\u010dke medije","isPartOf":{"@id":"https:\/\/aem.hr\/#website"},"datePublished":"2021-10-07T11:42:25+00:00","dateModified":"2022-11-14T12:35:12+00:00","breadcrumb":{"@id":"https:\/\/aem.hr\/beskucnici-nevidljivi-ljudi-od-kojih-okrecemo-glavu-deklasirani-i-zaboravljeni-promijenimo-to\/#breadcrumb"},"inLanguage":"en-US","potentialAction":[{"@type":"ReadAction","target":["https:\/\/aem.hr\/beskucnici-nevidljivi-ljudi-od-kojih-okrecemo-glavu-deklasirani-i-zaboravljeni-promijenimo-to\/"]}]},{"@type":"BreadcrumbList","@id":"https:\/\/aem.hr\/beskucnici-nevidljivi-ljudi-od-kojih-okrecemo-glavu-deklasirani-i-zaboravljeni-promijenimo-to\/#breadcrumb","itemListElement":[{"@type":"ListItem","position":1,"name":"Po\u010detna stranica","item":"https:\/\/aem.hr\/"},{"@type":"ListItem","position":2,"name":"Besku\u0107nici-nevidljivi ljudi od kojih okre\u0107emo glavu, deklasirani i zaboravljeni. Promijenimo to!"}]},{"@type":"WebSite","@id":"https:\/\/aem.hr\/#website","url":"https:\/\/aem.hr\/","name":"Agencija za elektroni\u010dke medije","description":"","potentialAction":[{"@type":"SearchAction","target":{"@type":"EntryPoint","urlTemplate":"https:\/\/aem.hr\/?s={search_term_string}"},"query-input":{"@type":"PropertyValueSpecification","valueRequired":true,"valueName":"search_term_string"}}],"inLanguage":"en-US"}]}},"coauthors":[],"author_meta":{"author_link":"https:\/\/aem.hr\/en\/blog\/author\/mkirac\/","display_name":"Matko Kirac"},"relative_dates":{"created":"Posted 5 years ago","modified":"Updated 3 years ago"},"absolute_dates":{"created":"Posted on 7. October 2021.","modified":"Updated on 14. November 2022."},"absolute_dates_time":{"created":"Posted on 7. October 2021. 13:42","modified":"Updated on 14. November 2022. 13:35"},"featured_img_caption":"","featured_img":false,"series_order":"","_links":{"self":[{"href":"https:\/\/aem.hr\/en\/wp-json\/wp\/v2\/pages\/10350","targetHints":{"allow":["GET"]}}],"collection":[{"href":"https:\/\/aem.hr\/en\/wp-json\/wp\/v2\/pages"}],"about":[{"href":"https:\/\/aem.hr\/en\/wp-json\/wp\/v2\/types\/page"}],"author":[{"embeddable":true,"href":"https:\/\/aem.hr\/en\/wp-json\/wp\/v2\/users\/18"}],"replies":[{"embeddable":true,"href":"https:\/\/aem.hr\/en\/wp-json\/wp\/v2\/comments?post=10350"}],"version-history":[{"count":2,"href":"https:\/\/aem.hr\/en\/wp-json\/wp\/v2\/pages\/10350\/revisions"}],"predecessor-version":[{"id":13645,"href":"https:\/\/aem.hr\/en\/wp-json\/wp\/v2\/pages\/10350\/revisions\/13645"}],"wp:attachment":[{"href":"https:\/\/aem.hr\/en\/wp-json\/wp\/v2\/media?parent=10350"}],"curies":[{"name":"wp","href":"https:\/\/api.w.org\/{rel}","templated":true}]}}