{"id":10375,"date":"2021-10-07T14:01:10","date_gmt":"2021-10-07T12:01:10","guid":{"rendered":"http:\/\/aem.hr\/?page_id=10375"},"modified":"2022-11-14T13:44:35","modified_gmt":"2022-11-14T12:44:35","slug":"ranjive-skupine-korak-po-korak","status":"publish","type":"page","link":"https:\/\/aem.hr\/en\/ranjive-skupine-korak-po-korak\/","title":{"rendered":"RANJIVE SKUPINE \u2013 \u201eKORAK PO KORAK\u201d"},"content":{"rendered":"\n<div class=\"wp-block-file advgb-dyn-358a0d36\"><a id=\"wp-block-file--media-cd5957f5-17c4-43c4-8ded-115ee31fbf49\" href=\"https:\/\/aem.hr\/wp-content\/uploads\/2021\/10\/1.-Covjek-MS-om.pdf\">1. \u201e\u010cOVJEK S MS-OM U SVIJETU GLAZBE\u201d<\/a><a href=\"https:\/\/aem.hr\/wp-content\/uploads\/2021\/10\/1.-Covjek-MS-om.pdf\" class=\"wp-block-file__button wp-element-button\" download aria-describedby=\"wp-block-file--media-cd5957f5-17c4-43c4-8ded-115ee31fbf49\"> Preuzimanje <\/a><\/div>\n\n\n\n<div class=\"wp-block-file advgb-dyn-78c42e69\"><a id=\"wp-block-file--media-186de054-7681-4ff6-8668-714422934c41\" href=\"https:\/\/aem.hr\/wp-content\/uploads\/2021\/10\/2.-Lijecnici-su-govorili.pdf\">2. \u201eLIJE\u010cNICI SU GOVORILI O INVALIDSKIM KOLICIMA, ON JE DOKAZAO SASVIM SUPROTNO\u201d<\/a><a href=\"https:\/\/aem.hr\/wp-content\/uploads\/2021\/10\/2.-Lijecnici-su-govorili.pdf\" class=\"wp-block-file__button wp-element-button\" download aria-describedby=\"wp-block-file--media-186de054-7681-4ff6-8668-714422934c41\"> Preuzimanje <\/a><\/div>\n\n\n\n<div class=\"wp-block-file advgb-dyn-5d98dd32\"><a id=\"wp-block-file--media-57575038-5948-46b8-9d2e-8a5281a0bf0d\" href=\"https:\/\/aem.hr\/wp-content\/uploads\/2021\/10\/3.-Dr.-Marica-Topic.pdf\">3. \u201eDr. Marica Topi\u0107 \u2013 Dokica, heroina Domovinskog rata, ali i poslije njega\u201d<\/a><a href=\"https:\/\/aem.hr\/wp-content\/uploads\/2021\/10\/3.-Dr.-Marica-Topic.pdf\" class=\"wp-block-file__button wp-element-button\" download aria-describedby=\"wp-block-file--media-57575038-5948-46b8-9d2e-8a5281a0bf0d\"> Preuzimanje <\/a><\/div>\n\n\n\n<div class=\"wp-block-file advgb-dyn-0321590d\"><a id=\"wp-block-file--media-bef97256-c9b1-46b6-b050-b2bca196d611\" href=\"https:\/\/aem.hr\/wp-content\/uploads\/2021\/10\/4.-Vanja-borac-za-zivot.pdf\">4. \u201eVANJA, BORAC ZA \u017dIVOT\u201d<\/a><a href=\"https:\/\/aem.hr\/wp-content\/uploads\/2021\/10\/4.-Vanja-borac-za-zivot.pdf\" class=\"wp-block-file__button wp-element-button\" download aria-describedby=\"wp-block-file--media-bef97256-c9b1-46b6-b050-b2bca196d611\">Preuzimanje<\/a><\/div>\n\n\n\n<div class=\"wp-block-file advgb-dyn-76e21c08\"><a id=\"wp-block-file--media-419c6466-901f-4b39-bdef-7b03c7227fdb\" href=\"https:\/\/aem.hr\/wp-content\/uploads\/2021\/10\/5.-Ema-Bevanda.pdf\">5. \u201eEMA BEVANDA (16) \u2013 mat u dva poteza i pobjeda u jednom potezu\u201d<\/a><a href=\"https:\/\/aem.hr\/wp-content\/uploads\/2021\/10\/5.-Ema-Bevanda.pdf\" class=\"wp-block-file__button wp-element-button\" download aria-describedby=\"wp-block-file--media-419c6466-901f-4b39-bdef-7b03c7227fdb\"> Preuzimanje <\/a><\/div>\n\n\n\n<div class=\"wp-block-file advgb-dyn-fd0462e9\"><a id=\"wp-block-file--media-606d0000-1da8-4317-9a1a-c21216dcb1d7\" href=\"https:\/\/aem.hr\/wp-content\/uploads\/2021\/10\/6.-Marija-Marica-Hasan.pdf\">6. \u201eMARIJA MARICA HASAN \u2013 \u017dIVOT I DJELO JEDNE PE\u0160\u010cANKE\u201d<\/a><a href=\"https:\/\/aem.hr\/wp-content\/uploads\/2021\/10\/6.-Marija-Marica-Hasan.pdf\" class=\"wp-block-file__button wp-element-button\" download aria-describedby=\"wp-block-file--media-606d0000-1da8-4317-9a1a-c21216dcb1d7\"> Preuzimanje <\/a><\/div>\n\n\n\n<p><\/p>\n","protected":false},"excerpt":{"rendered":"","protected":false},"author":18,"featured_media":0,"parent":0,"menu_order":0,"comment_status":"closed","ping_status":"closed","template":"","meta":{"_acf_changed":false,"inline_featured_image":false,"advgb_blocks_editor_width":"","advgb_blocks_columns_visual_guide":"","_links_to":"","_links_to_type":0,"footnotes":""},"class_list":["post-10375","page","type-page","status-publish","hentry"],"acf":[],"yoast_head":"<!-- This site is optimized with the Yoast SEO plugin v25.7 - https:\/\/yoast.com\/wordpress\/plugins\/seo\/ -->\n<title>RANJIVE SKUPINE \u2013 \u201eKORAK PO KORAK\u201d - Agencija za elektroni\u010dke medije<\/title>\n<meta name=\"robots\" content=\"index, follow, max-snippet:-1, max-image-preview:large, max-video-preview:-1\" \/>\n<link rel=\"canonical\" href=\"https:\/\/aem.hr\/ranjive-skupine-korak-po-korak\/\" \/>\n<meta property=\"og:locale\" content=\"en_US\" \/>\n<meta property=\"og:type\" content=\"article\" \/>\n<meta property=\"og:title\" content=\"RANJIVE SKUPINE \u2013 \u201eKORAK PO KORAK\u201d - Agencija za elektroni\u010dke medije\" \/>\n<meta property=\"og:url\" content=\"https:\/\/aem.hr\/ranjive-skupine-korak-po-korak\/\" \/>\n<meta property=\"og:site_name\" content=\"Agencija za elektroni\u010dke medije\" \/>\n<meta property=\"article:modified_time\" content=\"2022-11-14T12:44:35+00:00\" \/>\n<meta name=\"twitter:card\" content=\"summary_large_image\" \/>\n<meta name=\"twitter:label1\" content=\"Est. reading time\" \/>\n\t<meta name=\"twitter:data1\" content=\"1 minute\" \/>\n<script type=\"application\/ld+json\" class=\"yoast-schema-graph\">{\"@context\":\"https:\/\/schema.org\",\"@graph\":[{\"@type\":\"WebPage\",\"@id\":\"https:\/\/aem.hr\/ranjive-skupine-korak-po-korak\/\",\"url\":\"https:\/\/aem.hr\/ranjive-skupine-korak-po-korak\/\",\"name\":\"RANJIVE SKUPINE \u2013 \u201eKORAK PO KORAK\u201d - Agencija za elektroni\u010dke medije\",\"isPartOf\":{\"@id\":\"https:\/\/aem.hr\/#website\"},\"datePublished\":\"2021-10-07T12:01:10+00:00\",\"dateModified\":\"2022-11-14T12:44:35+00:00\",\"breadcrumb\":{\"@id\":\"https:\/\/aem.hr\/ranjive-skupine-korak-po-korak\/#breadcrumb\"},\"inLanguage\":\"en-US\",\"potentialAction\":[{\"@type\":\"ReadAction\",\"target\":[\"https:\/\/aem.hr\/ranjive-skupine-korak-po-korak\/\"]}]},{\"@type\":\"BreadcrumbList\",\"@id\":\"https:\/\/aem.hr\/ranjive-skupine-korak-po-korak\/#breadcrumb\",\"itemListElement\":[{\"@type\":\"ListItem\",\"position\":1,\"name\":\"Po\u010detna stranica\",\"item\":\"https:\/\/aem.hr\/\"},{\"@type\":\"ListItem\",\"position\":2,\"name\":\"RANJIVE SKUPINE \u2013 \u201eKORAK PO KORAK\u201d\"}]},{\"@type\":\"WebSite\",\"@id\":\"https:\/\/aem.hr\/#website\",\"url\":\"https:\/\/aem.hr\/\",\"name\":\"Agencija za elektroni\u010dke medije\",\"description\":\"\",\"potentialAction\":[{\"@type\":\"SearchAction\",\"target\":{\"@type\":\"EntryPoint\",\"urlTemplate\":\"https:\/\/aem.hr\/?s={search_term_string}\"},\"query-input\":{\"@type\":\"PropertyValueSpecification\",\"valueRequired\":true,\"valueName\":\"search_term_string\"}}],\"inLanguage\":\"en-US\"}]}<\/script>\n<!-- \/ Yoast SEO plugin. -->","yoast_head_json":{"title":"RANJIVE SKUPINE \u2013 \u201eKORAK PO KORAK\u201d - Agencija za elektroni\u010dke medije","robots":{"index":"index","follow":"follow","max-snippet":"max-snippet:-1","max-image-preview":"max-image-preview:large","max-video-preview":"max-video-preview:-1"},"canonical":"https:\/\/aem.hr\/ranjive-skupine-korak-po-korak\/","og_locale":"en_US","og_type":"article","og_title":"RANJIVE SKUPINE \u2013 \u201eKORAK PO KORAK\u201d - Agencija za elektroni\u010dke medije","og_url":"https:\/\/aem.hr\/ranjive-skupine-korak-po-korak\/","og_site_name":"Agencija za elektroni\u010dke medije","article_modified_time":"2022-11-14T12:44:35+00:00","twitter_card":"summary_large_image","twitter_misc":{"Est. reading time":"1 minute"},"schema":{"@context":"https:\/\/schema.org","@graph":[{"@type":"WebPage","@id":"https:\/\/aem.hr\/ranjive-skupine-korak-po-korak\/","url":"https:\/\/aem.hr\/ranjive-skupine-korak-po-korak\/","name":"RANJIVE SKUPINE \u2013 \u201eKORAK PO KORAK\u201d - Agencija za elektroni\u010dke medije","isPartOf":{"@id":"https:\/\/aem.hr\/#website"},"datePublished":"2021-10-07T12:01:10+00:00","dateModified":"2022-11-14T12:44:35+00:00","breadcrumb":{"@id":"https:\/\/aem.hr\/ranjive-skupine-korak-po-korak\/#breadcrumb"},"inLanguage":"en-US","potentialAction":[{"@type":"ReadAction","target":["https:\/\/aem.hr\/ranjive-skupine-korak-po-korak\/"]}]},{"@type":"BreadcrumbList","@id":"https:\/\/aem.hr\/ranjive-skupine-korak-po-korak\/#breadcrumb","itemListElement":[{"@type":"ListItem","position":1,"name":"Po\u010detna stranica","item":"https:\/\/aem.hr\/"},{"@type":"ListItem","position":2,"name":"RANJIVE SKUPINE \u2013 \u201eKORAK PO KORAK\u201d"}]},{"@type":"WebSite","@id":"https:\/\/aem.hr\/#website","url":"https:\/\/aem.hr\/","name":"Agencija za elektroni\u010dke medije","description":"","potentialAction":[{"@type":"SearchAction","target":{"@type":"EntryPoint","urlTemplate":"https:\/\/aem.hr\/?s={search_term_string}"},"query-input":{"@type":"PropertyValueSpecification","valueRequired":true,"valueName":"search_term_string"}}],"inLanguage":"en-US"}]}},"coauthors":[],"author_meta":{"author_link":"https:\/\/aem.hr\/en\/blog\/author\/mkirac\/","display_name":"Matko Kirac"},"relative_dates":{"created":"Posted 5 years ago","modified":"Updated 3 years ago"},"absolute_dates":{"created":"Posted on 7. October 2021.","modified":"Updated on 14. November 2022."},"absolute_dates_time":{"created":"Posted on 7. October 2021. 14:01","modified":"Updated on 14. November 2022. 13:44"},"featured_img_caption":"","featured_img":false,"series_order":"","_links":{"self":[{"href":"https:\/\/aem.hr\/en\/wp-json\/wp\/v2\/pages\/10375","targetHints":{"allow":["GET"]}}],"collection":[{"href":"https:\/\/aem.hr\/en\/wp-json\/wp\/v2\/pages"}],"about":[{"href":"https:\/\/aem.hr\/en\/wp-json\/wp\/v2\/types\/page"}],"author":[{"embeddable":true,"href":"https:\/\/aem.hr\/en\/wp-json\/wp\/v2\/users\/18"}],"replies":[{"embeddable":true,"href":"https:\/\/aem.hr\/en\/wp-json\/wp\/v2\/comments?post=10375"}],"version-history":[{"count":4,"href":"https:\/\/aem.hr\/en\/wp-json\/wp\/v2\/pages\/10375\/revisions"}],"predecessor-version":[{"id":13652,"href":"https:\/\/aem.hr\/en\/wp-json\/wp\/v2\/pages\/10375\/revisions\/13652"}],"wp:attachment":[{"href":"https:\/\/aem.hr\/en\/wp-json\/wp\/v2\/media?parent=10375"}],"curies":[{"name":"wp","href":"https:\/\/api.w.org\/{rel}","templated":true}]}}