{"id":10391,"date":"2021-10-07T14:14:30","date_gmt":"2021-10-07T12:14:30","guid":{"rendered":"http:\/\/aem.hr\/?page_id=10391"},"modified":"2022-11-14T13:14:46","modified_gmt":"2022-11-14T12:14:46","slug":"obrazovanje-na-vukovarski-nacin","status":"publish","type":"page","link":"https:\/\/aem.hr\/en\/obrazovanje-na-vukovarski-nacin\/","title":{"rendered":"Obrazovanje na &#8220;vukovarski&#8221; na\u010din"},"content":{"rendered":"\n<div class=\"wp-block-file advgb-dyn-861b9aa3\"><a id=\"wp-block-file--media-d6e62dd6-1b91-47df-b71c-fe0dd1486b7a\" href=\"https:\/\/aem.hr\/wp-content\/uploads\/2021\/10\/1.-U-Hrvatskoj-postoje-3-modela.pdf\">1. U Hrvatskoj postoje tri modela nastave za pripadnike nacionalnih manjina. Roditelji odre\u0111uju koji Model nastave za svoje dijete \u017eele, a gleda se i na brojnost, organiziranost i potrebe zajednice<\/a><a href=\"https:\/\/aem.hr\/wp-content\/uploads\/2021\/10\/1.-U-Hrvatskoj-postoje-3-modela.pdf\" class=\"wp-block-file__button wp-element-button\" download aria-describedby=\"wp-block-file--media-d6e62dd6-1b91-47df-b71c-fe0dd1486b7a\"> Preuzimanje <\/a><\/div>\n\n\n\n<div class=\"wp-block-file advgb-dyn-c0f691d6\"><a id=\"wp-block-file--media-738ff1ae-2355-42a9-8100-e54e44469025\" href=\"https:\/\/aem.hr\/wp-content\/uploads\/2021\/10\/2.-Srdan-Jeremic_-Kada-je-rijec.pdf\">2. Sr\u0111an Jeremi\u0107: Kada je rije\u010d o obrazovanju u\u010denika srpske manjine u javnosti je puno neto\u010dnih informacija ili polu informacija<\/a><a href=\"https:\/\/aem.hr\/wp-content\/uploads\/2021\/10\/2.-Srdan-Jeremic_-Kada-je-rijec.pdf\" class=\"wp-block-file__button wp-element-button\" download aria-describedby=\"wp-block-file--media-738ff1ae-2355-42a9-8100-e54e44469025\"> Preuzimanje <\/a><\/div>\n\n\n\n<div class=\"wp-block-file advgb-dyn-81cf8edc\"><a id=\"wp-block-file--media-3b90f6ab-a6db-48b4-8e55-1114e021fa8f\" href=\"https:\/\/aem.hr\/wp-content\/uploads\/2021\/10\/3.-OCEKIVANO_-Vukovarci-podijeljeni.pdf\">3. O\u010cEKIVANO: Vukovarci podijeljeni oko ideje o zajedni\u010dkim razredima u osnovnim i srednjim \u0161kolama<\/a><a href=\"https:\/\/aem.hr\/wp-content\/uploads\/2021\/10\/3.-OCEKIVANO_-Vukovarci-podijeljeni.pdf\" class=\"wp-block-file__button wp-element-button\" download aria-describedby=\"wp-block-file--media-3b90f6ab-a6db-48b4-8e55-1114e021fa8f\"> Preuzimanje <\/a><\/div>\n\n\n\n<div class=\"wp-block-file advgb-dyn-26ec6e73\"><a id=\"wp-block-file--media-56f4a2a4-38d7-44c7-8e67-9ee2cfd01399\" href=\"https:\/\/aem.hr\/wp-content\/uploads\/2021\/10\/4.-Rad-vrtica-odvija-se.pdf\">4. Latinovi\u0107: Rad vrti\u0107a odvija se prema pravilnicima i zakonima<\/a><a href=\"https:\/\/aem.hr\/wp-content\/uploads\/2021\/10\/4.-Rad-vrtica-odvija-se.pdf\" class=\"wp-block-file__button wp-element-button\" download aria-describedby=\"wp-block-file--media-56f4a2a4-38d7-44c7-8e67-9ee2cfd01399\"> Preuzimanje <\/a><\/div>\n\n\n\n<div class=\"wp-block-file advgb-dyn-9aa812dd\"><a id=\"wp-block-file--media-55e600c0-2efc-4b2e-a92c-351eac2336b1\" href=\"https:\/\/aem.hr\/wp-content\/uploads\/2021\/10\/5.-Vukovarski-roditelji-o-Penavinoj-ideji.pdf\">5. Vukovarski roditelji o Penavinoj ideji o zajedni\u010dkim razredima u osnovnim i srednjim \u0161kolama<\/a><a href=\"https:\/\/aem.hr\/wp-content\/uploads\/2021\/10\/5.-Vukovarski-roditelji-o-Penavinoj-ideji.pdf\" class=\"wp-block-file__button wp-element-button\" download aria-describedby=\"wp-block-file--media-55e600c0-2efc-4b2e-a92c-351eac2336b1\"> Preuzimanje <\/a><\/div>\n\n\n\n<div class=\"wp-block-file advgb-dyn-f67f41a2\"><a id=\"wp-block-file--media-1ef61c08-8f01-4a21-8462-aafd1cc7b833\" href=\"https:\/\/aem.hr\/wp-content\/uploads\/2021\/10\/6.-Kako-se-u-osnovnim-i-srednjim-skolama.pdf\">6. Kako se u osnovnim i srednjim \u0161kolama u Vukovaru odvija nastava za u\u010denike srpske nacionalne manjine?<\/a><a href=\"https:\/\/aem.hr\/wp-content\/uploads\/2021\/10\/6.-Kako-se-u-osnovnim-i-srednjim-skolama.pdf\" class=\"wp-block-file__button wp-element-button\" download aria-describedby=\"wp-block-file--media-1ef61c08-8f01-4a21-8462-aafd1cc7b833\"> Preuzimanje <\/a><\/div>\n\n\n\n<div class=\"wp-block-file advgb-dyn-8f6fc9c9\"><a id=\"wp-block-file--media-ba4636e0-e253-4c0e-80d3-f88282599917\" href=\"https:\/\/aem.hr\/wp-content\/uploads\/2021\/10\/7.-Na-Veleucilistu-Lavoslav-Ruzicka.pdf\">7. Na Veleu\u010dili\u0161tu Lavoslav Ru\u017ei\u010dka nema odvajana po nacionalnosti. Nema odvojenih razreda, smjena kao niti bilo kakvih incidenata<\/a><a href=\"https:\/\/aem.hr\/wp-content\/uploads\/2021\/10\/7.-Na-Veleucilistu-Lavoslav-Ruzicka.pdf\" class=\"wp-block-file__button wp-element-button\" download aria-describedby=\"wp-block-file--media-ba4636e0-e253-4c0e-80d3-f88282599917\"> Preuzimanje <\/a><\/div>\n\n\n\n<div class=\"wp-block-file advgb-dyn-f17fb5ab\"><a id=\"wp-block-file--media-3854cd6b-d7d7-49d8-bb5e-fe22f5546b58\" href=\"https:\/\/aem.hr\/wp-content\/uploads\/2021\/10\/8.-Interkulturalna-skola-Dunav.pdf\">8. Interkulturalna \u0161kola Dunav \u2013 projekt koji je od strane politike od po\u010detka bio osu\u0111en na propast<\/a><a href=\"https:\/\/aem.hr\/wp-content\/uploads\/2021\/10\/8.-Interkulturalna-skola-Dunav.pdf\" class=\"wp-block-file__button wp-element-button\" download aria-describedby=\"wp-block-file--media-3854cd6b-d7d7-49d8-bb5e-fe22f5546b58\">Preuzimanje<\/a><\/div>\n\n\n\n<div class=\"wp-block-file advgb-dyn-8abfffab\"><a id=\"wp-block-file--media-31cd43e1-ff13-44ba-9c36-f56ba20baf7b\" href=\"https:\/\/aem.hr\/wp-content\/uploads\/2021\/10\/9.-Razbijanje-predrasuda.pdf\">9. Razbijanje predrasuda. I u\u010denici koji nastavu poha\u0111aju na hrvatskom jeziku i latini\u010dnom pismu i oni na srpskom jeziku i \u0107irili\u010dnom pismu u\u010de istu povijest i iz istih ud\u017ebenika<\/a><a href=\"https:\/\/aem.hr\/wp-content\/uploads\/2021\/10\/9.-Razbijanje-predrasuda.pdf\" class=\"wp-block-file__button wp-element-button\" download aria-describedby=\"wp-block-file--media-31cd43e1-ff13-44ba-9c36-f56ba20baf7b\"> Preuzimanje <\/a><\/div>\n\n\n\n<div class=\"wp-block-file advgb-dyn-73d5c0d1\"><a id=\"wp-block-file--media-d0597c7a-0bad-4842-96db-f120abf3c074\" href=\"https:\/\/aem.hr\/wp-content\/uploads\/2021\/10\/10.-Politicari-o-najavi-Ivana-Penave.pdf\">10. Politi\u010dari o najavi Ivana Penave da \u0107e raditi na tome da djeca zajedno sjede u razredima. Jedni su sna\u017eno za dok se drugi isto tako sna\u017eno protive tome<\/a><a href=\"https:\/\/aem.hr\/wp-content\/uploads\/2021\/10\/10.-Politicari-o-najavi-Ivana-Penave.pdf\" class=\"wp-block-file__button wp-element-button\" download aria-describedby=\"wp-block-file--media-d0597c7a-0bad-4842-96db-f120abf3c074\"> Preuzimanje <\/a><\/div>\n\n\n\n<p><\/p>\n","protected":false},"excerpt":{"rendered":"","protected":false},"author":18,"featured_media":0,"parent":0,"menu_order":0,"comment_status":"closed","ping_status":"closed","template":"","meta":{"_acf_changed":false,"inline_featured_image":false,"advgb_blocks_editor_width":"","advgb_blocks_columns_visual_guide":"","_links_to":"","_links_to_type":0,"footnotes":""},"class_list":["post-10391","page","type-page","status-publish","hentry"],"acf":[],"yoast_head":"<!-- This site is optimized with the Yoast SEO plugin v25.7 - https:\/\/yoast.com\/wordpress\/plugins\/seo\/ -->\n<title>Obrazovanje na &quot;vukovarski&quot; na\u010din - Agencija za elektroni\u010dke medije<\/title>\n<meta name=\"robots\" content=\"index, follow, max-snippet:-1, max-image-preview:large, max-video-preview:-1\" \/>\n<link rel=\"canonical\" href=\"https:\/\/aem.hr\/obrazovanje-na-vukovarski-nacin\/\" \/>\n<meta property=\"og:locale\" content=\"en_US\" \/>\n<meta property=\"og:type\" content=\"article\" \/>\n<meta property=\"og:title\" content=\"Obrazovanje na &quot;vukovarski&quot; na\u010din - Agencija za elektroni\u010dke medije\" \/>\n<meta property=\"og:url\" content=\"https:\/\/aem.hr\/obrazovanje-na-vukovarski-nacin\/\" \/>\n<meta property=\"og:site_name\" content=\"Agencija za elektroni\u010dke medije\" \/>\n<meta property=\"article:modified_time\" content=\"2022-11-14T12:14:46+00:00\" \/>\n<meta name=\"twitter:card\" content=\"summary_large_image\" \/>\n<meta name=\"twitter:label1\" content=\"Est. reading time\" \/>\n\t<meta name=\"twitter:data1\" content=\"2 minutes\" \/>\n<script type=\"application\/ld+json\" class=\"yoast-schema-graph\">{\"@context\":\"https:\/\/schema.org\",\"@graph\":[{\"@type\":\"WebPage\",\"@id\":\"https:\/\/aem.hr\/obrazovanje-na-vukovarski-nacin\/\",\"url\":\"https:\/\/aem.hr\/obrazovanje-na-vukovarski-nacin\/\",\"name\":\"Obrazovanje na \\\"vukovarski\\\" na\u010din - Agencija za elektroni\u010dke medije\",\"isPartOf\":{\"@id\":\"https:\/\/aem.hr\/#website\"},\"datePublished\":\"2021-10-07T12:14:30+00:00\",\"dateModified\":\"2022-11-14T12:14:46+00:00\",\"breadcrumb\":{\"@id\":\"https:\/\/aem.hr\/obrazovanje-na-vukovarski-nacin\/#breadcrumb\"},\"inLanguage\":\"en-US\",\"potentialAction\":[{\"@type\":\"ReadAction\",\"target\":[\"https:\/\/aem.hr\/obrazovanje-na-vukovarski-nacin\/\"]}]},{\"@type\":\"BreadcrumbList\",\"@id\":\"https:\/\/aem.hr\/obrazovanje-na-vukovarski-nacin\/#breadcrumb\",\"itemListElement\":[{\"@type\":\"ListItem\",\"position\":1,\"name\":\"Po\u010detna stranica\",\"item\":\"https:\/\/aem.hr\/\"},{\"@type\":\"ListItem\",\"position\":2,\"name\":\"Obrazovanje na &#8220;vukovarski&#8221; na\u010din\"}]},{\"@type\":\"WebSite\",\"@id\":\"https:\/\/aem.hr\/#website\",\"url\":\"https:\/\/aem.hr\/\",\"name\":\"Agencija za elektroni\u010dke medije\",\"description\":\"\",\"potentialAction\":[{\"@type\":\"SearchAction\",\"target\":{\"@type\":\"EntryPoint\",\"urlTemplate\":\"https:\/\/aem.hr\/?s={search_term_string}\"},\"query-input\":{\"@type\":\"PropertyValueSpecification\",\"valueRequired\":true,\"valueName\":\"search_term_string\"}}],\"inLanguage\":\"en-US\"}]}<\/script>\n<!-- \/ Yoast SEO plugin. -->","yoast_head_json":{"title":"Obrazovanje na \"vukovarski\" na\u010din - Agencija za elektroni\u010dke medije","robots":{"index":"index","follow":"follow","max-snippet":"max-snippet:-1","max-image-preview":"max-image-preview:large","max-video-preview":"max-video-preview:-1"},"canonical":"https:\/\/aem.hr\/obrazovanje-na-vukovarski-nacin\/","og_locale":"en_US","og_type":"article","og_title":"Obrazovanje na \"vukovarski\" na\u010din - Agencija za elektroni\u010dke medije","og_url":"https:\/\/aem.hr\/obrazovanje-na-vukovarski-nacin\/","og_site_name":"Agencija za elektroni\u010dke medije","article_modified_time":"2022-11-14T12:14:46+00:00","twitter_card":"summary_large_image","twitter_misc":{"Est. reading time":"2 minutes"},"schema":{"@context":"https:\/\/schema.org","@graph":[{"@type":"WebPage","@id":"https:\/\/aem.hr\/obrazovanje-na-vukovarski-nacin\/","url":"https:\/\/aem.hr\/obrazovanje-na-vukovarski-nacin\/","name":"Obrazovanje na \"vukovarski\" na\u010din - Agencija za elektroni\u010dke medije","isPartOf":{"@id":"https:\/\/aem.hr\/#website"},"datePublished":"2021-10-07T12:14:30+00:00","dateModified":"2022-11-14T12:14:46+00:00","breadcrumb":{"@id":"https:\/\/aem.hr\/obrazovanje-na-vukovarski-nacin\/#breadcrumb"},"inLanguage":"en-US","potentialAction":[{"@type":"ReadAction","target":["https:\/\/aem.hr\/obrazovanje-na-vukovarski-nacin\/"]}]},{"@type":"BreadcrumbList","@id":"https:\/\/aem.hr\/obrazovanje-na-vukovarski-nacin\/#breadcrumb","itemListElement":[{"@type":"ListItem","position":1,"name":"Po\u010detna stranica","item":"https:\/\/aem.hr\/"},{"@type":"ListItem","position":2,"name":"Obrazovanje na &#8220;vukovarski&#8221; na\u010din"}]},{"@type":"WebSite","@id":"https:\/\/aem.hr\/#website","url":"https:\/\/aem.hr\/","name":"Agencija za elektroni\u010dke medije","description":"","potentialAction":[{"@type":"SearchAction","target":{"@type":"EntryPoint","urlTemplate":"https:\/\/aem.hr\/?s={search_term_string}"},"query-input":{"@type":"PropertyValueSpecification","valueRequired":true,"valueName":"search_term_string"}}],"inLanguage":"en-US"}]}},"coauthors":[],"author_meta":{"author_link":"https:\/\/aem.hr\/en\/blog\/author\/mkirac\/","display_name":"Matko Kirac"},"relative_dates":{"created":"Posted 5 years ago","modified":"Updated 3 years ago"},"absolute_dates":{"created":"Posted on 7. October 2021.","modified":"Updated on 14. November 2022."},"absolute_dates_time":{"created":"Posted on 7. October 2021. 14:14","modified":"Updated on 14. November 2022. 13:14"},"featured_img_caption":"","featured_img":false,"series_order":"","_links":{"self":[{"href":"https:\/\/aem.hr\/en\/wp-json\/wp\/v2\/pages\/10391","targetHints":{"allow":["GET"]}}],"collection":[{"href":"https:\/\/aem.hr\/en\/wp-json\/wp\/v2\/pages"}],"about":[{"href":"https:\/\/aem.hr\/en\/wp-json\/wp\/v2\/types\/page"}],"author":[{"embeddable":true,"href":"https:\/\/aem.hr\/en\/wp-json\/wp\/v2\/users\/18"}],"replies":[{"embeddable":true,"href":"https:\/\/aem.hr\/en\/wp-json\/wp\/v2\/comments?post=10391"}],"version-history":[{"count":2,"href":"https:\/\/aem.hr\/en\/wp-json\/wp\/v2\/pages\/10391\/revisions"}],"predecessor-version":[{"id":13637,"href":"https:\/\/aem.hr\/en\/wp-json\/wp\/v2\/pages\/10391\/revisions\/13637"}],"wp:attachment":[{"href":"https:\/\/aem.hr\/en\/wp-json\/wp\/v2\/media?parent=10391"}],"curies":[{"name":"wp","href":"https:\/\/api.w.org\/{rel}","templated":true}]}}