{"id":10483,"date":"2021-10-19T13:07:54","date_gmt":"2021-10-19T11:07:54","guid":{"rendered":"http:\/\/aem.hr\/?page_id=10483"},"modified":"2021-10-19T13:09:57","modified_gmt":"2021-10-19T11:09:57","slug":"nove-spoznaje-i-pristupi-u-lijecenju-raka","status":"publish","type":"page","link":"https:\/\/aem.hr\/en\/nove-spoznaje-i-pristupi-u-lijecenju-raka\/","title":{"rendered":"&#8220;Nove spoznaje i pristupi u lije\u010denju raka&#8221;"},"content":{"rendered":"\n<div class=\"wp-block-file\"><a href=\"https:\/\/aem.hr\/wp-content\/uploads\/2021\/10\/1.-Maligna-bolest-pocinje-s-cetiri-ili-pet-temeljnih-mutacija-na-genima-Nismo-Same.pdf\">1. Maligna bolest po\u010dinje s \u010detiri ili pet temeljnih mutacija na genima<\/a><a href=\"https:\/\/aem.hr\/wp-content\/uploads\/2021\/10\/1.-Maligna-bolest-pocinje-s-cetiri-ili-pet-temeljnih-mutacija-na-genima-Nismo-Same.pdf\" class=\"wp-block-file__button\" download> Preuzimanje<\/a><\/div>\n\n\n\n<div class=\"wp-block-file\"><a href=\"https:\/\/aem.hr\/wp-content\/uploads\/2021\/10\/2.-Paola-Kucan-Brlic-Imunoloski-sustav-pamti-.pdf\">2. Paola Ku\u010dan Brli\u0107: Imunolo\u0161ki sustav pamti i mo\u017ee ga se nau\u010diti da napadne tumorske stanice<\/a><a href=\"https:\/\/aem.hr\/wp-content\/uploads\/2021\/10\/2.-Paola-Kucan-Brlic-Imunoloski-sustav-pamti-.pdf\" class=\"wp-block-file__button\" download> Preuzimanje<\/a><\/div>\n\n\n\n<div class=\"wp-block-file\"><a href=\"https:\/\/aem.hr\/wp-content\/uploads\/2021\/10\/3.-Samo-je-pitanje-vremena-kada-cemo-tumore-lijeciti-cjepivima-Nismo-Same.pdf\">3. Samo je pitanje vremena kada \u0107emo tumore lije\u010diti cjepivima<\/a><a href=\"https:\/\/aem.hr\/wp-content\/uploads\/2021\/10\/3.-Samo-je-pitanje-vremena-kada-cemo-tumore-lijeciti-cjepivima-Nismo-Same.pdf\" class=\"wp-block-file__button\" download>Preuzimanje<\/a><\/div>\n\n\n\n<div class=\"wp-block-file\"><a href=\"https:\/\/aem.hr\/wp-content\/uploads\/2021\/10\/4.-Na-pomolu-je-CRISPR-Cas9-revolucija-u-lijecenju-raka-_-Nismo-Same.pdf\">4. Na pomolu je CRISPR-Cas9 revolucija u lije\u010denju raka<\/a><a href=\"https:\/\/aem.hr\/wp-content\/uploads\/2021\/10\/4.-Na-pomolu-je-CRISPR-Cas9-revolucija-u-lijecenju-raka-_-Nismo-Same.pdf\" class=\"wp-block-file__button\" download> Preuzimanje<\/a><\/div>\n\n\n\n<div class=\"wp-block-file\"><a href=\"https:\/\/aem.hr\/wp-content\/uploads\/2021\/10\/5.-Mikrobiom-zaboravljeni-ljudski-organ-brani-nas-i-od-malignih-bolesti-Nismo-Same.pdf\">5. Mikrobiom, zaboravljeni ljudski organ, brani nas i od malignih bolesti<\/a><a href=\"https:\/\/aem.hr\/wp-content\/uploads\/2021\/10\/5.-Mikrobiom-zaboravljeni-ljudski-organ-brani-nas-i-od-malignih-bolesti-Nismo-Same.pdf\" class=\"wp-block-file__button\" download> Preuzimanje<\/a><\/div>\n\n\n\n<p><\/p>\n","protected":false},"excerpt":{"rendered":"","protected":false},"author":18,"featured_media":0,"parent":0,"menu_order":0,"comment_status":"closed","ping_status":"closed","template":"","meta":{"_acf_changed":false,"inline_featured_image":false,"advgb_blocks_editor_width":"","advgb_blocks_columns_visual_guide":"","_links_to":"","_links_to_type":0,"footnotes":""},"class_list":["post-10483","page","type-page","status-publish","hentry"],"acf":[],"yoast_head":"<!-- This site is optimized with the Yoast SEO plugin v25.7 - https:\/\/yoast.com\/wordpress\/plugins\/seo\/ -->\n<title>&quot;Nove spoznaje i pristupi u lije\u010denju raka&quot; - Agencija za elektroni\u010dke medije<\/title>\n<meta name=\"robots\" content=\"index, follow, max-snippet:-1, max-image-preview:large, max-video-preview:-1\" \/>\n<link rel=\"canonical\" href=\"https:\/\/aem.hr\/nove-spoznaje-i-pristupi-u-lijecenju-raka\/\" \/>\n<meta property=\"og:locale\" content=\"en_US\" \/>\n<meta property=\"og:type\" content=\"article\" \/>\n<meta property=\"og:title\" content=\"&quot;Nove spoznaje i pristupi u lije\u010denju raka&quot; - Agencija za elektroni\u010dke medije\" \/>\n<meta property=\"og:url\" content=\"https:\/\/aem.hr\/nove-spoznaje-i-pristupi-u-lijecenju-raka\/\" \/>\n<meta property=\"og:site_name\" content=\"Agencija za elektroni\u010dke medije\" \/>\n<meta property=\"article:modified_time\" content=\"2021-10-19T11:09:57+00:00\" \/>\n<meta name=\"twitter:card\" content=\"summary_large_image\" \/>\n<meta name=\"twitter:label1\" content=\"Est. reading time\" \/>\n\t<meta name=\"twitter:data1\" content=\"1 minute\" \/>\n<script type=\"application\/ld+json\" class=\"yoast-schema-graph\">{\"@context\":\"https:\/\/schema.org\",\"@graph\":[{\"@type\":\"WebPage\",\"@id\":\"https:\/\/aem.hr\/nove-spoznaje-i-pristupi-u-lijecenju-raka\/\",\"url\":\"https:\/\/aem.hr\/nove-spoznaje-i-pristupi-u-lijecenju-raka\/\",\"name\":\"\\\"Nove spoznaje i pristupi u lije\u010denju raka\\\" - Agencija za elektroni\u010dke medije\",\"isPartOf\":{\"@id\":\"https:\/\/aem.hr\/#website\"},\"datePublished\":\"2021-10-19T11:07:54+00:00\",\"dateModified\":\"2021-10-19T11:09:57+00:00\",\"breadcrumb\":{\"@id\":\"https:\/\/aem.hr\/nove-spoznaje-i-pristupi-u-lijecenju-raka\/#breadcrumb\"},\"inLanguage\":\"en-US\",\"potentialAction\":[{\"@type\":\"ReadAction\",\"target\":[\"https:\/\/aem.hr\/nove-spoznaje-i-pristupi-u-lijecenju-raka\/\"]}]},{\"@type\":\"BreadcrumbList\",\"@id\":\"https:\/\/aem.hr\/nove-spoznaje-i-pristupi-u-lijecenju-raka\/#breadcrumb\",\"itemListElement\":[{\"@type\":\"ListItem\",\"position\":1,\"name\":\"Po\u010detna stranica\",\"item\":\"https:\/\/aem.hr\/\"},{\"@type\":\"ListItem\",\"position\":2,\"name\":\"&#8220;Nove spoznaje i pristupi u lije\u010denju raka&#8221;\"}]},{\"@type\":\"WebSite\",\"@id\":\"https:\/\/aem.hr\/#website\",\"url\":\"https:\/\/aem.hr\/\",\"name\":\"Agencija za elektroni\u010dke medije\",\"description\":\"\",\"potentialAction\":[{\"@type\":\"SearchAction\",\"target\":{\"@type\":\"EntryPoint\",\"urlTemplate\":\"https:\/\/aem.hr\/?s={search_term_string}\"},\"query-input\":{\"@type\":\"PropertyValueSpecification\",\"valueRequired\":true,\"valueName\":\"search_term_string\"}}],\"inLanguage\":\"en-US\"}]}<\/script>\n<!-- \/ Yoast SEO plugin. -->","yoast_head_json":{"title":"\"Nove spoznaje i pristupi u lije\u010denju raka\" - Agencija za elektroni\u010dke medije","robots":{"index":"index","follow":"follow","max-snippet":"max-snippet:-1","max-image-preview":"max-image-preview:large","max-video-preview":"max-video-preview:-1"},"canonical":"https:\/\/aem.hr\/nove-spoznaje-i-pristupi-u-lijecenju-raka\/","og_locale":"en_US","og_type":"article","og_title":"\"Nove spoznaje i pristupi u lije\u010denju raka\" - Agencija za elektroni\u010dke medije","og_url":"https:\/\/aem.hr\/nove-spoznaje-i-pristupi-u-lijecenju-raka\/","og_site_name":"Agencija za elektroni\u010dke medije","article_modified_time":"2021-10-19T11:09:57+00:00","twitter_card":"summary_large_image","twitter_misc":{"Est. reading time":"1 minute"},"schema":{"@context":"https:\/\/schema.org","@graph":[{"@type":"WebPage","@id":"https:\/\/aem.hr\/nove-spoznaje-i-pristupi-u-lijecenju-raka\/","url":"https:\/\/aem.hr\/nove-spoznaje-i-pristupi-u-lijecenju-raka\/","name":"\"Nove spoznaje i pristupi u lije\u010denju raka\" - Agencija za elektroni\u010dke medije","isPartOf":{"@id":"https:\/\/aem.hr\/#website"},"datePublished":"2021-10-19T11:07:54+00:00","dateModified":"2021-10-19T11:09:57+00:00","breadcrumb":{"@id":"https:\/\/aem.hr\/nove-spoznaje-i-pristupi-u-lijecenju-raka\/#breadcrumb"},"inLanguage":"en-US","potentialAction":[{"@type":"ReadAction","target":["https:\/\/aem.hr\/nove-spoznaje-i-pristupi-u-lijecenju-raka\/"]}]},{"@type":"BreadcrumbList","@id":"https:\/\/aem.hr\/nove-spoznaje-i-pristupi-u-lijecenju-raka\/#breadcrumb","itemListElement":[{"@type":"ListItem","position":1,"name":"Po\u010detna stranica","item":"https:\/\/aem.hr\/"},{"@type":"ListItem","position":2,"name":"&#8220;Nove spoznaje i pristupi u lije\u010denju raka&#8221;"}]},{"@type":"WebSite","@id":"https:\/\/aem.hr\/#website","url":"https:\/\/aem.hr\/","name":"Agencija za elektroni\u010dke medije","description":"","potentialAction":[{"@type":"SearchAction","target":{"@type":"EntryPoint","urlTemplate":"https:\/\/aem.hr\/?s={search_term_string}"},"query-input":{"@type":"PropertyValueSpecification","valueRequired":true,"valueName":"search_term_string"}}],"inLanguage":"en-US"}]}},"coauthors":[],"author_meta":{"author_link":"https:\/\/aem.hr\/en\/blog\/author\/mkirac\/","display_name":"Matko Kirac"},"relative_dates":{"created":"Posted 4 years ago","modified":"Updated 4 years ago"},"absolute_dates":{"created":"Posted on 19. October 2021.","modified":"Updated on 19. October 2021."},"absolute_dates_time":{"created":"Posted on 19. October 2021. 13:07","modified":"Updated on 19. October 2021. 13:09"},"featured_img_caption":"","featured_img":false,"series_order":"","_links":{"self":[{"href":"https:\/\/aem.hr\/en\/wp-json\/wp\/v2\/pages\/10483","targetHints":{"allow":["GET"]}}],"collection":[{"href":"https:\/\/aem.hr\/en\/wp-json\/wp\/v2\/pages"}],"about":[{"href":"https:\/\/aem.hr\/en\/wp-json\/wp\/v2\/types\/page"}],"author":[{"embeddable":true,"href":"https:\/\/aem.hr\/en\/wp-json\/wp\/v2\/users\/18"}],"replies":[{"embeddable":true,"href":"https:\/\/aem.hr\/en\/wp-json\/wp\/v2\/comments?post=10483"}],"version-history":[{"count":1,"href":"https:\/\/aem.hr\/en\/wp-json\/wp\/v2\/pages\/10483\/revisions"}],"predecessor-version":[{"id":10493,"href":"https:\/\/aem.hr\/en\/wp-json\/wp\/v2\/pages\/10483\/revisions\/10493"}],"wp:attachment":[{"href":"https:\/\/aem.hr\/en\/wp-json\/wp\/v2\/media?parent=10483"}],"curies":[{"name":"wp","href":"https:\/\/api.w.org\/{rel}","templated":true}]}}