{"id":10496,"date":"2021-10-19T13:19:56","date_gmt":"2021-10-19T11:19:56","guid":{"rendered":"http:\/\/aem.hr\/?page_id=10496"},"modified":"2021-10-19T13:19:57","modified_gmt":"2021-10-19T11:19:57","slug":"iz-prve-ruke-zivot-nakon-potresa-29-12-2020-u-1219","status":"publish","type":"page","link":"https:\/\/aem.hr\/en\/iz-prve-ruke-zivot-nakon-potresa-29-12-2020-u-1219\/","title":{"rendered":"Iz prve ruke &#8211; \u017divot nakon potresa 29.12.2020. u 12:19"},"content":{"rendered":"\n<div class=\"wp-block-file\"><a href=\"https:\/\/aem.hr\/wp-content\/uploads\/2021\/10\/1.-Nakon-potresa-na-Banovini-neuporabljivo-preko-4-tisuce-objekata_-Saznajte-sve-sto-trebate-znati-o-obnovi-\u2013-narod.hr_.pdf\">1. Nakon potresa na Banovini neuporabljivo preko 4 tisu\u0107e objekata: Saznajte sve \u0161to trebate znati o obnovi<\/a><a href=\"https:\/\/aem.hr\/wp-content\/uploads\/2021\/10\/1.-Nakon-potresa-na-Banovini-neuporabljivo-preko-4-tisuce-objekata_-Saznajte-sve-sto-trebate-znati-o-obnovi-\u2013-narod.hr_.pdf\" class=\"wp-block-file__button\" download> Preuzimanje <\/a><\/div>\n\n\n\n<div class=\"wp-block-file\"><a href=\"https:\/\/aem.hr\/wp-content\/uploads\/2021\/10\/2.-Iz-prve-ruke-s-Banovine_-Kako-izgleda-zivot-u-mobilnoj-kucici_kontejneru_-\u2013-narod.hr_.pdf\">2. Iz prve ruke s Banovine: Kako izgleda \u017eivot u mobilnoj ku\u0107ici\/kontejneru?<\/a><a href=\"https:\/\/aem.hr\/wp-content\/uploads\/2021\/10\/2.-Iz-prve-ruke-s-Banovine_-Kako-izgleda-zivot-u-mobilnoj-kucici_kontejneru_-\u2013-narod.hr_.pdf\" class=\"wp-block-file__button\" download> Preuzimanje <\/a><\/div>\n\n\n\n<div class=\"wp-block-file\"><a href=\"https:\/\/aem.hr\/wp-content\/uploads\/2021\/10\/3.-Korona-odmah-nakon-potresa_-Baka-Katica-s-Banovine-za-Narod.hr-opisala-teske-dane-\u2013-narod.hr_.pdf\">3. Korona odmah nakon potresa: Baka Katica s Banovine za Narod.hr opisala te\u0161ke dane<\/a><a href=\"https:\/\/aem.hr\/wp-content\/uploads\/2021\/10\/3.-Korona-odmah-nakon-potresa_-Baka-Katica-s-Banovine-za-Narod.hr-opisala-teske-dane-\u2013-narod.hr_.pdf\" class=\"wp-block-file__button\" download> Preuzimanje <\/a><\/div>\n\n\n\n<div class=\"wp-block-file\"><a href=\"https:\/\/aem.hr\/wp-content\/uploads\/2021\/10\/4.-Obnova-Banovine_-Steta-procijenjena-416-milijardi-kuna-ovako-se-mozete-prijaviti-za-povrat-novca-ili-obnovu.pdf\">4. Obnova Banovine: \u0160teta procijenjena 41,6 milijardi kuna, ovako se mo\u017eete prijaviti za povrat novca ili obnovu<\/a><a href=\"https:\/\/aem.hr\/wp-content\/uploads\/2021\/10\/4.-Obnova-Banovine_-Steta-procijenjena-416-milijardi-kuna-ovako-se-mozete-prijaviti-za-povrat-novca-ili-obnovu.pdf\" class=\"wp-block-file__button\" download> Preuzimanje <\/a><\/div>\n\n\n\n<div class=\"wp-block-file\"><a href=\"https:\/\/aem.hr\/wp-content\/uploads\/2021\/10\/5.-Potres-na-Banovini-i-stradanja-kroz-oci-nekoliko-volontera_-Ljudima-je-i-razgovor-bio-dovoljan-\u2013-narod.hr_.pdf\">5. Potres na Banovini i stradanja kroz o\u010di nekoliko volontera: \u2018Ljudima je i razgovor bio dovoljan\u2019<\/a><a href=\"https:\/\/aem.hr\/wp-content\/uploads\/2021\/10\/5.-Potres-na-Banovini-i-stradanja-kroz-oci-nekoliko-volontera_-Ljudima-je-i-razgovor-bio-dovoljan-\u2013-narod.hr_.pdf\" class=\"wp-block-file__button\" download> Preuzimanje <\/a><\/div>\n\n\n\n<div class=\"wp-block-file\"><a href=\"https:\/\/aem.hr\/wp-content\/uploads\/2021\/10\/6.-Pomoc-gradova-oko-obnove_-Sto-Glina-Petrinja-i-Sisak-cine-za-svoje-gradane_-\u2013-narod.hr_.pdf\">6. Pomo\u0107 gradova oko obnove: \u0160to Glina, Petrinja i Sisak \u010dine za svoje gra\u0111ane?<\/a><a href=\"https:\/\/aem.hr\/wp-content\/uploads\/2021\/10\/6.-Pomoc-gradova-oko-obnove_-Sto-Glina-Petrinja-i-Sisak-cine-za-svoje-gradane_-\u2013-narod.hr_.pdf\" class=\"wp-block-file__button\" download> Preuzimanje <\/a><\/div>\n\n\n\n<div class=\"wp-block-file\"><a href=\"https:\/\/aem.hr\/wp-content\/uploads\/2021\/10\/7.-Potres-i-djeca_-Kako-prozivljavaju-trenutke-straha-i-sto-uciniti_-\u2013-narod.hr_.pdf\">7. Potres i djeca: Kako pro\u017eivljavaju trenutke straha i \u0161to u\u010diniti?<\/a><a href=\"https:\/\/aem.hr\/wp-content\/uploads\/2021\/10\/7.-Potres-i-djeca_-Kako-prozivljavaju-trenutke-straha-i-sto-uciniti_-\u2013-narod.hr_.pdf\" class=\"wp-block-file__button\" download>Preuzimanje<\/a><\/div>\n\n\n\n<div class=\"wp-block-file\"><a href=\"https:\/\/aem.hr\/wp-content\/uploads\/2021\/10\/8.-Petrinjski-poduzetnici-na-cekanju_-Neki-su-se-sami-snasli-ali-vecina-ne-radi-ni-osam-mjeseci-od-potresa-\u2013-narod.hr_.pdf\">8. Petrinjski poduzetnici na \u010dekanju: Neki su se sami sna\u0161li, ali ve\u0107ina ne radi ni osam mjeseci od potresa<\/a><a href=\"https:\/\/aem.hr\/wp-content\/uploads\/2021\/10\/8.-Petrinjski-poduzetnici-na-cekanju_-Neki-su-se-sami-snasli-ali-vecina-ne-radi-ni-osam-mjeseci-od-potresa-\u2013-narod.hr_.pdf\" class=\"wp-block-file__button\" download> Preuzimanje <\/a><\/div>\n\n\n\n<div class=\"wp-block-file\"><a href=\"https:\/\/aem.hr\/wp-content\/uploads\/2021\/10\/9.-Nema-brze-obnove-na-Banovini-ali-izgradnja-kuca-nekim-obiteljima-uz-pomoc-dobrih-ljudi-budi-nadu-\u2013-narod.hr_.pdf\">9. Nema brze obnove na Banovini, ali izgradnja ku\u0107a nekim obiteljima uz pomo\u0107 dobrih ljudi \u2013 budi nadu<\/a><a href=\"https:\/\/aem.hr\/wp-content\/uploads\/2021\/10\/9.-Nema-brze-obnove-na-Banovini-ali-izgradnja-kuca-nekim-obiteljima-uz-pomoc-dobrih-ljudi-budi-nadu-\u2013-narod.hr_.pdf\" class=\"wp-block-file__button\" download> Preuzimanje <\/a><\/div>\n\n\n\n<div class=\"wp-block-file\"><a href=\"https:\/\/aem.hr\/wp-content\/uploads\/2021\/10\/10.-Banovina-8-mjeseci-nakon-potresa_-Sto-se-promijenilo-i-ima-li-nade-za-bolje-sutra_-\u2013-narod.hr_.pdf\">10. Banovina 8 mjeseci nakon potresa: \u0160to se promijenilo i ima li nade za bolje sutra?<\/a><a href=\"https:\/\/aem.hr\/wp-content\/uploads\/2021\/10\/10.-Banovina-8-mjeseci-nakon-potresa_-Sto-se-promijenilo-i-ima-li-nade-za-bolje-sutra_-\u2013-narod.hr_.pdf\" class=\"wp-block-file__button\" download> Preuzimanje <\/a><\/div>\n\n\n\n<p><\/p>\n","protected":false},"excerpt":{"rendered":"","protected":false},"author":18,"featured_media":0,"parent":0,"menu_order":0,"comment_status":"closed","ping_status":"closed","template":"","meta":{"_acf_changed":false,"inline_featured_image":false,"advgb_blocks_editor_width":"","advgb_blocks_columns_visual_guide":"","_links_to":"","_links_to_type":0,"footnotes":""},"class_list":["post-10496","page","type-page","status-publish","hentry"],"acf":[],"yoast_head":"<!-- This site is optimized with the Yoast SEO plugin v25.7 - https:\/\/yoast.com\/wordpress\/plugins\/seo\/ -->\n<title>Iz prve ruke - \u017divot nakon potresa 29.12.2020. u 12:19 - Agencija za elektroni\u010dke medije<\/title>\n<meta name=\"robots\" content=\"index, follow, max-snippet:-1, max-image-preview:large, max-video-preview:-1\" \/>\n<link rel=\"canonical\" href=\"https:\/\/aem.hr\/iz-prve-ruke-zivot-nakon-potresa-29-12-2020-u-1219\/\" \/>\n<meta property=\"og:locale\" content=\"en_US\" \/>\n<meta property=\"og:type\" content=\"article\" \/>\n<meta property=\"og:title\" content=\"Iz prve ruke - \u017divot nakon potresa 29.12.2020. u 12:19 - Agencija za elektroni\u010dke medije\" \/>\n<meta property=\"og:url\" content=\"https:\/\/aem.hr\/iz-prve-ruke-zivot-nakon-potresa-29-12-2020-u-1219\/\" \/>\n<meta property=\"og:site_name\" content=\"Agencija za elektroni\u010dke medije\" \/>\n<meta property=\"article:modified_time\" content=\"2021-10-19T11:19:57+00:00\" \/>\n<meta name=\"twitter:card\" content=\"summary_large_image\" \/>\n<meta name=\"twitter:label1\" content=\"Est. reading time\" \/>\n\t<meta name=\"twitter:data1\" content=\"1 minute\" \/>\n<script type=\"application\/ld+json\" class=\"yoast-schema-graph\">{\"@context\":\"https:\/\/schema.org\",\"@graph\":[{\"@type\":\"WebPage\",\"@id\":\"https:\/\/aem.hr\/iz-prve-ruke-zivot-nakon-potresa-29-12-2020-u-1219\/\",\"url\":\"https:\/\/aem.hr\/iz-prve-ruke-zivot-nakon-potresa-29-12-2020-u-1219\/\",\"name\":\"Iz prve ruke - \u017divot nakon potresa 29.12.2020. u 12:19 - Agencija za elektroni\u010dke medije\",\"isPartOf\":{\"@id\":\"https:\/\/aem.hr\/#website\"},\"datePublished\":\"2021-10-19T11:19:56+00:00\",\"dateModified\":\"2021-10-19T11:19:57+00:00\",\"breadcrumb\":{\"@id\":\"https:\/\/aem.hr\/iz-prve-ruke-zivot-nakon-potresa-29-12-2020-u-1219\/#breadcrumb\"},\"inLanguage\":\"en-US\",\"potentialAction\":[{\"@type\":\"ReadAction\",\"target\":[\"https:\/\/aem.hr\/iz-prve-ruke-zivot-nakon-potresa-29-12-2020-u-1219\/\"]}]},{\"@type\":\"BreadcrumbList\",\"@id\":\"https:\/\/aem.hr\/iz-prve-ruke-zivot-nakon-potresa-29-12-2020-u-1219\/#breadcrumb\",\"itemListElement\":[{\"@type\":\"ListItem\",\"position\":1,\"name\":\"Po\u010detna stranica\",\"item\":\"https:\/\/aem.hr\/\"},{\"@type\":\"ListItem\",\"position\":2,\"name\":\"Iz prve ruke &#8211; \u017divot nakon potresa 29.12.2020. u 12:19\"}]},{\"@type\":\"WebSite\",\"@id\":\"https:\/\/aem.hr\/#website\",\"url\":\"https:\/\/aem.hr\/\",\"name\":\"Agencija za elektroni\u010dke medije\",\"description\":\"\",\"potentialAction\":[{\"@type\":\"SearchAction\",\"target\":{\"@type\":\"EntryPoint\",\"urlTemplate\":\"https:\/\/aem.hr\/?s={search_term_string}\"},\"query-input\":{\"@type\":\"PropertyValueSpecification\",\"valueRequired\":true,\"valueName\":\"search_term_string\"}}],\"inLanguage\":\"en-US\"}]}<\/script>\n<!-- \/ Yoast SEO plugin. -->","yoast_head_json":{"title":"Iz prve ruke - \u017divot nakon potresa 29.12.2020. u 12:19 - Agencija za elektroni\u010dke medije","robots":{"index":"index","follow":"follow","max-snippet":"max-snippet:-1","max-image-preview":"max-image-preview:large","max-video-preview":"max-video-preview:-1"},"canonical":"https:\/\/aem.hr\/iz-prve-ruke-zivot-nakon-potresa-29-12-2020-u-1219\/","og_locale":"en_US","og_type":"article","og_title":"Iz prve ruke - \u017divot nakon potresa 29.12.2020. u 12:19 - Agencija za elektroni\u010dke medije","og_url":"https:\/\/aem.hr\/iz-prve-ruke-zivot-nakon-potresa-29-12-2020-u-1219\/","og_site_name":"Agencija za elektroni\u010dke medije","article_modified_time":"2021-10-19T11:19:57+00:00","twitter_card":"summary_large_image","twitter_misc":{"Est. reading time":"1 minute"},"schema":{"@context":"https:\/\/schema.org","@graph":[{"@type":"WebPage","@id":"https:\/\/aem.hr\/iz-prve-ruke-zivot-nakon-potresa-29-12-2020-u-1219\/","url":"https:\/\/aem.hr\/iz-prve-ruke-zivot-nakon-potresa-29-12-2020-u-1219\/","name":"Iz prve ruke - \u017divot nakon potresa 29.12.2020. u 12:19 - Agencija za elektroni\u010dke medije","isPartOf":{"@id":"https:\/\/aem.hr\/#website"},"datePublished":"2021-10-19T11:19:56+00:00","dateModified":"2021-10-19T11:19:57+00:00","breadcrumb":{"@id":"https:\/\/aem.hr\/iz-prve-ruke-zivot-nakon-potresa-29-12-2020-u-1219\/#breadcrumb"},"inLanguage":"en-US","potentialAction":[{"@type":"ReadAction","target":["https:\/\/aem.hr\/iz-prve-ruke-zivot-nakon-potresa-29-12-2020-u-1219\/"]}]},{"@type":"BreadcrumbList","@id":"https:\/\/aem.hr\/iz-prve-ruke-zivot-nakon-potresa-29-12-2020-u-1219\/#breadcrumb","itemListElement":[{"@type":"ListItem","position":1,"name":"Po\u010detna stranica","item":"https:\/\/aem.hr\/"},{"@type":"ListItem","position":2,"name":"Iz prve ruke &#8211; \u017divot nakon potresa 29.12.2020. u 12:19"}]},{"@type":"WebSite","@id":"https:\/\/aem.hr\/#website","url":"https:\/\/aem.hr\/","name":"Agencija za elektroni\u010dke medije","description":"","potentialAction":[{"@type":"SearchAction","target":{"@type":"EntryPoint","urlTemplate":"https:\/\/aem.hr\/?s={search_term_string}"},"query-input":{"@type":"PropertyValueSpecification","valueRequired":true,"valueName":"search_term_string"}}],"inLanguage":"en-US"}]}},"coauthors":[],"author_meta":{"author_link":"https:\/\/aem.hr\/en\/blog\/author\/mkirac\/","display_name":"Matko Kirac"},"relative_dates":{"created":"Posted 4 years ago","modified":"Updated 4 years ago"},"absolute_dates":{"created":"Posted on 19. October 2021.","modified":"Updated on 19. October 2021."},"absolute_dates_time":{"created":"Posted on 19. October 2021. 13:19","modified":"Updated on 19. October 2021. 13:19"},"featured_img_caption":"","featured_img":false,"series_order":"","_links":{"self":[{"href":"https:\/\/aem.hr\/en\/wp-json\/wp\/v2\/pages\/10496","targetHints":{"allow":["GET"]}}],"collection":[{"href":"https:\/\/aem.hr\/en\/wp-json\/wp\/v2\/pages"}],"about":[{"href":"https:\/\/aem.hr\/en\/wp-json\/wp\/v2\/types\/page"}],"author":[{"embeddable":true,"href":"https:\/\/aem.hr\/en\/wp-json\/wp\/v2\/users\/18"}],"replies":[{"embeddable":true,"href":"https:\/\/aem.hr\/en\/wp-json\/wp\/v2\/comments?post=10496"}],"version-history":[{"count":1,"href":"https:\/\/aem.hr\/en\/wp-json\/wp\/v2\/pages\/10496\/revisions"}],"predecessor-version":[{"id":10515,"href":"https:\/\/aem.hr\/en\/wp-json\/wp\/v2\/pages\/10496\/revisions\/10515"}],"wp:attachment":[{"href":"https:\/\/aem.hr\/en\/wp-json\/wp\/v2\/media?parent=10496"}],"curies":[{"name":"wp","href":"https:\/\/api.w.org\/{rel}","templated":true}]}}