{"id":10518,"date":"2021-10-19T13:31:26","date_gmt":"2021-10-19T11:31:26","guid":{"rendered":"http:\/\/aem.hr\/?page_id=10518"},"modified":"2021-10-19T13:31:28","modified_gmt":"2021-10-19T11:31:28","slug":"vazan-problem-o-kojemu-javnost-ne-raspravlja-cesto-a-od-strateske-je-vaznosti-moze-li-hrvatska-rijesiti-zbrinjavanje-radioaktivnog-otpada","status":"publish","type":"page","link":"https:\/\/aem.hr\/en\/vazan-problem-o-kojemu-javnost-ne-raspravlja-cesto-a-od-strateske-je-vaznosti-moze-li-hrvatska-rijesiti-zbrinjavanje-radioaktivnog-otpada\/","title":{"rendered":"Va\u017ean problem o kojemu javnost ne raspravlja \u010desto, a od strate\u0161ke je va\u017enosti &#8211; mo\u017ee li Hrvatska rije\u0161iti zbrinjavanje radioaktivnog otpada?"},"content":{"rendered":"\n<div class=\"wp-block-file\"><a href=\"https:\/\/aem.hr\/wp-content\/uploads\/2021\/10\/1.-Direktor-Fonda-za-Direktno-o-nepostizanju.pdf\">1. Direktor Fonda za Direktno o nepostizanju dogovora izme\u0111u Slovenije i Hrvatske: Apsurdno je da svaka zemlja sama zbrinjava radoaktivni otpad iz Kr\u0161kog<\/a><a href=\"https:\/\/aem.hr\/wp-content\/uploads\/2021\/10\/1.-Direktor-Fonda-za-Direktno-o-nepostizanju.pdf\" class=\"wp-block-file__button\" download>Preuzimanje<\/a><\/div>\n\n\n\n<div class=\"wp-block-file\"><a href=\"https:\/\/aem.hr\/wp-content\/uploads\/2021\/10\/2.-Strucnjaci-tvrde-Nuklearna-energija.pdf\">2. Stru\u010dnjaci tvrde: Nuklearna energija je zelena i obnovljiva; za\u0161to je onda zbrinjavanje radioaktivnog otpada puno kontroverzi<\/a><a href=\"https:\/\/aem.hr\/wp-content\/uploads\/2021\/10\/2.-Strucnjaci-tvrde-Nuklearna-energija.pdf\" class=\"wp-block-file__button\" download> Preuzimanje <\/a><\/div>\n\n\n\n<div class=\"wp-block-file\"><a href=\"https:\/\/aem.hr\/wp-content\/uploads\/2021\/10\/3.-Aktivisti-protiv-struke.pdf\">3. Aktivisti protiv struke: Umjesto da se promovira izgradnju novog reaktora, Slovenija bi trebala obratiti pozornost na sva otvorena pitanja u vezi s postoje\u0107om nuklearkom<\/a><a href=\"https:\/\/aem.hr\/wp-content\/uploads\/2021\/10\/3.-Aktivisti-protiv-struke.pdf\" class=\"wp-block-file__button\" download> Preuzimanje <\/a><\/div>\n\n\n\n<div class=\"wp-block-file\"><a href=\"https:\/\/aem.hr\/wp-content\/uploads\/2021\/10\/4.-Boje-se-potresa-trovanja-karcinoma.pdf\">4. Boje se potresa, trovanja, karcinoma&#8230;Radioaktivni otpad ne \u017eele u Dvoru i Kostajnici, a bune se i u BiH; seizmolog ih demantira<\/a><a href=\"https:\/\/aem.hr\/wp-content\/uploads\/2021\/10\/4.-Boje-se-potresa-trovanja-karcinoma.pdf\" class=\"wp-block-file__button\" download> Preuzimanje <\/a><\/div>\n","protected":false},"excerpt":{"rendered":"","protected":false},"author":18,"featured_media":0,"parent":0,"menu_order":0,"comment_status":"closed","ping_status":"closed","template":"","meta":{"_acf_changed":false,"inline_featured_image":false,"advgb_blocks_editor_width":"","advgb_blocks_columns_visual_guide":"","_links_to":"","_links_to_type":0,"footnotes":""},"class_list":["post-10518","page","type-page","status-publish","hentry"],"acf":[],"yoast_head":"<!-- This site is optimized with the Yoast SEO plugin v25.7 - https:\/\/yoast.com\/wordpress\/plugins\/seo\/ -->\n<title>Va\u017ean problem o kojemu javnost ne raspravlja \u010desto, a od strate\u0161ke je va\u017enosti - mo\u017ee li Hrvatska rije\u0161iti zbrinjavanje radioaktivnog otpada? - Agencija za elektroni\u010dke medije<\/title>\n<meta name=\"robots\" content=\"index, follow, max-snippet:-1, max-image-preview:large, max-video-preview:-1\" \/>\n<link rel=\"canonical\" href=\"https:\/\/aem.hr\/vazan-problem-o-kojemu-javnost-ne-raspravlja-cesto-a-od-strateske-je-vaznosti-moze-li-hrvatska-rijesiti-zbrinjavanje-radioaktivnog-otpada\/\" \/>\n<meta property=\"og:locale\" content=\"en_US\" \/>\n<meta property=\"og:type\" content=\"article\" \/>\n<meta property=\"og:title\" content=\"Va\u017ean problem o kojemu javnost ne raspravlja \u010desto, a od strate\u0161ke je va\u017enosti - mo\u017ee li Hrvatska rije\u0161iti zbrinjavanje radioaktivnog otpada? - Agencija za elektroni\u010dke medije\" \/>\n<meta property=\"og:url\" content=\"https:\/\/aem.hr\/vazan-problem-o-kojemu-javnost-ne-raspravlja-cesto-a-od-strateske-je-vaznosti-moze-li-hrvatska-rijesiti-zbrinjavanje-radioaktivnog-otpada\/\" \/>\n<meta property=\"og:site_name\" content=\"Agencija za elektroni\u010dke medije\" \/>\n<meta property=\"article:modified_time\" content=\"2021-10-19T11:31:28+00:00\" \/>\n<meta name=\"twitter:card\" content=\"summary_large_image\" \/>\n<meta name=\"twitter:label1\" content=\"Est. reading time\" \/>\n\t<meta name=\"twitter:data1\" content=\"1 minute\" \/>\n<script type=\"application\/ld+json\" class=\"yoast-schema-graph\">{\"@context\":\"https:\/\/schema.org\",\"@graph\":[{\"@type\":\"WebPage\",\"@id\":\"https:\/\/aem.hr\/vazan-problem-o-kojemu-javnost-ne-raspravlja-cesto-a-od-strateske-je-vaznosti-moze-li-hrvatska-rijesiti-zbrinjavanje-radioaktivnog-otpada\/\",\"url\":\"https:\/\/aem.hr\/vazan-problem-o-kojemu-javnost-ne-raspravlja-cesto-a-od-strateske-je-vaznosti-moze-li-hrvatska-rijesiti-zbrinjavanje-radioaktivnog-otpada\/\",\"name\":\"Va\u017ean problem o kojemu javnost ne raspravlja \u010desto, a od strate\u0161ke je va\u017enosti - mo\u017ee li Hrvatska rije\u0161iti zbrinjavanje radioaktivnog otpada? - Agencija za elektroni\u010dke medije\",\"isPartOf\":{\"@id\":\"https:\/\/aem.hr\/#website\"},\"datePublished\":\"2021-10-19T11:31:26+00:00\",\"dateModified\":\"2021-10-19T11:31:28+00:00\",\"breadcrumb\":{\"@id\":\"https:\/\/aem.hr\/vazan-problem-o-kojemu-javnost-ne-raspravlja-cesto-a-od-strateske-je-vaznosti-moze-li-hrvatska-rijesiti-zbrinjavanje-radioaktivnog-otpada\/#breadcrumb\"},\"inLanguage\":\"en-US\",\"potentialAction\":[{\"@type\":\"ReadAction\",\"target\":[\"https:\/\/aem.hr\/vazan-problem-o-kojemu-javnost-ne-raspravlja-cesto-a-od-strateske-je-vaznosti-moze-li-hrvatska-rijesiti-zbrinjavanje-radioaktivnog-otpada\/\"]}]},{\"@type\":\"BreadcrumbList\",\"@id\":\"https:\/\/aem.hr\/vazan-problem-o-kojemu-javnost-ne-raspravlja-cesto-a-od-strateske-je-vaznosti-moze-li-hrvatska-rijesiti-zbrinjavanje-radioaktivnog-otpada\/#breadcrumb\",\"itemListElement\":[{\"@type\":\"ListItem\",\"position\":1,\"name\":\"Po\u010detna stranica\",\"item\":\"https:\/\/aem.hr\/\"},{\"@type\":\"ListItem\",\"position\":2,\"name\":\"Va\u017ean problem o kojemu javnost ne raspravlja \u010desto, a od strate\u0161ke je va\u017enosti &#8211; mo\u017ee li Hrvatska rije\u0161iti zbrinjavanje radioaktivnog otpada?\"}]},{\"@type\":\"WebSite\",\"@id\":\"https:\/\/aem.hr\/#website\",\"url\":\"https:\/\/aem.hr\/\",\"name\":\"Agencija za elektroni\u010dke medije\",\"description\":\"\",\"potentialAction\":[{\"@type\":\"SearchAction\",\"target\":{\"@type\":\"EntryPoint\",\"urlTemplate\":\"https:\/\/aem.hr\/?s={search_term_string}\"},\"query-input\":{\"@type\":\"PropertyValueSpecification\",\"valueRequired\":true,\"valueName\":\"search_term_string\"}}],\"inLanguage\":\"en-US\"}]}<\/script>\n<!-- \/ Yoast SEO plugin. -->","yoast_head_json":{"title":"Va\u017ean problem o kojemu javnost ne raspravlja \u010desto, a od strate\u0161ke je va\u017enosti - mo\u017ee li Hrvatska rije\u0161iti zbrinjavanje radioaktivnog otpada? - Agencija za elektroni\u010dke medije","robots":{"index":"index","follow":"follow","max-snippet":"max-snippet:-1","max-image-preview":"max-image-preview:large","max-video-preview":"max-video-preview:-1"},"canonical":"https:\/\/aem.hr\/vazan-problem-o-kojemu-javnost-ne-raspravlja-cesto-a-od-strateske-je-vaznosti-moze-li-hrvatska-rijesiti-zbrinjavanje-radioaktivnog-otpada\/","og_locale":"en_US","og_type":"article","og_title":"Va\u017ean problem o kojemu javnost ne raspravlja \u010desto, a od strate\u0161ke je va\u017enosti - mo\u017ee li Hrvatska rije\u0161iti zbrinjavanje radioaktivnog otpada? - Agencija za elektroni\u010dke medije","og_url":"https:\/\/aem.hr\/vazan-problem-o-kojemu-javnost-ne-raspravlja-cesto-a-od-strateske-je-vaznosti-moze-li-hrvatska-rijesiti-zbrinjavanje-radioaktivnog-otpada\/","og_site_name":"Agencija za elektroni\u010dke medije","article_modified_time":"2021-10-19T11:31:28+00:00","twitter_card":"summary_large_image","twitter_misc":{"Est. reading time":"1 minute"},"schema":{"@context":"https:\/\/schema.org","@graph":[{"@type":"WebPage","@id":"https:\/\/aem.hr\/vazan-problem-o-kojemu-javnost-ne-raspravlja-cesto-a-od-strateske-je-vaznosti-moze-li-hrvatska-rijesiti-zbrinjavanje-radioaktivnog-otpada\/","url":"https:\/\/aem.hr\/vazan-problem-o-kojemu-javnost-ne-raspravlja-cesto-a-od-strateske-je-vaznosti-moze-li-hrvatska-rijesiti-zbrinjavanje-radioaktivnog-otpada\/","name":"Va\u017ean problem o kojemu javnost ne raspravlja \u010desto, a od strate\u0161ke je va\u017enosti - mo\u017ee li Hrvatska rije\u0161iti zbrinjavanje radioaktivnog otpada? - Agencija za elektroni\u010dke medije","isPartOf":{"@id":"https:\/\/aem.hr\/#website"},"datePublished":"2021-10-19T11:31:26+00:00","dateModified":"2021-10-19T11:31:28+00:00","breadcrumb":{"@id":"https:\/\/aem.hr\/vazan-problem-o-kojemu-javnost-ne-raspravlja-cesto-a-od-strateske-je-vaznosti-moze-li-hrvatska-rijesiti-zbrinjavanje-radioaktivnog-otpada\/#breadcrumb"},"inLanguage":"en-US","potentialAction":[{"@type":"ReadAction","target":["https:\/\/aem.hr\/vazan-problem-o-kojemu-javnost-ne-raspravlja-cesto-a-od-strateske-je-vaznosti-moze-li-hrvatska-rijesiti-zbrinjavanje-radioaktivnog-otpada\/"]}]},{"@type":"BreadcrumbList","@id":"https:\/\/aem.hr\/vazan-problem-o-kojemu-javnost-ne-raspravlja-cesto-a-od-strateske-je-vaznosti-moze-li-hrvatska-rijesiti-zbrinjavanje-radioaktivnog-otpada\/#breadcrumb","itemListElement":[{"@type":"ListItem","position":1,"name":"Po\u010detna stranica","item":"https:\/\/aem.hr\/"},{"@type":"ListItem","position":2,"name":"Va\u017ean problem o kojemu javnost ne raspravlja \u010desto, a od strate\u0161ke je va\u017enosti &#8211; mo\u017ee li Hrvatska rije\u0161iti zbrinjavanje radioaktivnog otpada?"}]},{"@type":"WebSite","@id":"https:\/\/aem.hr\/#website","url":"https:\/\/aem.hr\/","name":"Agencija za elektroni\u010dke medije","description":"","potentialAction":[{"@type":"SearchAction","target":{"@type":"EntryPoint","urlTemplate":"https:\/\/aem.hr\/?s={search_term_string}"},"query-input":{"@type":"PropertyValueSpecification","valueRequired":true,"valueName":"search_term_string"}}],"inLanguage":"en-US"}]}},"coauthors":[],"author_meta":{"author_link":"https:\/\/aem.hr\/en\/blog\/author\/mkirac\/","display_name":"Matko Kirac"},"relative_dates":{"created":"Posted 5 years ago","modified":"Updated 5 years ago"},"absolute_dates":{"created":"Posted on 19. October 2021.","modified":"Updated on 19. October 2021."},"absolute_dates_time":{"created":"Posted on 19. October 2021. 13:31","modified":"Updated on 19. October 2021. 13:31"},"featured_img_caption":"","featured_img":false,"series_order":"","_links":{"self":[{"href":"https:\/\/aem.hr\/en\/wp-json\/wp\/v2\/pages\/10518","targetHints":{"allow":["GET"]}}],"collection":[{"href":"https:\/\/aem.hr\/en\/wp-json\/wp\/v2\/pages"}],"about":[{"href":"https:\/\/aem.hr\/en\/wp-json\/wp\/v2\/types\/page"}],"author":[{"embeddable":true,"href":"https:\/\/aem.hr\/en\/wp-json\/wp\/v2\/users\/18"}],"replies":[{"embeddable":true,"href":"https:\/\/aem.hr\/en\/wp-json\/wp\/v2\/comments?post=10518"}],"version-history":[{"count":1,"href":"https:\/\/aem.hr\/en\/wp-json\/wp\/v2\/pages\/10518\/revisions"}],"predecessor-version":[{"id":10527,"href":"https:\/\/aem.hr\/en\/wp-json\/wp\/v2\/pages\/10518\/revisions\/10527"}],"wp:attachment":[{"href":"https:\/\/aem.hr\/en\/wp-json\/wp\/v2\/media?parent=10518"}],"curies":[{"name":"wp","href":"https:\/\/api.w.org\/{rel}","templated":true}]}}