{"id":10539,"date":"2021-10-19T13:42:50","date_gmt":"2021-10-19T11:42:50","guid":{"rendered":"http:\/\/aem.hr\/?page_id=10539"},"modified":"2021-10-19T13:42:54","modified_gmt":"2021-10-19T11:42:54","slug":"tragom-dr-ivana-sretera","status":"publish","type":"page","link":"https:\/\/aem.hr\/en\/tragom-dr-ivana-sretera\/","title":{"rendered":"Tragom dr. Ivana \u0160retera"},"content":{"rendered":"\n<div class=\"wp-block-file\"><a href=\"https:\/\/aem.hr\/wp-content\/uploads\/2021\/10\/1.-Covjek-koji-je-zivio-patnje-drugih.pdf\">1. \u010covjek koji je \u017eivio patnje drugih<\/a><a href=\"https:\/\/aem.hr\/wp-content\/uploads\/2021\/10\/1.-Covjek-koji-je-zivio-patnje-drugih.pdf\" class=\"wp-block-file__button\" download> Preuzimanje <\/a><\/div>\n\n\n\n<div class=\"wp-block-file\"><a href=\"https:\/\/aem.hr\/wp-content\/uploads\/2021\/10\/2.-Pakrackim-krajem-na-Nacionalni-dan-mirotvorstva.pdf\">2. Pakra\u010dkim krajem na Nacionalni dan mirotvorstva<\/a><a href=\"https:\/\/aem.hr\/wp-content\/uploads\/2021\/10\/2.-Pakrackim-krajem-na-Nacionalni-dan-mirotvorstva.pdf\" class=\"wp-block-file__button\" download> Preuzimanje <\/a><\/div>\n\n\n\n<div class=\"wp-block-file\"><a href=\"https:\/\/aem.hr\/wp-content\/uploads\/2021\/10\/3.-Potraga-nikad-ne-ce-prestati.pdf\">3. Potraga nikada ne \u0107e prestati<\/a><a href=\"https:\/\/aem.hr\/wp-content\/uploads\/2021\/10\/3.-Potraga-nikad-ne-ce-prestati.pdf\" class=\"wp-block-file__button\" download> Preuzimanje <\/a><\/div>\n\n\n\n<div class=\"wp-block-file\"><a href=\"https:\/\/aem.hr\/wp-content\/uploads\/2021\/10\/4.-Zao-mi-je-sto-Ivica-nije-dozivio.pdf\">4. \u017dao mi je \u0161to Ivica nije do\u017eivio postati suprugom i ocem<\/a><a href=\"https:\/\/aem.hr\/wp-content\/uploads\/2021\/10\/4.-Zao-mi-je-sto-Ivica-nije-dozivio.pdf\" class=\"wp-block-file__button\" download> Preuzimanje <\/a><\/div>\n\n\n\n<div class=\"wp-block-file\"><a href=\"https:\/\/aem.hr\/wp-content\/uploads\/2021\/10\/5.-Svaki-mu-je-covjek-pod-kapom-nebeskom.pdf\">5. Svaki mu je \u010dovjek pod kapom nebeskom bio jednak<\/a><a href=\"https:\/\/aem.hr\/wp-content\/uploads\/2021\/10\/5.-Svaki-mu-je-covjek-pod-kapom-nebeskom.pdf\" class=\"wp-block-file__button\" download> Preuzimanje <\/a><\/div>\n\n\n\n<div class=\"wp-block-file\"><a href=\"https:\/\/aem.hr\/wp-content\/uploads\/2021\/10\/6.-Jezik-na-zivot.pdf\">6. Jezik za \u017eivot<\/a><a href=\"https:\/\/aem.hr\/wp-content\/uploads\/2021\/10\/6.-Jezik-na-zivot.pdf\" class=\"wp-block-file__button\" download>Preuzimanje<\/a><\/div>\n\n\n\n<div class=\"wp-block-file\"><a href=\"https:\/\/aem.hr\/wp-content\/uploads\/2021\/10\/7.-Zaklada-dr.-Ivan-Sreter.pdf\">7. Zaklada \u201eDr. Ivan \u0160reter\u201c \u2013 \u010duvarica sje\u0107anja<\/a><a href=\"https:\/\/aem.hr\/wp-content\/uploads\/2021\/10\/7.-Zaklada-dr.-Ivan-Sreter.pdf\" class=\"wp-block-file__button\" download> Preuzimanje <\/a><\/div>\n\n\n\n<div class=\"wp-block-file\"><a href=\"https:\/\/aem.hr\/wp-content\/uploads\/2021\/10\/8.-Ivica-ja-izdan-i-prodan.pdf\">8. Ivica je izdan i prodan<\/a><a href=\"https:\/\/aem.hr\/wp-content\/uploads\/2021\/10\/8.-Ivica-ja-izdan-i-prodan.pdf\" class=\"wp-block-file__button\" download> Preuzimanje <\/a><\/div>\n\n\n\n<div class=\"wp-block-file\"><a href=\"https:\/\/aem.hr\/wp-content\/uploads\/2021\/10\/9.-San-o-majcinu-mirnu-snu.pdf\">9. San o maj\u010dinu mirnu snu<\/a><a href=\"https:\/\/aem.hr\/wp-content\/uploads\/2021\/10\/9.-San-o-majcinu-mirnu-snu.pdf\" class=\"wp-block-file__button\" download> Preuzimanje <\/a><\/div>\n\n\n\n<div class=\"wp-block-file\"><a href=\"https:\/\/aem.hr\/wp-content\/uploads\/2021\/10\/10.-Zivot-dr.-Ivana-Sretera-u-40-fotografija.pdf\">10. \u017divot dr. Ivana \u0160retera u 40 fotografija<\/a><a href=\"https:\/\/aem.hr\/wp-content\/uploads\/2021\/10\/10.-Zivot-dr.-Ivana-Sretera-u-40-fotografija.pdf\" class=\"wp-block-file__button\" download> Preuzimanje <\/a><\/div>\n\n\n\n<p><\/p>\n","protected":false},"excerpt":{"rendered":"","protected":false},"author":18,"featured_media":0,"parent":0,"menu_order":0,"comment_status":"closed","ping_status":"closed","template":"","meta":{"_acf_changed":false,"inline_featured_image":false,"advgb_blocks_editor_width":"","advgb_blocks_columns_visual_guide":"","_links_to":"","_links_to_type":0,"footnotes":""},"class_list":["post-10539","page","type-page","status-publish","hentry"],"acf":[],"yoast_head":"<!-- This site is optimized with the Yoast SEO plugin v25.7 - https:\/\/yoast.com\/wordpress\/plugins\/seo\/ -->\n<title>Tragom dr. Ivana \u0160retera - Agencija za elektroni\u010dke medije<\/title>\n<meta name=\"robots\" content=\"index, follow, max-snippet:-1, max-image-preview:large, max-video-preview:-1\" \/>\n<link rel=\"canonical\" href=\"https:\/\/aem.hr\/tragom-dr-ivana-sretera\/\" \/>\n<meta property=\"og:locale\" content=\"en_US\" \/>\n<meta property=\"og:type\" content=\"article\" \/>\n<meta property=\"og:title\" content=\"Tragom dr. Ivana \u0160retera - Agencija za elektroni\u010dke medije\" \/>\n<meta property=\"og:url\" content=\"https:\/\/aem.hr\/tragom-dr-ivana-sretera\/\" \/>\n<meta property=\"og:site_name\" content=\"Agencija za elektroni\u010dke medije\" \/>\n<meta property=\"article:modified_time\" content=\"2021-10-19T11:42:54+00:00\" \/>\n<meta name=\"twitter:card\" content=\"summary_large_image\" \/>\n<meta name=\"twitter:label1\" content=\"Est. reading time\" \/>\n\t<meta name=\"twitter:data1\" content=\"1 minute\" \/>\n<script type=\"application\/ld+json\" class=\"yoast-schema-graph\">{\"@context\":\"https:\/\/schema.org\",\"@graph\":[{\"@type\":\"WebPage\",\"@id\":\"https:\/\/aem.hr\/tragom-dr-ivana-sretera\/\",\"url\":\"https:\/\/aem.hr\/tragom-dr-ivana-sretera\/\",\"name\":\"Tragom dr. Ivana \u0160retera - Agencija za elektroni\u010dke medije\",\"isPartOf\":{\"@id\":\"https:\/\/aem.hr\/#website\"},\"datePublished\":\"2021-10-19T11:42:50+00:00\",\"dateModified\":\"2021-10-19T11:42:54+00:00\",\"breadcrumb\":{\"@id\":\"https:\/\/aem.hr\/tragom-dr-ivana-sretera\/#breadcrumb\"},\"inLanguage\":\"en-US\",\"potentialAction\":[{\"@type\":\"ReadAction\",\"target\":[\"https:\/\/aem.hr\/tragom-dr-ivana-sretera\/\"]}]},{\"@type\":\"BreadcrumbList\",\"@id\":\"https:\/\/aem.hr\/tragom-dr-ivana-sretera\/#breadcrumb\",\"itemListElement\":[{\"@type\":\"ListItem\",\"position\":1,\"name\":\"Po\u010detna stranica\",\"item\":\"https:\/\/aem.hr\/\"},{\"@type\":\"ListItem\",\"position\":2,\"name\":\"Tragom dr. Ivana \u0160retera\"}]},{\"@type\":\"WebSite\",\"@id\":\"https:\/\/aem.hr\/#website\",\"url\":\"https:\/\/aem.hr\/\",\"name\":\"Agencija za elektroni\u010dke medije\",\"description\":\"\",\"potentialAction\":[{\"@type\":\"SearchAction\",\"target\":{\"@type\":\"EntryPoint\",\"urlTemplate\":\"https:\/\/aem.hr\/?s={search_term_string}\"},\"query-input\":{\"@type\":\"PropertyValueSpecification\",\"valueRequired\":true,\"valueName\":\"search_term_string\"}}],\"inLanguage\":\"en-US\"}]}<\/script>\n<!-- \/ Yoast SEO plugin. -->","yoast_head_json":{"title":"Tragom dr. Ivana \u0160retera - Agencija za elektroni\u010dke medije","robots":{"index":"index","follow":"follow","max-snippet":"max-snippet:-1","max-image-preview":"max-image-preview:large","max-video-preview":"max-video-preview:-1"},"canonical":"https:\/\/aem.hr\/tragom-dr-ivana-sretera\/","og_locale":"en_US","og_type":"article","og_title":"Tragom dr. Ivana \u0160retera - Agencija za elektroni\u010dke medije","og_url":"https:\/\/aem.hr\/tragom-dr-ivana-sretera\/","og_site_name":"Agencija za elektroni\u010dke medije","article_modified_time":"2021-10-19T11:42:54+00:00","twitter_card":"summary_large_image","twitter_misc":{"Est. reading time":"1 minute"},"schema":{"@context":"https:\/\/schema.org","@graph":[{"@type":"WebPage","@id":"https:\/\/aem.hr\/tragom-dr-ivana-sretera\/","url":"https:\/\/aem.hr\/tragom-dr-ivana-sretera\/","name":"Tragom dr. Ivana \u0160retera - Agencija za elektroni\u010dke medije","isPartOf":{"@id":"https:\/\/aem.hr\/#website"},"datePublished":"2021-10-19T11:42:50+00:00","dateModified":"2021-10-19T11:42:54+00:00","breadcrumb":{"@id":"https:\/\/aem.hr\/tragom-dr-ivana-sretera\/#breadcrumb"},"inLanguage":"en-US","potentialAction":[{"@type":"ReadAction","target":["https:\/\/aem.hr\/tragom-dr-ivana-sretera\/"]}]},{"@type":"BreadcrumbList","@id":"https:\/\/aem.hr\/tragom-dr-ivana-sretera\/#breadcrumb","itemListElement":[{"@type":"ListItem","position":1,"name":"Po\u010detna stranica","item":"https:\/\/aem.hr\/"},{"@type":"ListItem","position":2,"name":"Tragom dr. Ivana \u0160retera"}]},{"@type":"WebSite","@id":"https:\/\/aem.hr\/#website","url":"https:\/\/aem.hr\/","name":"Agencija za elektroni\u010dke medije","description":"","potentialAction":[{"@type":"SearchAction","target":{"@type":"EntryPoint","urlTemplate":"https:\/\/aem.hr\/?s={search_term_string}"},"query-input":{"@type":"PropertyValueSpecification","valueRequired":true,"valueName":"search_term_string"}}],"inLanguage":"en-US"}]}},"coauthors":[],"author_meta":{"author_link":"https:\/\/aem.hr\/en\/blog\/author\/mkirac\/","display_name":"Matko Kirac"},"relative_dates":{"created":"Posted 4 years ago","modified":"Updated 4 years ago"},"absolute_dates":{"created":"Posted on 19. October 2021.","modified":"Updated on 19. October 2021."},"absolute_dates_time":{"created":"Posted on 19. October 2021. 13:42","modified":"Updated on 19. October 2021. 13:42"},"featured_img_caption":"","featured_img":false,"series_order":"","_links":{"self":[{"href":"https:\/\/aem.hr\/en\/wp-json\/wp\/v2\/pages\/10539","targetHints":{"allow":["GET"]}}],"collection":[{"href":"https:\/\/aem.hr\/en\/wp-json\/wp\/v2\/pages"}],"about":[{"href":"https:\/\/aem.hr\/en\/wp-json\/wp\/v2\/types\/page"}],"author":[{"embeddable":true,"href":"https:\/\/aem.hr\/en\/wp-json\/wp\/v2\/users\/18"}],"replies":[{"embeddable":true,"href":"https:\/\/aem.hr\/en\/wp-json\/wp\/v2\/comments?post=10539"}],"version-history":[{"count":1,"href":"https:\/\/aem.hr\/en\/wp-json\/wp\/v2\/pages\/10539\/revisions"}],"predecessor-version":[{"id":10560,"href":"https:\/\/aem.hr\/en\/wp-json\/wp\/v2\/pages\/10539\/revisions\/10560"}],"wp:attachment":[{"href":"https:\/\/aem.hr\/en\/wp-json\/wp\/v2\/media?parent=10539"}],"curies":[{"name":"wp","href":"https:\/\/api.w.org\/{rel}","templated":true}]}}