{"id":10562,"date":"2021-10-20T12:52:37","date_gmt":"2021-10-20T10:52:37","guid":{"rendered":"http:\/\/aem.hr\/?page_id=10562"},"modified":"2021-10-20T12:52:43","modified_gmt":"2021-10-20T10:52:43","slug":"obnova-sela-zupanjske-posavine-poslije-katastrofalne-poplave","status":"publish","type":"page","link":"https:\/\/aem.hr\/en\/obnova-sela-zupanjske-posavine-poslije-katastrofalne-poplave\/","title":{"rendered":"Obnova sela \u017eupanjske Posavine poslije katastrofalne poplave"},"content":{"rendered":"\n<div class=\"wp-block-file\"><a href=\"https:\/\/aem.hr\/wp-content\/uploads\/2021\/10\/1.-Sedam-godina-od-katastrofalne-poplave.pdf\">1. Sedam godina od katastrofalne poplave koju \u0107e Hrvatska dugo pamtiti<\/a><a href=\"https:\/\/aem.hr\/wp-content\/uploads\/2021\/10\/1.-Sedam-godina-od-katastrofalne-poplave.pdf\" class=\"wp-block-file__button\" download>Preuzimanje<\/a><\/div>\n\n\n\n<div class=\"wp-block-file\"><a href=\"https:\/\/aem.hr\/wp-content\/uploads\/2021\/10\/2.-Hrvoje-Lucic_-U-odnosu-na-Baniju.pdf\">2. Hrvoje Luci\u0107: U odnosu na Baniju danas mogu re\u0107i kako je Gunja super pro\u0161la<\/a><a href=\"https:\/\/aem.hr\/wp-content\/uploads\/2021\/10\/2.-Hrvoje-Lucic_-U-odnosu-na-Baniju.pdf\" class=\"wp-block-file__button\" download> Preuzimanje <\/a><\/div>\n\n\n\n<div class=\"wp-block-file\"><a href=\"https:\/\/aem.hr\/wp-content\/uploads\/2021\/10\/3.-Niti-poslije-sedam-godina-vecina-objekata.pdf\">3. Niti poslije sedam godina ve\u0107ina objekata javne namjene u Gunji nije obnovljena<\/a><a href=\"https:\/\/aem.hr\/wp-content\/uploads\/2021\/10\/3.-Niti-poslije-sedam-godina-vecina-objekata.pdf\" class=\"wp-block-file__button\" download> Preuzimanje <\/a><\/div>\n\n\n\n<div class=\"wp-block-file\"><a href=\"https:\/\/aem.hr\/wp-content\/uploads\/2021\/10\/4.-Zakon-o-obnovi-Gunje-i-poplavljenih-podrucja.pdf\">4. Zakon o obnovi Gunje i poplavljenih podru\u010dja donesen je samo mjesec dana nakon poplave<\/a><a href=\"https:\/\/aem.hr\/wp-content\/uploads\/2021\/10\/4.-Zakon-o-obnovi-Gunje-i-poplavljenih-podrucja.pdf\" class=\"wp-block-file__button\" download> Preuzimanje <\/a><\/div>\n\n\n\n<div class=\"wp-block-file\"><a href=\"https:\/\/aem.hr\/wp-content\/uploads\/2021\/10\/5.-Mjestani-Gunje-podijeljeni-oko-kvalitete.pdf\">5. Mje\u0161tani Gunje podijeljeni oko kvalitete obnove: Neki zadovoljni, a neki se radi svega razboljeli<\/a><a href=\"https:\/\/aem.hr\/wp-content\/uploads\/2021\/10\/5.-Mjestani-Gunje-podijeljeni-oko-kvalitete.pdf\" class=\"wp-block-file__button\" download> Preuzimanje <\/a><\/div>\n\n\n\n<div class=\"wp-block-file\"><a href=\"https:\/\/aem.hr\/wp-content\/uploads\/2021\/10\/6.-Napuhane-cijene-obnove-u-zupanjskoj.pdf\">6. Napuhane cijene obnove u \u017eupanjskoj Cvelferiji: Cijene bile vi\u0161e od izgradnje novih stanova u Zagrebu<\/a><a href=\"https:\/\/aem.hr\/wp-content\/uploads\/2021\/10\/6.-Napuhane-cijene-obnove-u-zupanjskoj.pdf\" class=\"wp-block-file__button\" download> Preuzimanje <\/a><\/div>\n\n\n\n<div class=\"wp-block-file\"><a href=\"https:\/\/aem.hr\/wp-content\/uploads\/2021\/10\/7.-Sve-to-sto-smo-mi-tada-radili.pdf\">7. Sve to \u0161to smo mi tada radili u suprotnosti je s onim \u0161to aktualna Vlada RH radi danas<\/a><a href=\"https:\/\/aem.hr\/wp-content\/uploads\/2021\/10\/7.-Sve-to-sto-smo-mi-tada-radili.pdf\" class=\"wp-block-file__button\" download> Preuzimanje <\/a><\/div>\n\n\n\n<div class=\"wp-block-file\"><a href=\"https:\/\/aem.hr\/wp-content\/uploads\/2021\/10\/8.-Poslije-poplave-izostala-je-pomoc-drzave.pdf\">8. Poslije poplave izostala je pomo\u0107 dr\u017eave gospodarstvenicima. Ostavljeni smo na cjedilu<\/a><a href=\"https:\/\/aem.hr\/wp-content\/uploads\/2021\/10\/8.-Poslije-poplave-izostala-je-pomoc-drzave.pdf\" class=\"wp-block-file__button\" download> Preuzimanje <\/a><\/div>\n\n\n\n<div class=\"wp-block-file\"><a href=\"https:\/\/aem.hr\/wp-content\/uploads\/2021\/10\/9.-Radi-poplave-ostao-bez-6.000-koka-nesilica.pdf\">9. Radi poplave ostao bez 6.000 koka nesilica. Dr\u017eava mu nije isplatila nikakvu \u0161tetu<\/a><a href=\"https:\/\/aem.hr\/wp-content\/uploads\/2021\/10\/9.-Radi-poplave-ostao-bez-6.000-koka-nesilica.pdf\" class=\"wp-block-file__button\" download> Preuzimanje <\/a><\/div>\n\n\n\n<div class=\"wp-block-file\"><a href=\"https:\/\/aem.hr\/wp-content\/uploads\/2021\/10\/10.-Mjestani-Gunje-kao-i-stradanje-ostalih.pdf\">10. Mje\u0161tani Gunje kao i stradanje ostalih poplavljenih sela brzo su zaboravljeni<\/a><a href=\"https:\/\/aem.hr\/wp-content\/uploads\/2021\/10\/10.-Mjestani-Gunje-kao-i-stradanje-ostalih.pdf\" class=\"wp-block-file__button\" download> Preuzimanje <\/a><\/div>\n\n\n\n<p><\/p>\n","protected":false},"excerpt":{"rendered":"","protected":false},"author":18,"featured_media":0,"parent":0,"menu_order":0,"comment_status":"closed","ping_status":"closed","template":"","meta":{"_acf_changed":false,"inline_featured_image":false,"advgb_blocks_editor_width":"","advgb_blocks_columns_visual_guide":"","_links_to":"","_links_to_type":0,"footnotes":""},"class_list":["post-10562","page","type-page","status-publish","hentry"],"acf":[],"yoast_head":"<!-- This site is optimized with the Yoast SEO plugin v25.7 - https:\/\/yoast.com\/wordpress\/plugins\/seo\/ -->\n<title>Obnova sela \u017eupanjske Posavine poslije katastrofalne poplave - Agencija za elektroni\u010dke medije<\/title>\n<meta name=\"robots\" content=\"index, follow, max-snippet:-1, max-image-preview:large, max-video-preview:-1\" \/>\n<link rel=\"canonical\" href=\"https:\/\/aem.hr\/obnova-sela-zupanjske-posavine-poslije-katastrofalne-poplave\/\" \/>\n<meta property=\"og:locale\" content=\"en_US\" \/>\n<meta property=\"og:type\" content=\"article\" \/>\n<meta property=\"og:title\" content=\"Obnova sela \u017eupanjske Posavine poslije katastrofalne poplave - Agencija za elektroni\u010dke medije\" \/>\n<meta property=\"og:url\" content=\"https:\/\/aem.hr\/obnova-sela-zupanjske-posavine-poslije-katastrofalne-poplave\/\" \/>\n<meta property=\"og:site_name\" content=\"Agencija za elektroni\u010dke medije\" \/>\n<meta property=\"article:modified_time\" content=\"2021-10-20T10:52:43+00:00\" \/>\n<meta name=\"twitter:card\" content=\"summary_large_image\" \/>\n<meta name=\"twitter:label1\" content=\"Est. reading time\" \/>\n\t<meta name=\"twitter:data1\" content=\"1 minute\" \/>\n<script type=\"application\/ld+json\" class=\"yoast-schema-graph\">{\"@context\":\"https:\/\/schema.org\",\"@graph\":[{\"@type\":\"WebPage\",\"@id\":\"https:\/\/aem.hr\/obnova-sela-zupanjske-posavine-poslije-katastrofalne-poplave\/\",\"url\":\"https:\/\/aem.hr\/obnova-sela-zupanjske-posavine-poslije-katastrofalne-poplave\/\",\"name\":\"Obnova sela \u017eupanjske Posavine poslije katastrofalne poplave - Agencija za elektroni\u010dke medije\",\"isPartOf\":{\"@id\":\"https:\/\/aem.hr\/#website\"},\"datePublished\":\"2021-10-20T10:52:37+00:00\",\"dateModified\":\"2021-10-20T10:52:43+00:00\",\"breadcrumb\":{\"@id\":\"https:\/\/aem.hr\/obnova-sela-zupanjske-posavine-poslije-katastrofalne-poplave\/#breadcrumb\"},\"inLanguage\":\"en-US\",\"potentialAction\":[{\"@type\":\"ReadAction\",\"target\":[\"https:\/\/aem.hr\/obnova-sela-zupanjske-posavine-poslije-katastrofalne-poplave\/\"]}]},{\"@type\":\"BreadcrumbList\",\"@id\":\"https:\/\/aem.hr\/obnova-sela-zupanjske-posavine-poslije-katastrofalne-poplave\/#breadcrumb\",\"itemListElement\":[{\"@type\":\"ListItem\",\"position\":1,\"name\":\"Po\u010detna stranica\",\"item\":\"https:\/\/aem.hr\/\"},{\"@type\":\"ListItem\",\"position\":2,\"name\":\"Obnova sela \u017eupanjske Posavine poslije katastrofalne poplave\"}]},{\"@type\":\"WebSite\",\"@id\":\"https:\/\/aem.hr\/#website\",\"url\":\"https:\/\/aem.hr\/\",\"name\":\"Agencija za elektroni\u010dke medije\",\"description\":\"\",\"potentialAction\":[{\"@type\":\"SearchAction\",\"target\":{\"@type\":\"EntryPoint\",\"urlTemplate\":\"https:\/\/aem.hr\/?s={search_term_string}\"},\"query-input\":{\"@type\":\"PropertyValueSpecification\",\"valueRequired\":true,\"valueName\":\"search_term_string\"}}],\"inLanguage\":\"en-US\"}]}<\/script>\n<!-- \/ Yoast SEO plugin. -->","yoast_head_json":{"title":"Obnova sela \u017eupanjske Posavine poslije katastrofalne poplave - Agencija za elektroni\u010dke medije","robots":{"index":"index","follow":"follow","max-snippet":"max-snippet:-1","max-image-preview":"max-image-preview:large","max-video-preview":"max-video-preview:-1"},"canonical":"https:\/\/aem.hr\/obnova-sela-zupanjske-posavine-poslije-katastrofalne-poplave\/","og_locale":"en_US","og_type":"article","og_title":"Obnova sela \u017eupanjske Posavine poslije katastrofalne poplave - Agencija za elektroni\u010dke medije","og_url":"https:\/\/aem.hr\/obnova-sela-zupanjske-posavine-poslije-katastrofalne-poplave\/","og_site_name":"Agencija za elektroni\u010dke medije","article_modified_time":"2021-10-20T10:52:43+00:00","twitter_card":"summary_large_image","twitter_misc":{"Est. reading time":"1 minute"},"schema":{"@context":"https:\/\/schema.org","@graph":[{"@type":"WebPage","@id":"https:\/\/aem.hr\/obnova-sela-zupanjske-posavine-poslije-katastrofalne-poplave\/","url":"https:\/\/aem.hr\/obnova-sela-zupanjske-posavine-poslije-katastrofalne-poplave\/","name":"Obnova sela \u017eupanjske Posavine poslije katastrofalne poplave - Agencija za elektroni\u010dke medije","isPartOf":{"@id":"https:\/\/aem.hr\/#website"},"datePublished":"2021-10-20T10:52:37+00:00","dateModified":"2021-10-20T10:52:43+00:00","breadcrumb":{"@id":"https:\/\/aem.hr\/obnova-sela-zupanjske-posavine-poslije-katastrofalne-poplave\/#breadcrumb"},"inLanguage":"en-US","potentialAction":[{"@type":"ReadAction","target":["https:\/\/aem.hr\/obnova-sela-zupanjske-posavine-poslije-katastrofalne-poplave\/"]}]},{"@type":"BreadcrumbList","@id":"https:\/\/aem.hr\/obnova-sela-zupanjske-posavine-poslije-katastrofalne-poplave\/#breadcrumb","itemListElement":[{"@type":"ListItem","position":1,"name":"Po\u010detna stranica","item":"https:\/\/aem.hr\/"},{"@type":"ListItem","position":2,"name":"Obnova sela \u017eupanjske Posavine poslije katastrofalne poplave"}]},{"@type":"WebSite","@id":"https:\/\/aem.hr\/#website","url":"https:\/\/aem.hr\/","name":"Agencija za elektroni\u010dke medije","description":"","potentialAction":[{"@type":"SearchAction","target":{"@type":"EntryPoint","urlTemplate":"https:\/\/aem.hr\/?s={search_term_string}"},"query-input":{"@type":"PropertyValueSpecification","valueRequired":true,"valueName":"search_term_string"}}],"inLanguage":"en-US"}]}},"coauthors":[],"author_meta":{"author_link":"https:\/\/aem.hr\/en\/blog\/author\/mkirac\/","display_name":"Matko Kirac"},"relative_dates":{"created":"Posted 4 years ago","modified":"Updated 4 years ago"},"absolute_dates":{"created":"Posted on 20. October 2021.","modified":"Updated on 20. October 2021."},"absolute_dates_time":{"created":"Posted on 20. October 2021. 12:52","modified":"Updated on 20. October 2021. 12:52"},"featured_img_caption":"","featured_img":false,"series_order":"","_links":{"self":[{"href":"https:\/\/aem.hr\/en\/wp-json\/wp\/v2\/pages\/10562","targetHints":{"allow":["GET"]}}],"collection":[{"href":"https:\/\/aem.hr\/en\/wp-json\/wp\/v2\/pages"}],"about":[{"href":"https:\/\/aem.hr\/en\/wp-json\/wp\/v2\/types\/page"}],"author":[{"embeddable":true,"href":"https:\/\/aem.hr\/en\/wp-json\/wp\/v2\/users\/18"}],"replies":[{"embeddable":true,"href":"https:\/\/aem.hr\/en\/wp-json\/wp\/v2\/comments?post=10562"}],"version-history":[{"count":1,"href":"https:\/\/aem.hr\/en\/wp-json\/wp\/v2\/pages\/10562\/revisions"}],"predecessor-version":[{"id":10582,"href":"https:\/\/aem.hr\/en\/wp-json\/wp\/v2\/pages\/10562\/revisions\/10582"}],"wp:attachment":[{"href":"https:\/\/aem.hr\/en\/wp-json\/wp\/v2\/media?parent=10562"}],"curies":[{"name":"wp","href":"https:\/\/api.w.org\/{rel}","templated":true}]}}