{"id":10584,"date":"2021-10-20T12:58:50","date_gmt":"2021-10-20T10:58:50","guid":{"rendered":"http:\/\/aem.hr\/?page_id=10584"},"modified":"2021-10-20T12:58:53","modified_gmt":"2021-10-20T10:58:53","slug":"globalni-medunarodni-odnosi-u-svjetlu-izazovnog-vremena-u-kojem-zivimo-i-utjecaji-na-hrvatsku","status":"publish","type":"page","link":"https:\/\/aem.hr\/en\/globalni-medunarodni-odnosi-u-svjetlu-izazovnog-vremena-u-kojem-zivimo-i-utjecaji-na-hrvatsku\/","title":{"rendered":"Globalni me\u0111unarodni odnosi u svjetlu Izazovnog vremena u kojem \u017eivimo i utjecaji na Hrvatsku"},"content":{"rendered":"\n<div class=\"wp-block-file\"><a href=\"https:\/\/aem.hr\/wp-content\/uploads\/2021\/10\/1.-DODIK-OPET-PRIJETI.pdf\">1. DODIK OPET PRIJETI, INZKO JE ZA NJEGA &#8216;KRETEN&#8217; Gjenero: Njemu je jasno da nema ni\u0161ta od promjene granica i da su njegove prijetnje prazna pu\u0161ka; Vu\u010di\u0107? On je 1995. podr\u017eavao genocid!<\/a><a href=\"https:\/\/aem.hr\/wp-content\/uploads\/2021\/10\/1.-DODIK-OPET-PRIJETI.pdf\" class=\"wp-block-file__button\" download> Preuzimanje<\/a><\/div>\n\n\n\n<div class=\"wp-block-file\"><a href=\"https:\/\/aem.hr\/wp-content\/uploads\/2021\/10\/2.-Gjenero-za-Direktno_-Grabar-Kitarovic.pdf\">2. Gjenero za Direktno: Grabar-Kitarovi\u0107 bila bi dobar izbor za glavnu tajnicu NATO-a, ali \u010dini se da je biv\u0161a predsjednica Litve utjecajnija u globalnoj politici<\/a><a href=\"https:\/\/aem.hr\/wp-content\/uploads\/2021\/10\/2.-Gjenero-za-Direktno_-Grabar-Kitarovic.pdf\" class=\"wp-block-file__button\" download> Preuzimanje<\/a><\/div>\n\n\n\n<div class=\"wp-block-file\"><a href=\"https:\/\/aem.hr\/wp-content\/uploads\/2021\/10\/3.-Brodic_-Migracija-vojno-sposobnih-muskaraca.pdf\">3. Brodi\u0107: Migracija vojno sposobnih mu\u0161karaca u kaosu evakuacije i s gerilskim talibanskim tehnikama du\u0161u je dala za infiltraciju terorista spava\u010da<\/a><a href=\"https:\/\/aem.hr\/wp-content\/uploads\/2021\/10\/3.-Brodic_-Migracija-vojno-sposobnih-muskaraca.pdf\" class=\"wp-block-file__button\" download> Preuzimanje<\/a><\/div>\n\n\n\n<div class=\"wp-block-file\"><a href=\"https:\/\/aem.hr\/wp-content\/uploads\/2021\/10\/4.-Kineska-revolucija-kostala-je-ulagace.pdf\">4. Kineska &#8216;revolucija&#8217; ko\u0161tala je ulaga\u010de tri bilijuna dolara; o tome se oglasio i milijarder George Soros<\/a><a href=\"https:\/\/aem.hr\/wp-content\/uploads\/2021\/10\/4.-Kineska-revolucija-kostala-je-ulagace.pdf\" class=\"wp-block-file__button\" download> Preuzimanje<\/a><\/div>\n\n\n\n<div class=\"wp-block-file\"><a href=\"https:\/\/aem.hr\/wp-content\/uploads\/2021\/10\/5.-UOCI-DOLASKA-MACRONA.pdf\">5. UO\u010cI DOLASKA MACRONA Gjenero za Direktno: Racionalno je \u0161to hrvatska diplomacija i politika igraju na kartu Francuske, ona je trenutno najsna\u017enija u Europi<\/a><a href=\"https:\/\/aem.hr\/wp-content\/uploads\/2021\/10\/5.-UOCI-DOLASKA-MACRONA.pdf\" class=\"wp-block-file__button\" download> Preuzimanje<\/a><\/div>\n\n\n\n<div class=\"wp-block-file\"><a href=\"https:\/\/aem.hr\/wp-content\/uploads\/2021\/10\/6.-SPEKTAKULARNO-AMERICKO-ORUZJE.pdf\">6. SPEKTAKULARNO AMERI\u010cKO ORU\u017dJE U AFGANISTANU Bari\u0107 za Direktno: Vjerojatno ne\u0107e biti nikakvog dogovora s talibanima; ameri\u010dka vojska otpisanu \u0107e opremu zamijeniti novom<\/a><a href=\"https:\/\/aem.hr\/wp-content\/uploads\/2021\/10\/6.-SPEKTAKULARNO-AMERICKO-ORUZJE.pdf\" class=\"wp-block-file__button\" download> Preuzimanje<\/a><\/div>\n\n\n\n<div class=\"wp-block-file\"><a href=\"https:\/\/aem.hr\/wp-content\/uploads\/2021\/10\/7.-UZNEMIRUJUCI-VIDEO_-SVIJET-VISE-NIJE-BIO-ISTI.pdf\">7. UZNEMIRUJU\u0106I VIDEO: SVIJET VI\u0160E NIJE BIO ISTI Pro\u0161lo je punih 20 godina, a sje\u0107anje na 11. rujna 2001. godine nikada ne\u0107e nestati\u2026<\/a><a href=\"https:\/\/aem.hr\/wp-content\/uploads\/2021\/10\/7.-UZNEMIRUJUCI-VIDEO_-SVIJET-VISE-NIJE-BIO-ISTI.pdf\" class=\"wp-block-file__button\" download>Preuzimanje<\/a><\/div>\n\n\n\n<div class=\"wp-block-file\"><a href=\"https:\/\/aem.hr\/wp-content\/uploads\/2021\/10\/8.-FOTO-Afganistanske-zene-dijele-fotografije.pdf\">8. FOTO Afganistanske \u017eene dijele fotografije \u0161arenih haljina u znak protesta protiv talibanskog nametanja crnog hid\u017eaba<\/a><a href=\"https:\/\/aem.hr\/wp-content\/uploads\/2021\/10\/8.-FOTO-Afganistanske-zene-dijele-fotografije.pdf\" class=\"wp-block-file__button\" download> Preuzimanje<\/a><\/div>\n\n\n\n<div class=\"wp-block-file\"><a href=\"https:\/\/aem.hr\/wp-content\/uploads\/2021\/10\/9.-Milardovic-za-Direktno.pdf\">9. Milardovi\u0107 za Direktno: Kako se srpskoj siled\u017eijskoj vlasti da 150 godina maltretirati sve oko sebe?<\/a><a href=\"https:\/\/aem.hr\/wp-content\/uploads\/2021\/10\/9.-Milardovic-za-Direktno.pdf\" class=\"wp-block-file__button\" download> Preuzimanje<\/a><\/div>\n\n\n\n<div class=\"wp-block-file\"><a href=\"https:\/\/aem.hr\/wp-content\/uploads\/2021\/10\/10.-Avdagic_-Dukanovicev-dolazak.pdf\">10. Avdagi\u0107: \u0110ukanovi\u0107ev dolazak ne bi bio zna\u010dajan bez kaoti\u010dnih doga\u0111aja u Cetinju, jedan dio posjeta di\u017ee obrve<\/a><a href=\"https:\/\/aem.hr\/wp-content\/uploads\/2021\/10\/10.-Avdagic_-Dukanovicev-dolazak.pdf\" class=\"wp-block-file__button\" download> Preuzimanje<\/a><\/div>\n\n\n\n<p><\/p>\n","protected":false},"excerpt":{"rendered":"","protected":false},"author":18,"featured_media":0,"parent":0,"menu_order":0,"comment_status":"closed","ping_status":"closed","template":"","meta":{"_acf_changed":false,"inline_featured_image":false,"advgb_blocks_editor_width":"","advgb_blocks_columns_visual_guide":"","_links_to":"","_links_to_type":0,"footnotes":""},"class_list":["post-10584","page","type-page","status-publish","hentry"],"acf":[],"yoast_head":"<!-- This site is optimized with the Yoast SEO plugin v25.7 - https:\/\/yoast.com\/wordpress\/plugins\/seo\/ -->\n<title>Globalni me\u0111unarodni odnosi u svjetlu Izazovnog vremena u kojem \u017eivimo i utjecaji na Hrvatsku - Agencija za elektroni\u010dke medije<\/title>\n<meta name=\"robots\" content=\"index, follow, max-snippet:-1, max-image-preview:large, max-video-preview:-1\" \/>\n<link rel=\"canonical\" href=\"https:\/\/aem.hr\/globalni-medunarodni-odnosi-u-svjetlu-izazovnog-vremena-u-kojem-zivimo-i-utjecaji-na-hrvatsku\/\" \/>\n<meta property=\"og:locale\" content=\"en_US\" \/>\n<meta property=\"og:type\" content=\"article\" \/>\n<meta property=\"og:title\" content=\"Globalni me\u0111unarodni odnosi u svjetlu Izazovnog vremena u kojem \u017eivimo i utjecaji na Hrvatsku - Agencija za elektroni\u010dke medije\" \/>\n<meta property=\"og:url\" content=\"https:\/\/aem.hr\/globalni-medunarodni-odnosi-u-svjetlu-izazovnog-vremena-u-kojem-zivimo-i-utjecaji-na-hrvatsku\/\" \/>\n<meta property=\"og:site_name\" content=\"Agencija za elektroni\u010dke medije\" \/>\n<meta property=\"article:modified_time\" content=\"2021-10-20T10:58:53+00:00\" \/>\n<meta name=\"twitter:card\" content=\"summary_large_image\" \/>\n<meta name=\"twitter:label1\" content=\"Est. reading time\" \/>\n\t<meta name=\"twitter:data1\" content=\"1 minute\" \/>\n<script type=\"application\/ld+json\" class=\"yoast-schema-graph\">{\"@context\":\"https:\/\/schema.org\",\"@graph\":[{\"@type\":\"WebPage\",\"@id\":\"https:\/\/aem.hr\/globalni-medunarodni-odnosi-u-svjetlu-izazovnog-vremena-u-kojem-zivimo-i-utjecaji-na-hrvatsku\/\",\"url\":\"https:\/\/aem.hr\/globalni-medunarodni-odnosi-u-svjetlu-izazovnog-vremena-u-kojem-zivimo-i-utjecaji-na-hrvatsku\/\",\"name\":\"Globalni me\u0111unarodni odnosi u svjetlu Izazovnog vremena u kojem \u017eivimo i utjecaji na Hrvatsku - Agencija za elektroni\u010dke medije\",\"isPartOf\":{\"@id\":\"https:\/\/aem.hr\/#website\"},\"datePublished\":\"2021-10-20T10:58:50+00:00\",\"dateModified\":\"2021-10-20T10:58:53+00:00\",\"breadcrumb\":{\"@id\":\"https:\/\/aem.hr\/globalni-medunarodni-odnosi-u-svjetlu-izazovnog-vremena-u-kojem-zivimo-i-utjecaji-na-hrvatsku\/#breadcrumb\"},\"inLanguage\":\"en-US\",\"potentialAction\":[{\"@type\":\"ReadAction\",\"target\":[\"https:\/\/aem.hr\/globalni-medunarodni-odnosi-u-svjetlu-izazovnog-vremena-u-kojem-zivimo-i-utjecaji-na-hrvatsku\/\"]}]},{\"@type\":\"BreadcrumbList\",\"@id\":\"https:\/\/aem.hr\/globalni-medunarodni-odnosi-u-svjetlu-izazovnog-vremena-u-kojem-zivimo-i-utjecaji-na-hrvatsku\/#breadcrumb\",\"itemListElement\":[{\"@type\":\"ListItem\",\"position\":1,\"name\":\"Po\u010detna stranica\",\"item\":\"https:\/\/aem.hr\/\"},{\"@type\":\"ListItem\",\"position\":2,\"name\":\"Globalni me\u0111unarodni odnosi u svjetlu Izazovnog vremena u kojem \u017eivimo i utjecaji na Hrvatsku\"}]},{\"@type\":\"WebSite\",\"@id\":\"https:\/\/aem.hr\/#website\",\"url\":\"https:\/\/aem.hr\/\",\"name\":\"Agencija za elektroni\u010dke medije\",\"description\":\"\",\"potentialAction\":[{\"@type\":\"SearchAction\",\"target\":{\"@type\":\"EntryPoint\",\"urlTemplate\":\"https:\/\/aem.hr\/?s={search_term_string}\"},\"query-input\":{\"@type\":\"PropertyValueSpecification\",\"valueRequired\":true,\"valueName\":\"search_term_string\"}}],\"inLanguage\":\"en-US\"}]}<\/script>\n<!-- \/ Yoast SEO plugin. -->","yoast_head_json":{"title":"Globalni me\u0111unarodni odnosi u svjetlu Izazovnog vremena u kojem \u017eivimo i utjecaji na Hrvatsku - Agencija za elektroni\u010dke medije","robots":{"index":"index","follow":"follow","max-snippet":"max-snippet:-1","max-image-preview":"max-image-preview:large","max-video-preview":"max-video-preview:-1"},"canonical":"https:\/\/aem.hr\/globalni-medunarodni-odnosi-u-svjetlu-izazovnog-vremena-u-kojem-zivimo-i-utjecaji-na-hrvatsku\/","og_locale":"en_US","og_type":"article","og_title":"Globalni me\u0111unarodni odnosi u svjetlu Izazovnog vremena u kojem \u017eivimo i utjecaji na Hrvatsku - Agencija za elektroni\u010dke medije","og_url":"https:\/\/aem.hr\/globalni-medunarodni-odnosi-u-svjetlu-izazovnog-vremena-u-kojem-zivimo-i-utjecaji-na-hrvatsku\/","og_site_name":"Agencija za elektroni\u010dke medije","article_modified_time":"2021-10-20T10:58:53+00:00","twitter_card":"summary_large_image","twitter_misc":{"Est. reading time":"1 minute"},"schema":{"@context":"https:\/\/schema.org","@graph":[{"@type":"WebPage","@id":"https:\/\/aem.hr\/globalni-medunarodni-odnosi-u-svjetlu-izazovnog-vremena-u-kojem-zivimo-i-utjecaji-na-hrvatsku\/","url":"https:\/\/aem.hr\/globalni-medunarodni-odnosi-u-svjetlu-izazovnog-vremena-u-kojem-zivimo-i-utjecaji-na-hrvatsku\/","name":"Globalni me\u0111unarodni odnosi u svjetlu Izazovnog vremena u kojem \u017eivimo i utjecaji na Hrvatsku - Agencija za elektroni\u010dke medije","isPartOf":{"@id":"https:\/\/aem.hr\/#website"},"datePublished":"2021-10-20T10:58:50+00:00","dateModified":"2021-10-20T10:58:53+00:00","breadcrumb":{"@id":"https:\/\/aem.hr\/globalni-medunarodni-odnosi-u-svjetlu-izazovnog-vremena-u-kojem-zivimo-i-utjecaji-na-hrvatsku\/#breadcrumb"},"inLanguage":"en-US","potentialAction":[{"@type":"ReadAction","target":["https:\/\/aem.hr\/globalni-medunarodni-odnosi-u-svjetlu-izazovnog-vremena-u-kojem-zivimo-i-utjecaji-na-hrvatsku\/"]}]},{"@type":"BreadcrumbList","@id":"https:\/\/aem.hr\/globalni-medunarodni-odnosi-u-svjetlu-izazovnog-vremena-u-kojem-zivimo-i-utjecaji-na-hrvatsku\/#breadcrumb","itemListElement":[{"@type":"ListItem","position":1,"name":"Po\u010detna stranica","item":"https:\/\/aem.hr\/"},{"@type":"ListItem","position":2,"name":"Globalni me\u0111unarodni odnosi u svjetlu Izazovnog vremena u kojem \u017eivimo i utjecaji na Hrvatsku"}]},{"@type":"WebSite","@id":"https:\/\/aem.hr\/#website","url":"https:\/\/aem.hr\/","name":"Agencija za elektroni\u010dke medije","description":"","potentialAction":[{"@type":"SearchAction","target":{"@type":"EntryPoint","urlTemplate":"https:\/\/aem.hr\/?s={search_term_string}"},"query-input":{"@type":"PropertyValueSpecification","valueRequired":true,"valueName":"search_term_string"}}],"inLanguage":"en-US"}]}},"coauthors":[],"author_meta":{"author_link":"https:\/\/aem.hr\/en\/blog\/author\/mkirac\/","display_name":"Matko Kirac"},"relative_dates":{"created":"Posted 4 years ago","modified":"Updated 4 years ago"},"absolute_dates":{"created":"Posted on 20. October 2021.","modified":"Updated on 20. October 2021."},"absolute_dates_time":{"created":"Posted on 20. October 2021. 12:58","modified":"Updated on 20. October 2021. 12:58"},"featured_img_caption":"","featured_img":false,"series_order":"","_links":{"self":[{"href":"https:\/\/aem.hr\/en\/wp-json\/wp\/v2\/pages\/10584","targetHints":{"allow":["GET"]}}],"collection":[{"href":"https:\/\/aem.hr\/en\/wp-json\/wp\/v2\/pages"}],"about":[{"href":"https:\/\/aem.hr\/en\/wp-json\/wp\/v2\/types\/page"}],"author":[{"embeddable":true,"href":"https:\/\/aem.hr\/en\/wp-json\/wp\/v2\/users\/18"}],"replies":[{"embeddable":true,"href":"https:\/\/aem.hr\/en\/wp-json\/wp\/v2\/comments?post=10584"}],"version-history":[{"count":1,"href":"https:\/\/aem.hr\/en\/wp-json\/wp\/v2\/pages\/10584\/revisions"}],"predecessor-version":[{"id":10603,"href":"https:\/\/aem.hr\/en\/wp-json\/wp\/v2\/pages\/10584\/revisions\/10603"}],"wp:attachment":[{"href":"https:\/\/aem.hr\/en\/wp-json\/wp\/v2\/media?parent=10584"}],"curies":[{"name":"wp","href":"https:\/\/api.w.org\/{rel}","templated":true}]}}