{"id":10606,"date":"2021-10-20T13:03:21","date_gmt":"2021-10-20T11:03:21","guid":{"rendered":"http:\/\/aem.hr\/?page_id=10606"},"modified":"2022-03-31T14:10:54","modified_gmt":"2022-03-31T12:10:54","slug":"novinarski-projekt-odnos-vjere-i-znanosti","status":"publish","type":"page","link":"https:\/\/aem.hr\/en\/novinarski-projekt-odnos-vjere-i-znanosti\/","title":{"rendered":"Odnos vjere i znanosti"},"content":{"rendered":"\n<div class=\"wp-block-file\"><a href=\"https:\/\/aem.hr\/wp-content\/uploads\/2021\/10\/1.-Luka-Popov-o-vjeri-i-znanosti.pdf\">1. Luka Popov o vjeri i znanosti: \u0160to im je zajedni\u010dko, a po \u010demu se razlikuju?<\/a><a href=\"https:\/\/aem.hr\/wp-content\/uploads\/2021\/10\/1.-Luka-Popov-o-vjeri-i-znanosti.pdf\" class=\"wp-block-file__button\" download> Preuzimanje <\/a><\/div>\n\n\n\n<div class=\"wp-block-file\"><a href=\"https:\/\/aem.hr\/wp-content\/uploads\/2021\/10\/2.-Mogu-li-znanost-i-vjera-biti-u-sukobu.pdf\">2. Mogu li znanost i vjera biti u sukobu?<\/a><a href=\"https:\/\/aem.hr\/wp-content\/uploads\/2021\/10\/2.-Mogu-li-znanost-i-vjera-biti-u-sukobu.pdf\" class=\"wp-block-file__button\" download> Preuzimanje <\/a><\/div>\n\n\n\n<div class=\"wp-block-file\"><a href=\"https:\/\/aem.hr\/wp-content\/uploads\/2021\/10\/3.-Galileo-Galilei-vjernik-i-znanstvenik.pdf\">3. Galileo Galilei \u2013 vjernik i znanstvenik<\/a><a href=\"https:\/\/aem.hr\/wp-content\/uploads\/2021\/10\/3.-Galileo-Galilei-vjernik-i-znanstvenik.pdf\" class=\"wp-block-file__button\" download> Preuzimanje <\/a><\/div>\n\n\n\n<div class=\"wp-block-file\"><a href=\"https:\/\/aem.hr\/wp-content\/uploads\/2021\/10\/4.-Smije-li-znanstvenik-vjerovati-u-cuda.pdf\">4. Smije li znanstvenik vjerovati u \u010duda?<\/a><a href=\"https:\/\/aem.hr\/wp-content\/uploads\/2021\/10\/4.-Smije-li-znanstvenik-vjerovati-u-cuda.pdf\" class=\"wp-block-file__button\" download> Preuzimanje <\/a><\/div>\n\n\n\n<div class=\"wp-block-file\"><a href=\"https:\/\/aem.hr\/wp-content\/uploads\/2021\/10\/5.-O-evoluciji-i-kreacionizmu.pdf\">5. Luka Popov o evoluciji i kreacionizmu: Kako su nastali svemir, Zemlja i \u010dovjek?<\/a><a href=\"https:\/\/aem.hr\/wp-content\/uploads\/2021\/10\/5.-O-evoluciji-i-kreacionizmu.pdf\" class=\"wp-block-file__button\" download>Preuzimanje<\/a><\/div>\n\n\n\n<div class=\"wp-block-file\"><a href=\"https:\/\/aem.hr\/wp-content\/uploads\/2021\/10\/6.-Suvremene-znanstvene-paradigme.pdf\">6. Luka Popov: Suvremene znanstvene paradigme imaju kr\u0161\u0107anske korijene<\/a><a href=\"https:\/\/aem.hr\/wp-content\/uploads\/2021\/10\/6.-Suvremene-znanstvene-paradigme.pdf\" class=\"wp-block-file__button\" download> Preuzimanje <\/a><\/div>\n\n\n\n<p><\/p>\n","protected":false},"excerpt":{"rendered":"","protected":false},"author":18,"featured_media":0,"parent":0,"menu_order":0,"comment_status":"closed","ping_status":"closed","template":"","meta":{"_acf_changed":false,"inline_featured_image":false,"advgb_blocks_editor_width":"","advgb_blocks_columns_visual_guide":"","_links_to":"","_links_to_type":0,"footnotes":""},"class_list":["post-10606","page","type-page","status-publish","hentry"],"acf":[],"yoast_head":"<!-- This site is optimized with the Yoast SEO plugin v25.7 - https:\/\/yoast.com\/wordpress\/plugins\/seo\/ -->\n<title>Odnos vjere i znanosti - Agencija za elektroni\u010dke medije<\/title>\n<meta name=\"robots\" content=\"index, follow, max-snippet:-1, max-image-preview:large, max-video-preview:-1\" \/>\n<link rel=\"canonical\" href=\"https:\/\/aem.hr\/novinarski-projekt-odnos-vjere-i-znanosti\/\" \/>\n<meta property=\"og:locale\" content=\"en_US\" \/>\n<meta property=\"og:type\" content=\"article\" \/>\n<meta property=\"og:title\" content=\"Odnos vjere i znanosti - Agencija za elektroni\u010dke medije\" \/>\n<meta property=\"og:url\" content=\"https:\/\/aem.hr\/novinarski-projekt-odnos-vjere-i-znanosti\/\" \/>\n<meta property=\"og:site_name\" content=\"Agencija za elektroni\u010dke medije\" \/>\n<meta property=\"article:modified_time\" content=\"2022-03-31T12:10:54+00:00\" \/>\n<meta name=\"twitter:card\" content=\"summary_large_image\" \/>\n<meta name=\"twitter:label1\" content=\"Est. reading time\" \/>\n\t<meta name=\"twitter:data1\" content=\"1 minute\" \/>\n<script type=\"application\/ld+json\" class=\"yoast-schema-graph\">{\"@context\":\"https:\/\/schema.org\",\"@graph\":[{\"@type\":\"WebPage\",\"@id\":\"https:\/\/aem.hr\/novinarski-projekt-odnos-vjere-i-znanosti\/\",\"url\":\"https:\/\/aem.hr\/novinarski-projekt-odnos-vjere-i-znanosti\/\",\"name\":\"Odnos vjere i znanosti - Agencija za elektroni\u010dke medije\",\"isPartOf\":{\"@id\":\"https:\/\/aem.hr\/#website\"},\"datePublished\":\"2021-10-20T11:03:21+00:00\",\"dateModified\":\"2022-03-31T12:10:54+00:00\",\"breadcrumb\":{\"@id\":\"https:\/\/aem.hr\/novinarski-projekt-odnos-vjere-i-znanosti\/#breadcrumb\"},\"inLanguage\":\"en-US\",\"potentialAction\":[{\"@type\":\"ReadAction\",\"target\":[\"https:\/\/aem.hr\/novinarski-projekt-odnos-vjere-i-znanosti\/\"]}]},{\"@type\":\"BreadcrumbList\",\"@id\":\"https:\/\/aem.hr\/novinarski-projekt-odnos-vjere-i-znanosti\/#breadcrumb\",\"itemListElement\":[{\"@type\":\"ListItem\",\"position\":1,\"name\":\"Po\u010detna stranica\",\"item\":\"https:\/\/aem.hr\/\"},{\"@type\":\"ListItem\",\"position\":2,\"name\":\"Odnos vjere i znanosti\"}]},{\"@type\":\"WebSite\",\"@id\":\"https:\/\/aem.hr\/#website\",\"url\":\"https:\/\/aem.hr\/\",\"name\":\"Agencija za elektroni\u010dke medije\",\"description\":\"\",\"potentialAction\":[{\"@type\":\"SearchAction\",\"target\":{\"@type\":\"EntryPoint\",\"urlTemplate\":\"https:\/\/aem.hr\/?s={search_term_string}\"},\"query-input\":{\"@type\":\"PropertyValueSpecification\",\"valueRequired\":true,\"valueName\":\"search_term_string\"}}],\"inLanguage\":\"en-US\"}]}<\/script>\n<!-- \/ Yoast SEO plugin. -->","yoast_head_json":{"title":"Odnos vjere i znanosti - Agencija za elektroni\u010dke medije","robots":{"index":"index","follow":"follow","max-snippet":"max-snippet:-1","max-image-preview":"max-image-preview:large","max-video-preview":"max-video-preview:-1"},"canonical":"https:\/\/aem.hr\/novinarski-projekt-odnos-vjere-i-znanosti\/","og_locale":"en_US","og_type":"article","og_title":"Odnos vjere i znanosti - Agencija za elektroni\u010dke medije","og_url":"https:\/\/aem.hr\/novinarski-projekt-odnos-vjere-i-znanosti\/","og_site_name":"Agencija za elektroni\u010dke medije","article_modified_time":"2022-03-31T12:10:54+00:00","twitter_card":"summary_large_image","twitter_misc":{"Est. reading time":"1 minute"},"schema":{"@context":"https:\/\/schema.org","@graph":[{"@type":"WebPage","@id":"https:\/\/aem.hr\/novinarski-projekt-odnos-vjere-i-znanosti\/","url":"https:\/\/aem.hr\/novinarski-projekt-odnos-vjere-i-znanosti\/","name":"Odnos vjere i znanosti - Agencija za elektroni\u010dke medije","isPartOf":{"@id":"https:\/\/aem.hr\/#website"},"datePublished":"2021-10-20T11:03:21+00:00","dateModified":"2022-03-31T12:10:54+00:00","breadcrumb":{"@id":"https:\/\/aem.hr\/novinarski-projekt-odnos-vjere-i-znanosti\/#breadcrumb"},"inLanguage":"en-US","potentialAction":[{"@type":"ReadAction","target":["https:\/\/aem.hr\/novinarski-projekt-odnos-vjere-i-znanosti\/"]}]},{"@type":"BreadcrumbList","@id":"https:\/\/aem.hr\/novinarski-projekt-odnos-vjere-i-znanosti\/#breadcrumb","itemListElement":[{"@type":"ListItem","position":1,"name":"Po\u010detna stranica","item":"https:\/\/aem.hr\/"},{"@type":"ListItem","position":2,"name":"Odnos vjere i znanosti"}]},{"@type":"WebSite","@id":"https:\/\/aem.hr\/#website","url":"https:\/\/aem.hr\/","name":"Agencija za elektroni\u010dke medije","description":"","potentialAction":[{"@type":"SearchAction","target":{"@type":"EntryPoint","urlTemplate":"https:\/\/aem.hr\/?s={search_term_string}"},"query-input":{"@type":"PropertyValueSpecification","valueRequired":true,"valueName":"search_term_string"}}],"inLanguage":"en-US"}]}},"coauthors":[],"author_meta":{"author_link":"https:\/\/aem.hr\/en\/blog\/author\/mkirac\/","display_name":"Matko Kirac"},"relative_dates":{"created":"Posted 5 years ago","modified":"Updated 4 years ago"},"absolute_dates":{"created":"Posted on 20. October 2021.","modified":"Updated on 31. March 2022."},"absolute_dates_time":{"created":"Posted on 20. October 2021. 13:03","modified":"Updated on 31. March 2022. 14:10"},"featured_img_caption":"","featured_img":false,"series_order":"","_links":{"self":[{"href":"https:\/\/aem.hr\/en\/wp-json\/wp\/v2\/pages\/10606","targetHints":{"allow":["GET"]}}],"collection":[{"href":"https:\/\/aem.hr\/en\/wp-json\/wp\/v2\/pages"}],"about":[{"href":"https:\/\/aem.hr\/en\/wp-json\/wp\/v2\/types\/page"}],"author":[{"embeddable":true,"href":"https:\/\/aem.hr\/en\/wp-json\/wp\/v2\/users\/18"}],"replies":[{"embeddable":true,"href":"https:\/\/aem.hr\/en\/wp-json\/wp\/v2\/comments?post=10606"}],"version-history":[{"count":2,"href":"https:\/\/aem.hr\/en\/wp-json\/wp\/v2\/pages\/10606\/revisions"}],"predecessor-version":[{"id":12286,"href":"https:\/\/aem.hr\/en\/wp-json\/wp\/v2\/pages\/10606\/revisions\/12286"}],"wp:attachment":[{"href":"https:\/\/aem.hr\/en\/wp-json\/wp\/v2\/media?parent=10606"}],"curies":[{"name":"wp","href":"https:\/\/api.w.org\/{rel}","templated":true}]}}