{"id":108,"date":"2018-11-02T12:54:38","date_gmt":"2018-11-02T11:54:38","guid":{"rendered":"http:\/\/emediji.inspirium.hr\/?page_id=108"},"modified":"2019-01-28T09:58:52","modified_gmt":"2019-01-28T08:58:52","slug":"koncesije","status":"publish","type":"page","link":"https:\/\/aem.hr\/en\/koncesije\/","title":{"rendered":"Koncesije"},"content":{"rendered":"\n<p>Vije\u0107e raspisuje javni natje\u010daj za davanje koncesija za obavljanje djelatnosti pru\u017eanja medijskih usluga televizije i radija na tehni\u010dkoj podlozi koju utvr\u0111uje Hrvatska regulatorna agencija za mre\u017ene djelatnosti (HAKOM) u skladu s propisima o elektroni\u010dkim komunikacijama i provedenih pripremnih radnji kao \u0161to su izrada studije opravdanosti davanja koncesije, izrada dokumentacije za nadmetanje i sl.<br><br>Javni natje\u010daj raspisuje se za slobodnu radijsku frekvenciju ili vi\u0161e radijskih frekvencija koje \u010dine zasebnu koncesiju, odnosno kod digitalnog radija i televizije za slobodni prijenosni kapacitet zasebnog radijskog ili televizijskog programskog kanala unutar multipleksa.<br><br>Sadr\u017eaj i postupak javnog natje\u010daja utvr\u0111en je&nbsp;<a href=\"http:\/\/aem.hr\/files\/podzakonski\/Pravilnik_o_sadrzaju_i_postupku_obavijesti_o_namjeri_davanja_koncesija_za_obavljanje_djelatnosti_pruzanja_medijskih_usluga_televizije_i_radija__1040.pdf\">Pravilnikom o sadr\u017eaju i postupku obavijesti o namjeri davanja koncesija za obavljanje djelatnosti pru\u017eanja medijskih usluga televizije i radija NN 131\/13.<\/a><\/p>\n\n\n\n<p>Na temelju odluke o odabiru najpovoljnijeg ponuditelja potpisuje se ugovor o koncesiji s najpovoljnijim ponuditeljem.<\/p>\n\n\n\n<p>Ugovor o koncesiji, osim uvjeta bitnih za ostvarivanje koncesije, mora sadr\u017eavati programsku osnovu i druge uvjete iz ponude za dobivanje koncesije.<\/p>\n\n\n\n<p>Pregled koncesijskih naknada za televizijske i radijske nakladnike s obzirom na Pravilnik o visini i na\u0107inu pla\u0107anja naknada (NN 93\/13):<\/p>\n\n\n\n<p>&#8211;&nbsp;<a href=\"https:\/\/pmu.e-mediji.hr\/Public\/PregledTvNakladnici.aspx\">Pru\u017eatelji medijskih usluga televizije<\/a><\/p>\n\n\n\n<p>&#8211;&nbsp;<a href=\"https:\/\/pmu.e-mediji.hr\/Public\/PregledRadioNakladnici.aspx\">Pru\u017eatelji medijskih usluga radija<\/a><\/p>\n\n\n\n<h6 class=\"wp-block-heading\">Dokumenti<\/h6>\n\n\n\n<div class=\"wp-block-file\"><a href=\"https:\/\/aem.hr\/wp-content\/uploads\/2018\/11\/Knjiga_TV-1.pdf\">Knjiga_TV<\/a><a href=\"https:\/\/aem.hr\/wp-content\/uploads\/2018\/11\/Knjiga_TV-1.pdf\" class=\"wp-block-file__button\" download>Preuzimanje<\/a><\/div>\n\n\n\n<div class=\"wp-block-file\"><a href=\"https:\/\/aem.hr\/wp-content\/uploads\/2018\/11\/Knjiga_Radio-1.pdf\">Knjiga_Radio<\/a><a href=\"https:\/\/aem.hr\/wp-content\/uploads\/2018\/11\/Knjiga_Radio-1.pdf\" class=\"wp-block-file__button\" download>Preuzimanje<\/a><\/div>\n","protected":false},"excerpt":{"rendered":"<p>Vije\u0107e raspisuje javni natje\u010daj za davanje koncesija za obavljanje djelatnosti pru\u017eanja medijskih usluga televizije i radija na tehni\u010dkoj podlozi koju utvr\u0111uje Hrvatska regulatorna agencija za mre\u017ene djelatnosti (HAKOM) u skladu s propisima o elektroni\u010dkim komunikacijama i provedenih pripremnih radnji kao \u0161to su izrada studije opravdanosti davanja koncesije, izrada dokumentacije za nadmetanje i sl. Javni natje\u010daj [&hellip;]<\/p>\n","protected":false},"author":2,"featured_media":0,"parent":0,"menu_order":0,"comment_status":"closed","ping_status":"closed","template":"","meta":{"_acf_changed":false,"inline_featured_image":false,"advgb_blocks_editor_width":"","advgb_blocks_columns_visual_guide":"","_links_to":"","_links_to_type":0,"footnotes":""},"class_list":["post-108","page","type-page","status-publish","hentry"],"acf":[],"yoast_head":"<!-- This site is optimized with the Yoast SEO plugin v25.7 - https:\/\/yoast.com\/wordpress\/plugins\/seo\/ -->\n<title>Koncesije - Agencija za elektroni\u010dke medije<\/title>\n<meta name=\"robots\" content=\"index, follow, max-snippet:-1, max-image-preview:large, max-video-preview:-1\" \/>\n<link rel=\"canonical\" href=\"https:\/\/aem.hr\/koncesije\/\" \/>\n<meta property=\"og:locale\" content=\"en_US\" \/>\n<meta property=\"og:type\" content=\"article\" \/>\n<meta property=\"og:title\" content=\"Koncesije - Agencija za elektroni\u010dke medije\" \/>\n<meta property=\"og:description\" content=\"Vije\u0107e raspisuje javni natje\u010daj za davanje koncesija za obavljanje djelatnosti pru\u017eanja medijskih usluga televizije i radija na tehni\u010dkoj podlozi koju utvr\u0111uje Hrvatska regulatorna agencija za mre\u017ene djelatnosti (HAKOM) u skladu s propisima o elektroni\u010dkim komunikacijama i provedenih pripremnih radnji kao \u0161to su izrada studije opravdanosti davanja koncesije, izrada dokumentacije za nadmetanje i sl. Javni natje\u010daj [&hellip;]\" \/>\n<meta property=\"og:url\" content=\"https:\/\/aem.hr\/koncesije\/\" \/>\n<meta property=\"og:site_name\" content=\"Agencija za elektroni\u010dke medije\" \/>\n<meta property=\"article:modified_time\" content=\"2019-01-28T08:58:52+00:00\" \/>\n<meta name=\"twitter:card\" content=\"summary_large_image\" \/>\n<meta name=\"twitter:label1\" content=\"Est. reading time\" \/>\n\t<meta name=\"twitter:data1\" content=\"1 minute\" \/>\n<script type=\"application\/ld+json\" class=\"yoast-schema-graph\">{\"@context\":\"https:\/\/schema.org\",\"@graph\":[{\"@type\":\"WebPage\",\"@id\":\"https:\/\/aem.hr\/koncesije\/\",\"url\":\"https:\/\/aem.hr\/koncesije\/\",\"name\":\"Koncesije - Agencija za elektroni\u010dke medije\",\"isPartOf\":{\"@id\":\"https:\/\/aem.hr\/#website\"},\"datePublished\":\"2018-11-02T11:54:38+00:00\",\"dateModified\":\"2019-01-28T08:58:52+00:00\",\"breadcrumb\":{\"@id\":\"https:\/\/aem.hr\/koncesije\/#breadcrumb\"},\"inLanguage\":\"en-US\",\"potentialAction\":[{\"@type\":\"ReadAction\",\"target\":[\"https:\/\/aem.hr\/koncesije\/\"]}]},{\"@type\":\"BreadcrumbList\",\"@id\":\"https:\/\/aem.hr\/koncesije\/#breadcrumb\",\"itemListElement\":[{\"@type\":\"ListItem\",\"position\":1,\"name\":\"Po\u010detna stranica\",\"item\":\"https:\/\/aem.hr\/\"},{\"@type\":\"ListItem\",\"position\":2,\"name\":\"Koncesije\"}]},{\"@type\":\"WebSite\",\"@id\":\"https:\/\/aem.hr\/#website\",\"url\":\"https:\/\/aem.hr\/\",\"name\":\"Agencija za elektroni\u010dke medije\",\"description\":\"\",\"potentialAction\":[{\"@type\":\"SearchAction\",\"target\":{\"@type\":\"EntryPoint\",\"urlTemplate\":\"https:\/\/aem.hr\/?s={search_term_string}\"},\"query-input\":{\"@type\":\"PropertyValueSpecification\",\"valueRequired\":true,\"valueName\":\"search_term_string\"}}],\"inLanguage\":\"en-US\"}]}<\/script>\n<!-- \/ Yoast SEO plugin. -->","yoast_head_json":{"title":"Koncesije - Agencija za elektroni\u010dke medije","robots":{"index":"index","follow":"follow","max-snippet":"max-snippet:-1","max-image-preview":"max-image-preview:large","max-video-preview":"max-video-preview:-1"},"canonical":"https:\/\/aem.hr\/koncesije\/","og_locale":"en_US","og_type":"article","og_title":"Koncesije - Agencija za elektroni\u010dke medije","og_description":"Vije\u0107e raspisuje javni natje\u010daj za davanje koncesija za obavljanje djelatnosti pru\u017eanja medijskih usluga televizije i radija na tehni\u010dkoj podlozi koju utvr\u0111uje Hrvatska regulatorna agencija za mre\u017ene djelatnosti (HAKOM) u skladu s propisima o elektroni\u010dkim komunikacijama i provedenih pripremnih radnji kao \u0161to su izrada studije opravdanosti davanja koncesije, izrada dokumentacije za nadmetanje i sl. Javni natje\u010daj [&hellip;]","og_url":"https:\/\/aem.hr\/koncesije\/","og_site_name":"Agencija za elektroni\u010dke medije","article_modified_time":"2019-01-28T08:58:52+00:00","twitter_card":"summary_large_image","twitter_misc":{"Est. reading time":"1 minute"},"schema":{"@context":"https:\/\/schema.org","@graph":[{"@type":"WebPage","@id":"https:\/\/aem.hr\/koncesije\/","url":"https:\/\/aem.hr\/koncesije\/","name":"Koncesije - Agencija za elektroni\u010dke medije","isPartOf":{"@id":"https:\/\/aem.hr\/#website"},"datePublished":"2018-11-02T11:54:38+00:00","dateModified":"2019-01-28T08:58:52+00:00","breadcrumb":{"@id":"https:\/\/aem.hr\/koncesije\/#breadcrumb"},"inLanguage":"en-US","potentialAction":[{"@type":"ReadAction","target":["https:\/\/aem.hr\/koncesije\/"]}]},{"@type":"BreadcrumbList","@id":"https:\/\/aem.hr\/koncesije\/#breadcrumb","itemListElement":[{"@type":"ListItem","position":1,"name":"Po\u010detna stranica","item":"https:\/\/aem.hr\/"},{"@type":"ListItem","position":2,"name":"Koncesije"}]},{"@type":"WebSite","@id":"https:\/\/aem.hr\/#website","url":"https:\/\/aem.hr\/","name":"Agencija za elektroni\u010dke medije","description":"","potentialAction":[{"@type":"SearchAction","target":{"@type":"EntryPoint","urlTemplate":"https:\/\/aem.hr\/?s={search_term_string}"},"query-input":{"@type":"PropertyValueSpecification","valueRequired":true,"valueName":"search_term_string"}}],"inLanguage":"en-US"}]}},"coauthors":[],"author_meta":{"author_link":"https:\/\/aem.hr\/en\/blog\/author\/stjepan\/","display_name":"stjepan"},"relative_dates":{"created":"Posted 7 years ago","modified":"Updated 7 years ago"},"absolute_dates":{"created":"Posted on 2. November 2018.","modified":"Updated on 28. January 2019."},"absolute_dates_time":{"created":"Posted on 2. November 2018. 12:54","modified":"Updated on 28. January 2019. 9:58"},"featured_img_caption":"","featured_img":false,"series_order":"","_links":{"self":[{"href":"https:\/\/aem.hr\/en\/wp-json\/wp\/v2\/pages\/108","targetHints":{"allow":["GET"]}}],"collection":[{"href":"https:\/\/aem.hr\/en\/wp-json\/wp\/v2\/pages"}],"about":[{"href":"https:\/\/aem.hr\/en\/wp-json\/wp\/v2\/types\/page"}],"author":[{"embeddable":true,"href":"https:\/\/aem.hr\/en\/wp-json\/wp\/v2\/users\/2"}],"replies":[{"embeddable":true,"href":"https:\/\/aem.hr\/en\/wp-json\/wp\/v2\/comments?post=108"}],"version-history":[{"count":4,"href":"https:\/\/aem.hr\/en\/wp-json\/wp\/v2\/pages\/108\/revisions"}],"predecessor-version":[{"id":3936,"href":"https:\/\/aem.hr\/en\/wp-json\/wp\/v2\/pages\/108\/revisions\/3936"}],"wp:attachment":[{"href":"https:\/\/aem.hr\/en\/wp-json\/wp\/v2\/media?parent=108"}],"curies":[{"name":"wp","href":"https:\/\/api.w.org\/{rel}","templated":true}]}}