{"id":10800,"date":"2021-11-29T10:45:01","date_gmt":"2021-11-29T09:45:01","guid":{"rendered":"http:\/\/aem.hr\/?page_id=10800"},"modified":"2021-11-29T10:45:03","modified_gmt":"2021-11-29T09:45:03","slug":"vjerska-sloboda-kao-stijena-koja-cvrsto-drzi-ljudska-prava-drustvom-21-stoljeca-opet-dominiraju-progoni-vjernika","status":"publish","type":"page","link":"https:\/\/aem.hr\/en\/vjerska-sloboda-kao-stijena-koja-cvrsto-drzi-ljudska-prava-drustvom-21-stoljeca-opet-dominiraju-progoni-vjernika\/","title":{"rendered":"Vjerska sloboda kao stijena koja \u010dvrsto dr\u017ei ljudska prava: Dru\u0161tvom 21. stolje\u0107a opet dominiraju progoni vjernika"},"content":{"rendered":"\n<div class=\"wp-block-file\"><a href=\"https:\/\/aem.hr\/wp-content\/uploads\/2021\/11\/1.-Sloboda-misli-savjesti-i-vjeroispovjesti.pdf\">1. Sloboda misli, savjesti i vjeroispovjesti temelj su demokratskoga dru\u0161tva (1\/6)<\/a><a href=\"https:\/\/aem.hr\/wp-content\/uploads\/2021\/11\/1.-Sloboda-misli-savjesti-i-vjeroispovjesti.pdf\" class=\"wp-block-file__button\" download> Preuzimanje<\/a><\/div>\n\n\n\n<div class=\"wp-block-file\"><a href=\"https:\/\/aem.hr\/wp-content\/uploads\/2021\/11\/2.-Sloboda-vjeroispovjesti-tice-se-i-vjernika.pdf\">2. Sloboda vjeroispovjesti ti\u010de se i vjernika i nevjernika, zato je interes dr\u017eave da je \u0161titi (2\/6)<\/a><a href=\"https:\/\/aem.hr\/wp-content\/uploads\/2021\/11\/2.-Sloboda-vjeroispovjesti-tice-se-i-vjernika.pdf\" class=\"wp-block-file__button\" download> Preuzimanje<\/a><\/div>\n\n\n\n<div class=\"wp-block-file\"><a href=\"https:\/\/aem.hr\/wp-content\/uploads\/2021\/11\/3.-Nadbiskup-koadjutor-vrhobsanski-Tomo-Vuksic.pdf\">3. Nadbiskup koadjutor vrhobsanski Tomo Vuk\u0161i\u0107: &#8220;Sloboda \u010dovjeka, pa i ona vjerska, mora biti najdublji nepisani izvor zakona<\/a><a href=\"https:\/\/aem.hr\/wp-content\/uploads\/2021\/11\/3.-Nadbiskup-koadjutor-vrhobsanski-Tomo-Vuksic.pdf\" class=\"wp-block-file__button\" download> Preuzimanje<\/a><\/div>\n\n\n\n<div class=\"wp-block-file\"><a href=\"https:\/\/aem.hr\/wp-content\/uploads\/2021\/11\/4.-Kako-Madarska-svojim-humanitarnim.pdf\">4. Kako Ma\u0111arska svojim humanitarnim programom razbija &#8220;zid ravnodu\u0161nosti i \u0161utnje&#8221; o progonjenim kr\u0161\u0107anima (4\/6)<\/a><a href=\"https:\/\/aem.hr\/wp-content\/uploads\/2021\/11\/4.-Kako-Madarska-svojim-humanitarnim.pdf\" class=\"wp-block-file__button\" download> Preuzimanje<\/a><\/div>\n\n\n\n<div class=\"wp-block-file\"><a href=\"https:\/\/aem.hr\/wp-content\/uploads\/2021\/11\/5.-Teolog-Zeljko-Tanjic-o-slobodi-vjerovanja.pdf\">5. Teolog \u017deljko Tanji\u0107 o slobodi vjerovanja &#8211; Utemeljena je na dostojanstvu ljudske osobe i nitko je ne mo\u017ee oduzeti ili ograni\u010diti (5\/6)<\/a><a href=\"https:\/\/aem.hr\/wp-content\/uploads\/2021\/11\/5.-Teolog-Zeljko-Tanjic-o-slobodi-vjerovanja.pdf\" class=\"wp-block-file__button\" download>Preuzimanje<\/a><\/div>\n\n\n\n<div class=\"wp-block-file\"><a href=\"https:\/\/aem.hr\/wp-content\/uploads\/2021\/11\/6.-Ubijani-i-progonjeni-zbog-vjerske-netrpeljivosti.pdf\">6. Ubijani i progonjeni zbog vjerske netrpeljivosti &#8211; Dvije tre\u0107ine svjetske populacije \u017eivi u zemljama u kojima postoje ozbiljna kr\u0161enja vjerske slobode (6\/6)<\/a><a href=\"https:\/\/aem.hr\/wp-content\/uploads\/2021\/11\/6.-Ubijani-i-progonjeni-zbog-vjerske-netrpeljivosti.pdf\" class=\"wp-block-file__button\" download> Preuzimanje<\/a><\/div>\n\n\n\n<p><\/p>\n","protected":false},"excerpt":{"rendered":"","protected":false},"author":18,"featured_media":0,"parent":0,"menu_order":0,"comment_status":"closed","ping_status":"closed","template":"","meta":{"_acf_changed":false,"inline_featured_image":false,"advgb_blocks_editor_width":"","advgb_blocks_columns_visual_guide":"","_links_to":"","_links_to_type":0,"footnotes":""},"class_list":["post-10800","page","type-page","status-publish","hentry"],"acf":[],"yoast_head":"<!-- This site is optimized with the Yoast SEO plugin v25.7 - https:\/\/yoast.com\/wordpress\/plugins\/seo\/ -->\n<title>Vjerska sloboda kao stijena koja \u010dvrsto dr\u017ei ljudska prava: Dru\u0161tvom 21. stolje\u0107a opet dominiraju progoni vjernika - Agencija za elektroni\u010dke medije<\/title>\n<meta name=\"robots\" content=\"index, follow, max-snippet:-1, max-image-preview:large, max-video-preview:-1\" \/>\n<link rel=\"canonical\" href=\"https:\/\/aem.hr\/vjerska-sloboda-kao-stijena-koja-cvrsto-drzi-ljudska-prava-drustvom-21-stoljeca-opet-dominiraju-progoni-vjernika\/\" \/>\n<meta property=\"og:locale\" content=\"en_US\" \/>\n<meta property=\"og:type\" content=\"article\" \/>\n<meta property=\"og:title\" content=\"Vjerska sloboda kao stijena koja \u010dvrsto dr\u017ei ljudska prava: Dru\u0161tvom 21. stolje\u0107a opet dominiraju progoni vjernika - Agencija za elektroni\u010dke medije\" \/>\n<meta property=\"og:url\" content=\"https:\/\/aem.hr\/vjerska-sloboda-kao-stijena-koja-cvrsto-drzi-ljudska-prava-drustvom-21-stoljeca-opet-dominiraju-progoni-vjernika\/\" \/>\n<meta property=\"og:site_name\" content=\"Agencija za elektroni\u010dke medije\" \/>\n<meta property=\"article:modified_time\" content=\"2021-11-29T09:45:03+00:00\" \/>\n<meta name=\"twitter:card\" content=\"summary_large_image\" \/>\n<meta name=\"twitter:label1\" content=\"Est. reading time\" \/>\n\t<meta name=\"twitter:data1\" content=\"1 minute\" \/>\n<script type=\"application\/ld+json\" class=\"yoast-schema-graph\">{\"@context\":\"https:\/\/schema.org\",\"@graph\":[{\"@type\":\"WebPage\",\"@id\":\"https:\/\/aem.hr\/vjerska-sloboda-kao-stijena-koja-cvrsto-drzi-ljudska-prava-drustvom-21-stoljeca-opet-dominiraju-progoni-vjernika\/\",\"url\":\"https:\/\/aem.hr\/vjerska-sloboda-kao-stijena-koja-cvrsto-drzi-ljudska-prava-drustvom-21-stoljeca-opet-dominiraju-progoni-vjernika\/\",\"name\":\"Vjerska sloboda kao stijena koja \u010dvrsto dr\u017ei ljudska prava: Dru\u0161tvom 21. stolje\u0107a opet dominiraju progoni vjernika - Agencija za elektroni\u010dke medije\",\"isPartOf\":{\"@id\":\"https:\/\/aem.hr\/#website\"},\"datePublished\":\"2021-11-29T09:45:01+00:00\",\"dateModified\":\"2021-11-29T09:45:03+00:00\",\"breadcrumb\":{\"@id\":\"https:\/\/aem.hr\/vjerska-sloboda-kao-stijena-koja-cvrsto-drzi-ljudska-prava-drustvom-21-stoljeca-opet-dominiraju-progoni-vjernika\/#breadcrumb\"},\"inLanguage\":\"en-US\",\"potentialAction\":[{\"@type\":\"ReadAction\",\"target\":[\"https:\/\/aem.hr\/vjerska-sloboda-kao-stijena-koja-cvrsto-drzi-ljudska-prava-drustvom-21-stoljeca-opet-dominiraju-progoni-vjernika\/\"]}]},{\"@type\":\"BreadcrumbList\",\"@id\":\"https:\/\/aem.hr\/vjerska-sloboda-kao-stijena-koja-cvrsto-drzi-ljudska-prava-drustvom-21-stoljeca-opet-dominiraju-progoni-vjernika\/#breadcrumb\",\"itemListElement\":[{\"@type\":\"ListItem\",\"position\":1,\"name\":\"Po\u010detna stranica\",\"item\":\"https:\/\/aem.hr\/\"},{\"@type\":\"ListItem\",\"position\":2,\"name\":\"Vjerska sloboda kao stijena koja \u010dvrsto dr\u017ei ljudska prava: Dru\u0161tvom 21. stolje\u0107a opet dominiraju progoni vjernika\"}]},{\"@type\":\"WebSite\",\"@id\":\"https:\/\/aem.hr\/#website\",\"url\":\"https:\/\/aem.hr\/\",\"name\":\"Agencija za elektroni\u010dke medije\",\"description\":\"\",\"potentialAction\":[{\"@type\":\"SearchAction\",\"target\":{\"@type\":\"EntryPoint\",\"urlTemplate\":\"https:\/\/aem.hr\/?s={search_term_string}\"},\"query-input\":{\"@type\":\"PropertyValueSpecification\",\"valueRequired\":true,\"valueName\":\"search_term_string\"}}],\"inLanguage\":\"en-US\"}]}<\/script>\n<!-- \/ Yoast SEO plugin. -->","yoast_head_json":{"title":"Vjerska sloboda kao stijena koja \u010dvrsto dr\u017ei ljudska prava: Dru\u0161tvom 21. stolje\u0107a opet dominiraju progoni vjernika - Agencija za elektroni\u010dke medije","robots":{"index":"index","follow":"follow","max-snippet":"max-snippet:-1","max-image-preview":"max-image-preview:large","max-video-preview":"max-video-preview:-1"},"canonical":"https:\/\/aem.hr\/vjerska-sloboda-kao-stijena-koja-cvrsto-drzi-ljudska-prava-drustvom-21-stoljeca-opet-dominiraju-progoni-vjernika\/","og_locale":"en_US","og_type":"article","og_title":"Vjerska sloboda kao stijena koja \u010dvrsto dr\u017ei ljudska prava: Dru\u0161tvom 21. stolje\u0107a opet dominiraju progoni vjernika - Agencija za elektroni\u010dke medije","og_url":"https:\/\/aem.hr\/vjerska-sloboda-kao-stijena-koja-cvrsto-drzi-ljudska-prava-drustvom-21-stoljeca-opet-dominiraju-progoni-vjernika\/","og_site_name":"Agencija za elektroni\u010dke medije","article_modified_time":"2021-11-29T09:45:03+00:00","twitter_card":"summary_large_image","twitter_misc":{"Est. reading time":"1 minute"},"schema":{"@context":"https:\/\/schema.org","@graph":[{"@type":"WebPage","@id":"https:\/\/aem.hr\/vjerska-sloboda-kao-stijena-koja-cvrsto-drzi-ljudska-prava-drustvom-21-stoljeca-opet-dominiraju-progoni-vjernika\/","url":"https:\/\/aem.hr\/vjerska-sloboda-kao-stijena-koja-cvrsto-drzi-ljudska-prava-drustvom-21-stoljeca-opet-dominiraju-progoni-vjernika\/","name":"Vjerska sloboda kao stijena koja \u010dvrsto dr\u017ei ljudska prava: Dru\u0161tvom 21. stolje\u0107a opet dominiraju progoni vjernika - Agencija za elektroni\u010dke medije","isPartOf":{"@id":"https:\/\/aem.hr\/#website"},"datePublished":"2021-11-29T09:45:01+00:00","dateModified":"2021-11-29T09:45:03+00:00","breadcrumb":{"@id":"https:\/\/aem.hr\/vjerska-sloboda-kao-stijena-koja-cvrsto-drzi-ljudska-prava-drustvom-21-stoljeca-opet-dominiraju-progoni-vjernika\/#breadcrumb"},"inLanguage":"en-US","potentialAction":[{"@type":"ReadAction","target":["https:\/\/aem.hr\/vjerska-sloboda-kao-stijena-koja-cvrsto-drzi-ljudska-prava-drustvom-21-stoljeca-opet-dominiraju-progoni-vjernika\/"]}]},{"@type":"BreadcrumbList","@id":"https:\/\/aem.hr\/vjerska-sloboda-kao-stijena-koja-cvrsto-drzi-ljudska-prava-drustvom-21-stoljeca-opet-dominiraju-progoni-vjernika\/#breadcrumb","itemListElement":[{"@type":"ListItem","position":1,"name":"Po\u010detna stranica","item":"https:\/\/aem.hr\/"},{"@type":"ListItem","position":2,"name":"Vjerska sloboda kao stijena koja \u010dvrsto dr\u017ei ljudska prava: Dru\u0161tvom 21. stolje\u0107a opet dominiraju progoni vjernika"}]},{"@type":"WebSite","@id":"https:\/\/aem.hr\/#website","url":"https:\/\/aem.hr\/","name":"Agencija za elektroni\u010dke medije","description":"","potentialAction":[{"@type":"SearchAction","target":{"@type":"EntryPoint","urlTemplate":"https:\/\/aem.hr\/?s={search_term_string}"},"query-input":{"@type":"PropertyValueSpecification","valueRequired":true,"valueName":"search_term_string"}}],"inLanguage":"en-US"}]}},"coauthors":[],"author_meta":{"author_link":"https:\/\/aem.hr\/en\/blog\/author\/mkirac\/","display_name":"Matko Kirac"},"relative_dates":{"created":"Posted 4 years ago","modified":"Updated 4 years ago"},"absolute_dates":{"created":"Posted on 29. November 2021.","modified":"Updated on 29. November 2021."},"absolute_dates_time":{"created":"Posted on 29. November 2021. 10:45","modified":"Updated on 29. November 2021. 10:45"},"featured_img_caption":"","featured_img":false,"series_order":"","_links":{"self":[{"href":"https:\/\/aem.hr\/en\/wp-json\/wp\/v2\/pages\/10800","targetHints":{"allow":["GET"]}}],"collection":[{"href":"https:\/\/aem.hr\/en\/wp-json\/wp\/v2\/pages"}],"about":[{"href":"https:\/\/aem.hr\/en\/wp-json\/wp\/v2\/types\/page"}],"author":[{"embeddable":true,"href":"https:\/\/aem.hr\/en\/wp-json\/wp\/v2\/users\/18"}],"replies":[{"embeddable":true,"href":"https:\/\/aem.hr\/en\/wp-json\/wp\/v2\/comments?post=10800"}],"version-history":[{"count":1,"href":"https:\/\/aem.hr\/en\/wp-json\/wp\/v2\/pages\/10800\/revisions"}],"predecessor-version":[{"id":10814,"href":"https:\/\/aem.hr\/en\/wp-json\/wp\/v2\/pages\/10800\/revisions\/10814"}],"wp:attachment":[{"href":"https:\/\/aem.hr\/en\/wp-json\/wp\/v2\/media?parent=10800"}],"curies":[{"name":"wp","href":"https:\/\/api.w.org\/{rel}","templated":true}]}}