{"id":10861,"date":"2021-12-07T10:53:37","date_gmt":"2021-12-07T09:53:37","guid":{"rendered":"http:\/\/aem.hr\/?page_id=10861"},"modified":"2022-09-07T12:32:59","modified_gmt":"2022-09-07T10:32:59","slug":"feljton-torinsko-platno-i-veo-iz-manoppella-kao-dokazi-smrti-i-uskrsnuca-isusa-krista-6-nastavaka","status":"publish","type":"page","link":"https:\/\/aem.hr\/en\/feljton-torinsko-platno-i-veo-iz-manoppella-kao-dokazi-smrti-i-uskrsnuca-isusa-krista-6-nastavaka\/","title":{"rendered":"Feljton: Torinsko platno i Veo iz Manoppella kao dokazi smrti i uskrsnu\u0107a Isusa Krista"},"content":{"rendered":"\n<div class=\"wp-block-file\"><a id=\"wp-block-file--media-f17737ea-18d7-4bb1-b2b6-93e8906479dd\" href=\"https:\/\/aem.hr\/wp-content\/uploads\/2021\/12\/1.-Dva-ponajveca-krscanska-cuda.pdf\">1. Dva ponajve\u0107a kr\u0161\u0107anska \u010duda<\/a><a href=\"https:\/\/aem.hr\/wp-content\/uploads\/2021\/12\/1.-Dva-ponajveca-krscanska-cuda.pdf\" class=\"wp-block-file__button\" download aria-describedby=\"wp-block-file--media-f17737ea-18d7-4bb1-b2b6-93e8906479dd\"> Preuzimanje<\/a><\/div>\n\n\n\n<div class=\"wp-block-file\"><a id=\"wp-block-file--media-f9795a21-d853-4b05-8c3b-4a06907cb7ac\" href=\"https:\/\/aem.hr\/wp-content\/uploads\/2021\/12\/2.-Povijesni-put-dviju-najpoznatijih-krscanskih-relikvija.pdf\">2. Povijesni put dviju najpoznatijih kr\u0161\u0107anskih relikvija<\/a><a href=\"https:\/\/aem.hr\/wp-content\/uploads\/2021\/12\/2.-Povijesni-put-dviju-najpoznatijih-krscanskih-relikvija.pdf\" class=\"wp-block-file__button\" download aria-describedby=\"wp-block-file--media-f9795a21-d853-4b05-8c3b-4a06907cb7ac\"> Preuzimanje<\/a><\/div>\n\n\n\n<div class=\"wp-block-file\"><a id=\"wp-block-file--media-e4146233-691a-40ae-9c61-aa6538d081a2\" href=\"https:\/\/aem.hr\/wp-content\/uploads\/2021\/12\/3.-Pregled-znacajnijih-znanstvenih-istrazivanja.pdf\">3. Pregled zna\u010dajnijih znanstvenih istra\u017eivanja provedenih na Torinskom platnu i Svetom Licu na velu iz Manoppella<\/a><a href=\"https:\/\/aem.hr\/wp-content\/uploads\/2021\/12\/3.-Pregled-znacajnijih-znanstvenih-istrazivanja.pdf\" class=\"wp-block-file__button\" download aria-describedby=\"wp-block-file--media-e4146233-691a-40ae-9c61-aa6538d081a2\"> Preuzimanje<\/a><\/div>\n\n\n\n<div class=\"wp-block-file\"><a id=\"wp-block-file--media-25f7e70f-bf51-4f67-936b-a046f9540236\" href=\"https:\/\/aem.hr\/wp-content\/uploads\/2021\/12\/4.-DARKO-PERISA-arheolog.pdf\">4. DARKO PERI\u0160A, arheolog: Ako je u Torinskom platnu bilo umotano tijelo Isusa Krista poslije smrti, onda se nastanak trodimenzionalnog otiska ljudskog lika na tom platnu mo\u017ee objasniti samo i isklju\u010divo Kristovim uskrsnu\u0107em<\/a><a href=\"https:\/\/aem.hr\/wp-content\/uploads\/2021\/12\/4.-DARKO-PERISA-arheolog.pdf\" class=\"wp-block-file__button\" download aria-describedby=\"wp-block-file--media-25f7e70f-bf51-4f67-936b-a046f9540236\">Preuzimanje<\/a><\/div>\n\n\n\n<div class=\"wp-block-file\"><a id=\"wp-block-file--media-4a875b02-cc8d-4ab7-a6b1-eec95fe65adf\" href=\"https:\/\/aem.hr\/wp-content\/uploads\/2021\/12\/5.-GORAN-ANDRIJANIC-novinar.pdf\">5. Goran Andrijani\u0107, novinar: Nema vi\u0161e prostora za ozbiljnu sumnju u autenti\u010dnost Torinskog platna<\/a><a href=\"https:\/\/aem.hr\/wp-content\/uploads\/2021\/12\/5.-GORAN-ANDRIJANIC-novinar.pdf\" class=\"wp-block-file__button\" download aria-describedby=\"wp-block-file--media-4a875b02-cc8d-4ab7-a6b1-eec95fe65adf\"> Preuzimanje<\/a><\/div>\n\n\n\n<div class=\"wp-block-file\"><a id=\"wp-block-file--media-2bf539e3-dc4b-4d22-a356-9239c0dd64f8\" href=\"https:\/\/aem.hr\/wp-content\/uploads\/2021\/12\/6.-Vlc.-ANDELO-MALY-svecenik-i-doktor-teologije.pdf\">6. Vl\u010d. An\u0111elo Maly, sve\u0107enik i doktor teologije: Torinsko platno nam poma\u017ee razumjeti Isusovu muku<\/a><a href=\"https:\/\/aem.hr\/wp-content\/uploads\/2021\/12\/6.-Vlc.-ANDELO-MALY-svecenik-i-doktor-teologije.pdf\" class=\"wp-block-file__button\" download aria-describedby=\"wp-block-file--media-2bf539e3-dc4b-4d22-a356-9239c0dd64f8\"> Preuzimanje<\/a><\/div>\n\n\n\n<p><\/p>\n","protected":false},"excerpt":{"rendered":"","protected":false},"author":18,"featured_media":0,"parent":0,"menu_order":0,"comment_status":"closed","ping_status":"closed","template":"","meta":{"_acf_changed":false,"inline_featured_image":false,"advgb_blocks_editor_width":"","advgb_blocks_columns_visual_guide":"","_links_to":"","_links_to_type":0,"footnotes":""},"class_list":["post-10861","page","type-page","status-publish","hentry"],"acf":[],"yoast_head":"<!-- This site is optimized with the Yoast SEO plugin v25.7 - https:\/\/yoast.com\/wordpress\/plugins\/seo\/ -->\n<title>Feljton: Torinsko platno i Veo iz Manoppella kao dokazi smrti i uskrsnu\u0107a Isusa Krista - Agencija za elektroni\u010dke medije<\/title>\n<meta name=\"robots\" content=\"index, follow, max-snippet:-1, max-image-preview:large, max-video-preview:-1\" \/>\n<link rel=\"canonical\" href=\"https:\/\/aem.hr\/feljton-torinsko-platno-i-veo-iz-manoppella-kao-dokazi-smrti-i-uskrsnuca-isusa-krista-6-nastavaka\/\" \/>\n<meta property=\"og:locale\" content=\"en_US\" \/>\n<meta property=\"og:type\" content=\"article\" \/>\n<meta property=\"og:title\" content=\"Feljton: Torinsko platno i Veo iz Manoppella kao dokazi smrti i uskrsnu\u0107a Isusa Krista - Agencija za elektroni\u010dke medije\" \/>\n<meta property=\"og:url\" content=\"https:\/\/aem.hr\/feljton-torinsko-platno-i-veo-iz-manoppella-kao-dokazi-smrti-i-uskrsnuca-isusa-krista-6-nastavaka\/\" \/>\n<meta property=\"og:site_name\" content=\"Agencija za elektroni\u010dke medije\" \/>\n<meta property=\"article:modified_time\" content=\"2022-09-07T10:32:59+00:00\" \/>\n<meta name=\"twitter:card\" content=\"summary_large_image\" \/>\n<meta name=\"twitter:label1\" content=\"Est. reading time\" \/>\n\t<meta name=\"twitter:data1\" content=\"1 minute\" \/>\n<script type=\"application\/ld+json\" class=\"yoast-schema-graph\">{\"@context\":\"https:\/\/schema.org\",\"@graph\":[{\"@type\":\"WebPage\",\"@id\":\"https:\/\/aem.hr\/feljton-torinsko-platno-i-veo-iz-manoppella-kao-dokazi-smrti-i-uskrsnuca-isusa-krista-6-nastavaka\/\",\"url\":\"https:\/\/aem.hr\/feljton-torinsko-platno-i-veo-iz-manoppella-kao-dokazi-smrti-i-uskrsnuca-isusa-krista-6-nastavaka\/\",\"name\":\"Feljton: Torinsko platno i Veo iz Manoppella kao dokazi smrti i uskrsnu\u0107a Isusa Krista - Agencija za elektroni\u010dke medije\",\"isPartOf\":{\"@id\":\"https:\/\/aem.hr\/#website\"},\"datePublished\":\"2021-12-07T09:53:37+00:00\",\"dateModified\":\"2022-09-07T10:32:59+00:00\",\"breadcrumb\":{\"@id\":\"https:\/\/aem.hr\/feljton-torinsko-platno-i-veo-iz-manoppella-kao-dokazi-smrti-i-uskrsnuca-isusa-krista-6-nastavaka\/#breadcrumb\"},\"inLanguage\":\"en-US\",\"potentialAction\":[{\"@type\":\"ReadAction\",\"target\":[\"https:\/\/aem.hr\/feljton-torinsko-platno-i-veo-iz-manoppella-kao-dokazi-smrti-i-uskrsnuca-isusa-krista-6-nastavaka\/\"]}]},{\"@type\":\"BreadcrumbList\",\"@id\":\"https:\/\/aem.hr\/feljton-torinsko-platno-i-veo-iz-manoppella-kao-dokazi-smrti-i-uskrsnuca-isusa-krista-6-nastavaka\/#breadcrumb\",\"itemListElement\":[{\"@type\":\"ListItem\",\"position\":1,\"name\":\"Po\u010detna stranica\",\"item\":\"https:\/\/aem.hr\/\"},{\"@type\":\"ListItem\",\"position\":2,\"name\":\"Feljton: Torinsko platno i Veo iz Manoppella kao dokazi smrti i uskrsnu\u0107a Isusa Krista\"}]},{\"@type\":\"WebSite\",\"@id\":\"https:\/\/aem.hr\/#website\",\"url\":\"https:\/\/aem.hr\/\",\"name\":\"Agencija za elektroni\u010dke medije\",\"description\":\"\",\"potentialAction\":[{\"@type\":\"SearchAction\",\"target\":{\"@type\":\"EntryPoint\",\"urlTemplate\":\"https:\/\/aem.hr\/?s={search_term_string}\"},\"query-input\":{\"@type\":\"PropertyValueSpecification\",\"valueRequired\":true,\"valueName\":\"search_term_string\"}}],\"inLanguage\":\"en-US\"}]}<\/script>\n<!-- \/ Yoast SEO plugin. -->","yoast_head_json":{"title":"Feljton: Torinsko platno i Veo iz Manoppella kao dokazi smrti i uskrsnu\u0107a Isusa Krista - Agencija za elektroni\u010dke medije","robots":{"index":"index","follow":"follow","max-snippet":"max-snippet:-1","max-image-preview":"max-image-preview:large","max-video-preview":"max-video-preview:-1"},"canonical":"https:\/\/aem.hr\/feljton-torinsko-platno-i-veo-iz-manoppella-kao-dokazi-smrti-i-uskrsnuca-isusa-krista-6-nastavaka\/","og_locale":"en_US","og_type":"article","og_title":"Feljton: Torinsko platno i Veo iz Manoppella kao dokazi smrti i uskrsnu\u0107a Isusa Krista - Agencija za elektroni\u010dke medije","og_url":"https:\/\/aem.hr\/feljton-torinsko-platno-i-veo-iz-manoppella-kao-dokazi-smrti-i-uskrsnuca-isusa-krista-6-nastavaka\/","og_site_name":"Agencija za elektroni\u010dke medije","article_modified_time":"2022-09-07T10:32:59+00:00","twitter_card":"summary_large_image","twitter_misc":{"Est. reading time":"1 minute"},"schema":{"@context":"https:\/\/schema.org","@graph":[{"@type":"WebPage","@id":"https:\/\/aem.hr\/feljton-torinsko-platno-i-veo-iz-manoppella-kao-dokazi-smrti-i-uskrsnuca-isusa-krista-6-nastavaka\/","url":"https:\/\/aem.hr\/feljton-torinsko-platno-i-veo-iz-manoppella-kao-dokazi-smrti-i-uskrsnuca-isusa-krista-6-nastavaka\/","name":"Feljton: Torinsko platno i Veo iz Manoppella kao dokazi smrti i uskrsnu\u0107a Isusa Krista - Agencija za elektroni\u010dke medije","isPartOf":{"@id":"https:\/\/aem.hr\/#website"},"datePublished":"2021-12-07T09:53:37+00:00","dateModified":"2022-09-07T10:32:59+00:00","breadcrumb":{"@id":"https:\/\/aem.hr\/feljton-torinsko-platno-i-veo-iz-manoppella-kao-dokazi-smrti-i-uskrsnuca-isusa-krista-6-nastavaka\/#breadcrumb"},"inLanguage":"en-US","potentialAction":[{"@type":"ReadAction","target":["https:\/\/aem.hr\/feljton-torinsko-platno-i-veo-iz-manoppella-kao-dokazi-smrti-i-uskrsnuca-isusa-krista-6-nastavaka\/"]}]},{"@type":"BreadcrumbList","@id":"https:\/\/aem.hr\/feljton-torinsko-platno-i-veo-iz-manoppella-kao-dokazi-smrti-i-uskrsnuca-isusa-krista-6-nastavaka\/#breadcrumb","itemListElement":[{"@type":"ListItem","position":1,"name":"Po\u010detna stranica","item":"https:\/\/aem.hr\/"},{"@type":"ListItem","position":2,"name":"Feljton: Torinsko platno i Veo iz Manoppella kao dokazi smrti i uskrsnu\u0107a Isusa Krista"}]},{"@type":"WebSite","@id":"https:\/\/aem.hr\/#website","url":"https:\/\/aem.hr\/","name":"Agencija za elektroni\u010dke medije","description":"","potentialAction":[{"@type":"SearchAction","target":{"@type":"EntryPoint","urlTemplate":"https:\/\/aem.hr\/?s={search_term_string}"},"query-input":{"@type":"PropertyValueSpecification","valueRequired":true,"valueName":"search_term_string"}}],"inLanguage":"en-US"}]}},"coauthors":[],"author_meta":{"author_link":"https:\/\/aem.hr\/en\/blog\/author\/mkirac\/","display_name":"Matko Kirac"},"relative_dates":{"created":"Posted 4 years ago","modified":"Updated 4 years ago"},"absolute_dates":{"created":"Posted on 7. December 2021.","modified":"Updated on 7. September 2022."},"absolute_dates_time":{"created":"Posted on 7. December 2021. 10:53","modified":"Updated on 7. September 2022. 12:32"},"featured_img_caption":"","featured_img":false,"series_order":"","_links":{"self":[{"href":"https:\/\/aem.hr\/en\/wp-json\/wp\/v2\/pages\/10861","targetHints":{"allow":["GET"]}}],"collection":[{"href":"https:\/\/aem.hr\/en\/wp-json\/wp\/v2\/pages"}],"about":[{"href":"https:\/\/aem.hr\/en\/wp-json\/wp\/v2\/types\/page"}],"author":[{"embeddable":true,"href":"https:\/\/aem.hr\/en\/wp-json\/wp\/v2\/users\/18"}],"replies":[{"embeddable":true,"href":"https:\/\/aem.hr\/en\/wp-json\/wp\/v2\/comments?post=10861"}],"version-history":[{"count":2,"href":"https:\/\/aem.hr\/en\/wp-json\/wp\/v2\/pages\/10861\/revisions"}],"predecessor-version":[{"id":12982,"href":"https:\/\/aem.hr\/en\/wp-json\/wp\/v2\/pages\/10861\/revisions\/12982"}],"wp:attachment":[{"href":"https:\/\/aem.hr\/en\/wp-json\/wp\/v2\/media?parent=10861"}],"curies":[{"name":"wp","href":"https:\/\/api.w.org\/{rel}","templated":true}]}}