{"id":10900,"date":"2021-12-07T11:03:24","date_gmt":"2021-12-07T10:03:24","guid":{"rendered":"http:\/\/aem.hr\/?page_id=10900"},"modified":"2022-09-28T11:00:23","modified_gmt":"2022-09-28T09:00:23","slug":"mirovina-kako-donijeti-pametne-odluke-za-buducnost","status":"publish","type":"page","link":"https:\/\/aem.hr\/en\/mirovina-kako-donijeti-pametne-odluke-za-buducnost\/","title":{"rendered":"Mirovina \u2013 Kako donijeti pametne odluke za budu\u0107nost"},"content":{"rendered":"\n<div class=\"wp-block-file\"><a id=\"wp-block-file--media-02da9747-a3fc-48c7-8e75-043e69742a16\" href=\"https:\/\/aem.hr\/wp-content\/uploads\/2021\/12\/7.-PRO-CONTRA_-Suspendirati-ili-jacati-drugi-mir.-stup.pdf\">1. PRO &amp; CONTRA: Suspendirati ili ja\u010dati drugi mirovinski stup?<\/a><a href=\"https:\/\/aem.hr\/wp-content\/uploads\/2021\/12\/7.-PRO-CONTRA_-Suspendirati-ili-jacati-drugi-mir.-stup.pdf\" class=\"wp-block-file__button\" download aria-describedby=\"wp-block-file--media-02da9747-a3fc-48c7-8e75-043e69742a16\"> Preuzimanje<\/a><\/div>\n\n\n\n<div class=\"wp-block-file\"><a id=\"wp-block-file--media-35ad2c55-e0cc-4951-ac73-e4e9850edbe5\" href=\"https:\/\/aem.hr\/wp-content\/uploads\/2021\/12\/6.-Otprilike-nakon-19-godina-umirovljeniku-ce.pdf\">2. Otprilike nakon 19 godina umirovljeniku \u0107e biti ispla\u0107eno sve \u0161to je uplatio u MOD<\/a><a href=\"https:\/\/aem.hr\/wp-content\/uploads\/2021\/12\/6.-Otprilike-nakon-19-godina-umirovljeniku-ce.pdf\" class=\"wp-block-file__button\" download aria-describedby=\"wp-block-file--media-35ad2c55-e0cc-4951-ac73-e4e9850edbe5\">Preuzimanje<\/a><\/div>\n\n\n\n<div class=\"wp-block-file\"><a id=\"wp-block-file--media-24d37e77-00c4-48d2-9d1c-d6fff343211a\" href=\"https:\/\/aem.hr\/wp-content\/uploads\/2021\/12\/5.-Drugi-mirovinski-stup-ne-treba-ukidati.pdf\">3. Drugi mirovinski stup ne treba ukidati, ali istodobno treba ja\u010dati privatnu \u0161tednju<\/a><a href=\"https:\/\/aem.hr\/wp-content\/uploads\/2021\/12\/5.-Drugi-mirovinski-stup-ne-treba-ukidati.pdf\" class=\"wp-block-file__button\" download aria-describedby=\"wp-block-file--media-24d37e77-00c4-48d2-9d1c-d6fff343211a\"> Preuzimanje<\/a><\/div>\n\n\n\n<div class=\"wp-block-file\"><a id=\"wp-block-file--media-41a94979-416c-4187-823a-4443138fc024\" href=\"https:\/\/aem.hr\/wp-content\/uploads\/2021\/12\/4.-Znate-li-kad-ostvarujete-prvi-uvjet-za-mirovinu.pdf\">4. Znate li kad ostvarujete prvi uvjet za mirovinu<\/a><a href=\"https:\/\/aem.hr\/wp-content\/uploads\/2021\/12\/4.-Znate-li-kad-ostvarujete-prvi-uvjet-za-mirovinu.pdf\" class=\"wp-block-file__button\" download aria-describedby=\"wp-block-file--media-41a94979-416c-4187-823a-4443138fc024\"> Preuzimanje<\/a><\/div>\n\n\n\n<div class=\"wp-block-file\"><a id=\"wp-block-file--media-d165de81-d1c1-4cad-812f-c2ee5bc907c2\" href=\"https:\/\/aem.hr\/wp-content\/uploads\/2021\/12\/3.-Svaki-drugi-osiguranik-izabire-HRMOD-za-isplatu-mirovine.pdf\">5. Svaki drugi osiguranik izabire HRMOD za isplatu mirovine<\/a><a href=\"https:\/\/aem.hr\/wp-content\/uploads\/2021\/12\/3.-Svaki-drugi-osiguranik-izabire-HRMOD-za-isplatu-mirovine.pdf\" class=\"wp-block-file__button\" download aria-describedby=\"wp-block-file--media-d165de81-d1c1-4cad-812f-c2ee5bc907c2\"> Preuzimanje<\/a><\/div>\n\n\n\n<div class=\"wp-block-file\"><a id=\"wp-block-file--media-ff81066e-2fc9-47b8-9bf5-881a5d216894\" href=\"https:\/\/aem.hr\/wp-content\/uploads\/2021\/12\/2.-20-godina-od-uspostave-drugog-mir.-stupa.pdf\">6. 20 godina od uspostave drugog mirovinskog stupa. Jesmo li mogli bolje?<\/a><a href=\"https:\/\/aem.hr\/wp-content\/uploads\/2021\/12\/2.-20-godina-od-uspostave-drugog-mir.-stupa.pdf\" class=\"wp-block-file__button\" download aria-describedby=\"wp-block-file--media-ff81066e-2fc9-47b8-9bf5-881a5d216894\"> Preuzimanje<\/a><\/div>\n\n\n\n<div class=\"wp-block-file\"><a id=\"wp-block-file--media-073305f2-5a11-4c13-8681-fd550699591f\" href=\"https:\/\/aem.hr\/wp-content\/uploads\/2021\/12\/1.-Aladrovic_-Drugi-i-treci-stup.pdf\">7. Aladrovi\u0107: Drugi i tre\u0107i stup imaju pozitivne u\u010dinke za osiguranike i hrvatsko gospodarstvo, ne mijenjamo ni\u0161ta!<\/a><a href=\"https:\/\/aem.hr\/wp-content\/uploads\/2021\/12\/1.-Aladrovic_-Drugi-i-treci-stup.pdf\" class=\"wp-block-file__button\" download aria-describedby=\"wp-block-file--media-073305f2-5a11-4c13-8681-fd550699591f\"> Preuzimanje<\/a><\/div>\n\n\n\n<p><\/p>\n","protected":false},"excerpt":{"rendered":"","protected":false},"author":18,"featured_media":0,"parent":0,"menu_order":0,"comment_status":"closed","ping_status":"closed","template":"","meta":{"_acf_changed":false,"inline_featured_image":false,"advgb_blocks_editor_width":"","advgb_blocks_columns_visual_guide":"","_links_to":"","_links_to_type":0,"footnotes":""},"class_list":["post-10900","page","type-page","status-publish","hentry"],"acf":[],"yoast_head":"<!-- This site is optimized with the Yoast SEO plugin v25.7 - https:\/\/yoast.com\/wordpress\/plugins\/seo\/ -->\n<title>Mirovina \u2013 Kako donijeti pametne odluke za budu\u0107nost - Agencija za elektroni\u010dke medije<\/title>\n<meta name=\"robots\" content=\"index, follow, max-snippet:-1, max-image-preview:large, max-video-preview:-1\" \/>\n<link rel=\"canonical\" href=\"https:\/\/aem.hr\/mirovina-kako-donijeti-pametne-odluke-za-buducnost\/\" \/>\n<meta property=\"og:locale\" content=\"en_US\" \/>\n<meta property=\"og:type\" content=\"article\" \/>\n<meta property=\"og:title\" content=\"Mirovina \u2013 Kako donijeti pametne odluke za budu\u0107nost - Agencija za elektroni\u010dke medije\" \/>\n<meta property=\"og:url\" content=\"https:\/\/aem.hr\/mirovina-kako-donijeti-pametne-odluke-za-buducnost\/\" \/>\n<meta property=\"og:site_name\" content=\"Agencija za elektroni\u010dke medije\" \/>\n<meta property=\"article:modified_time\" content=\"2022-09-28T09:00:23+00:00\" \/>\n<meta name=\"twitter:card\" content=\"summary_large_image\" \/>\n<meta name=\"twitter:label1\" content=\"Est. reading time\" \/>\n\t<meta name=\"twitter:data1\" content=\"1 minute\" \/>\n<script type=\"application\/ld+json\" class=\"yoast-schema-graph\">{\"@context\":\"https:\/\/schema.org\",\"@graph\":[{\"@type\":\"WebPage\",\"@id\":\"https:\/\/aem.hr\/mirovina-kako-donijeti-pametne-odluke-za-buducnost\/\",\"url\":\"https:\/\/aem.hr\/mirovina-kako-donijeti-pametne-odluke-za-buducnost\/\",\"name\":\"Mirovina \u2013 Kako donijeti pametne odluke za budu\u0107nost - Agencija za elektroni\u010dke medije\",\"isPartOf\":{\"@id\":\"https:\/\/aem.hr\/#website\"},\"datePublished\":\"2021-12-07T10:03:24+00:00\",\"dateModified\":\"2022-09-28T09:00:23+00:00\",\"breadcrumb\":{\"@id\":\"https:\/\/aem.hr\/mirovina-kako-donijeti-pametne-odluke-za-buducnost\/#breadcrumb\"},\"inLanguage\":\"en-US\",\"potentialAction\":[{\"@type\":\"ReadAction\",\"target\":[\"https:\/\/aem.hr\/mirovina-kako-donijeti-pametne-odluke-za-buducnost\/\"]}]},{\"@type\":\"BreadcrumbList\",\"@id\":\"https:\/\/aem.hr\/mirovina-kako-donijeti-pametne-odluke-za-buducnost\/#breadcrumb\",\"itemListElement\":[{\"@type\":\"ListItem\",\"position\":1,\"name\":\"Po\u010detna stranica\",\"item\":\"https:\/\/aem.hr\/\"},{\"@type\":\"ListItem\",\"position\":2,\"name\":\"Mirovina \u2013 Kako donijeti pametne odluke za budu\u0107nost\"}]},{\"@type\":\"WebSite\",\"@id\":\"https:\/\/aem.hr\/#website\",\"url\":\"https:\/\/aem.hr\/\",\"name\":\"Agencija za elektroni\u010dke medije\",\"description\":\"\",\"potentialAction\":[{\"@type\":\"SearchAction\",\"target\":{\"@type\":\"EntryPoint\",\"urlTemplate\":\"https:\/\/aem.hr\/?s={search_term_string}\"},\"query-input\":{\"@type\":\"PropertyValueSpecification\",\"valueRequired\":true,\"valueName\":\"search_term_string\"}}],\"inLanguage\":\"en-US\"}]}<\/script>\n<!-- \/ Yoast SEO plugin. -->","yoast_head_json":{"title":"Mirovina \u2013 Kako donijeti pametne odluke za budu\u0107nost - Agencija za elektroni\u010dke medije","robots":{"index":"index","follow":"follow","max-snippet":"max-snippet:-1","max-image-preview":"max-image-preview:large","max-video-preview":"max-video-preview:-1"},"canonical":"https:\/\/aem.hr\/mirovina-kako-donijeti-pametne-odluke-za-buducnost\/","og_locale":"en_US","og_type":"article","og_title":"Mirovina \u2013 Kako donijeti pametne odluke za budu\u0107nost - Agencija za elektroni\u010dke medije","og_url":"https:\/\/aem.hr\/mirovina-kako-donijeti-pametne-odluke-za-buducnost\/","og_site_name":"Agencija za elektroni\u010dke medije","article_modified_time":"2022-09-28T09:00:23+00:00","twitter_card":"summary_large_image","twitter_misc":{"Est. reading time":"1 minute"},"schema":{"@context":"https:\/\/schema.org","@graph":[{"@type":"WebPage","@id":"https:\/\/aem.hr\/mirovina-kako-donijeti-pametne-odluke-za-buducnost\/","url":"https:\/\/aem.hr\/mirovina-kako-donijeti-pametne-odluke-za-buducnost\/","name":"Mirovina \u2013 Kako donijeti pametne odluke za budu\u0107nost - Agencija za elektroni\u010dke medije","isPartOf":{"@id":"https:\/\/aem.hr\/#website"},"datePublished":"2021-12-07T10:03:24+00:00","dateModified":"2022-09-28T09:00:23+00:00","breadcrumb":{"@id":"https:\/\/aem.hr\/mirovina-kako-donijeti-pametne-odluke-za-buducnost\/#breadcrumb"},"inLanguage":"en-US","potentialAction":[{"@type":"ReadAction","target":["https:\/\/aem.hr\/mirovina-kako-donijeti-pametne-odluke-za-buducnost\/"]}]},{"@type":"BreadcrumbList","@id":"https:\/\/aem.hr\/mirovina-kako-donijeti-pametne-odluke-za-buducnost\/#breadcrumb","itemListElement":[{"@type":"ListItem","position":1,"name":"Po\u010detna stranica","item":"https:\/\/aem.hr\/"},{"@type":"ListItem","position":2,"name":"Mirovina \u2013 Kako donijeti pametne odluke za budu\u0107nost"}]},{"@type":"WebSite","@id":"https:\/\/aem.hr\/#website","url":"https:\/\/aem.hr\/","name":"Agencija za elektroni\u010dke medije","description":"","potentialAction":[{"@type":"SearchAction","target":{"@type":"EntryPoint","urlTemplate":"https:\/\/aem.hr\/?s={search_term_string}"},"query-input":{"@type":"PropertyValueSpecification","valueRequired":true,"valueName":"search_term_string"}}],"inLanguage":"en-US"}]}},"coauthors":[],"author_meta":{"author_link":"https:\/\/aem.hr\/en\/blog\/author\/mkirac\/","display_name":"Matko Kirac"},"relative_dates":{"created":"Posted 4 years ago","modified":"Updated 4 years ago"},"absolute_dates":{"created":"Posted on 7. December 2021.","modified":"Updated on 28. September 2022."},"absolute_dates_time":{"created":"Posted on 7. December 2021. 11:03","modified":"Updated on 28. September 2022. 11:00"},"featured_img_caption":"","featured_img":false,"series_order":"","_links":{"self":[{"href":"https:\/\/aem.hr\/en\/wp-json\/wp\/v2\/pages\/10900","targetHints":{"allow":["GET"]}}],"collection":[{"href":"https:\/\/aem.hr\/en\/wp-json\/wp\/v2\/pages"}],"about":[{"href":"https:\/\/aem.hr\/en\/wp-json\/wp\/v2\/types\/page"}],"author":[{"embeddable":true,"href":"https:\/\/aem.hr\/en\/wp-json\/wp\/v2\/users\/18"}],"replies":[{"embeddable":true,"href":"https:\/\/aem.hr\/en\/wp-json\/wp\/v2\/comments?post=10900"}],"version-history":[{"count":2,"href":"https:\/\/aem.hr\/en\/wp-json\/wp\/v2\/pages\/10900\/revisions"}],"predecessor-version":[{"id":13068,"href":"https:\/\/aem.hr\/en\/wp-json\/wp\/v2\/pages\/10900\/revisions\/13068"}],"wp:attachment":[{"href":"https:\/\/aem.hr\/en\/wp-json\/wp\/v2\/media?parent=10900"}],"curies":[{"name":"wp","href":"https:\/\/api.w.org\/{rel}","templated":true}]}}