{"id":10934,"date":"2021-12-07T11:44:42","date_gmt":"2021-12-07T10:44:42","guid":{"rendered":"http:\/\/aem.hr\/?page_id=10934"},"modified":"2021-12-07T11:44:45","modified_gmt":"2021-12-07T10:44:45","slug":"irena-kustura-rosandic-kako-i-koliko-siromastvo-utjece-na-razvoj-i-uspjeh-djece","status":"publish","type":"page","link":"https:\/\/aem.hr\/en\/irena-kustura-rosandic-kako-i-koliko-siromastvo-utjece-na-razvoj-i-uspjeh-djece\/","title":{"rendered":"Irena Kustura rosandi\u0107 &#8211; Kako i koliko siroma\u0161tvo utje\u010de na razvoj i uspjeh djece"},"content":{"rendered":"\n<div class=\"wp-block-file\"><a href=\"https:\/\/aem.hr\/wp-content\/uploads\/2021\/12\/1.-Istrazivanja-pokazala.pdf\">1. Istra\u017eivanja pokazala da najsiroma\u0161niji posti\u017eu najlo\u0161iji uspjeh<\/a><a href=\"https:\/\/aem.hr\/wp-content\/uploads\/2021\/12\/1.-Istrazivanja-pokazala.pdf\" class=\"wp-block-file__button\" download>Preuzimanje<\/a><\/div>\n\n\n\n<div class=\"wp-block-file\"><a href=\"https:\/\/aem.hr\/wp-content\/uploads\/2021\/12\/2.-Neimastina-ostavlja-posljedice.pdf\">2. Neima\u0161tina ostavlja posljedice \u2013 gubitak samopo\u0161tovanja i lo\u0161a slika o sebi<\/a><a href=\"https:\/\/aem.hr\/wp-content\/uploads\/2021\/12\/2.-Neimastina-ostavlja-posljedice.pdf\" class=\"wp-block-file__button\" download>Preuzimanje<\/a><\/div>\n\n\n\n<div class=\"wp-block-file\"><a href=\"https:\/\/aem.hr\/wp-content\/uploads\/2021\/12\/3.-Siromastvo-utjece-na-obrazovanje.pdf\">3. Siroma\u0161tvo utje\u010de na obrazovanje djeca, a kasnije i njihovo zapo\u0161ljavanje<\/a><a href=\"https:\/\/aem.hr\/wp-content\/uploads\/2021\/12\/3.-Siromastvo-utjece-na-obrazovanje.pdf\" class=\"wp-block-file__button\" download>Preuzimanje<\/a><\/div>\n\n\n\n<div class=\"wp-block-file\"><a href=\"https:\/\/aem.hr\/wp-content\/uploads\/2021\/12\/4.-U-hrvatskim-skolama.pdf\">4. U hrvatskim \u0161kolama neka djeca gladuju jer ne mogu dobiti besplatan obrok<\/a><a href=\"https:\/\/aem.hr\/wp-content\/uploads\/2021\/12\/4.-U-hrvatskim-skolama.pdf\" class=\"wp-block-file__button\" download>Preuzimanje<\/a><\/div>\n\n\n\n<div class=\"wp-block-file\"><a href=\"https:\/\/aem.hr\/wp-content\/uploads\/2021\/12\/5.-Sve-vise-su-izrazene.pdf\">5. Sve vi\u0161e su izra\u017eene razliku izme\u0111u bogate i siroma\u0161ne djece, posebno sada u koroni<\/a><a href=\"https:\/\/aem.hr\/wp-content\/uploads\/2021\/12\/5.-Sve-vise-su-izrazene.pdf\" class=\"wp-block-file__button\" download>Preuzimanje<\/a><\/div>\n\n\n\n<div class=\"wp-block-file\"><a href=\"https:\/\/aem.hr\/wp-content\/uploads\/2021\/12\/6.-Prof.dr_.sc-Mirjana-Nazor.pdf\">6. Prof.dr.sc. Mirjana Nazor: Siroma\u0161na djeca su laka meta za zlostavljanje<\/a><a href=\"https:\/\/aem.hr\/wp-content\/uploads\/2021\/12\/6.-Prof.dr_.sc-Mirjana-Nazor.pdf\" class=\"wp-block-file__button\" download>Preuzimanje<\/a><\/div>\n\n\n\n<div class=\"wp-block-file\"><a href=\"https:\/\/aem.hr\/wp-content\/uploads\/2021\/12\/7.-Bez-kvalitetnog-obrazovanja.pdf\">7. Bez kvalitetnog obrazovanja osu\u0111eni na \u017eivotarenje<\/a><a href=\"https:\/\/aem.hr\/wp-content\/uploads\/2021\/12\/7.-Bez-kvalitetnog-obrazovanja.pdf\" class=\"wp-block-file__button\" download>Preuzimanje<\/a><\/div>\n\n\n\n<p><\/p>\n","protected":false},"excerpt":{"rendered":"","protected":false},"author":18,"featured_media":0,"parent":0,"menu_order":0,"comment_status":"closed","ping_status":"closed","template":"","meta":{"_acf_changed":false,"inline_featured_image":false,"advgb_blocks_editor_width":"","advgb_blocks_columns_visual_guide":"","_links_to":"","_links_to_type":0,"footnotes":""},"class_list":["post-10934","page","type-page","status-publish","hentry"],"acf":[],"yoast_head":"<!-- This site is optimized with the Yoast SEO plugin v25.7 - https:\/\/yoast.com\/wordpress\/plugins\/seo\/ -->\n<title>Irena Kustura rosandi\u0107 - Kako i koliko siroma\u0161tvo utje\u010de na razvoj i uspjeh djece - Agencija za elektroni\u010dke medije<\/title>\n<meta name=\"robots\" content=\"index, follow, max-snippet:-1, max-image-preview:large, max-video-preview:-1\" \/>\n<link rel=\"canonical\" href=\"https:\/\/aem.hr\/irena-kustura-rosandic-kako-i-koliko-siromastvo-utjece-na-razvoj-i-uspjeh-djece\/\" \/>\n<meta property=\"og:locale\" content=\"en_US\" \/>\n<meta property=\"og:type\" content=\"article\" \/>\n<meta property=\"og:title\" content=\"Irena Kustura rosandi\u0107 - Kako i koliko siroma\u0161tvo utje\u010de na razvoj i uspjeh djece - Agencija za elektroni\u010dke medije\" \/>\n<meta property=\"og:url\" content=\"https:\/\/aem.hr\/irena-kustura-rosandic-kako-i-koliko-siromastvo-utjece-na-razvoj-i-uspjeh-djece\/\" \/>\n<meta property=\"og:site_name\" content=\"Agencija za elektroni\u010dke medije\" \/>\n<meta property=\"article:modified_time\" content=\"2021-12-07T10:44:45+00:00\" \/>\n<meta name=\"twitter:card\" content=\"summary_large_image\" \/>\n<meta name=\"twitter:label1\" content=\"Est. reading time\" \/>\n\t<meta name=\"twitter:data1\" content=\"1 minute\" \/>\n<script type=\"application\/ld+json\" class=\"yoast-schema-graph\">{\"@context\":\"https:\/\/schema.org\",\"@graph\":[{\"@type\":\"WebPage\",\"@id\":\"https:\/\/aem.hr\/irena-kustura-rosandic-kako-i-koliko-siromastvo-utjece-na-razvoj-i-uspjeh-djece\/\",\"url\":\"https:\/\/aem.hr\/irena-kustura-rosandic-kako-i-koliko-siromastvo-utjece-na-razvoj-i-uspjeh-djece\/\",\"name\":\"Irena Kustura rosandi\u0107 - Kako i koliko siroma\u0161tvo utje\u010de na razvoj i uspjeh djece - Agencija za elektroni\u010dke medije\",\"isPartOf\":{\"@id\":\"https:\/\/aem.hr\/#website\"},\"datePublished\":\"2021-12-07T10:44:42+00:00\",\"dateModified\":\"2021-12-07T10:44:45+00:00\",\"breadcrumb\":{\"@id\":\"https:\/\/aem.hr\/irena-kustura-rosandic-kako-i-koliko-siromastvo-utjece-na-razvoj-i-uspjeh-djece\/#breadcrumb\"},\"inLanguage\":\"en-US\",\"potentialAction\":[{\"@type\":\"ReadAction\",\"target\":[\"https:\/\/aem.hr\/irena-kustura-rosandic-kako-i-koliko-siromastvo-utjece-na-razvoj-i-uspjeh-djece\/\"]}]},{\"@type\":\"BreadcrumbList\",\"@id\":\"https:\/\/aem.hr\/irena-kustura-rosandic-kako-i-koliko-siromastvo-utjece-na-razvoj-i-uspjeh-djece\/#breadcrumb\",\"itemListElement\":[{\"@type\":\"ListItem\",\"position\":1,\"name\":\"Po\u010detna stranica\",\"item\":\"https:\/\/aem.hr\/\"},{\"@type\":\"ListItem\",\"position\":2,\"name\":\"Irena Kustura rosandi\u0107 &#8211; Kako i koliko siroma\u0161tvo utje\u010de na razvoj i uspjeh djece\"}]},{\"@type\":\"WebSite\",\"@id\":\"https:\/\/aem.hr\/#website\",\"url\":\"https:\/\/aem.hr\/\",\"name\":\"Agencija za elektroni\u010dke medije\",\"description\":\"\",\"potentialAction\":[{\"@type\":\"SearchAction\",\"target\":{\"@type\":\"EntryPoint\",\"urlTemplate\":\"https:\/\/aem.hr\/?s={search_term_string}\"},\"query-input\":{\"@type\":\"PropertyValueSpecification\",\"valueRequired\":true,\"valueName\":\"search_term_string\"}}],\"inLanguage\":\"en-US\"}]}<\/script>\n<!-- \/ Yoast SEO plugin. -->","yoast_head_json":{"title":"Irena Kustura rosandi\u0107 - Kako i koliko siroma\u0161tvo utje\u010de na razvoj i uspjeh djece - Agencija za elektroni\u010dke medije","robots":{"index":"index","follow":"follow","max-snippet":"max-snippet:-1","max-image-preview":"max-image-preview:large","max-video-preview":"max-video-preview:-1"},"canonical":"https:\/\/aem.hr\/irena-kustura-rosandic-kako-i-koliko-siromastvo-utjece-na-razvoj-i-uspjeh-djece\/","og_locale":"en_US","og_type":"article","og_title":"Irena Kustura rosandi\u0107 - Kako i koliko siroma\u0161tvo utje\u010de na razvoj i uspjeh djece - Agencija za elektroni\u010dke medije","og_url":"https:\/\/aem.hr\/irena-kustura-rosandic-kako-i-koliko-siromastvo-utjece-na-razvoj-i-uspjeh-djece\/","og_site_name":"Agencija za elektroni\u010dke medije","article_modified_time":"2021-12-07T10:44:45+00:00","twitter_card":"summary_large_image","twitter_misc":{"Est. reading time":"1 minute"},"schema":{"@context":"https:\/\/schema.org","@graph":[{"@type":"WebPage","@id":"https:\/\/aem.hr\/irena-kustura-rosandic-kako-i-koliko-siromastvo-utjece-na-razvoj-i-uspjeh-djece\/","url":"https:\/\/aem.hr\/irena-kustura-rosandic-kako-i-koliko-siromastvo-utjece-na-razvoj-i-uspjeh-djece\/","name":"Irena Kustura rosandi\u0107 - Kako i koliko siroma\u0161tvo utje\u010de na razvoj i uspjeh djece - Agencija za elektroni\u010dke medije","isPartOf":{"@id":"https:\/\/aem.hr\/#website"},"datePublished":"2021-12-07T10:44:42+00:00","dateModified":"2021-12-07T10:44:45+00:00","breadcrumb":{"@id":"https:\/\/aem.hr\/irena-kustura-rosandic-kako-i-koliko-siromastvo-utjece-na-razvoj-i-uspjeh-djece\/#breadcrumb"},"inLanguage":"en-US","potentialAction":[{"@type":"ReadAction","target":["https:\/\/aem.hr\/irena-kustura-rosandic-kako-i-koliko-siromastvo-utjece-na-razvoj-i-uspjeh-djece\/"]}]},{"@type":"BreadcrumbList","@id":"https:\/\/aem.hr\/irena-kustura-rosandic-kako-i-koliko-siromastvo-utjece-na-razvoj-i-uspjeh-djece\/#breadcrumb","itemListElement":[{"@type":"ListItem","position":1,"name":"Po\u010detna stranica","item":"https:\/\/aem.hr\/"},{"@type":"ListItem","position":2,"name":"Irena Kustura rosandi\u0107 &#8211; Kako i koliko siroma\u0161tvo utje\u010de na razvoj i uspjeh djece"}]},{"@type":"WebSite","@id":"https:\/\/aem.hr\/#website","url":"https:\/\/aem.hr\/","name":"Agencija za elektroni\u010dke medije","description":"","potentialAction":[{"@type":"SearchAction","target":{"@type":"EntryPoint","urlTemplate":"https:\/\/aem.hr\/?s={search_term_string}"},"query-input":{"@type":"PropertyValueSpecification","valueRequired":true,"valueName":"search_term_string"}}],"inLanguage":"en-US"}]}},"coauthors":[],"author_meta":{"author_link":"https:\/\/aem.hr\/en\/blog\/author\/mkirac\/","display_name":"Matko Kirac"},"relative_dates":{"created":"Posted 4 years ago","modified":"Updated 4 years ago"},"absolute_dates":{"created":"Posted on 7. December 2021.","modified":"Updated on 7. December 2021."},"absolute_dates_time":{"created":"Posted on 7. December 2021. 11:44","modified":"Updated on 7. December 2021. 11:44"},"featured_img_caption":"","featured_img":false,"series_order":"","_links":{"self":[{"href":"https:\/\/aem.hr\/en\/wp-json\/wp\/v2\/pages\/10934","targetHints":{"allow":["GET"]}}],"collection":[{"href":"https:\/\/aem.hr\/en\/wp-json\/wp\/v2\/pages"}],"about":[{"href":"https:\/\/aem.hr\/en\/wp-json\/wp\/v2\/types\/page"}],"author":[{"embeddable":true,"href":"https:\/\/aem.hr\/en\/wp-json\/wp\/v2\/users\/18"}],"replies":[{"embeddable":true,"href":"https:\/\/aem.hr\/en\/wp-json\/wp\/v2\/comments?post=10934"}],"version-history":[{"count":1,"href":"https:\/\/aem.hr\/en\/wp-json\/wp\/v2\/pages\/10934\/revisions"}],"predecessor-version":[{"id":10951,"href":"https:\/\/aem.hr\/en\/wp-json\/wp\/v2\/pages\/10934\/revisions\/10951"}],"wp:attachment":[{"href":"https:\/\/aem.hr\/en\/wp-json\/wp\/v2\/media?parent=10934"}],"curies":[{"name":"wp","href":"https:\/\/api.w.org\/{rel}","templated":true}]}}