{"id":11083,"date":"2021-12-27T11:52:50","date_gmt":"2021-12-27T10:52:50","guid":{"rendered":"http:\/\/aem.hr\/?page_id=11083"},"modified":"2021-12-27T11:55:24","modified_gmt":"2021-12-27T10:55:24","slug":"hrvatska-dijaspora","status":"publish","type":"page","link":"https:\/\/aem.hr\/en\/hrvatska-dijaspora\/","title":{"rendered":"Hrvatska dijaspora u Irskoj \u2013 insajdersko izvje\u0161\u0107e"},"content":{"rendered":"\n<div class=\"wp-block-file\"><a href=\"https:\/\/aem.hr\/wp-content\/uploads\/2021\/12\/1.-Hrvatska-dijaspora-u-Irskoj-insajdersko-izvjesce-1-H-Alter.pdf\">1. Hrvatska dijaspora u Irskoj &#8211; insajdersko izvje\u0161\u0107e (1)<\/a><a href=\"https:\/\/aem.hr\/wp-content\/uploads\/2021\/12\/1.-Hrvatska-dijaspora-u-Irskoj-insajdersko-izvjesce-1-H-Alter.pdf\" class=\"wp-block-file__button\" download> Preuzimanje <\/a><\/div>\n\n\n\n<div class=\"wp-block-file\"><a href=\"https:\/\/aem.hr\/wp-content\/uploads\/2021\/12\/2.-Hrvatska-dijaspora-u-Irskoj-\u2013-insajdersko-izvjesce-2-H-Alter.pdf\">2. Hrvatska dijaspora u Irskoj &#8211; insajdersko izvje\u0161\u0107e (2)<\/a><a href=\"https:\/\/aem.hr\/wp-content\/uploads\/2021\/12\/2.-Hrvatska-dijaspora-u-Irskoj-\u2013-insajdersko-izvjesce-2-H-Alter.pdf\" class=\"wp-block-file__button\" download>Preuzimanje<\/a><\/div>\n\n\n\n<div class=\"wp-block-file\"><a href=\"https:\/\/aem.hr\/wp-content\/uploads\/2021\/12\/3.-Hrvatska-dijaspora-u-Irskoj-\u2013-insajdersko-izvjesce-3-H-Alter.pdf\">3. Hrvatska dijaspora u Irskoj &#8211; insajdersko izvje\u0161\u0107e (3)<\/a><a href=\"https:\/\/aem.hr\/wp-content\/uploads\/2021\/12\/3.-Hrvatska-dijaspora-u-Irskoj-\u2013-insajdersko-izvjesce-3-H-Alter.pdf\" class=\"wp-block-file__button\" download> Preuzimanje <\/a><\/div>\n\n\n\n<div class=\"wp-block-file\"><a href=\"https:\/\/aem.hr\/wp-content\/uploads\/2021\/12\/4.-Hrvatska-dijaspora-u-Irskoj-\u2013-insajdersko-izvjesce-4-H-Alter.pdf\">4. Hrvatska dijaspora u Irskoj &#8211; insajdersko izvje\u0161\u0107e (4)<\/a><a href=\"https:\/\/aem.hr\/wp-content\/uploads\/2021\/12\/4.-Hrvatska-dijaspora-u-Irskoj-\u2013-insajdersko-izvjesce-4-H-Alter.pdf\" class=\"wp-block-file__button\" download> Preuzimanje <\/a><\/div>\n\n\n\n<p><\/p>\n","protected":false},"excerpt":{"rendered":"","protected":false},"author":18,"featured_media":0,"parent":0,"menu_order":0,"comment_status":"closed","ping_status":"closed","template":"","meta":{"_acf_changed":false,"inline_featured_image":false,"advgb_blocks_editor_width":"","advgb_blocks_columns_visual_guide":"","_links_to":"","_links_to_type":0,"footnotes":""},"class_list":["post-11083","page","type-page","status-publish","hentry"],"acf":[],"yoast_head":"<!-- This site is optimized with the Yoast SEO plugin v25.7 - https:\/\/yoast.com\/wordpress\/plugins\/seo\/ -->\n<title>Hrvatska dijaspora u Irskoj \u2013 insajdersko izvje\u0161\u0107e - Agencija za elektroni\u010dke medije<\/title>\n<meta name=\"robots\" content=\"index, follow, max-snippet:-1, max-image-preview:large, max-video-preview:-1\" \/>\n<link rel=\"canonical\" href=\"https:\/\/aem.hr\/hrvatska-dijaspora\/\" \/>\n<meta property=\"og:locale\" content=\"en_US\" \/>\n<meta property=\"og:type\" content=\"article\" \/>\n<meta property=\"og:title\" content=\"Hrvatska dijaspora u Irskoj \u2013 insajdersko izvje\u0161\u0107e - Agencija za elektroni\u010dke medije\" \/>\n<meta property=\"og:url\" content=\"https:\/\/aem.hr\/hrvatska-dijaspora\/\" \/>\n<meta property=\"og:site_name\" content=\"Agencija za elektroni\u010dke medije\" \/>\n<meta property=\"article:modified_time\" content=\"2021-12-27T10:55:24+00:00\" \/>\n<meta name=\"twitter:card\" content=\"summary_large_image\" \/>\n<meta name=\"twitter:label1\" content=\"Est. reading time\" \/>\n\t<meta name=\"twitter:data1\" content=\"1 minute\" \/>\n<script type=\"application\/ld+json\" class=\"yoast-schema-graph\">{\"@context\":\"https:\/\/schema.org\",\"@graph\":[{\"@type\":\"WebPage\",\"@id\":\"https:\/\/aem.hr\/hrvatska-dijaspora\/\",\"url\":\"https:\/\/aem.hr\/hrvatska-dijaspora\/\",\"name\":\"Hrvatska dijaspora u Irskoj \u2013 insajdersko izvje\u0161\u0107e - Agencija za elektroni\u010dke medije\",\"isPartOf\":{\"@id\":\"https:\/\/aem.hr\/#website\"},\"datePublished\":\"2021-12-27T10:52:50+00:00\",\"dateModified\":\"2021-12-27T10:55:24+00:00\",\"breadcrumb\":{\"@id\":\"https:\/\/aem.hr\/hrvatska-dijaspora\/#breadcrumb\"},\"inLanguage\":\"en-US\",\"potentialAction\":[{\"@type\":\"ReadAction\",\"target\":[\"https:\/\/aem.hr\/hrvatska-dijaspora\/\"]}]},{\"@type\":\"BreadcrumbList\",\"@id\":\"https:\/\/aem.hr\/hrvatska-dijaspora\/#breadcrumb\",\"itemListElement\":[{\"@type\":\"ListItem\",\"position\":1,\"name\":\"Po\u010detna stranica\",\"item\":\"https:\/\/aem.hr\/\"},{\"@type\":\"ListItem\",\"position\":2,\"name\":\"Hrvatska dijaspora u Irskoj \u2013 insajdersko izvje\u0161\u0107e\"}]},{\"@type\":\"WebSite\",\"@id\":\"https:\/\/aem.hr\/#website\",\"url\":\"https:\/\/aem.hr\/\",\"name\":\"Agencija za elektroni\u010dke medije\",\"description\":\"\",\"potentialAction\":[{\"@type\":\"SearchAction\",\"target\":{\"@type\":\"EntryPoint\",\"urlTemplate\":\"https:\/\/aem.hr\/?s={search_term_string}\"},\"query-input\":{\"@type\":\"PropertyValueSpecification\",\"valueRequired\":true,\"valueName\":\"search_term_string\"}}],\"inLanguage\":\"en-US\"}]}<\/script>\n<!-- \/ Yoast SEO plugin. -->","yoast_head_json":{"title":"Hrvatska dijaspora u Irskoj \u2013 insajdersko izvje\u0161\u0107e - Agencija za elektroni\u010dke medije","robots":{"index":"index","follow":"follow","max-snippet":"max-snippet:-1","max-image-preview":"max-image-preview:large","max-video-preview":"max-video-preview:-1"},"canonical":"https:\/\/aem.hr\/hrvatska-dijaspora\/","og_locale":"en_US","og_type":"article","og_title":"Hrvatska dijaspora u Irskoj \u2013 insajdersko izvje\u0161\u0107e - Agencija za elektroni\u010dke medije","og_url":"https:\/\/aem.hr\/hrvatska-dijaspora\/","og_site_name":"Agencija za elektroni\u010dke medije","article_modified_time":"2021-12-27T10:55:24+00:00","twitter_card":"summary_large_image","twitter_misc":{"Est. reading time":"1 minute"},"schema":{"@context":"https:\/\/schema.org","@graph":[{"@type":"WebPage","@id":"https:\/\/aem.hr\/hrvatska-dijaspora\/","url":"https:\/\/aem.hr\/hrvatska-dijaspora\/","name":"Hrvatska dijaspora u Irskoj \u2013 insajdersko izvje\u0161\u0107e - Agencija za elektroni\u010dke medije","isPartOf":{"@id":"https:\/\/aem.hr\/#website"},"datePublished":"2021-12-27T10:52:50+00:00","dateModified":"2021-12-27T10:55:24+00:00","breadcrumb":{"@id":"https:\/\/aem.hr\/hrvatska-dijaspora\/#breadcrumb"},"inLanguage":"en-US","potentialAction":[{"@type":"ReadAction","target":["https:\/\/aem.hr\/hrvatska-dijaspora\/"]}]},{"@type":"BreadcrumbList","@id":"https:\/\/aem.hr\/hrvatska-dijaspora\/#breadcrumb","itemListElement":[{"@type":"ListItem","position":1,"name":"Po\u010detna stranica","item":"https:\/\/aem.hr\/"},{"@type":"ListItem","position":2,"name":"Hrvatska dijaspora u Irskoj \u2013 insajdersko izvje\u0161\u0107e"}]},{"@type":"WebSite","@id":"https:\/\/aem.hr\/#website","url":"https:\/\/aem.hr\/","name":"Agencija za elektroni\u010dke medije","description":"","potentialAction":[{"@type":"SearchAction","target":{"@type":"EntryPoint","urlTemplate":"https:\/\/aem.hr\/?s={search_term_string}"},"query-input":{"@type":"PropertyValueSpecification","valueRequired":true,"valueName":"search_term_string"}}],"inLanguage":"en-US"}]}},"coauthors":[],"author_meta":{"author_link":"https:\/\/aem.hr\/en\/blog\/author\/mkirac\/","display_name":"Matko Kirac"},"relative_dates":{"created":"Posted 4 years ago","modified":"Updated 4 years ago"},"absolute_dates":{"created":"Posted on 27. December 2021.","modified":"Updated on 27. December 2021."},"absolute_dates_time":{"created":"Posted on 27. December 2021. 11:52","modified":"Updated on 27. December 2021. 11:55"},"featured_img_caption":"","featured_img":false,"series_order":"","_links":{"self":[{"href":"https:\/\/aem.hr\/en\/wp-json\/wp\/v2\/pages\/11083","targetHints":{"allow":["GET"]}}],"collection":[{"href":"https:\/\/aem.hr\/en\/wp-json\/wp\/v2\/pages"}],"about":[{"href":"https:\/\/aem.hr\/en\/wp-json\/wp\/v2\/types\/page"}],"author":[{"embeddable":true,"href":"https:\/\/aem.hr\/en\/wp-json\/wp\/v2\/users\/18"}],"replies":[{"embeddable":true,"href":"https:\/\/aem.hr\/en\/wp-json\/wp\/v2\/comments?post=11083"}],"version-history":[{"count":2,"href":"https:\/\/aem.hr\/en\/wp-json\/wp\/v2\/pages\/11083\/revisions"}],"predecessor-version":[{"id":11096,"href":"https:\/\/aem.hr\/en\/wp-json\/wp\/v2\/pages\/11083\/revisions\/11096"}],"wp:attachment":[{"href":"https:\/\/aem.hr\/en\/wp-json\/wp\/v2\/media?parent=11083"}],"curies":[{"name":"wp","href":"https:\/\/api.w.org\/{rel}","templated":true}]}}