{"id":11120,"date":"2021-12-27T12:16:57","date_gmt":"2021-12-27T11:16:57","guid":{"rendered":"http:\/\/aem.hr\/?page_id=11120"},"modified":"2021-12-27T12:17:00","modified_gmt":"2021-12-27T11:17:00","slug":"kontroverze-poslijepotresne-obnove-i-pouke-za-postpotresnu-obnovu","status":"publish","type":"page","link":"https:\/\/aem.hr\/en\/kontroverze-poslijepotresne-obnove-i-pouke-za-postpotresnu-obnovu\/","title":{"rendered":"Kontroverze poslijepotresne obnove i pouke za postpotresnu obnovu"},"content":{"rendered":"\n<div class=\"wp-block-file\"><a href=\"https:\/\/aem.hr\/wp-content\/uploads\/2021\/12\/1.-Dragoljub-Cupkovic.pdf\">1. Dragoljub \u010cupkovi\u0107<\/a><a href=\"https:\/\/aem.hr\/wp-content\/uploads\/2021\/12\/1.-Dragoljub-Cupkovic.pdf\" class=\"wp-block-file__button\" download> Preuzimanje<\/a><\/div>\n\n\n\n<div class=\"wp-block-file\"><a href=\"https:\/\/aem.hr\/wp-content\/uploads\/2021\/12\/2.-Poslijeratna-obnova.pdf\">2. Poslijeratna obnova<\/a><a href=\"https:\/\/aem.hr\/wp-content\/uploads\/2021\/12\/2.-Poslijeratna-obnova.pdf\" class=\"wp-block-file__button\" download> Preuzimanje<\/a><\/div>\n\n\n\n<div class=\"wp-block-file\"><a href=\"https:\/\/aem.hr\/wp-content\/uploads\/2021\/12\/3.-Branka-Baksic-Mitic.pdf\">3. Branka Bak\u0161i\u0107 Miti\u0107<\/a><a href=\"https:\/\/aem.hr\/wp-content\/uploads\/2021\/12\/3.-Branka-Baksic-Mitic.pdf\" class=\"wp-block-file__button\" download> Preuzimanje<\/a><\/div>\n\n\n\n<div class=\"wp-block-file\"><a href=\"https:\/\/aem.hr\/wp-content\/uploads\/2021\/12\/4.-Banijska-elegija.pdf\">4. Banijska elegija<\/a><a href=\"https:\/\/aem.hr\/wp-content\/uploads\/2021\/12\/4.-Banijska-elegija.pdf\" class=\"wp-block-file__button\" download> Preuzimanje<\/a><\/div>\n\n\n\n<div class=\"wp-block-file\"><a href=\"https:\/\/aem.hr\/wp-content\/uploads\/2021\/12\/5.-Tamara-Jovicic.pdf\">5. Tamara Jovi\u010di\u0107<\/a><a href=\"https:\/\/aem.hr\/wp-content\/uploads\/2021\/12\/5.-Tamara-Jovicic.pdf\" class=\"wp-block-file__button\" download> Preuzimanje<\/a><\/div>\n\n\n\n<div class=\"wp-block-file\"><a href=\"https:\/\/aem.hr\/wp-content\/uploads\/2021\/12\/6.-Stolarija-Mandic.pdf\">6. Stolarija Mandi\u0107<\/a><a href=\"https:\/\/aem.hr\/wp-content\/uploads\/2021\/12\/6.-Stolarija-Mandic.pdf\" class=\"wp-block-file__button\" download>Preuzimanje<\/a><\/div>\n\n\n\n<div class=\"wp-block-file\"><a href=\"https:\/\/aem.hr\/wp-content\/uploads\/2021\/12\/7.-Damir-Vandelic-o-fondu.pdf\">7. Damir Van\u0111eli\u0107 o fondu<\/a><a href=\"https:\/\/aem.hr\/wp-content\/uploads\/2021\/12\/7.-Damir-Vandelic-o-fondu.pdf\" class=\"wp-block-file__button\" download> Preuzimanje<\/a><\/div>\n\n\n\n<div class=\"wp-block-file\"><a href=\"https:\/\/aem.hr\/wp-content\/uploads\/2021\/12\/8.-Obnova-i-kontroverze.pdf\">8. Obnova i kontroverze<\/a><a href=\"https:\/\/aem.hr\/wp-content\/uploads\/2021\/12\/8.-Obnova-i-kontroverze.pdf\" class=\"wp-block-file__button\" download> Preuzimanje<\/a><\/div>\n\n\n\n<div class=\"wp-block-file\"><a href=\"https:\/\/aem.hr\/wp-content\/uploads\/2021\/12\/9.-Nikad-vise-europskog-novca.pdf\">9. Nikad vi\u0161e europskog novca<\/a><a href=\"https:\/\/aem.hr\/wp-content\/uploads\/2021\/12\/9.-Nikad-vise-europskog-novca.pdf\" class=\"wp-block-file__button\" download> Preuzimanje<\/a><\/div>\n\n\n\n<p><\/p>\n","protected":false},"excerpt":{"rendered":"","protected":false},"author":18,"featured_media":0,"parent":0,"menu_order":0,"comment_status":"closed","ping_status":"closed","template":"","meta":{"_acf_changed":false,"inline_featured_image":false,"advgb_blocks_editor_width":"","advgb_blocks_columns_visual_guide":"","_links_to":"","_links_to_type":0,"footnotes":""},"class_list":["post-11120","page","type-page","status-publish","hentry"],"acf":[],"yoast_head":"<!-- This site is optimized with the Yoast SEO plugin v25.7 - https:\/\/yoast.com\/wordpress\/plugins\/seo\/ -->\n<title>Kontroverze poslijepotresne obnove i pouke za postpotresnu obnovu - Agencija za elektroni\u010dke medije<\/title>\n<meta name=\"robots\" content=\"index, follow, max-snippet:-1, max-image-preview:large, max-video-preview:-1\" \/>\n<link rel=\"canonical\" href=\"https:\/\/aem.hr\/kontroverze-poslijepotresne-obnove-i-pouke-za-postpotresnu-obnovu\/\" \/>\n<meta property=\"og:locale\" content=\"en_US\" \/>\n<meta property=\"og:type\" content=\"article\" \/>\n<meta property=\"og:title\" content=\"Kontroverze poslijepotresne obnove i pouke za postpotresnu obnovu - Agencija za elektroni\u010dke medije\" \/>\n<meta property=\"og:url\" content=\"https:\/\/aem.hr\/kontroverze-poslijepotresne-obnove-i-pouke-za-postpotresnu-obnovu\/\" \/>\n<meta property=\"og:site_name\" content=\"Agencija za elektroni\u010dke medije\" \/>\n<meta property=\"article:modified_time\" content=\"2021-12-27T11:17:00+00:00\" \/>\n<meta name=\"twitter:card\" content=\"summary_large_image\" \/>\n<meta name=\"twitter:label1\" content=\"Est. reading time\" \/>\n\t<meta name=\"twitter:data1\" content=\"1 minute\" \/>\n<script type=\"application\/ld+json\" class=\"yoast-schema-graph\">{\"@context\":\"https:\/\/schema.org\",\"@graph\":[{\"@type\":\"WebPage\",\"@id\":\"https:\/\/aem.hr\/kontroverze-poslijepotresne-obnove-i-pouke-za-postpotresnu-obnovu\/\",\"url\":\"https:\/\/aem.hr\/kontroverze-poslijepotresne-obnove-i-pouke-za-postpotresnu-obnovu\/\",\"name\":\"Kontroverze poslijepotresne obnove i pouke za postpotresnu obnovu - Agencija za elektroni\u010dke medije\",\"isPartOf\":{\"@id\":\"https:\/\/aem.hr\/#website\"},\"datePublished\":\"2021-12-27T11:16:57+00:00\",\"dateModified\":\"2021-12-27T11:17:00+00:00\",\"breadcrumb\":{\"@id\":\"https:\/\/aem.hr\/kontroverze-poslijepotresne-obnove-i-pouke-za-postpotresnu-obnovu\/#breadcrumb\"},\"inLanguage\":\"en-US\",\"potentialAction\":[{\"@type\":\"ReadAction\",\"target\":[\"https:\/\/aem.hr\/kontroverze-poslijepotresne-obnove-i-pouke-za-postpotresnu-obnovu\/\"]}]},{\"@type\":\"BreadcrumbList\",\"@id\":\"https:\/\/aem.hr\/kontroverze-poslijepotresne-obnove-i-pouke-za-postpotresnu-obnovu\/#breadcrumb\",\"itemListElement\":[{\"@type\":\"ListItem\",\"position\":1,\"name\":\"Po\u010detna stranica\",\"item\":\"https:\/\/aem.hr\/\"},{\"@type\":\"ListItem\",\"position\":2,\"name\":\"Kontroverze poslijepotresne obnove i pouke za postpotresnu obnovu\"}]},{\"@type\":\"WebSite\",\"@id\":\"https:\/\/aem.hr\/#website\",\"url\":\"https:\/\/aem.hr\/\",\"name\":\"Agencija za elektroni\u010dke medije\",\"description\":\"\",\"potentialAction\":[{\"@type\":\"SearchAction\",\"target\":{\"@type\":\"EntryPoint\",\"urlTemplate\":\"https:\/\/aem.hr\/?s={search_term_string}\"},\"query-input\":{\"@type\":\"PropertyValueSpecification\",\"valueRequired\":true,\"valueName\":\"search_term_string\"}}],\"inLanguage\":\"en-US\"}]}<\/script>\n<!-- \/ Yoast SEO plugin. -->","yoast_head_json":{"title":"Kontroverze poslijepotresne obnove i pouke za postpotresnu obnovu - Agencija za elektroni\u010dke medije","robots":{"index":"index","follow":"follow","max-snippet":"max-snippet:-1","max-image-preview":"max-image-preview:large","max-video-preview":"max-video-preview:-1"},"canonical":"https:\/\/aem.hr\/kontroverze-poslijepotresne-obnove-i-pouke-za-postpotresnu-obnovu\/","og_locale":"en_US","og_type":"article","og_title":"Kontroverze poslijepotresne obnove i pouke za postpotresnu obnovu - Agencija za elektroni\u010dke medije","og_url":"https:\/\/aem.hr\/kontroverze-poslijepotresne-obnove-i-pouke-za-postpotresnu-obnovu\/","og_site_name":"Agencija za elektroni\u010dke medije","article_modified_time":"2021-12-27T11:17:00+00:00","twitter_card":"summary_large_image","twitter_misc":{"Est. reading time":"1 minute"},"schema":{"@context":"https:\/\/schema.org","@graph":[{"@type":"WebPage","@id":"https:\/\/aem.hr\/kontroverze-poslijepotresne-obnove-i-pouke-za-postpotresnu-obnovu\/","url":"https:\/\/aem.hr\/kontroverze-poslijepotresne-obnove-i-pouke-za-postpotresnu-obnovu\/","name":"Kontroverze poslijepotresne obnove i pouke za postpotresnu obnovu - Agencija za elektroni\u010dke medije","isPartOf":{"@id":"https:\/\/aem.hr\/#website"},"datePublished":"2021-12-27T11:16:57+00:00","dateModified":"2021-12-27T11:17:00+00:00","breadcrumb":{"@id":"https:\/\/aem.hr\/kontroverze-poslijepotresne-obnove-i-pouke-za-postpotresnu-obnovu\/#breadcrumb"},"inLanguage":"en-US","potentialAction":[{"@type":"ReadAction","target":["https:\/\/aem.hr\/kontroverze-poslijepotresne-obnove-i-pouke-za-postpotresnu-obnovu\/"]}]},{"@type":"BreadcrumbList","@id":"https:\/\/aem.hr\/kontroverze-poslijepotresne-obnove-i-pouke-za-postpotresnu-obnovu\/#breadcrumb","itemListElement":[{"@type":"ListItem","position":1,"name":"Po\u010detna stranica","item":"https:\/\/aem.hr\/"},{"@type":"ListItem","position":2,"name":"Kontroverze poslijepotresne obnove i pouke za postpotresnu obnovu"}]},{"@type":"WebSite","@id":"https:\/\/aem.hr\/#website","url":"https:\/\/aem.hr\/","name":"Agencija za elektroni\u010dke medije","description":"","potentialAction":[{"@type":"SearchAction","target":{"@type":"EntryPoint","urlTemplate":"https:\/\/aem.hr\/?s={search_term_string}"},"query-input":{"@type":"PropertyValueSpecification","valueRequired":true,"valueName":"search_term_string"}}],"inLanguage":"en-US"}]}},"coauthors":[],"author_meta":{"author_link":"https:\/\/aem.hr\/en\/blog\/author\/mkirac\/","display_name":"Matko Kirac"},"relative_dates":{"created":"Posted 4 years ago","modified":"Updated 4 years ago"},"absolute_dates":{"created":"Posted on 27. December 2021.","modified":"Updated on 27. December 2021."},"absolute_dates_time":{"created":"Posted on 27. December 2021. 12:16","modified":"Updated on 27. December 2021. 12:17"},"featured_img_caption":"","featured_img":false,"series_order":"","_links":{"self":[{"href":"https:\/\/aem.hr\/en\/wp-json\/wp\/v2\/pages\/11120","targetHints":{"allow":["GET"]}}],"collection":[{"href":"https:\/\/aem.hr\/en\/wp-json\/wp\/v2\/pages"}],"about":[{"href":"https:\/\/aem.hr\/en\/wp-json\/wp\/v2\/types\/page"}],"author":[{"embeddable":true,"href":"https:\/\/aem.hr\/en\/wp-json\/wp\/v2\/users\/18"}],"replies":[{"embeddable":true,"href":"https:\/\/aem.hr\/en\/wp-json\/wp\/v2\/comments?post=11120"}],"version-history":[{"count":1,"href":"https:\/\/aem.hr\/en\/wp-json\/wp\/v2\/pages\/11120\/revisions"}],"predecessor-version":[{"id":11138,"href":"https:\/\/aem.hr\/en\/wp-json\/wp\/v2\/pages\/11120\/revisions\/11138"}],"wp:attachment":[{"href":"https:\/\/aem.hr\/en\/wp-json\/wp\/v2\/media?parent=11120"}],"curies":[{"name":"wp","href":"https:\/\/api.w.org\/{rel}","templated":true}]}}