{"id":11140,"date":"2021-12-27T12:29:57","date_gmt":"2021-12-27T11:29:57","guid":{"rendered":"http:\/\/aem.hr\/?page_id=11140"},"modified":"2021-12-27T12:30:00","modified_gmt":"2021-12-27T11:30:00","slug":"dobre-vijesti","status":"publish","type":"page","link":"https:\/\/aem.hr\/en\/dobre-vijesti\/","title":{"rendered":"Dobre vijesti"},"content":{"rendered":"\n<div class=\"wp-block-file\"><a href=\"https:\/\/aem.hr\/wp-content\/uploads\/2021\/12\/1.-Dobre-vijesti_-Rodena-tri-risica.pdf\">1. Dobre vijesti_ Ro\u0111ena tri risi\u0107a<\/a><a href=\"https:\/\/aem.hr\/wp-content\/uploads\/2021\/12\/1.-Dobre-vijesti_-Rodena-tri-risica.pdf\" class=\"wp-block-file__button\" download> Preuzimanje <\/a><\/div>\n\n\n\n<div class=\"wp-block-file\"><a href=\"https:\/\/aem.hr\/wp-content\/uploads\/2021\/12\/2.-Eureka_-U-2021.-otvoreno-prvo-povijesno-reciklazno-dvoriste-za-gradevinski-otpad.pdf\">2. Eureka!_ U 2021. otvoreno prvo povijesno recikla\u017eno dvori\u0161te za gra\u0111evinski otpad<\/a><a href=\"https:\/\/aem.hr\/wp-content\/uploads\/2021\/12\/2.-Eureka_-U-2021.-otvoreno-prvo-povijesno-reciklazno-dvoriste-za-gradevinski-otpad.pdf\" class=\"wp-block-file__button\" download> Preuzimanje <\/a><\/div>\n\n\n\n<div class=\"wp-block-file\"><a href=\"https:\/\/aem.hr\/wp-content\/uploads\/2021\/12\/3.-Kako-se-spasiti-od-globalne-vreline__-Obojimo-ulice-i-krovove-u-bijelo.pdf\">3. Kako se spasiti od globalne vreline__ Obojimo ulice i krovove u bijelo<\/a><a href=\"https:\/\/aem.hr\/wp-content\/uploads\/2021\/12\/3.-Kako-se-spasiti-od-globalne-vreline__-Obojimo-ulice-i-krovove-u-bijelo.pdf\" class=\"wp-block-file__button\" download> Preuzimanje <\/a><\/div>\n\n\n\n<div class=\"wp-block-file\"><a href=\"https:\/\/aem.hr\/wp-content\/uploads\/2021\/12\/4.-Vratile-se-vidre.pdf\">4. Vratile se vidre<\/a><a href=\"https:\/\/aem.hr\/wp-content\/uploads\/2021\/12\/4.-Vratile-se-vidre.pdf\" class=\"wp-block-file__button\" download>Preuzimanje<\/a><\/div>\n\n\n\n<div class=\"wp-block-file\"><a href=\"https:\/\/aem.hr\/wp-content\/uploads\/2021\/12\/5.-Dok-panjine-sjeku-mi-posadimo_-Ne-budimo-panjevi-zasadimo-3-milijarde-stabala.pdf\">5. Dok panjine sjeku, mi posadimo_ Ne budimo panjevi, zasadimo 3 milijarde stabala<\/a><a href=\"https:\/\/aem.hr\/wp-content\/uploads\/2021\/12\/5.-Dok-panjine-sjeku-mi-posadimo_-Ne-budimo-panjevi-zasadimo-3-milijarde-stabala.pdf\" class=\"wp-block-file__button\" download> Preuzimanje <\/a><\/div>\n\n\n\n<div class=\"wp-block-file\"><a href=\"https:\/\/aem.hr\/wp-content\/uploads\/2021\/12\/6.-Livae-Nanjikana-i-Junior-Qoloni-spaseni-nakon-29-dana-plutanja-po-oceanu.pdf\">6. Livae Nanjikana i Junior Qoloni spa\u0161eni nakon 29 dana plutanja po oceanu<\/a><a href=\"https:\/\/aem.hr\/wp-content\/uploads\/2021\/12\/6.-Livae-Nanjikana-i-Junior-Qoloni-spaseni-nakon-29-dana-plutanja-po-oceanu.pdf\" class=\"wp-block-file__button\" download> Preuzimanje <\/a><\/div>\n\n\n\n<div class=\"wp-block-file\"><a href=\"https:\/\/aem.hr\/wp-content\/uploads\/2021\/12\/7.-EU-mladost-na-sibenskoj-plazi_-Osvjestavali-predrasude-i-pokupili-3251-opusak.pdf\">7. EU-mladost na \u0161ibenskoj pla\u017ei_ Osvje\u0161tavali predrasude i pokupili 3251 opu\u0161ak<\/a><a href=\"https:\/\/aem.hr\/wp-content\/uploads\/2021\/12\/7.-EU-mladost-na-sibenskoj-plazi_-Osvjestavali-predrasude-i-pokupili-3251-opusak.pdf\" class=\"wp-block-file__button\" download> Preuzimanje <\/a><\/div>\n\n\n\n<div class=\"wp-block-file\"><a href=\"https:\/\/aem.hr\/wp-content\/uploads\/2021\/12\/8.-Konacno_-Zemlja-s-tisucu-otoka-za-dvije-godine-dobiva-sest-brodova-za-hitnu-pomoc-otocanima.pdf\">8. Kona\u010dno_ Zemlja s tisu\u0107u otoka za dvije godine dobiva \u0161est brodova za hitnu pomo\u0107 oto\u010danima<\/a><a href=\"https:\/\/aem.hr\/wp-content\/uploads\/2021\/12\/8.-Konacno_-Zemlja-s-tisucu-otoka-za-dvije-godine-dobiva-sest-brodova-za-hitnu-pomoc-otocanima.pdf\" class=\"wp-block-file__button\" download> Preuzimanje <\/a><\/div>\n\n\n\n<div class=\"wp-block-file\"><a href=\"https:\/\/aem.hr\/wp-content\/uploads\/2021\/12\/9.-Halo\u2026-imamo-ELOO_-Setajmo-se-i-prijavljujmo-ilegalno-smece.pdf\">9. Halo\u2026 imamo ELOO_ \u0160etajmo se i prijavljujmo ilegalno sme\u0107e<\/a><a href=\"https:\/\/aem.hr\/wp-content\/uploads\/2021\/12\/9.-Halo\u2026-imamo-ELOO_-Setajmo-se-i-prijavljujmo-ilegalno-smece.pdf\" class=\"wp-block-file__button\" download> Preuzimanje <\/a><\/div>\n\n\n\n<div class=\"wp-block-file\"><a href=\"https:\/\/aem.hr\/wp-content\/uploads\/2021\/12\/10.-Nove-pametne-inovacije_-Pametno-gumeno-igraliste.pdf\">10. Nove pametne inovacije_ Pametno gumeno igrali\u0161te<\/a><a href=\"https:\/\/aem.hr\/wp-content\/uploads\/2021\/12\/10.-Nove-pametne-inovacije_-Pametno-gumeno-igraliste.pdf\" class=\"wp-block-file__button\" download> Preuzimanje <\/a><\/div>\n\n\n\n<p><\/p>\n","protected":false},"excerpt":{"rendered":"","protected":false},"author":18,"featured_media":0,"parent":0,"menu_order":0,"comment_status":"closed","ping_status":"closed","template":"","meta":{"_acf_changed":false,"inline_featured_image":false,"advgb_blocks_editor_width":"","advgb_blocks_columns_visual_guide":"","_links_to":"","_links_to_type":0,"footnotes":""},"class_list":["post-11140","page","type-page","status-publish","hentry"],"acf":[],"yoast_head":"<!-- This site is optimized with the Yoast SEO plugin v25.7 - https:\/\/yoast.com\/wordpress\/plugins\/seo\/ -->\n<title>Dobre vijesti - Agencija za elektroni\u010dke medije<\/title>\n<meta name=\"robots\" content=\"index, follow, max-snippet:-1, max-image-preview:large, max-video-preview:-1\" \/>\n<link rel=\"canonical\" href=\"https:\/\/aem.hr\/dobre-vijesti\/\" \/>\n<meta property=\"og:locale\" content=\"en_US\" \/>\n<meta property=\"og:type\" content=\"article\" \/>\n<meta property=\"og:title\" content=\"Dobre vijesti - Agencija za elektroni\u010dke medije\" \/>\n<meta property=\"og:url\" content=\"https:\/\/aem.hr\/dobre-vijesti\/\" \/>\n<meta property=\"og:site_name\" content=\"Agencija za elektroni\u010dke medije\" \/>\n<meta property=\"article:modified_time\" content=\"2021-12-27T11:30:00+00:00\" \/>\n<meta name=\"twitter:card\" content=\"summary_large_image\" \/>\n<meta name=\"twitter:label1\" content=\"Est. reading time\" \/>\n\t<meta name=\"twitter:data1\" content=\"1 minute\" \/>\n<script type=\"application\/ld+json\" class=\"yoast-schema-graph\">{\"@context\":\"https:\/\/schema.org\",\"@graph\":[{\"@type\":\"WebPage\",\"@id\":\"https:\/\/aem.hr\/dobre-vijesti\/\",\"url\":\"https:\/\/aem.hr\/dobre-vijesti\/\",\"name\":\"Dobre vijesti - Agencija za elektroni\u010dke medije\",\"isPartOf\":{\"@id\":\"https:\/\/aem.hr\/#website\"},\"datePublished\":\"2021-12-27T11:29:57+00:00\",\"dateModified\":\"2021-12-27T11:30:00+00:00\",\"breadcrumb\":{\"@id\":\"https:\/\/aem.hr\/dobre-vijesti\/#breadcrumb\"},\"inLanguage\":\"en-US\",\"potentialAction\":[{\"@type\":\"ReadAction\",\"target\":[\"https:\/\/aem.hr\/dobre-vijesti\/\"]}]},{\"@type\":\"BreadcrumbList\",\"@id\":\"https:\/\/aem.hr\/dobre-vijesti\/#breadcrumb\",\"itemListElement\":[{\"@type\":\"ListItem\",\"position\":1,\"name\":\"Po\u010detna stranica\",\"item\":\"https:\/\/aem.hr\/\"},{\"@type\":\"ListItem\",\"position\":2,\"name\":\"Dobre vijesti\"}]},{\"@type\":\"WebSite\",\"@id\":\"https:\/\/aem.hr\/#website\",\"url\":\"https:\/\/aem.hr\/\",\"name\":\"Agencija za elektroni\u010dke medije\",\"description\":\"\",\"potentialAction\":[{\"@type\":\"SearchAction\",\"target\":{\"@type\":\"EntryPoint\",\"urlTemplate\":\"https:\/\/aem.hr\/?s={search_term_string}\"},\"query-input\":{\"@type\":\"PropertyValueSpecification\",\"valueRequired\":true,\"valueName\":\"search_term_string\"}}],\"inLanguage\":\"en-US\"}]}<\/script>\n<!-- \/ Yoast SEO plugin. -->","yoast_head_json":{"title":"Dobre vijesti - Agencija za elektroni\u010dke medije","robots":{"index":"index","follow":"follow","max-snippet":"max-snippet:-1","max-image-preview":"max-image-preview:large","max-video-preview":"max-video-preview:-1"},"canonical":"https:\/\/aem.hr\/dobre-vijesti\/","og_locale":"en_US","og_type":"article","og_title":"Dobre vijesti - Agencija za elektroni\u010dke medije","og_url":"https:\/\/aem.hr\/dobre-vijesti\/","og_site_name":"Agencija za elektroni\u010dke medije","article_modified_time":"2021-12-27T11:30:00+00:00","twitter_card":"summary_large_image","twitter_misc":{"Est. reading time":"1 minute"},"schema":{"@context":"https:\/\/schema.org","@graph":[{"@type":"WebPage","@id":"https:\/\/aem.hr\/dobre-vijesti\/","url":"https:\/\/aem.hr\/dobre-vijesti\/","name":"Dobre vijesti - Agencija za elektroni\u010dke medije","isPartOf":{"@id":"https:\/\/aem.hr\/#website"},"datePublished":"2021-12-27T11:29:57+00:00","dateModified":"2021-12-27T11:30:00+00:00","breadcrumb":{"@id":"https:\/\/aem.hr\/dobre-vijesti\/#breadcrumb"},"inLanguage":"en-US","potentialAction":[{"@type":"ReadAction","target":["https:\/\/aem.hr\/dobre-vijesti\/"]}]},{"@type":"BreadcrumbList","@id":"https:\/\/aem.hr\/dobre-vijesti\/#breadcrumb","itemListElement":[{"@type":"ListItem","position":1,"name":"Po\u010detna stranica","item":"https:\/\/aem.hr\/"},{"@type":"ListItem","position":2,"name":"Dobre vijesti"}]},{"@type":"WebSite","@id":"https:\/\/aem.hr\/#website","url":"https:\/\/aem.hr\/","name":"Agencija za elektroni\u010dke medije","description":"","potentialAction":[{"@type":"SearchAction","target":{"@type":"EntryPoint","urlTemplate":"https:\/\/aem.hr\/?s={search_term_string}"},"query-input":{"@type":"PropertyValueSpecification","valueRequired":true,"valueName":"search_term_string"}}],"inLanguage":"en-US"}]}},"coauthors":[],"author_meta":{"author_link":"https:\/\/aem.hr\/en\/blog\/author\/mkirac\/","display_name":"Matko Kirac"},"relative_dates":{"created":"Posted 4 years ago","modified":"Updated 4 years ago"},"absolute_dates":{"created":"Posted on 27. December 2021.","modified":"Updated on 27. December 2021."},"absolute_dates_time":{"created":"Posted on 27. December 2021. 12:29","modified":"Updated on 27. December 2021. 12:30"},"featured_img_caption":"","featured_img":false,"series_order":"","_links":{"self":[{"href":"https:\/\/aem.hr\/en\/wp-json\/wp\/v2\/pages\/11140","targetHints":{"allow":["GET"]}}],"collection":[{"href":"https:\/\/aem.hr\/en\/wp-json\/wp\/v2\/pages"}],"about":[{"href":"https:\/\/aem.hr\/en\/wp-json\/wp\/v2\/types\/page"}],"author":[{"embeddable":true,"href":"https:\/\/aem.hr\/en\/wp-json\/wp\/v2\/users\/18"}],"replies":[{"embeddable":true,"href":"https:\/\/aem.hr\/en\/wp-json\/wp\/v2\/comments?post=11140"}],"version-history":[{"count":1,"href":"https:\/\/aem.hr\/en\/wp-json\/wp\/v2\/pages\/11140\/revisions"}],"predecessor-version":[{"id":11162,"href":"https:\/\/aem.hr\/en\/wp-json\/wp\/v2\/pages\/11140\/revisions\/11162"}],"wp:attachment":[{"href":"https:\/\/aem.hr\/en\/wp-json\/wp\/v2\/media?parent=11140"}],"curies":[{"name":"wp","href":"https:\/\/api.w.org\/{rel}","templated":true}]}}