{"id":11234,"date":"2022-01-27T12:57:23","date_gmt":"2022-01-27T11:57:23","guid":{"rendered":"http:\/\/aem.hr\/?page_id=11234"},"modified":"2022-09-09T13:22:48","modified_gmt":"2022-09-09T11:22:48","slug":"kretanje-kriminaliteta-u-pandemiji-covid-19-u-hrvatskoj-s-posebnim-osvrtom-na-kriminalitet-nasilja-u-obitelji-imovinske-delikte-te-prekrsaje-s-elementima-nasilja-i-nasilja-u-obitelji-te-prekrsaje-k","status":"publish","type":"page","link":"https:\/\/aem.hr\/en\/kretanje-kriminaliteta-u-pandemiji-covid-19-u-hrvatskoj-s-posebnim-osvrtom-na-kriminalitet-nasilja-u-obitelji-imovinske-delikte-te-prekrsaje-s-elementima-nasilja-i-nasilja-u-obitelji-te-prekrsaje-k\/","title":{"rendered":"Kretanje kriminaliteta u pandemiji COVID-19 u Hrvatskoj, s posebnim osvrtom na kriminalitet nasilja u obitelji, imovinske delikte, te prekr\u0161aje s elementima nasilja i nasilja u obitelji, te prekr\u0161aje kr\u0161enja mjera samoizolacije i mjera Kriznog sto\u017eera"},"content":{"rendered":"\n<div class=\"wp-block-file\"><a id=\"wp-block-file--media-32fc7c7d-7fd2-4f5a-a141-ee63395138aa\" href=\"https:\/\/aem.hr\/wp-content\/uploads\/2022\/01\/1.-Istina-o-kriminalu-u-doba-korone.pdf\">1. Istina o kriminalu u doba korone<\/a><a href=\"https:\/\/aem.hr\/wp-content\/uploads\/2022\/01\/1.-Istina-o-kriminalu-u-doba-korone.pdf\" class=\"wp-block-file__button\" download aria-describedby=\"wp-block-file--media-32fc7c7d-7fd2-4f5a-a141-ee63395138aa\"> Preuzimanje<\/a><\/div>\n\n\n\n<div class=\"wp-block-file\"><a id=\"wp-block-file--media-7353900c-da0f-4f21-b20e-f368fe13a3b8\" href=\"https:\/\/aem.hr\/wp-content\/uploads\/2022\/01\/2.-Nasilje-u-obitelji.pdf\">2. Nasilje u obitelji<\/a><a href=\"https:\/\/aem.hr\/wp-content\/uploads\/2022\/01\/2.-Nasilje-u-obitelji.pdf\" class=\"wp-block-file__button\" download aria-describedby=\"wp-block-file--media-7353900c-da0f-4f21-b20e-f368fe13a3b8\"> Preuzimanje<\/a><\/div>\n\n\n\n<div class=\"wp-block-file\"><a id=\"wp-block-file--media-21ae8397-590c-4275-99c5-7ad9f305ab05\" href=\"https:\/\/aem.hr\/wp-content\/uploads\/2022\/01\/3.-Kako-je-pandemija-pogodila-kriminalce.pdf\">3. Kako je pandemija pogodila kriminalce<\/a><a href=\"https:\/\/aem.hr\/wp-content\/uploads\/2022\/01\/3.-Kako-je-pandemija-pogodila-kriminalce.pdf\" class=\"wp-block-file__button\" download aria-describedby=\"wp-block-file--media-21ae8397-590c-4275-99c5-7ad9f305ab05\"> Preuzimanje<\/a><\/div>\n\n\n\n<div class=\"wp-block-file\"><a id=\"wp-block-file--media-c62587a5-0138-4eb1-813a-a5d0bfdc70d7\" href=\"https:\/\/aem.hr\/wp-content\/uploads\/2022\/01\/4.-Krsenje-samoizolacije-i-nepostivanje-mjera-Kriznog-stozera.pdf\">4. Kr\u0161enje samoizolacije i nepostivanje mjera Kriznog stozera<\/a><a href=\"https:\/\/aem.hr\/wp-content\/uploads\/2022\/01\/4.-Krsenje-samoizolacije-i-nepostivanje-mjera-Kriznog-stozera.pdf\" class=\"wp-block-file__button\" download aria-describedby=\"wp-block-file--media-c62587a5-0138-4eb1-813a-a5d0bfdc70d7\">Preuzimanje<\/a><\/div>\n\n\n\n<div class=\"wp-block-file\"><a id=\"wp-block-file--media-5d6a98ff-756d-493e-a70e-ca7a37b29178\" href=\"https:\/\/aem.hr\/wp-content\/uploads\/2022\/01\/5.-Korona-je-poremetila-narko-trziste.pdf\">5. Korona je poremetila narko-tr\u017eiste<\/a><a href=\"https:\/\/aem.hr\/wp-content\/uploads\/2022\/01\/5.-Korona-je-poremetila-narko-trziste.pdf\" class=\"wp-block-file__button\" download aria-describedby=\"wp-block-file--media-5d6a98ff-756d-493e-a70e-ca7a37b29178\"> Preuzimanje<\/a><\/div>\n\n\n\n<div class=\"wp-block-file\"><a id=\"wp-block-file--media-1418415e-fdf1-4123-ac53-f8f92a84dd34\" href=\"https:\/\/aem.hr\/wp-content\/uploads\/2022\/01\/6.-Zaraduju-milijune-na-laznim-testovima.pdf\">6. Zara\u0111uju milijune na la\u017enim testovima<\/a><a href=\"https:\/\/aem.hr\/wp-content\/uploads\/2022\/01\/6.-Zaraduju-milijune-na-laznim-testovima.pdf\" class=\"wp-block-file__button\" download aria-describedby=\"wp-block-file--media-1418415e-fdf1-4123-ac53-f8f92a84dd34\"> Preuzimanje<\/a><\/div>\n\n\n\n<p><\/p>\n","protected":false},"excerpt":{"rendered":"","protected":false},"author":18,"featured_media":0,"parent":0,"menu_order":0,"comment_status":"closed","ping_status":"closed","template":"","meta":{"_acf_changed":false,"inline_featured_image":false,"advgb_blocks_editor_width":"","advgb_blocks_columns_visual_guide":"","_links_to":"","_links_to_type":0,"footnotes":""},"class_list":["post-11234","page","type-page","status-publish","hentry"],"acf":[],"yoast_head":"<!-- This site is optimized with the Yoast SEO plugin v25.7 - https:\/\/yoast.com\/wordpress\/plugins\/seo\/ -->\n<title>Kretanje kriminaliteta u pandemiji COVID-19 u Hrvatskoj, s posebnim osvrtom na kriminalitet nasilja u obitelji, imovinske delikte, te prekr\u0161aje s elementima nasilja i nasilja u obitelji, te prekr\u0161aje kr\u0161enja mjera samoizolacije i mjera Kriznog sto\u017eera - Agencija za elektroni\u010dke medije<\/title>\n<meta name=\"robots\" content=\"index, follow, max-snippet:-1, max-image-preview:large, max-video-preview:-1\" \/>\n<link rel=\"canonical\" href=\"https:\/\/aem.hr\/kretanje-kriminaliteta-u-pandemiji-covid-19-u-hrvatskoj-s-posebnim-osvrtom-na-kriminalitet-nasilja-u-obitelji-imovinske-delikte-te-prekrsaje-s-elementima-nasilja-i-nasilja-u-obitelji-te-prekrsaje-k\/\" \/>\n<meta property=\"og:locale\" content=\"en_US\" \/>\n<meta property=\"og:type\" content=\"article\" \/>\n<meta property=\"og:title\" content=\"Kretanje kriminaliteta u pandemiji COVID-19 u Hrvatskoj, s posebnim osvrtom na kriminalitet nasilja u obitelji, imovinske delikte, te prekr\u0161aje s elementima nasilja i nasilja u obitelji, te prekr\u0161aje kr\u0161enja mjera samoizolacije i mjera Kriznog sto\u017eera - Agencija za elektroni\u010dke medije\" \/>\n<meta property=\"og:url\" content=\"https:\/\/aem.hr\/kretanje-kriminaliteta-u-pandemiji-covid-19-u-hrvatskoj-s-posebnim-osvrtom-na-kriminalitet-nasilja-u-obitelji-imovinske-delikte-te-prekrsaje-s-elementima-nasilja-i-nasilja-u-obitelji-te-prekrsaje-k\/\" \/>\n<meta property=\"og:site_name\" content=\"Agencija za elektroni\u010dke medije\" \/>\n<meta property=\"article:modified_time\" content=\"2022-09-09T11:22:48+00:00\" \/>\n<meta name=\"twitter:card\" content=\"summary_large_image\" \/>\n<meta name=\"twitter:label1\" content=\"Est. reading time\" \/>\n\t<meta name=\"twitter:data1\" content=\"1 minute\" \/>\n<script type=\"application\/ld+json\" class=\"yoast-schema-graph\">{\"@context\":\"https:\/\/schema.org\",\"@graph\":[{\"@type\":\"WebPage\",\"@id\":\"https:\/\/aem.hr\/kretanje-kriminaliteta-u-pandemiji-covid-19-u-hrvatskoj-s-posebnim-osvrtom-na-kriminalitet-nasilja-u-obitelji-imovinske-delikte-te-prekrsaje-s-elementima-nasilja-i-nasilja-u-obitelji-te-prekrsaje-k\/\",\"url\":\"https:\/\/aem.hr\/kretanje-kriminaliteta-u-pandemiji-covid-19-u-hrvatskoj-s-posebnim-osvrtom-na-kriminalitet-nasilja-u-obitelji-imovinske-delikte-te-prekrsaje-s-elementima-nasilja-i-nasilja-u-obitelji-te-prekrsaje-k\/\",\"name\":\"Kretanje kriminaliteta u pandemiji COVID-19 u Hrvatskoj, s posebnim osvrtom na kriminalitet nasilja u obitelji, imovinske delikte, te prekr\u0161aje s elementima nasilja i nasilja u obitelji, te prekr\u0161aje kr\u0161enja mjera samoizolacije i mjera Kriznog sto\u017eera - Agencija za elektroni\u010dke medije\",\"isPartOf\":{\"@id\":\"https:\/\/aem.hr\/#website\"},\"datePublished\":\"2022-01-27T11:57:23+00:00\",\"dateModified\":\"2022-09-09T11:22:48+00:00\",\"breadcrumb\":{\"@id\":\"https:\/\/aem.hr\/kretanje-kriminaliteta-u-pandemiji-covid-19-u-hrvatskoj-s-posebnim-osvrtom-na-kriminalitet-nasilja-u-obitelji-imovinske-delikte-te-prekrsaje-s-elementima-nasilja-i-nasilja-u-obitelji-te-prekrsaje-k\/#breadcrumb\"},\"inLanguage\":\"en-US\",\"potentialAction\":[{\"@type\":\"ReadAction\",\"target\":[\"https:\/\/aem.hr\/kretanje-kriminaliteta-u-pandemiji-covid-19-u-hrvatskoj-s-posebnim-osvrtom-na-kriminalitet-nasilja-u-obitelji-imovinske-delikte-te-prekrsaje-s-elementima-nasilja-i-nasilja-u-obitelji-te-prekrsaje-k\/\"]}]},{\"@type\":\"BreadcrumbList\",\"@id\":\"https:\/\/aem.hr\/kretanje-kriminaliteta-u-pandemiji-covid-19-u-hrvatskoj-s-posebnim-osvrtom-na-kriminalitet-nasilja-u-obitelji-imovinske-delikte-te-prekrsaje-s-elementima-nasilja-i-nasilja-u-obitelji-te-prekrsaje-k\/#breadcrumb\",\"itemListElement\":[{\"@type\":\"ListItem\",\"position\":1,\"name\":\"Po\u010detna stranica\",\"item\":\"https:\/\/aem.hr\/\"},{\"@type\":\"ListItem\",\"position\":2,\"name\":\"Kretanje kriminaliteta u pandemiji COVID-19 u Hrvatskoj, s posebnim osvrtom na kriminalitet nasilja u obitelji, imovinske delikte, te prekr\u0161aje s elementima nasilja i nasilja u obitelji, te prekr\u0161aje kr\u0161enja mjera samoizolacije i mjera Kriznog sto\u017eera\"}]},{\"@type\":\"WebSite\",\"@id\":\"https:\/\/aem.hr\/#website\",\"url\":\"https:\/\/aem.hr\/\",\"name\":\"Agencija za elektroni\u010dke medije\",\"description\":\"\",\"potentialAction\":[{\"@type\":\"SearchAction\",\"target\":{\"@type\":\"EntryPoint\",\"urlTemplate\":\"https:\/\/aem.hr\/?s={search_term_string}\"},\"query-input\":{\"@type\":\"PropertyValueSpecification\",\"valueRequired\":true,\"valueName\":\"search_term_string\"}}],\"inLanguage\":\"en-US\"}]}<\/script>\n<!-- \/ Yoast SEO plugin. -->","yoast_head_json":{"title":"Kretanje kriminaliteta u pandemiji COVID-19 u Hrvatskoj, s posebnim osvrtom na kriminalitet nasilja u obitelji, imovinske delikte, te prekr\u0161aje s elementima nasilja i nasilja u obitelji, te prekr\u0161aje kr\u0161enja mjera samoizolacije i mjera Kriznog sto\u017eera - Agencija za elektroni\u010dke medije","robots":{"index":"index","follow":"follow","max-snippet":"max-snippet:-1","max-image-preview":"max-image-preview:large","max-video-preview":"max-video-preview:-1"},"canonical":"https:\/\/aem.hr\/kretanje-kriminaliteta-u-pandemiji-covid-19-u-hrvatskoj-s-posebnim-osvrtom-na-kriminalitet-nasilja-u-obitelji-imovinske-delikte-te-prekrsaje-s-elementima-nasilja-i-nasilja-u-obitelji-te-prekrsaje-k\/","og_locale":"en_US","og_type":"article","og_title":"Kretanje kriminaliteta u pandemiji COVID-19 u Hrvatskoj, s posebnim osvrtom na kriminalitet nasilja u obitelji, imovinske delikte, te prekr\u0161aje s elementima nasilja i nasilja u obitelji, te prekr\u0161aje kr\u0161enja mjera samoizolacije i mjera Kriznog sto\u017eera - Agencija za elektroni\u010dke medije","og_url":"https:\/\/aem.hr\/kretanje-kriminaliteta-u-pandemiji-covid-19-u-hrvatskoj-s-posebnim-osvrtom-na-kriminalitet-nasilja-u-obitelji-imovinske-delikte-te-prekrsaje-s-elementima-nasilja-i-nasilja-u-obitelji-te-prekrsaje-k\/","og_site_name":"Agencija za elektroni\u010dke medije","article_modified_time":"2022-09-09T11:22:48+00:00","twitter_card":"summary_large_image","twitter_misc":{"Est. reading time":"1 minute"},"schema":{"@context":"https:\/\/schema.org","@graph":[{"@type":"WebPage","@id":"https:\/\/aem.hr\/kretanje-kriminaliteta-u-pandemiji-covid-19-u-hrvatskoj-s-posebnim-osvrtom-na-kriminalitet-nasilja-u-obitelji-imovinske-delikte-te-prekrsaje-s-elementima-nasilja-i-nasilja-u-obitelji-te-prekrsaje-k\/","url":"https:\/\/aem.hr\/kretanje-kriminaliteta-u-pandemiji-covid-19-u-hrvatskoj-s-posebnim-osvrtom-na-kriminalitet-nasilja-u-obitelji-imovinske-delikte-te-prekrsaje-s-elementima-nasilja-i-nasilja-u-obitelji-te-prekrsaje-k\/","name":"Kretanje kriminaliteta u pandemiji COVID-19 u Hrvatskoj, s posebnim osvrtom na kriminalitet nasilja u obitelji, imovinske delikte, te prekr\u0161aje s elementima nasilja i nasilja u obitelji, te prekr\u0161aje kr\u0161enja mjera samoizolacije i mjera Kriznog sto\u017eera - Agencija za elektroni\u010dke medije","isPartOf":{"@id":"https:\/\/aem.hr\/#website"},"datePublished":"2022-01-27T11:57:23+00:00","dateModified":"2022-09-09T11:22:48+00:00","breadcrumb":{"@id":"https:\/\/aem.hr\/kretanje-kriminaliteta-u-pandemiji-covid-19-u-hrvatskoj-s-posebnim-osvrtom-na-kriminalitet-nasilja-u-obitelji-imovinske-delikte-te-prekrsaje-s-elementima-nasilja-i-nasilja-u-obitelji-te-prekrsaje-k\/#breadcrumb"},"inLanguage":"en-US","potentialAction":[{"@type":"ReadAction","target":["https:\/\/aem.hr\/kretanje-kriminaliteta-u-pandemiji-covid-19-u-hrvatskoj-s-posebnim-osvrtom-na-kriminalitet-nasilja-u-obitelji-imovinske-delikte-te-prekrsaje-s-elementima-nasilja-i-nasilja-u-obitelji-te-prekrsaje-k\/"]}]},{"@type":"BreadcrumbList","@id":"https:\/\/aem.hr\/kretanje-kriminaliteta-u-pandemiji-covid-19-u-hrvatskoj-s-posebnim-osvrtom-na-kriminalitet-nasilja-u-obitelji-imovinske-delikte-te-prekrsaje-s-elementima-nasilja-i-nasilja-u-obitelji-te-prekrsaje-k\/#breadcrumb","itemListElement":[{"@type":"ListItem","position":1,"name":"Po\u010detna stranica","item":"https:\/\/aem.hr\/"},{"@type":"ListItem","position":2,"name":"Kretanje kriminaliteta u pandemiji COVID-19 u Hrvatskoj, s posebnim osvrtom na kriminalitet nasilja u obitelji, imovinske delikte, te prekr\u0161aje s elementima nasilja i nasilja u obitelji, te prekr\u0161aje kr\u0161enja mjera samoizolacije i mjera Kriznog sto\u017eera"}]},{"@type":"WebSite","@id":"https:\/\/aem.hr\/#website","url":"https:\/\/aem.hr\/","name":"Agencija za elektroni\u010dke medije","description":"","potentialAction":[{"@type":"SearchAction","target":{"@type":"EntryPoint","urlTemplate":"https:\/\/aem.hr\/?s={search_term_string}"},"query-input":{"@type":"PropertyValueSpecification","valueRequired":true,"valueName":"search_term_string"}}],"inLanguage":"en-US"}]}},"coauthors":[],"author_meta":{"author_link":"https:\/\/aem.hr\/en\/blog\/author\/mkirac\/","display_name":"Matko Kirac"},"relative_dates":{"created":"Posted 4 years ago","modified":"Updated 4 years ago"},"absolute_dates":{"created":"Posted on 27. January 2022.","modified":"Updated on 9. September 2022."},"absolute_dates_time":{"created":"Posted on 27. January 2022. 12:57","modified":"Updated on 9. September 2022. 13:22"},"featured_img_caption":"","featured_img":false,"series_order":"","_links":{"self":[{"href":"https:\/\/aem.hr\/en\/wp-json\/wp\/v2\/pages\/11234","targetHints":{"allow":["GET"]}}],"collection":[{"href":"https:\/\/aem.hr\/en\/wp-json\/wp\/v2\/pages"}],"about":[{"href":"https:\/\/aem.hr\/en\/wp-json\/wp\/v2\/types\/page"}],"author":[{"embeddable":true,"href":"https:\/\/aem.hr\/en\/wp-json\/wp\/v2\/users\/18"}],"replies":[{"embeddable":true,"href":"https:\/\/aem.hr\/en\/wp-json\/wp\/v2\/comments?post=11234"}],"version-history":[{"count":2,"href":"https:\/\/aem.hr\/en\/wp-json\/wp\/v2\/pages\/11234\/revisions"}],"predecessor-version":[{"id":12996,"href":"https:\/\/aem.hr\/en\/wp-json\/wp\/v2\/pages\/11234\/revisions\/12996"}],"wp:attachment":[{"href":"https:\/\/aem.hr\/en\/wp-json\/wp\/v2\/media?parent=11234"}],"curies":[{"name":"wp","href":"https:\/\/api.w.org\/{rel}","templated":true}]}}