{"id":11261,"date":"2022-01-27T13:16:54","date_gmt":"2022-01-27T12:16:54","guid":{"rendered":"http:\/\/aem.hr\/?page_id=11261"},"modified":"2022-02-01T11:25:58","modified_gmt":"2022-02-01T10:25:58","slug":"sanja-pljesa-socijalno-poduzetnistvo-zaposljavanje-osoba-s-invaliditetom","status":"publish","type":"page","link":"https:\/\/aem.hr\/en\/sanja-pljesa-socijalno-poduzetnistvo-zaposljavanje-osoba-s-invaliditetom\/","title":{"rendered":"Socijalno poduzetni\u0161tvo &#8211; zapo\u0161ljavanje osoba s invaliditetom"},"content":{"rendered":"\n<p><\/p>\n\n\n\n<div class=\"wp-block-file\"><a href=\"https:\/\/aem.hr\/wp-content\/uploads\/2022\/01\/1.-Drustveno-nevidljivi-nepriznati-i-necijenjeni.pdf\">1. Dru\u0161tveno nevidljivi, nepriznati i necijenjeni<\/a><a href=\"https:\/\/aem.hr\/wp-content\/uploads\/2022\/01\/1.-Drustveno-nevidljivi-nepriznati-i-necijenjeni.pdf\" class=\"wp-block-file__button\" download> Preuzimanje<\/a><\/div>\n\n\n\n<div class=\"wp-block-file\"><a href=\"https:\/\/aem.hr\/wp-content\/uploads\/2022\/01\/2.-Osobama-s-invaliditetom-treba-pruziti.pdf\">2. Osobama s invaliditetom treba pru\u017eiti<\/a><a href=\"https:\/\/aem.hr\/wp-content\/uploads\/2022\/01\/2.-Osobama-s-invaliditetom-treba-pruziti.pdf\" class=\"wp-block-file__button\" download> Preuzimanje<\/a><\/div>\n\n\n\n<div class=\"wp-block-file\"><a href=\"https:\/\/aem.hr\/wp-content\/uploads\/2022\/01\/3.-U-radniku-se-prepoznaje-covjek-a-ne-izvor-profita.pdf\">3. U radniku se prepoznaje \u010dovjek, a ne izvor profita<\/a><a href=\"https:\/\/aem.hr\/wp-content\/uploads\/2022\/01\/3.-U-radniku-se-prepoznaje-covjek-a-ne-izvor-profita.pdf\" class=\"wp-block-file__button\" download> Preuzimanje<\/a><\/div>\n\n\n\n<div class=\"wp-block-file\"><a href=\"https:\/\/aem.hr\/wp-content\/uploads\/2022\/01\/4.-Inkluzivna-farma-kao-centar-jacanja-kompetencija-OSI.pdf\">4. Inkluzivna farma kao centar ja\u010danja kompetencija OSI<\/a><a href=\"https:\/\/aem.hr\/wp-content\/uploads\/2022\/01\/4.-Inkluzivna-farma-kao-centar-jacanja-kompetencija-OSI.pdf\" class=\"wp-block-file__button\" download> Preuzimanje<\/a><\/div>\n\n\n\n<div class=\"wp-block-file\"><a href=\"https:\/\/aem.hr\/wp-content\/uploads\/2022\/01\/5.-Ana-Srsen_-Za-nedosanjane-snove-nikad-nije-kasno.pdf\">5. Ana Sr\u0161en_ Za nedosanjane snove nikad nije kasno<\/a><a href=\"https:\/\/aem.hr\/wp-content\/uploads\/2022\/01\/5.-Ana-Srsen_-Za-nedosanjane-snove-nikad-nije-kasno.pdf\" class=\"wp-block-file__button\" download> Preuzimanje<\/a><\/div>\n\n\n\n<div class=\"wp-block-file\"><a href=\"https:\/\/aem.hr\/wp-content\/uploads\/2022\/01\/6.-Planinarenje-je-stil-zivota-za-sve-a-ne-samo-za-\u201ezdrave-ljude.pdf\">6. Planinarenje je stil \u017eivota, za sve, a ne samo za \u201ezdrave\u201c ljude<\/a><a href=\"https:\/\/aem.hr\/wp-content\/uploads\/2022\/01\/6.-Planinarenje-je-stil-zivota-za-sve-a-ne-samo-za-\u201ezdrave-ljude.pdf\" class=\"wp-block-file__button\" download>Preuzimanje<\/a><\/div>\n\n\n\n<div class=\"wp-block-file\"><a href=\"https:\/\/aem.hr\/wp-content\/uploads\/2022\/01\/7.-Socijalno-poduzetnistvo-je-vazan-faktor-stabilizacije-na-trzistu-rada.pdf\">7. Socijalno poduzetni\u0161tvo je va\u017ean faktor stabilizacije na tr\u017ei\u0161tu rada<\/a><a href=\"https:\/\/aem.hr\/wp-content\/uploads\/2022\/01\/7.-Socijalno-poduzetnistvo-je-vazan-faktor-stabilizacije-na-trzistu-rada.pdf\" class=\"wp-block-file__button\" download> Preuzimanje<\/a><\/div>\n\n\n\n<div class=\"wp-block-file\"><a href=\"https:\/\/aem.hr\/wp-content\/uploads\/2022\/01\/8.-Ljubica-Lukacic_-Uz-trud-i-podrsku-sve-je-moguce.pdf\">8. Ljubica Luka\u010di\u0107_ Uz trud i podr\u0161ku sve je mogu\u0107e<\/a><a href=\"https:\/\/aem.hr\/wp-content\/uploads\/2022\/01\/8.-Ljubica-Lukacic_-Uz-trud-i-podrsku-sve-je-moguce.pdf\" class=\"wp-block-file__button\" download> Preuzimanje<\/a><\/div>\n","protected":false},"excerpt":{"rendered":"","protected":false},"author":18,"featured_media":0,"parent":0,"menu_order":0,"comment_status":"closed","ping_status":"closed","template":"","meta":{"_acf_changed":false,"inline_featured_image":false,"advgb_blocks_editor_width":"","advgb_blocks_columns_visual_guide":"","_links_to":"","_links_to_type":0,"footnotes":""},"class_list":["post-11261","page","type-page","status-publish","hentry"],"acf":[],"yoast_head":"<!-- This site is optimized with the Yoast SEO plugin v25.7 - https:\/\/yoast.com\/wordpress\/plugins\/seo\/ -->\n<title>Socijalno poduzetni\u0161tvo - zapo\u0161ljavanje osoba s invaliditetom - Agencija za elektroni\u010dke medije<\/title>\n<meta name=\"robots\" content=\"index, follow, max-snippet:-1, max-image-preview:large, max-video-preview:-1\" \/>\n<link rel=\"canonical\" href=\"https:\/\/aem.hr\/sanja-pljesa-socijalno-poduzetnistvo-zaposljavanje-osoba-s-invaliditetom\/\" \/>\n<meta property=\"og:locale\" content=\"en_US\" \/>\n<meta property=\"og:type\" content=\"article\" \/>\n<meta property=\"og:title\" content=\"Socijalno poduzetni\u0161tvo - zapo\u0161ljavanje osoba s invaliditetom - Agencija za elektroni\u010dke medije\" \/>\n<meta property=\"og:url\" content=\"https:\/\/aem.hr\/sanja-pljesa-socijalno-poduzetnistvo-zaposljavanje-osoba-s-invaliditetom\/\" \/>\n<meta property=\"og:site_name\" content=\"Agencija za elektroni\u010dke medije\" \/>\n<meta property=\"article:modified_time\" content=\"2022-02-01T10:25:58+00:00\" \/>\n<meta name=\"twitter:card\" content=\"summary_large_image\" \/>\n<meta name=\"twitter:label1\" content=\"Est. reading time\" \/>\n\t<meta name=\"twitter:data1\" content=\"1 minute\" \/>\n<script type=\"application\/ld+json\" class=\"yoast-schema-graph\">{\"@context\":\"https:\/\/schema.org\",\"@graph\":[{\"@type\":\"WebPage\",\"@id\":\"https:\/\/aem.hr\/sanja-pljesa-socijalno-poduzetnistvo-zaposljavanje-osoba-s-invaliditetom\/\",\"url\":\"https:\/\/aem.hr\/sanja-pljesa-socijalno-poduzetnistvo-zaposljavanje-osoba-s-invaliditetom\/\",\"name\":\"Socijalno poduzetni\u0161tvo - zapo\u0161ljavanje osoba s invaliditetom - Agencija za elektroni\u010dke medije\",\"isPartOf\":{\"@id\":\"https:\/\/aem.hr\/#website\"},\"datePublished\":\"2022-01-27T12:16:54+00:00\",\"dateModified\":\"2022-02-01T10:25:58+00:00\",\"breadcrumb\":{\"@id\":\"https:\/\/aem.hr\/sanja-pljesa-socijalno-poduzetnistvo-zaposljavanje-osoba-s-invaliditetom\/#breadcrumb\"},\"inLanguage\":\"en-US\",\"potentialAction\":[{\"@type\":\"ReadAction\",\"target\":[\"https:\/\/aem.hr\/sanja-pljesa-socijalno-poduzetnistvo-zaposljavanje-osoba-s-invaliditetom\/\"]}]},{\"@type\":\"BreadcrumbList\",\"@id\":\"https:\/\/aem.hr\/sanja-pljesa-socijalno-poduzetnistvo-zaposljavanje-osoba-s-invaliditetom\/#breadcrumb\",\"itemListElement\":[{\"@type\":\"ListItem\",\"position\":1,\"name\":\"Po\u010detna stranica\",\"item\":\"https:\/\/aem.hr\/\"},{\"@type\":\"ListItem\",\"position\":2,\"name\":\"Socijalno poduzetni\u0161tvo &#8211; zapo\u0161ljavanje osoba s invaliditetom\"}]},{\"@type\":\"WebSite\",\"@id\":\"https:\/\/aem.hr\/#website\",\"url\":\"https:\/\/aem.hr\/\",\"name\":\"Agencija za elektroni\u010dke medije\",\"description\":\"\",\"potentialAction\":[{\"@type\":\"SearchAction\",\"target\":{\"@type\":\"EntryPoint\",\"urlTemplate\":\"https:\/\/aem.hr\/?s={search_term_string}\"},\"query-input\":{\"@type\":\"PropertyValueSpecification\",\"valueRequired\":true,\"valueName\":\"search_term_string\"}}],\"inLanguage\":\"en-US\"}]}<\/script>\n<!-- \/ Yoast SEO plugin. -->","yoast_head_json":{"title":"Socijalno poduzetni\u0161tvo - zapo\u0161ljavanje osoba s invaliditetom - Agencija za elektroni\u010dke medije","robots":{"index":"index","follow":"follow","max-snippet":"max-snippet:-1","max-image-preview":"max-image-preview:large","max-video-preview":"max-video-preview:-1"},"canonical":"https:\/\/aem.hr\/sanja-pljesa-socijalno-poduzetnistvo-zaposljavanje-osoba-s-invaliditetom\/","og_locale":"en_US","og_type":"article","og_title":"Socijalno poduzetni\u0161tvo - zapo\u0161ljavanje osoba s invaliditetom - Agencija za elektroni\u010dke medije","og_url":"https:\/\/aem.hr\/sanja-pljesa-socijalno-poduzetnistvo-zaposljavanje-osoba-s-invaliditetom\/","og_site_name":"Agencija za elektroni\u010dke medije","article_modified_time":"2022-02-01T10:25:58+00:00","twitter_card":"summary_large_image","twitter_misc":{"Est. reading time":"1 minute"},"schema":{"@context":"https:\/\/schema.org","@graph":[{"@type":"WebPage","@id":"https:\/\/aem.hr\/sanja-pljesa-socijalno-poduzetnistvo-zaposljavanje-osoba-s-invaliditetom\/","url":"https:\/\/aem.hr\/sanja-pljesa-socijalno-poduzetnistvo-zaposljavanje-osoba-s-invaliditetom\/","name":"Socijalno poduzetni\u0161tvo - zapo\u0161ljavanje osoba s invaliditetom - Agencija za elektroni\u010dke medije","isPartOf":{"@id":"https:\/\/aem.hr\/#website"},"datePublished":"2022-01-27T12:16:54+00:00","dateModified":"2022-02-01T10:25:58+00:00","breadcrumb":{"@id":"https:\/\/aem.hr\/sanja-pljesa-socijalno-poduzetnistvo-zaposljavanje-osoba-s-invaliditetom\/#breadcrumb"},"inLanguage":"en-US","potentialAction":[{"@type":"ReadAction","target":["https:\/\/aem.hr\/sanja-pljesa-socijalno-poduzetnistvo-zaposljavanje-osoba-s-invaliditetom\/"]}]},{"@type":"BreadcrumbList","@id":"https:\/\/aem.hr\/sanja-pljesa-socijalno-poduzetnistvo-zaposljavanje-osoba-s-invaliditetom\/#breadcrumb","itemListElement":[{"@type":"ListItem","position":1,"name":"Po\u010detna stranica","item":"https:\/\/aem.hr\/"},{"@type":"ListItem","position":2,"name":"Socijalno poduzetni\u0161tvo &#8211; zapo\u0161ljavanje osoba s invaliditetom"}]},{"@type":"WebSite","@id":"https:\/\/aem.hr\/#website","url":"https:\/\/aem.hr\/","name":"Agencija za elektroni\u010dke medije","description":"","potentialAction":[{"@type":"SearchAction","target":{"@type":"EntryPoint","urlTemplate":"https:\/\/aem.hr\/?s={search_term_string}"},"query-input":{"@type":"PropertyValueSpecification","valueRequired":true,"valueName":"search_term_string"}}],"inLanguage":"en-US"}]}},"coauthors":[],"author_meta":{"author_link":"https:\/\/aem.hr\/en\/blog\/author\/mkirac\/","display_name":"Matko Kirac"},"relative_dates":{"created":"Posted 4 years ago","modified":"Updated 4 years ago"},"absolute_dates":{"created":"Posted on 27. January 2022.","modified":"Updated on 1. February 2022."},"absolute_dates_time":{"created":"Posted on 27. January 2022. 13:16","modified":"Updated on 1. February 2022. 11:25"},"featured_img_caption":"","featured_img":false,"series_order":"","_links":{"self":[{"href":"https:\/\/aem.hr\/en\/wp-json\/wp\/v2\/pages\/11261","targetHints":{"allow":["GET"]}}],"collection":[{"href":"https:\/\/aem.hr\/en\/wp-json\/wp\/v2\/pages"}],"about":[{"href":"https:\/\/aem.hr\/en\/wp-json\/wp\/v2\/types\/page"}],"author":[{"embeddable":true,"href":"https:\/\/aem.hr\/en\/wp-json\/wp\/v2\/users\/18"}],"replies":[{"embeddable":true,"href":"https:\/\/aem.hr\/en\/wp-json\/wp\/v2\/comments?post=11261"}],"version-history":[{"count":2,"href":"https:\/\/aem.hr\/en\/wp-json\/wp\/v2\/pages\/11261\/revisions"}],"predecessor-version":[{"id":11450,"href":"https:\/\/aem.hr\/en\/wp-json\/wp\/v2\/pages\/11261\/revisions\/11450"}],"wp:attachment":[{"href":"https:\/\/aem.hr\/en\/wp-json\/wp\/v2\/media?parent=11261"}],"curies":[{"name":"wp","href":"https:\/\/api.w.org\/{rel}","templated":true}]}}