{"id":11283,"date":"2022-01-27T13:36:48","date_gmt":"2022-01-27T12:36:48","guid":{"rendered":"http:\/\/aem.hr\/?page_id=11283"},"modified":"2022-01-27T13:38:03","modified_gmt":"2022-01-27T12:38:03","slug":"ranjive-skupine-zivot-sa-dementnom-osobom","status":"publish","type":"page","link":"https:\/\/aem.hr\/en\/ranjive-skupine-zivot-sa-dementnom-osobom\/","title":{"rendered":"Ranjive skupine: \u017divot sa dementnom osobom"},"content":{"rendered":"\n<div class=\"wp-block-file\"><a href=\"https:\/\/aem.hr\/wp-content\/uploads\/2022\/01\/1.-Demencija-bolest-koja-zivot-okrece-naopacke.pdf\">1. Demencija &#8211; bolest koja \u017eivot okre\u0107e naopa\u010dke<\/a><a href=\"https:\/\/aem.hr\/wp-content\/uploads\/2022\/01\/1.-Demencija-bolest-koja-zivot-okrece-naopacke.pdf\" class=\"wp-block-file__button\" download> Preuzimanje <\/a><\/div>\n\n\n\n<div class=\"wp-block-file\"><a href=\"https:\/\/aem.hr\/wp-content\/uploads\/2022\/01\/2.-Zagonetka-Alzheimerove-bolesti_-Nova-nada-za-lijecenje-demencije.pdf\">2. Zagonetka Alzheimerove bolesti_ Nova nada za lije\u010denje demencije<\/a><a href=\"https:\/\/aem.hr\/wp-content\/uploads\/2022\/01\/2.-Zagonetka-Alzheimerove-bolesti_-Nova-nada-za-lijecenje-demencije.pdf\" class=\"wp-block-file__button\" download> Preuzimanje <\/a><\/div>\n\n\n\n<div class=\"wp-block-file\"><a href=\"https:\/\/aem.hr\/wp-content\/uploads\/2022\/01\/3.-Skrb-o-dementnoj-osobi-Kako-prilagoditi-zivotni-prostor.pdf\">3. Skrb o dementnoj osobi &#8211; Kako prilagoditi \u017eivotni prostor<\/a><a href=\"https:\/\/aem.hr\/wp-content\/uploads\/2022\/01\/3.-Skrb-o-dementnoj-osobi-Kako-prilagoditi-zivotni-prostor.pdf\" class=\"wp-block-file__button\" download>Preuzimanje<\/a><\/div>\n\n\n\n<div class=\"wp-block-file\"><a href=\"https:\/\/aem.hr\/wp-content\/uploads\/2022\/01\/4.-Zivot-ne-staje-zbog-demencije.pdf\">4. \u017divot ne staje zbog demencije<\/a><a href=\"https:\/\/aem.hr\/wp-content\/uploads\/2022\/01\/4.-Zivot-ne-staje-zbog-demencije.pdf\" class=\"wp-block-file__button\" download> Preuzimanje <\/a><\/div>\n\n\n\n<p><\/p>\n","protected":false},"excerpt":{"rendered":"","protected":false},"author":18,"featured_media":0,"parent":0,"menu_order":0,"comment_status":"closed","ping_status":"closed","template":"","meta":{"_acf_changed":false,"inline_featured_image":false,"advgb_blocks_editor_width":"","advgb_blocks_columns_visual_guide":"","_links_to":"","_links_to_type":0,"footnotes":""},"class_list":["post-11283","page","type-page","status-publish","hentry"],"acf":[],"yoast_head":"<!-- This site is optimized with the Yoast SEO plugin v25.7 - https:\/\/yoast.com\/wordpress\/plugins\/seo\/ -->\n<title>Ranjive skupine: \u017divot sa dementnom osobom - Agencija za elektroni\u010dke medije<\/title>\n<meta name=\"robots\" content=\"index, follow, max-snippet:-1, max-image-preview:large, max-video-preview:-1\" \/>\n<link rel=\"canonical\" href=\"https:\/\/aem.hr\/ranjive-skupine-zivot-sa-dementnom-osobom\/\" \/>\n<meta property=\"og:locale\" content=\"en_US\" \/>\n<meta property=\"og:type\" content=\"article\" \/>\n<meta property=\"og:title\" content=\"Ranjive skupine: \u017divot sa dementnom osobom - Agencija za elektroni\u010dke medije\" \/>\n<meta property=\"og:url\" content=\"https:\/\/aem.hr\/ranjive-skupine-zivot-sa-dementnom-osobom\/\" \/>\n<meta property=\"og:site_name\" content=\"Agencija za elektroni\u010dke medije\" \/>\n<meta property=\"article:modified_time\" content=\"2022-01-27T12:38:03+00:00\" \/>\n<meta name=\"twitter:card\" content=\"summary_large_image\" \/>\n<meta name=\"twitter:label1\" content=\"Est. reading time\" \/>\n\t<meta name=\"twitter:data1\" content=\"1 minute\" \/>\n<script type=\"application\/ld+json\" class=\"yoast-schema-graph\">{\"@context\":\"https:\/\/schema.org\",\"@graph\":[{\"@type\":\"WebPage\",\"@id\":\"https:\/\/aem.hr\/ranjive-skupine-zivot-sa-dementnom-osobom\/\",\"url\":\"https:\/\/aem.hr\/ranjive-skupine-zivot-sa-dementnom-osobom\/\",\"name\":\"Ranjive skupine: \u017divot sa dementnom osobom - Agencija za elektroni\u010dke medije\",\"isPartOf\":{\"@id\":\"https:\/\/aem.hr\/#website\"},\"datePublished\":\"2022-01-27T12:36:48+00:00\",\"dateModified\":\"2022-01-27T12:38:03+00:00\",\"breadcrumb\":{\"@id\":\"https:\/\/aem.hr\/ranjive-skupine-zivot-sa-dementnom-osobom\/#breadcrumb\"},\"inLanguage\":\"en-US\",\"potentialAction\":[{\"@type\":\"ReadAction\",\"target\":[\"https:\/\/aem.hr\/ranjive-skupine-zivot-sa-dementnom-osobom\/\"]}]},{\"@type\":\"BreadcrumbList\",\"@id\":\"https:\/\/aem.hr\/ranjive-skupine-zivot-sa-dementnom-osobom\/#breadcrumb\",\"itemListElement\":[{\"@type\":\"ListItem\",\"position\":1,\"name\":\"Po\u010detna stranica\",\"item\":\"https:\/\/aem.hr\/\"},{\"@type\":\"ListItem\",\"position\":2,\"name\":\"Ranjive skupine: \u017divot sa dementnom osobom\"}]},{\"@type\":\"WebSite\",\"@id\":\"https:\/\/aem.hr\/#website\",\"url\":\"https:\/\/aem.hr\/\",\"name\":\"Agencija za elektroni\u010dke medije\",\"description\":\"\",\"potentialAction\":[{\"@type\":\"SearchAction\",\"target\":{\"@type\":\"EntryPoint\",\"urlTemplate\":\"https:\/\/aem.hr\/?s={search_term_string}\"},\"query-input\":{\"@type\":\"PropertyValueSpecification\",\"valueRequired\":true,\"valueName\":\"search_term_string\"}}],\"inLanguage\":\"en-US\"}]}<\/script>\n<!-- \/ Yoast SEO plugin. -->","yoast_head_json":{"title":"Ranjive skupine: \u017divot sa dementnom osobom - Agencija za elektroni\u010dke medije","robots":{"index":"index","follow":"follow","max-snippet":"max-snippet:-1","max-image-preview":"max-image-preview:large","max-video-preview":"max-video-preview:-1"},"canonical":"https:\/\/aem.hr\/ranjive-skupine-zivot-sa-dementnom-osobom\/","og_locale":"en_US","og_type":"article","og_title":"Ranjive skupine: \u017divot sa dementnom osobom - Agencija za elektroni\u010dke medije","og_url":"https:\/\/aem.hr\/ranjive-skupine-zivot-sa-dementnom-osobom\/","og_site_name":"Agencija za elektroni\u010dke medije","article_modified_time":"2022-01-27T12:38:03+00:00","twitter_card":"summary_large_image","twitter_misc":{"Est. reading time":"1 minute"},"schema":{"@context":"https:\/\/schema.org","@graph":[{"@type":"WebPage","@id":"https:\/\/aem.hr\/ranjive-skupine-zivot-sa-dementnom-osobom\/","url":"https:\/\/aem.hr\/ranjive-skupine-zivot-sa-dementnom-osobom\/","name":"Ranjive skupine: \u017divot sa dementnom osobom - Agencija za elektroni\u010dke medije","isPartOf":{"@id":"https:\/\/aem.hr\/#website"},"datePublished":"2022-01-27T12:36:48+00:00","dateModified":"2022-01-27T12:38:03+00:00","breadcrumb":{"@id":"https:\/\/aem.hr\/ranjive-skupine-zivot-sa-dementnom-osobom\/#breadcrumb"},"inLanguage":"en-US","potentialAction":[{"@type":"ReadAction","target":["https:\/\/aem.hr\/ranjive-skupine-zivot-sa-dementnom-osobom\/"]}]},{"@type":"BreadcrumbList","@id":"https:\/\/aem.hr\/ranjive-skupine-zivot-sa-dementnom-osobom\/#breadcrumb","itemListElement":[{"@type":"ListItem","position":1,"name":"Po\u010detna stranica","item":"https:\/\/aem.hr\/"},{"@type":"ListItem","position":2,"name":"Ranjive skupine: \u017divot sa dementnom osobom"}]},{"@type":"WebSite","@id":"https:\/\/aem.hr\/#website","url":"https:\/\/aem.hr\/","name":"Agencija za elektroni\u010dke medije","description":"","potentialAction":[{"@type":"SearchAction","target":{"@type":"EntryPoint","urlTemplate":"https:\/\/aem.hr\/?s={search_term_string}"},"query-input":{"@type":"PropertyValueSpecification","valueRequired":true,"valueName":"search_term_string"}}],"inLanguage":"en-US"}]}},"coauthors":[],"author_meta":{"author_link":"https:\/\/aem.hr\/en\/blog\/author\/mkirac\/","display_name":"Matko Kirac"},"relative_dates":{"created":"Posted 4 years ago","modified":"Updated 4 years ago"},"absolute_dates":{"created":"Posted on 27. January 2022.","modified":"Updated on 27. January 2022."},"absolute_dates_time":{"created":"Posted on 27. January 2022. 13:36","modified":"Updated on 27. January 2022. 13:38"},"featured_img_caption":"","featured_img":false,"series_order":"","_links":{"self":[{"href":"https:\/\/aem.hr\/en\/wp-json\/wp\/v2\/pages\/11283","targetHints":{"allow":["GET"]}}],"collection":[{"href":"https:\/\/aem.hr\/en\/wp-json\/wp\/v2\/pages"}],"about":[{"href":"https:\/\/aem.hr\/en\/wp-json\/wp\/v2\/types\/page"}],"author":[{"embeddable":true,"href":"https:\/\/aem.hr\/en\/wp-json\/wp\/v2\/users\/18"}],"replies":[{"embeddable":true,"href":"https:\/\/aem.hr\/en\/wp-json\/wp\/v2\/comments?post=11283"}],"version-history":[{"count":2,"href":"https:\/\/aem.hr\/en\/wp-json\/wp\/v2\/pages\/11283\/revisions"}],"predecessor-version":[{"id":11293,"href":"https:\/\/aem.hr\/en\/wp-json\/wp\/v2\/pages\/11283\/revisions\/11293"}],"wp:attachment":[{"href":"https:\/\/aem.hr\/en\/wp-json\/wp\/v2\/media?parent=11283"}],"curies":[{"name":"wp","href":"https:\/\/api.w.org\/{rel}","templated":true}]}}