{"id":11312,"date":"2022-01-27T13:45:22","date_gmt":"2022-01-27T12:45:22","guid":{"rendered":"http:\/\/aem.hr\/?page_id=11312"},"modified":"2022-02-01T11:25:04","modified_gmt":"2022-02-01T10:25:04","slug":"zeljana-ivanus-polozaj-zena-u-lokalnoj-politici","status":"publish","type":"page","link":"https:\/\/aem.hr\/en\/zeljana-ivanus-polozaj-zena-u-lokalnoj-politici\/","title":{"rendered":"Polo\u017eaj \u017eena u lokalnoj politici"},"content":{"rendered":"\n<div class=\"wp-block-file\"><a href=\"https:\/\/aem.hr\/wp-content\/uploads\/2022\/01\/1.-Zasto-je-tesko-biti-zena-u-gorickoj-politici-i-kako-to-da-je-od-27-gradskih-vijecnika-samo-pet-zena.pdf\">1. Za\u0161to je te\u0161ko biti \u017eena u gori\u010dkoj politici i kako to da je od 27 gradskih vije\u0107nika samo pet \u017eena<\/a><a href=\"https:\/\/aem.hr\/wp-content\/uploads\/2022\/01\/1.-Zasto-je-tesko-biti-zena-u-gorickoj-politici-i-kako-to-da-je-od-27-gradskih-vijecnika-samo-pet-zena.pdf\" class=\"wp-block-file__button\" download> Preuzimanje <\/a><\/div>\n\n\n\n<div class=\"wp-block-file\"><a href=\"https:\/\/aem.hr\/wp-content\/uploads\/2022\/01\/2.-Samo-zene-i-mladi-mogu-donijeti-novu-energiju-i-promijeniti-Goricu.pdf\">2. Samo \u017eene i mladi mogu donijeti novu energiju i promijeniti Goricu<\/a><a href=\"https:\/\/aem.hr\/wp-content\/uploads\/2022\/01\/2.-Samo-zene-i-mladi-mogu-donijeti-novu-energiju-i-promijeniti-Goricu.pdf\" class=\"wp-block-file__button\" download> Preuzimanje <\/a><\/div>\n\n\n\n<div class=\"wp-block-file\"><a href=\"https:\/\/aem.hr\/wp-content\/uploads\/2022\/01\/3.-I-Gorica-ce-jednom-dobiti-gradonacelnicu.pdf\">3. I Gorica \u0107e jednom dobiti gradona\u010delnicu<\/a><a href=\"https:\/\/aem.hr\/wp-content\/uploads\/2022\/01\/3.-I-Gorica-ce-jednom-dobiti-gradonacelnicu.pdf\" class=\"wp-block-file__button\" download> Preuzimanje <\/a><\/div>\n\n\n\n<div class=\"wp-block-file\"><a href=\"https:\/\/aem.hr\/wp-content\/uploads\/2022\/01\/4.-Lokalna-politika-ne-moze-biti-uspjesna-bez-zena.pdf\">4. Lokalna politika ne mo\u017ee biti uspje\u0161na bez \u017eena<\/a><a href=\"https:\/\/aem.hr\/wp-content\/uploads\/2022\/01\/4.-Lokalna-politika-ne-moze-biti-uspjesna-bez-zena.pdf\" class=\"wp-block-file__button\" download> Preuzimanje <\/a><\/div>\n\n\n\n<div class=\"wp-block-file\"><a href=\"https:\/\/aem.hr\/wp-content\/uploads\/2022\/01\/5.-Prije-ce-SAD-dobiti-predsjednicu-nego-Velika-Gorica-gradonacelnicu.pdf\">5. Prije \u0107e SAD dobiti predsjednicu nego Velika Gorica gradona\u010delnicu<\/a><a href=\"https:\/\/aem.hr\/wp-content\/uploads\/2022\/01\/5.-Prije-ce-SAD-dobiti-predsjednicu-nego-Velika-Gorica-gradonacelnicu.pdf\" class=\"wp-block-file__button\" download> Preuzimanje <\/a><\/div>\n\n\n\n<div class=\"wp-block-file\"><a href=\"https:\/\/aem.hr\/wp-content\/uploads\/2022\/01\/6.-U-nasoj-stranci-nerijetko-zene-vode-glavnu-rijec.pdf\">6. U na\u0161oj stranci nerijetko \u017eene vode glavnu rije\u010d<\/a><a href=\"https:\/\/aem.hr\/wp-content\/uploads\/2022\/01\/6.-U-nasoj-stranci-nerijetko-zene-vode-glavnu-rijec.pdf\" class=\"wp-block-file__button\" download>Preuzimanje<\/a><\/div>\n\n\n\n<div class=\"wp-block-file\"><a href=\"https:\/\/aem.hr\/wp-content\/uploads\/2022\/01\/7.-Prije-ce-zena-postati-predsjednica-SAD-a-nego-gradonacelnica-Velike-Gorice.pdf\">7. Prije \u0107e \u017eena postati predsjednica SAD-a nego gradona\u010delnica Velike Gorice<\/a><a href=\"https:\/\/aem.hr\/wp-content\/uploads\/2022\/01\/7.-Prije-ce-zena-postati-predsjednica-SAD-a-nego-gradonacelnica-Velike-Gorice.pdf\" class=\"wp-block-file__button\" download> Preuzimanje <\/a><\/div>\n\n\n\n<p><\/p>\n","protected":false},"excerpt":{"rendered":"","protected":false},"author":18,"featured_media":0,"parent":0,"menu_order":0,"comment_status":"closed","ping_status":"closed","template":"","meta":{"_acf_changed":false,"inline_featured_image":false,"advgb_blocks_editor_width":"","advgb_blocks_columns_visual_guide":"","_links_to":"","_links_to_type":0,"footnotes":""},"class_list":["post-11312","page","type-page","status-publish","hentry"],"acf":[],"yoast_head":"<!-- This site is optimized with the Yoast SEO plugin v25.7 - https:\/\/yoast.com\/wordpress\/plugins\/seo\/ -->\n<title>Polo\u017eaj \u017eena u lokalnoj politici - Agencija za elektroni\u010dke medije<\/title>\n<meta name=\"robots\" content=\"index, follow, max-snippet:-1, max-image-preview:large, max-video-preview:-1\" \/>\n<link rel=\"canonical\" href=\"https:\/\/aem.hr\/zeljana-ivanus-polozaj-zena-u-lokalnoj-politici\/\" \/>\n<meta property=\"og:locale\" content=\"en_US\" \/>\n<meta property=\"og:type\" content=\"article\" \/>\n<meta property=\"og:title\" content=\"Polo\u017eaj \u017eena u lokalnoj politici - Agencija za elektroni\u010dke medije\" \/>\n<meta property=\"og:url\" content=\"https:\/\/aem.hr\/zeljana-ivanus-polozaj-zena-u-lokalnoj-politici\/\" \/>\n<meta property=\"og:site_name\" content=\"Agencija za elektroni\u010dke medije\" \/>\n<meta property=\"article:modified_time\" content=\"2022-02-01T10:25:04+00:00\" \/>\n<meta name=\"twitter:card\" content=\"summary_large_image\" \/>\n<meta name=\"twitter:label1\" content=\"Est. reading time\" \/>\n\t<meta name=\"twitter:data1\" content=\"1 minute\" \/>\n<script type=\"application\/ld+json\" class=\"yoast-schema-graph\">{\"@context\":\"https:\/\/schema.org\",\"@graph\":[{\"@type\":\"WebPage\",\"@id\":\"https:\/\/aem.hr\/zeljana-ivanus-polozaj-zena-u-lokalnoj-politici\/\",\"url\":\"https:\/\/aem.hr\/zeljana-ivanus-polozaj-zena-u-lokalnoj-politici\/\",\"name\":\"Polo\u017eaj \u017eena u lokalnoj politici - Agencija za elektroni\u010dke medije\",\"isPartOf\":{\"@id\":\"https:\/\/aem.hr\/#website\"},\"datePublished\":\"2022-01-27T12:45:22+00:00\",\"dateModified\":\"2022-02-01T10:25:04+00:00\",\"breadcrumb\":{\"@id\":\"https:\/\/aem.hr\/zeljana-ivanus-polozaj-zena-u-lokalnoj-politici\/#breadcrumb\"},\"inLanguage\":\"en-US\",\"potentialAction\":[{\"@type\":\"ReadAction\",\"target\":[\"https:\/\/aem.hr\/zeljana-ivanus-polozaj-zena-u-lokalnoj-politici\/\"]}]},{\"@type\":\"BreadcrumbList\",\"@id\":\"https:\/\/aem.hr\/zeljana-ivanus-polozaj-zena-u-lokalnoj-politici\/#breadcrumb\",\"itemListElement\":[{\"@type\":\"ListItem\",\"position\":1,\"name\":\"Po\u010detna stranica\",\"item\":\"https:\/\/aem.hr\/\"},{\"@type\":\"ListItem\",\"position\":2,\"name\":\"Polo\u017eaj \u017eena u lokalnoj politici\"}]},{\"@type\":\"WebSite\",\"@id\":\"https:\/\/aem.hr\/#website\",\"url\":\"https:\/\/aem.hr\/\",\"name\":\"Agencija za elektroni\u010dke medije\",\"description\":\"\",\"potentialAction\":[{\"@type\":\"SearchAction\",\"target\":{\"@type\":\"EntryPoint\",\"urlTemplate\":\"https:\/\/aem.hr\/?s={search_term_string}\"},\"query-input\":{\"@type\":\"PropertyValueSpecification\",\"valueRequired\":true,\"valueName\":\"search_term_string\"}}],\"inLanguage\":\"en-US\"}]}<\/script>\n<!-- \/ Yoast SEO plugin. -->","yoast_head_json":{"title":"Polo\u017eaj \u017eena u lokalnoj politici - Agencija za elektroni\u010dke medije","robots":{"index":"index","follow":"follow","max-snippet":"max-snippet:-1","max-image-preview":"max-image-preview:large","max-video-preview":"max-video-preview:-1"},"canonical":"https:\/\/aem.hr\/zeljana-ivanus-polozaj-zena-u-lokalnoj-politici\/","og_locale":"en_US","og_type":"article","og_title":"Polo\u017eaj \u017eena u lokalnoj politici - Agencija za elektroni\u010dke medije","og_url":"https:\/\/aem.hr\/zeljana-ivanus-polozaj-zena-u-lokalnoj-politici\/","og_site_name":"Agencija za elektroni\u010dke medije","article_modified_time":"2022-02-01T10:25:04+00:00","twitter_card":"summary_large_image","twitter_misc":{"Est. reading time":"1 minute"},"schema":{"@context":"https:\/\/schema.org","@graph":[{"@type":"WebPage","@id":"https:\/\/aem.hr\/zeljana-ivanus-polozaj-zena-u-lokalnoj-politici\/","url":"https:\/\/aem.hr\/zeljana-ivanus-polozaj-zena-u-lokalnoj-politici\/","name":"Polo\u017eaj \u017eena u lokalnoj politici - Agencija za elektroni\u010dke medije","isPartOf":{"@id":"https:\/\/aem.hr\/#website"},"datePublished":"2022-01-27T12:45:22+00:00","dateModified":"2022-02-01T10:25:04+00:00","breadcrumb":{"@id":"https:\/\/aem.hr\/zeljana-ivanus-polozaj-zena-u-lokalnoj-politici\/#breadcrumb"},"inLanguage":"en-US","potentialAction":[{"@type":"ReadAction","target":["https:\/\/aem.hr\/zeljana-ivanus-polozaj-zena-u-lokalnoj-politici\/"]}]},{"@type":"BreadcrumbList","@id":"https:\/\/aem.hr\/zeljana-ivanus-polozaj-zena-u-lokalnoj-politici\/#breadcrumb","itemListElement":[{"@type":"ListItem","position":1,"name":"Po\u010detna stranica","item":"https:\/\/aem.hr\/"},{"@type":"ListItem","position":2,"name":"Polo\u017eaj \u017eena u lokalnoj politici"}]},{"@type":"WebSite","@id":"https:\/\/aem.hr\/#website","url":"https:\/\/aem.hr\/","name":"Agencija za elektroni\u010dke medije","description":"","potentialAction":[{"@type":"SearchAction","target":{"@type":"EntryPoint","urlTemplate":"https:\/\/aem.hr\/?s={search_term_string}"},"query-input":{"@type":"PropertyValueSpecification","valueRequired":true,"valueName":"search_term_string"}}],"inLanguage":"en-US"}]}},"coauthors":[],"author_meta":{"author_link":"https:\/\/aem.hr\/en\/blog\/author\/mkirac\/","display_name":"Matko Kirac"},"relative_dates":{"created":"Posted 4 years ago","modified":"Updated 4 years ago"},"absolute_dates":{"created":"Posted on 27. January 2022.","modified":"Updated on 1. February 2022."},"absolute_dates_time":{"created":"Posted on 27. January 2022. 13:45","modified":"Updated on 1. February 2022. 11:25"},"featured_img_caption":"","featured_img":false,"series_order":"","_links":{"self":[{"href":"https:\/\/aem.hr\/en\/wp-json\/wp\/v2\/pages\/11312","targetHints":{"allow":["GET"]}}],"collection":[{"href":"https:\/\/aem.hr\/en\/wp-json\/wp\/v2\/pages"}],"about":[{"href":"https:\/\/aem.hr\/en\/wp-json\/wp\/v2\/types\/page"}],"author":[{"embeddable":true,"href":"https:\/\/aem.hr\/en\/wp-json\/wp\/v2\/users\/18"}],"replies":[{"embeddable":true,"href":"https:\/\/aem.hr\/en\/wp-json\/wp\/v2\/comments?post=11312"}],"version-history":[{"count":2,"href":"https:\/\/aem.hr\/en\/wp-json\/wp\/v2\/pages\/11312\/revisions"}],"predecessor-version":[{"id":11449,"href":"https:\/\/aem.hr\/en\/wp-json\/wp\/v2\/pages\/11312\/revisions\/11449"}],"wp:attachment":[{"href":"https:\/\/aem.hr\/en\/wp-json\/wp\/v2\/media?parent=11312"}],"curies":[{"name":"wp","href":"https:\/\/api.w.org\/{rel}","templated":true}]}}