{"id":11351,"date":"2022-01-27T14:14:10","date_gmt":"2022-01-27T13:14:10","guid":{"rendered":"http:\/\/aem.hr\/?page_id=11351"},"modified":"2022-01-27T14:14:12","modified_gmt":"2022-01-27T13:14:12","slug":"narodni-heroji-kao-brend","status":"publish","type":"page","link":"https:\/\/aem.hr\/en\/narodni-heroji-kao-brend\/","title":{"rendered":"Narodni heroji kao brend"},"content":{"rendered":"\n<div class=\"wp-block-file\"><a href=\"https:\/\/aem.hr\/wp-content\/uploads\/2022\/01\/1.-Nekad-narodni-danas-brend-heroji.pdf\">1. Nekad narodni, danas brend heroji<\/a><a href=\"https:\/\/aem.hr\/wp-content\/uploads\/2022\/01\/1.-Nekad-narodni-danas-brend-heroji.pdf\" class=\"wp-block-file__button\" download> Preuzimanje <\/a><\/div>\n\n\n\n<div class=\"wp-block-file\"><a href=\"https:\/\/aem.hr\/wp-content\/uploads\/2022\/01\/2.-I-u-najtezim-uvjetima.pdf\">2. I u najte\u017eim uvjetima<\/a><a href=\"https:\/\/aem.hr\/wp-content\/uploads\/2022\/01\/2.-I-u-najtezim-uvjetima.pdf\" class=\"wp-block-file__button\" download>Preuzimanje<\/a><\/div>\n\n\n\n<div class=\"wp-block-file\"><a href=\"https:\/\/aem.hr\/wp-content\/uploads\/2022\/01\/3.-Zvucat-ce-cudno-ali-ime-i-jest-i-nije.pdf\">3. Zvu\u010dat \u0107e \u010dudno, ali ime i jest i nije<\/a><a href=\"https:\/\/aem.hr\/wp-content\/uploads\/2022\/01\/3.-Zvucat-ce-cudno-ali-ime-i-jest-i-nije.pdf\" class=\"wp-block-file__button\" download> Preuzimanje <\/a><\/div>\n\n\n\n<div class=\"wp-block-file\"><a href=\"https:\/\/aem.hr\/wp-content\/uploads\/2022\/01\/4.-Nestrpljivost-najveci-grijeh.pdf\">4. Nestrpljivost &#8211; najve\u0107i grijeh<\/a><a href=\"https:\/\/aem.hr\/wp-content\/uploads\/2022\/01\/4.-Nestrpljivost-najveci-grijeh.pdf\" class=\"wp-block-file__button\" download> Preuzimanje <\/a><\/div>\n\n\n\n<div class=\"wp-block-file\"><a href=\"https:\/\/aem.hr\/wp-content\/uploads\/2022\/01\/5.-Pragmaticnost-ugradena-u-uspjeh.pdf\">5. Pragmati\u010dnost ugra\u0111ena u uspjeh<\/a><a href=\"https:\/\/aem.hr\/wp-content\/uploads\/2022\/01\/5.-Pragmaticnost-ugradena-u-uspjeh.pdf\" class=\"wp-block-file__button\" download> Preuzimanje <\/a><\/div>\n\n\n\n<div class=\"wp-block-file\"><a href=\"https:\/\/aem.hr\/wp-content\/uploads\/2022\/01\/6.-Znate-li-tko-su-bastinici.pdf\">6. Znate li tko su ba\u0161tinici<\/a><a href=\"https:\/\/aem.hr\/wp-content\/uploads\/2022\/01\/6.-Znate-li-tko-su-bastinici.pdf\" class=\"wp-block-file__button\" download> Preuzimanje <\/a><\/div>\n\n\n\n<div class=\"wp-block-file\"><a href=\"https:\/\/aem.hr\/wp-content\/uploads\/2022\/01\/7.-Pri-upravljanju-brendom-vazno-je.pdf\">7. Pri upravljanju brendom va\u017eno je<\/a><a href=\"https:\/\/aem.hr\/wp-content\/uploads\/2022\/01\/7.-Pri-upravljanju-brendom-vazno-je.pdf\" class=\"wp-block-file__button\" download> Preuzimanje <\/a><\/div>\n\n\n\n<p><\/p>\n","protected":false},"excerpt":{"rendered":"","protected":false},"author":18,"featured_media":0,"parent":0,"menu_order":0,"comment_status":"closed","ping_status":"closed","template":"","meta":{"_acf_changed":false,"inline_featured_image":false,"advgb_blocks_editor_width":"","advgb_blocks_columns_visual_guide":"","_links_to":"","_links_to_type":0,"footnotes":""},"class_list":["post-11351","page","type-page","status-publish","hentry"],"acf":[],"yoast_head":"<!-- This site is optimized with the Yoast SEO plugin v25.7 - https:\/\/yoast.com\/wordpress\/plugins\/seo\/ -->\n<title>Narodni heroji kao brend - Agencija za elektroni\u010dke medije<\/title>\n<meta name=\"robots\" content=\"index, follow, max-snippet:-1, max-image-preview:large, max-video-preview:-1\" \/>\n<link rel=\"canonical\" href=\"https:\/\/aem.hr\/narodni-heroji-kao-brend\/\" \/>\n<meta property=\"og:locale\" content=\"en_US\" \/>\n<meta property=\"og:type\" content=\"article\" \/>\n<meta property=\"og:title\" content=\"Narodni heroji kao brend - Agencija za elektroni\u010dke medije\" \/>\n<meta property=\"og:url\" content=\"https:\/\/aem.hr\/narodni-heroji-kao-brend\/\" \/>\n<meta property=\"og:site_name\" content=\"Agencija za elektroni\u010dke medije\" \/>\n<meta property=\"article:modified_time\" content=\"2022-01-27T13:14:12+00:00\" \/>\n<meta name=\"twitter:card\" content=\"summary_large_image\" \/>\n<meta name=\"twitter:label1\" content=\"Est. reading time\" \/>\n\t<meta name=\"twitter:data1\" content=\"1 minute\" \/>\n<script type=\"application\/ld+json\" class=\"yoast-schema-graph\">{\"@context\":\"https:\/\/schema.org\",\"@graph\":[{\"@type\":\"WebPage\",\"@id\":\"https:\/\/aem.hr\/narodni-heroji-kao-brend\/\",\"url\":\"https:\/\/aem.hr\/narodni-heroji-kao-brend\/\",\"name\":\"Narodni heroji kao brend - Agencija za elektroni\u010dke medije\",\"isPartOf\":{\"@id\":\"https:\/\/aem.hr\/#website\"},\"datePublished\":\"2022-01-27T13:14:10+00:00\",\"dateModified\":\"2022-01-27T13:14:12+00:00\",\"breadcrumb\":{\"@id\":\"https:\/\/aem.hr\/narodni-heroji-kao-brend\/#breadcrumb\"},\"inLanguage\":\"en-US\",\"potentialAction\":[{\"@type\":\"ReadAction\",\"target\":[\"https:\/\/aem.hr\/narodni-heroji-kao-brend\/\"]}]},{\"@type\":\"BreadcrumbList\",\"@id\":\"https:\/\/aem.hr\/narodni-heroji-kao-brend\/#breadcrumb\",\"itemListElement\":[{\"@type\":\"ListItem\",\"position\":1,\"name\":\"Po\u010detna stranica\",\"item\":\"https:\/\/aem.hr\/\"},{\"@type\":\"ListItem\",\"position\":2,\"name\":\"Narodni heroji kao brend\"}]},{\"@type\":\"WebSite\",\"@id\":\"https:\/\/aem.hr\/#website\",\"url\":\"https:\/\/aem.hr\/\",\"name\":\"Agencija za elektroni\u010dke medije\",\"description\":\"\",\"potentialAction\":[{\"@type\":\"SearchAction\",\"target\":{\"@type\":\"EntryPoint\",\"urlTemplate\":\"https:\/\/aem.hr\/?s={search_term_string}\"},\"query-input\":{\"@type\":\"PropertyValueSpecification\",\"valueRequired\":true,\"valueName\":\"search_term_string\"}}],\"inLanguage\":\"en-US\"}]}<\/script>\n<!-- \/ Yoast SEO plugin. -->","yoast_head_json":{"title":"Narodni heroji kao brend - Agencija za elektroni\u010dke medije","robots":{"index":"index","follow":"follow","max-snippet":"max-snippet:-1","max-image-preview":"max-image-preview:large","max-video-preview":"max-video-preview:-1"},"canonical":"https:\/\/aem.hr\/narodni-heroji-kao-brend\/","og_locale":"en_US","og_type":"article","og_title":"Narodni heroji kao brend - Agencija za elektroni\u010dke medije","og_url":"https:\/\/aem.hr\/narodni-heroji-kao-brend\/","og_site_name":"Agencija za elektroni\u010dke medije","article_modified_time":"2022-01-27T13:14:12+00:00","twitter_card":"summary_large_image","twitter_misc":{"Est. reading time":"1 minute"},"schema":{"@context":"https:\/\/schema.org","@graph":[{"@type":"WebPage","@id":"https:\/\/aem.hr\/narodni-heroji-kao-brend\/","url":"https:\/\/aem.hr\/narodni-heroji-kao-brend\/","name":"Narodni heroji kao brend - Agencija za elektroni\u010dke medije","isPartOf":{"@id":"https:\/\/aem.hr\/#website"},"datePublished":"2022-01-27T13:14:10+00:00","dateModified":"2022-01-27T13:14:12+00:00","breadcrumb":{"@id":"https:\/\/aem.hr\/narodni-heroji-kao-brend\/#breadcrumb"},"inLanguage":"en-US","potentialAction":[{"@type":"ReadAction","target":["https:\/\/aem.hr\/narodni-heroji-kao-brend\/"]}]},{"@type":"BreadcrumbList","@id":"https:\/\/aem.hr\/narodni-heroji-kao-brend\/#breadcrumb","itemListElement":[{"@type":"ListItem","position":1,"name":"Po\u010detna stranica","item":"https:\/\/aem.hr\/"},{"@type":"ListItem","position":2,"name":"Narodni heroji kao brend"}]},{"@type":"WebSite","@id":"https:\/\/aem.hr\/#website","url":"https:\/\/aem.hr\/","name":"Agencija za elektroni\u010dke medije","description":"","potentialAction":[{"@type":"SearchAction","target":{"@type":"EntryPoint","urlTemplate":"https:\/\/aem.hr\/?s={search_term_string}"},"query-input":{"@type":"PropertyValueSpecification","valueRequired":true,"valueName":"search_term_string"}}],"inLanguage":"en-US"}]}},"coauthors":[],"author_meta":{"author_link":"https:\/\/aem.hr\/en\/blog\/author\/mkirac\/","display_name":"Matko Kirac"},"relative_dates":{"created":"Posted 4 years ago","modified":"Updated 4 years ago"},"absolute_dates":{"created":"Posted on 27. January 2022.","modified":"Updated on 27. January 2022."},"absolute_dates_time":{"created":"Posted on 27. January 2022. 14:14","modified":"Updated on 27. January 2022. 14:14"},"featured_img_caption":"","featured_img":false,"series_order":"","_links":{"self":[{"href":"https:\/\/aem.hr\/en\/wp-json\/wp\/v2\/pages\/11351","targetHints":{"allow":["GET"]}}],"collection":[{"href":"https:\/\/aem.hr\/en\/wp-json\/wp\/v2\/pages"}],"about":[{"href":"https:\/\/aem.hr\/en\/wp-json\/wp\/v2\/types\/page"}],"author":[{"embeddable":true,"href":"https:\/\/aem.hr\/en\/wp-json\/wp\/v2\/users\/18"}],"replies":[{"embeddable":true,"href":"https:\/\/aem.hr\/en\/wp-json\/wp\/v2\/comments?post=11351"}],"version-history":[{"count":1,"href":"https:\/\/aem.hr\/en\/wp-json\/wp\/v2\/pages\/11351\/revisions"}],"predecessor-version":[{"id":11365,"href":"https:\/\/aem.hr\/en\/wp-json\/wp\/v2\/pages\/11351\/revisions\/11365"}],"wp:attachment":[{"href":"https:\/\/aem.hr\/en\/wp-json\/wp\/v2\/media?parent=11351"}],"curies":[{"name":"wp","href":"https:\/\/api.w.org\/{rel}","templated":true}]}}