{"id":11371,"date":"2022-01-27T14:26:18","date_gmt":"2022-01-27T13:26:18","guid":{"rendered":"http:\/\/aem.hr\/?page_id=11371"},"modified":"2022-05-02T14:25:44","modified_gmt":"2022-05-02T12:25:44","slug":"to-nisu-samo-oni-dani-u-mjesecu","status":"publish","type":"page","link":"https:\/\/aem.hr\/en\/to-nisu-samo-oni-dani-u-mjesecu\/","title":{"rendered":"To nisu samo oni dani u mjesecu"},"content":{"rendered":"\n<div class=\"wp-block-file\"><a href=\"https:\/\/aem.hr\/wp-content\/uploads\/2022\/05\/1.-Kako-je-Vlada-pokazala-da-nema-pojma-sto.pdf\">1. Kako je Vlada pokazala da nema pojma \u0161to<\/a><a href=\"https:\/\/aem.hr\/wp-content\/uploads\/2022\/05\/1.-Kako-je-Vlada-pokazala-da-nema-pojma-sto.pdf\" class=\"wp-block-file__button\" download> Preuzimanje <\/a><\/div>\n\n\n\n<div class=\"wp-block-file\"><a href=\"https:\/\/aem.hr\/wp-content\/uploads\/2022\/05\/2.-Menstrualna-higijena-beskucnica-i-migrantica-ovisi-iskljucivo-o.pdf\">2. Menstrualna higijena besku\u0107nica i migrantica ovisi isklju\u010divo o<\/a><a href=\"https:\/\/aem.hr\/wp-content\/uploads\/2022\/05\/2.-Menstrualna-higijena-beskucnica-i-migrantica-ovisi-iskljucivo-o.pdf\" class=\"wp-block-file__button\" download> Preuzimanje <\/a><\/div>\n\n\n\n<div class=\"wp-block-file\"><a href=\"https:\/\/aem.hr\/wp-content\/uploads\/2022\/05\/3.-Romske-djevojcice-mjesecnicu-skrivaju-od-oceva.pdf\">3. Romske djevoj\u010dice mjese\u010dnicu skrivaju od o\u010deva<\/a><a href=\"https:\/\/aem.hr\/wp-content\/uploads\/2022\/05\/3.-Romske-djevojcice-mjesecnicu-skrivaju-od-oceva.pdf\" class=\"wp-block-file__button\" download> Preuzimanje <\/a><\/div>\n\n\n\n<div class=\"wp-block-file\"><a href=\"https:\/\/aem.hr\/wp-content\/uploads\/2022\/05\/4.-Zasto-su-trans-i-rodno-varijantne-osobe-iskljucene-iz-razgovora-o-menstruaciji.pdf\">4. Za\u0161to su trans i rodno varijantne osobe isklju\u010dene iz razgovora o menstruaciji<\/a><a href=\"https:\/\/aem.hr\/wp-content\/uploads\/2022\/05\/4.-Zasto-su-trans-i-rodno-varijantne-osobe-iskljucene-iz-razgovora-o-menstruaciji.pdf\" class=\"wp-block-file__button\" download>Preuzimanje<\/a><\/div>\n\n\n\n<div class=\"wp-block-file\"><a href=\"https:\/\/aem.hr\/wp-content\/uploads\/2022\/05\/5.-Zivot-u-boli-milijuna-zena-s-endometriozom-i-sindromom-policisticnih-jajnika.pdf\">5. \u017divot u boli milijuna \u017eena s endometriozom i sindromom policisti\u010dnih jajnika<\/a><a href=\"https:\/\/aem.hr\/wp-content\/uploads\/2022\/05\/5.-Zivot-u-boli-milijuna-zena-s-endometriozom-i-sindromom-policisticnih-jajnika.pdf\" class=\"wp-block-file__button\" download>Preuzimanje<\/a><\/div>\n\n\n\n<div class=\"wp-block-file\"><a href=\"https:\/\/aem.hr\/wp-content\/uploads\/2022\/05\/6.-Umjesto-ukljucenosti-cijelog-drustva-sav-teret-edukacije-o-mjesecnici-prebacen-na-majke.pdf\">6. Umjesto uklju\u010denosti cijelog dru\u0161tva sav teret edukacije o mjese\u010dnici preba\u010den na majke<\/a><a href=\"https:\/\/aem.hr\/wp-content\/uploads\/2022\/05\/6.-Umjesto-ukljucenosti-cijelog-drustva-sav-teret-edukacije-o-mjesecnici-prebacen-na-majke.pdf\" class=\"wp-block-file__button\" download> Preuzimanje <\/a><\/div>\n\n\n\n<p><\/p>\n","protected":false},"excerpt":{"rendered":"","protected":false},"author":18,"featured_media":0,"parent":0,"menu_order":0,"comment_status":"closed","ping_status":"closed","template":"","meta":{"_acf_changed":false,"inline_featured_image":false,"advgb_blocks_editor_width":"","advgb_blocks_columns_visual_guide":"","_links_to":"","_links_to_type":0,"footnotes":""},"class_list":["post-11371","page","type-page","status-publish","hentry"],"acf":[],"yoast_head":"<!-- This site is optimized with the Yoast SEO plugin v25.7 - https:\/\/yoast.com\/wordpress\/plugins\/seo\/ -->\n<title>To nisu samo oni dani u mjesecu - Agencija za elektroni\u010dke medije<\/title>\n<meta name=\"robots\" content=\"index, follow, max-snippet:-1, max-image-preview:large, max-video-preview:-1\" \/>\n<link rel=\"canonical\" href=\"https:\/\/aem.hr\/to-nisu-samo-oni-dani-u-mjesecu\/\" \/>\n<meta property=\"og:locale\" content=\"en_US\" \/>\n<meta property=\"og:type\" content=\"article\" \/>\n<meta property=\"og:title\" content=\"To nisu samo oni dani u mjesecu - Agencija za elektroni\u010dke medije\" \/>\n<meta property=\"og:url\" content=\"https:\/\/aem.hr\/to-nisu-samo-oni-dani-u-mjesecu\/\" \/>\n<meta property=\"og:site_name\" content=\"Agencija za elektroni\u010dke medije\" \/>\n<meta property=\"article:modified_time\" content=\"2022-05-02T12:25:44+00:00\" \/>\n<meta name=\"twitter:card\" content=\"summary_large_image\" \/>\n<meta name=\"twitter:label1\" content=\"Est. reading time\" \/>\n\t<meta name=\"twitter:data1\" content=\"1 minute\" \/>\n<script type=\"application\/ld+json\" class=\"yoast-schema-graph\">{\"@context\":\"https:\/\/schema.org\",\"@graph\":[{\"@type\":\"WebPage\",\"@id\":\"https:\/\/aem.hr\/to-nisu-samo-oni-dani-u-mjesecu\/\",\"url\":\"https:\/\/aem.hr\/to-nisu-samo-oni-dani-u-mjesecu\/\",\"name\":\"To nisu samo oni dani u mjesecu - Agencija za elektroni\u010dke medije\",\"isPartOf\":{\"@id\":\"https:\/\/aem.hr\/#website\"},\"datePublished\":\"2022-01-27T13:26:18+00:00\",\"dateModified\":\"2022-05-02T12:25:44+00:00\",\"breadcrumb\":{\"@id\":\"https:\/\/aem.hr\/to-nisu-samo-oni-dani-u-mjesecu\/#breadcrumb\"},\"inLanguage\":\"en-US\",\"potentialAction\":[{\"@type\":\"ReadAction\",\"target\":[\"https:\/\/aem.hr\/to-nisu-samo-oni-dani-u-mjesecu\/\"]}]},{\"@type\":\"BreadcrumbList\",\"@id\":\"https:\/\/aem.hr\/to-nisu-samo-oni-dani-u-mjesecu\/#breadcrumb\",\"itemListElement\":[{\"@type\":\"ListItem\",\"position\":1,\"name\":\"Po\u010detna stranica\",\"item\":\"https:\/\/aem.hr\/\"},{\"@type\":\"ListItem\",\"position\":2,\"name\":\"To nisu samo oni dani u mjesecu\"}]},{\"@type\":\"WebSite\",\"@id\":\"https:\/\/aem.hr\/#website\",\"url\":\"https:\/\/aem.hr\/\",\"name\":\"Agencija za elektroni\u010dke medije\",\"description\":\"\",\"potentialAction\":[{\"@type\":\"SearchAction\",\"target\":{\"@type\":\"EntryPoint\",\"urlTemplate\":\"https:\/\/aem.hr\/?s={search_term_string}\"},\"query-input\":{\"@type\":\"PropertyValueSpecification\",\"valueRequired\":true,\"valueName\":\"search_term_string\"}}],\"inLanguage\":\"en-US\"}]}<\/script>\n<!-- \/ Yoast SEO plugin. -->","yoast_head_json":{"title":"To nisu samo oni dani u mjesecu - Agencija za elektroni\u010dke medije","robots":{"index":"index","follow":"follow","max-snippet":"max-snippet:-1","max-image-preview":"max-image-preview:large","max-video-preview":"max-video-preview:-1"},"canonical":"https:\/\/aem.hr\/to-nisu-samo-oni-dani-u-mjesecu\/","og_locale":"en_US","og_type":"article","og_title":"To nisu samo oni dani u mjesecu - Agencija za elektroni\u010dke medije","og_url":"https:\/\/aem.hr\/to-nisu-samo-oni-dani-u-mjesecu\/","og_site_name":"Agencija za elektroni\u010dke medije","article_modified_time":"2022-05-02T12:25:44+00:00","twitter_card":"summary_large_image","twitter_misc":{"Est. reading time":"1 minute"},"schema":{"@context":"https:\/\/schema.org","@graph":[{"@type":"WebPage","@id":"https:\/\/aem.hr\/to-nisu-samo-oni-dani-u-mjesecu\/","url":"https:\/\/aem.hr\/to-nisu-samo-oni-dani-u-mjesecu\/","name":"To nisu samo oni dani u mjesecu - Agencija za elektroni\u010dke medije","isPartOf":{"@id":"https:\/\/aem.hr\/#website"},"datePublished":"2022-01-27T13:26:18+00:00","dateModified":"2022-05-02T12:25:44+00:00","breadcrumb":{"@id":"https:\/\/aem.hr\/to-nisu-samo-oni-dani-u-mjesecu\/#breadcrumb"},"inLanguage":"en-US","potentialAction":[{"@type":"ReadAction","target":["https:\/\/aem.hr\/to-nisu-samo-oni-dani-u-mjesecu\/"]}]},{"@type":"BreadcrumbList","@id":"https:\/\/aem.hr\/to-nisu-samo-oni-dani-u-mjesecu\/#breadcrumb","itemListElement":[{"@type":"ListItem","position":1,"name":"Po\u010detna stranica","item":"https:\/\/aem.hr\/"},{"@type":"ListItem","position":2,"name":"To nisu samo oni dani u mjesecu"}]},{"@type":"WebSite","@id":"https:\/\/aem.hr\/#website","url":"https:\/\/aem.hr\/","name":"Agencija za elektroni\u010dke medije","description":"","potentialAction":[{"@type":"SearchAction","target":{"@type":"EntryPoint","urlTemplate":"https:\/\/aem.hr\/?s={search_term_string}"},"query-input":{"@type":"PropertyValueSpecification","valueRequired":true,"valueName":"search_term_string"}}],"inLanguage":"en-US"}]}},"coauthors":[],"author_meta":{"author_link":"https:\/\/aem.hr\/en\/blog\/author\/mkirac\/","display_name":"Matko Kirac"},"relative_dates":{"created":"Posted 4 years ago","modified":"Updated 4 years ago"},"absolute_dates":{"created":"Posted on 27. January 2022.","modified":"Updated on 2. May 2022."},"absolute_dates_time":{"created":"Posted on 27. January 2022. 14:26","modified":"Updated on 2. May 2022. 14:25"},"featured_img_caption":"","featured_img":false,"series_order":"","_links":{"self":[{"href":"https:\/\/aem.hr\/en\/wp-json\/wp\/v2\/pages\/11371","targetHints":{"allow":["GET"]}}],"collection":[{"href":"https:\/\/aem.hr\/en\/wp-json\/wp\/v2\/pages"}],"about":[{"href":"https:\/\/aem.hr\/en\/wp-json\/wp\/v2\/types\/page"}],"author":[{"embeddable":true,"href":"https:\/\/aem.hr\/en\/wp-json\/wp\/v2\/users\/18"}],"replies":[{"embeddable":true,"href":"https:\/\/aem.hr\/en\/wp-json\/wp\/v2\/comments?post=11371"}],"version-history":[{"count":2,"href":"https:\/\/aem.hr\/en\/wp-json\/wp\/v2\/pages\/11371\/revisions"}],"predecessor-version":[{"id":12503,"href":"https:\/\/aem.hr\/en\/wp-json\/wp\/v2\/pages\/11371\/revisions\/12503"}],"wp:attachment":[{"href":"https:\/\/aem.hr\/en\/wp-json\/wp\/v2\/media?parent=11371"}],"curies":[{"name":"wp","href":"https:\/\/api.w.org\/{rel}","templated":true}]}}