{"id":11417,"date":"2022-02-01T11:20:58","date_gmt":"2022-02-01T10:20:58","guid":{"rendered":"http:\/\/aem.hr\/?page_id=11417"},"modified":"2022-02-01T11:21:01","modified_gmt":"2022-02-01T10:21:01","slug":"popis-stanovnistva-izmedu-politicke-aritmetike-i-depopulacije","status":"publish","type":"page","link":"https:\/\/aem.hr\/en\/popis-stanovnistva-izmedu-politicke-aritmetike-i-depopulacije\/","title":{"rendered":"Popis stanovni\u0161tva &#8211; Izme\u0111u politi\u010dke aritmetike i depopulacije"},"content":{"rendered":"\n<div class=\"wp-block-file\"><a href=\"https:\/\/aem.hr\/wp-content\/uploads\/2022\/02\/1.-Popis-stanovnistva-izmedu-1.pdf\">1. Popis stanovni\u0161tva &#8211; Izme\u0111u politi\u010dke aritmetike i depopulacije (1)<\/a><a href=\"https:\/\/aem.hr\/wp-content\/uploads\/2022\/02\/1.-Popis-stanovnistva-izmedu-1.pdf\" class=\"wp-block-file__button\" download> Preuzimanje <\/a><\/div>\n\n\n\n<div class=\"wp-block-file\"><a href=\"https:\/\/aem.hr\/wp-content\/uploads\/2022\/02\/2.-Razgovor-s-Filipom-Skiljanom.pdf\">2. Razgovor s Filipom \u0160kiljanom<\/a><a href=\"https:\/\/aem.hr\/wp-content\/uploads\/2022\/02\/2.-Razgovor-s-Filipom-Skiljanom.pdf\" class=\"wp-block-file__button\" download>Preuzimanje<\/a><\/div>\n\n\n\n<div class=\"wp-block-file\"><a href=\"https:\/\/aem.hr\/wp-content\/uploads\/2022\/02\/3.-Popis-stanovnistva-izmedu-3.pdf\">3. Popis stanovni\u0161tva &#8211; Izme\u0111u politi\u010dke aritmetike i depopulacije (3)<\/a><a href=\"https:\/\/aem.hr\/wp-content\/uploads\/2022\/02\/3.-Popis-stanovnistva-izmedu-3.pdf\" class=\"wp-block-file__button\" download> Preuzimanje <\/a><\/div>\n\n\n\n<div class=\"wp-block-file\"><a href=\"https:\/\/aem.hr\/wp-content\/uploads\/2022\/02\/4.-Razgovor-s-prof.-dr.-sc.-Snjezanom-Mrden.pdf\">4. Razgovor s prof. dr. sc. Snje\u017eanom Mr\u0111en<\/a><a href=\"https:\/\/aem.hr\/wp-content\/uploads\/2022\/02\/4.-Razgovor-s-prof.-dr.-sc.-Snjezanom-Mrden.pdf\" class=\"wp-block-file__button\" download> Preuzimanje <\/a><\/div>\n\n\n\n<div class=\"wp-block-file\"><a href=\"https:\/\/aem.hr\/wp-content\/uploads\/2022\/02\/5.-Popis-stanovnistva-izmedu-5.pdf\">5. Popis stanovni\u0161tva &#8211; Izme\u0111u politi\u010dke aritmetike i depopulacije (5)<\/a><a href=\"https:\/\/aem.hr\/wp-content\/uploads\/2022\/02\/5.-Popis-stanovnistva-izmedu-5.pdf\" class=\"wp-block-file__button\" download> Preuzimanje <\/a><\/div>\n\n\n\n<div class=\"wp-block-file\"><a href=\"https:\/\/aem.hr\/wp-content\/uploads\/2022\/02\/6.-Reportaza-iz-Gline.pdf\">6. Reporta\u017ea iz Gline<\/a><a href=\"https:\/\/aem.hr\/wp-content\/uploads\/2022\/02\/6.-Reportaza-iz-Gline.pdf\" class=\"wp-block-file__button\" download> Preuzimanje <\/a><\/div>\n\n\n\n<p><\/p>\n","protected":false},"excerpt":{"rendered":"","protected":false},"author":18,"featured_media":0,"parent":0,"menu_order":0,"comment_status":"closed","ping_status":"closed","template":"","meta":{"_acf_changed":false,"inline_featured_image":false,"advgb_blocks_editor_width":"","advgb_blocks_columns_visual_guide":"","_links_to":"","_links_to_type":0,"footnotes":""},"class_list":["post-11417","page","type-page","status-publish","hentry"],"acf":[],"yoast_head":"<!-- This site is optimized with the Yoast SEO plugin v25.7 - https:\/\/yoast.com\/wordpress\/plugins\/seo\/ -->\n<title>Popis stanovni\u0161tva - Izme\u0111u politi\u010dke aritmetike i depopulacije - Agencija za elektroni\u010dke medije<\/title>\n<meta name=\"robots\" content=\"index, follow, max-snippet:-1, max-image-preview:large, max-video-preview:-1\" \/>\n<link rel=\"canonical\" href=\"https:\/\/aem.hr\/popis-stanovnistva-izmedu-politicke-aritmetike-i-depopulacije\/\" \/>\n<meta property=\"og:locale\" content=\"en_US\" \/>\n<meta property=\"og:type\" content=\"article\" \/>\n<meta property=\"og:title\" content=\"Popis stanovni\u0161tva - Izme\u0111u politi\u010dke aritmetike i depopulacije - Agencija za elektroni\u010dke medije\" \/>\n<meta property=\"og:url\" content=\"https:\/\/aem.hr\/popis-stanovnistva-izmedu-politicke-aritmetike-i-depopulacije\/\" \/>\n<meta property=\"og:site_name\" content=\"Agencija za elektroni\u010dke medije\" \/>\n<meta property=\"article:modified_time\" content=\"2022-02-01T10:21:01+00:00\" \/>\n<meta name=\"twitter:card\" content=\"summary_large_image\" \/>\n<meta name=\"twitter:label1\" content=\"Est. reading time\" \/>\n\t<meta name=\"twitter:data1\" content=\"1 minute\" \/>\n<script type=\"application\/ld+json\" class=\"yoast-schema-graph\">{\"@context\":\"https:\/\/schema.org\",\"@graph\":[{\"@type\":\"WebPage\",\"@id\":\"https:\/\/aem.hr\/popis-stanovnistva-izmedu-politicke-aritmetike-i-depopulacije\/\",\"url\":\"https:\/\/aem.hr\/popis-stanovnistva-izmedu-politicke-aritmetike-i-depopulacije\/\",\"name\":\"Popis stanovni\u0161tva - Izme\u0111u politi\u010dke aritmetike i depopulacije - Agencija za elektroni\u010dke medije\",\"isPartOf\":{\"@id\":\"https:\/\/aem.hr\/#website\"},\"datePublished\":\"2022-02-01T10:20:58+00:00\",\"dateModified\":\"2022-02-01T10:21:01+00:00\",\"breadcrumb\":{\"@id\":\"https:\/\/aem.hr\/popis-stanovnistva-izmedu-politicke-aritmetike-i-depopulacije\/#breadcrumb\"},\"inLanguage\":\"en-US\",\"potentialAction\":[{\"@type\":\"ReadAction\",\"target\":[\"https:\/\/aem.hr\/popis-stanovnistva-izmedu-politicke-aritmetike-i-depopulacije\/\"]}]},{\"@type\":\"BreadcrumbList\",\"@id\":\"https:\/\/aem.hr\/popis-stanovnistva-izmedu-politicke-aritmetike-i-depopulacije\/#breadcrumb\",\"itemListElement\":[{\"@type\":\"ListItem\",\"position\":1,\"name\":\"Po\u010detna stranica\",\"item\":\"https:\/\/aem.hr\/\"},{\"@type\":\"ListItem\",\"position\":2,\"name\":\"Popis stanovni\u0161tva &#8211; Izme\u0111u politi\u010dke aritmetike i depopulacije\"}]},{\"@type\":\"WebSite\",\"@id\":\"https:\/\/aem.hr\/#website\",\"url\":\"https:\/\/aem.hr\/\",\"name\":\"Agencija za elektroni\u010dke medije\",\"description\":\"\",\"potentialAction\":[{\"@type\":\"SearchAction\",\"target\":{\"@type\":\"EntryPoint\",\"urlTemplate\":\"https:\/\/aem.hr\/?s={search_term_string}\"},\"query-input\":{\"@type\":\"PropertyValueSpecification\",\"valueRequired\":true,\"valueName\":\"search_term_string\"}}],\"inLanguage\":\"en-US\"}]}<\/script>\n<!-- \/ Yoast SEO plugin. -->","yoast_head_json":{"title":"Popis stanovni\u0161tva - Izme\u0111u politi\u010dke aritmetike i depopulacije - Agencija za elektroni\u010dke medije","robots":{"index":"index","follow":"follow","max-snippet":"max-snippet:-1","max-image-preview":"max-image-preview:large","max-video-preview":"max-video-preview:-1"},"canonical":"https:\/\/aem.hr\/popis-stanovnistva-izmedu-politicke-aritmetike-i-depopulacije\/","og_locale":"en_US","og_type":"article","og_title":"Popis stanovni\u0161tva - Izme\u0111u politi\u010dke aritmetike i depopulacije - Agencija za elektroni\u010dke medije","og_url":"https:\/\/aem.hr\/popis-stanovnistva-izmedu-politicke-aritmetike-i-depopulacije\/","og_site_name":"Agencija za elektroni\u010dke medije","article_modified_time":"2022-02-01T10:21:01+00:00","twitter_card":"summary_large_image","twitter_misc":{"Est. reading time":"1 minute"},"schema":{"@context":"https:\/\/schema.org","@graph":[{"@type":"WebPage","@id":"https:\/\/aem.hr\/popis-stanovnistva-izmedu-politicke-aritmetike-i-depopulacije\/","url":"https:\/\/aem.hr\/popis-stanovnistva-izmedu-politicke-aritmetike-i-depopulacije\/","name":"Popis stanovni\u0161tva - Izme\u0111u politi\u010dke aritmetike i depopulacije - Agencija za elektroni\u010dke medije","isPartOf":{"@id":"https:\/\/aem.hr\/#website"},"datePublished":"2022-02-01T10:20:58+00:00","dateModified":"2022-02-01T10:21:01+00:00","breadcrumb":{"@id":"https:\/\/aem.hr\/popis-stanovnistva-izmedu-politicke-aritmetike-i-depopulacije\/#breadcrumb"},"inLanguage":"en-US","potentialAction":[{"@type":"ReadAction","target":["https:\/\/aem.hr\/popis-stanovnistva-izmedu-politicke-aritmetike-i-depopulacije\/"]}]},{"@type":"BreadcrumbList","@id":"https:\/\/aem.hr\/popis-stanovnistva-izmedu-politicke-aritmetike-i-depopulacije\/#breadcrumb","itemListElement":[{"@type":"ListItem","position":1,"name":"Po\u010detna stranica","item":"https:\/\/aem.hr\/"},{"@type":"ListItem","position":2,"name":"Popis stanovni\u0161tva &#8211; Izme\u0111u politi\u010dke aritmetike i depopulacije"}]},{"@type":"WebSite","@id":"https:\/\/aem.hr\/#website","url":"https:\/\/aem.hr\/","name":"Agencija za elektroni\u010dke medije","description":"","potentialAction":[{"@type":"SearchAction","target":{"@type":"EntryPoint","urlTemplate":"https:\/\/aem.hr\/?s={search_term_string}"},"query-input":{"@type":"PropertyValueSpecification","valueRequired":true,"valueName":"search_term_string"}}],"inLanguage":"en-US"}]}},"coauthors":[],"author_meta":{"author_link":"https:\/\/aem.hr\/en\/blog\/author\/mkirac\/","display_name":"Matko Kirac"},"relative_dates":{"created":"Posted 4 years ago","modified":"Updated 4 years ago"},"absolute_dates":{"created":"Posted on 1. February 2022.","modified":"Updated on 1. February 2022."},"absolute_dates_time":{"created":"Posted on 1. February 2022. 11:20","modified":"Updated on 1. February 2022. 11:21"},"featured_img_caption":"","featured_img":false,"series_order":"","_links":{"self":[{"href":"https:\/\/aem.hr\/en\/wp-json\/wp\/v2\/pages\/11417","targetHints":{"allow":["GET"]}}],"collection":[{"href":"https:\/\/aem.hr\/en\/wp-json\/wp\/v2\/pages"}],"about":[{"href":"https:\/\/aem.hr\/en\/wp-json\/wp\/v2\/types\/page"}],"author":[{"embeddable":true,"href":"https:\/\/aem.hr\/en\/wp-json\/wp\/v2\/users\/18"}],"replies":[{"embeddable":true,"href":"https:\/\/aem.hr\/en\/wp-json\/wp\/v2\/comments?post=11417"}],"version-history":[{"count":1,"href":"https:\/\/aem.hr\/en\/wp-json\/wp\/v2\/pages\/11417\/revisions"}],"predecessor-version":[{"id":11428,"href":"https:\/\/aem.hr\/en\/wp-json\/wp\/v2\/pages\/11417\/revisions\/11428"}],"wp:attachment":[{"href":"https:\/\/aem.hr\/en\/wp-json\/wp\/v2\/media?parent=11417"}],"curies":[{"name":"wp","href":"https:\/\/api.w.org\/{rel}","templated":true}]}}