{"id":11508,"date":"2022-02-09T13:34:11","date_gmt":"2022-02-09T12:34:11","guid":{"rendered":"http:\/\/aem.hr\/?page_id=11508"},"modified":"2022-02-09T13:34:15","modified_gmt":"2022-02-09T12:34:15","slug":"web-junkies-internetski-ovisnici-moze-li-se-i-kako-reprogramirati-djecu-i-mlade-ali-i-odrasle-koji-i-do-devet-sati-dnevno-provode-na-internetu","status":"publish","type":"page","link":"https:\/\/aem.hr\/en\/web-junkies-internetski-ovisnici-moze-li-se-i-kako-reprogramirati-djecu-i-mlade-ali-i-odrasle-koji-i-do-devet-sati-dnevno-provode-na-internetu\/","title":{"rendered":"WEB JUNKIES \u2013 INTERNETSKI OVISNICI: Mo\u017ee li se i kako \u201ereprogramirati\u201d djecu i mlade, ali i odrasle koji i do devet sati dnevno provode na internetu"},"content":{"rendered":"\n<div class=\"wp-block-file\"><a href=\"https:\/\/aem.hr\/wp-content\/uploads\/2022\/02\/1.-Poznati-novinar-otvorio-dusu.pdf\">1. Poznati novinar otvorio du\u0161u Teleskopu: Postao sam ovisnik o internetu. Moram priznati da sam izgubio \u017eivot<\/a><a href=\"https:\/\/aem.hr\/wp-content\/uploads\/2022\/02\/1.-Poznati-novinar-otvorio-dusu.pdf\" class=\"wp-block-file__button\" download>Preuzimanje<\/a><\/div>\n\n\n\n<div class=\"wp-block-file\"><a href=\"https:\/\/aem.hr\/wp-content\/uploads\/2022\/02\/2.-OVISNOST_-Radije-i-umiru.pdf\">2. OVISNOST: Radije i umiru pred ekranom, nego da prestanu igrati!<\/a><a href=\"https:\/\/aem.hr\/wp-content\/uploads\/2022\/02\/2.-OVISNOST_-Radije-i-umiru.pdf\" class=\"wp-block-file__button\" download>Preuzimanje<\/a><\/div>\n\n\n\n<div class=\"wp-block-file\"><a href=\"https:\/\/aem.hr\/wp-content\/uploads\/2022\/02\/3.-INTERNETSKA-OVISNOST.pdf\">3. INTERNETSKA OVISNOST: Pandemija pretilosti, kratkovidnosti i gluposti<\/a><a href=\"https:\/\/aem.hr\/wp-content\/uploads\/2022\/02\/3.-INTERNETSKA-OVISNOST.pdf\" class=\"wp-block-file__button\" download>Preuzimanje<\/a><\/div>\n\n\n\n<div class=\"wp-block-file\"><a href=\"https:\/\/aem.hr\/wp-content\/uploads\/2022\/02\/4.-DOKTOR-LUKA-MARSIC.pdf\">4. DOKTOR LUKA MAR\u0160I\u0106, STRU\u010cNJAK ZA OVISNOST: Internet u sebi nosi sindrom koncentracijskog logora<\/a><a href=\"https:\/\/aem.hr\/wp-content\/uploads\/2022\/02\/4.-DOKTOR-LUKA-MARSIC.pdf\" class=\"wp-block-file__button\" download>Preuzimanje<\/a><\/div>\n\n\n\n<p><\/p>\n","protected":false},"excerpt":{"rendered":"","protected":false},"author":18,"featured_media":0,"parent":0,"menu_order":0,"comment_status":"closed","ping_status":"closed","template":"","meta":{"_acf_changed":false,"inline_featured_image":false,"advgb_blocks_editor_width":"","advgb_blocks_columns_visual_guide":"","_links_to":"","_links_to_type":0,"footnotes":""},"class_list":["post-11508","page","type-page","status-publish","hentry"],"acf":[],"yoast_head":"<!-- This site is optimized with the Yoast SEO plugin v25.7 - https:\/\/yoast.com\/wordpress\/plugins\/seo\/ -->\n<title>WEB JUNKIES \u2013 INTERNETSKI OVISNICI: Mo\u017ee li se i kako \u201ereprogramirati\u201d djecu i mlade, ali i odrasle koji i do devet sati dnevno provode na internetu - Agencija za elektroni\u010dke medije<\/title>\n<meta name=\"robots\" content=\"index, follow, max-snippet:-1, max-image-preview:large, max-video-preview:-1\" \/>\n<link rel=\"canonical\" href=\"https:\/\/aem.hr\/web-junkies-internetski-ovisnici-moze-li-se-i-kako-reprogramirati-djecu-i-mlade-ali-i-odrasle-koji-i-do-devet-sati-dnevno-provode-na-internetu\/\" \/>\n<meta property=\"og:locale\" content=\"en_US\" \/>\n<meta property=\"og:type\" content=\"article\" \/>\n<meta property=\"og:title\" content=\"WEB JUNKIES \u2013 INTERNETSKI OVISNICI: Mo\u017ee li se i kako \u201ereprogramirati\u201d djecu i mlade, ali i odrasle koji i do devet sati dnevno provode na internetu - Agencija za elektroni\u010dke medije\" \/>\n<meta property=\"og:url\" content=\"https:\/\/aem.hr\/web-junkies-internetski-ovisnici-moze-li-se-i-kako-reprogramirati-djecu-i-mlade-ali-i-odrasle-koji-i-do-devet-sati-dnevno-provode-na-internetu\/\" \/>\n<meta property=\"og:site_name\" content=\"Agencija za elektroni\u010dke medije\" \/>\n<meta property=\"article:modified_time\" content=\"2022-02-09T12:34:15+00:00\" \/>\n<meta name=\"twitter:card\" content=\"summary_large_image\" \/>\n<meta name=\"twitter:label1\" content=\"Est. reading time\" \/>\n\t<meta name=\"twitter:data1\" content=\"1 minute\" \/>\n<script type=\"application\/ld+json\" class=\"yoast-schema-graph\">{\"@context\":\"https:\/\/schema.org\",\"@graph\":[{\"@type\":\"WebPage\",\"@id\":\"https:\/\/aem.hr\/web-junkies-internetski-ovisnici-moze-li-se-i-kako-reprogramirati-djecu-i-mlade-ali-i-odrasle-koji-i-do-devet-sati-dnevno-provode-na-internetu\/\",\"url\":\"https:\/\/aem.hr\/web-junkies-internetski-ovisnici-moze-li-se-i-kako-reprogramirati-djecu-i-mlade-ali-i-odrasle-koji-i-do-devet-sati-dnevno-provode-na-internetu\/\",\"name\":\"WEB JUNKIES \u2013 INTERNETSKI OVISNICI: Mo\u017ee li se i kako \u201ereprogramirati\u201d djecu i mlade, ali i odrasle koji i do devet sati dnevno provode na internetu - Agencija za elektroni\u010dke medije\",\"isPartOf\":{\"@id\":\"https:\/\/aem.hr\/#website\"},\"datePublished\":\"2022-02-09T12:34:11+00:00\",\"dateModified\":\"2022-02-09T12:34:15+00:00\",\"breadcrumb\":{\"@id\":\"https:\/\/aem.hr\/web-junkies-internetski-ovisnici-moze-li-se-i-kako-reprogramirati-djecu-i-mlade-ali-i-odrasle-koji-i-do-devet-sati-dnevno-provode-na-internetu\/#breadcrumb\"},\"inLanguage\":\"en-US\",\"potentialAction\":[{\"@type\":\"ReadAction\",\"target\":[\"https:\/\/aem.hr\/web-junkies-internetski-ovisnici-moze-li-se-i-kako-reprogramirati-djecu-i-mlade-ali-i-odrasle-koji-i-do-devet-sati-dnevno-provode-na-internetu\/\"]}]},{\"@type\":\"BreadcrumbList\",\"@id\":\"https:\/\/aem.hr\/web-junkies-internetski-ovisnici-moze-li-se-i-kako-reprogramirati-djecu-i-mlade-ali-i-odrasle-koji-i-do-devet-sati-dnevno-provode-na-internetu\/#breadcrumb\",\"itemListElement\":[{\"@type\":\"ListItem\",\"position\":1,\"name\":\"Po\u010detna stranica\",\"item\":\"https:\/\/aem.hr\/\"},{\"@type\":\"ListItem\",\"position\":2,\"name\":\"WEB JUNKIES \u2013 INTERNETSKI OVISNICI: Mo\u017ee li se i kako \u201ereprogramirati\u201d djecu i mlade, ali i odrasle koji i do devet sati dnevno provode na internetu\"}]},{\"@type\":\"WebSite\",\"@id\":\"https:\/\/aem.hr\/#website\",\"url\":\"https:\/\/aem.hr\/\",\"name\":\"Agencija za elektroni\u010dke medije\",\"description\":\"\",\"potentialAction\":[{\"@type\":\"SearchAction\",\"target\":{\"@type\":\"EntryPoint\",\"urlTemplate\":\"https:\/\/aem.hr\/?s={search_term_string}\"},\"query-input\":{\"@type\":\"PropertyValueSpecification\",\"valueRequired\":true,\"valueName\":\"search_term_string\"}}],\"inLanguage\":\"en-US\"}]}<\/script>\n<!-- \/ Yoast SEO plugin. -->","yoast_head_json":{"title":"WEB JUNKIES \u2013 INTERNETSKI OVISNICI: Mo\u017ee li se i kako \u201ereprogramirati\u201d djecu i mlade, ali i odrasle koji i do devet sati dnevno provode na internetu - Agencija za elektroni\u010dke medije","robots":{"index":"index","follow":"follow","max-snippet":"max-snippet:-1","max-image-preview":"max-image-preview:large","max-video-preview":"max-video-preview:-1"},"canonical":"https:\/\/aem.hr\/web-junkies-internetski-ovisnici-moze-li-se-i-kako-reprogramirati-djecu-i-mlade-ali-i-odrasle-koji-i-do-devet-sati-dnevno-provode-na-internetu\/","og_locale":"en_US","og_type":"article","og_title":"WEB JUNKIES \u2013 INTERNETSKI OVISNICI: Mo\u017ee li se i kako \u201ereprogramirati\u201d djecu i mlade, ali i odrasle koji i do devet sati dnevno provode na internetu - Agencija za elektroni\u010dke medije","og_url":"https:\/\/aem.hr\/web-junkies-internetski-ovisnici-moze-li-se-i-kako-reprogramirati-djecu-i-mlade-ali-i-odrasle-koji-i-do-devet-sati-dnevno-provode-na-internetu\/","og_site_name":"Agencija za elektroni\u010dke medije","article_modified_time":"2022-02-09T12:34:15+00:00","twitter_card":"summary_large_image","twitter_misc":{"Est. reading time":"1 minute"},"schema":{"@context":"https:\/\/schema.org","@graph":[{"@type":"WebPage","@id":"https:\/\/aem.hr\/web-junkies-internetski-ovisnici-moze-li-se-i-kako-reprogramirati-djecu-i-mlade-ali-i-odrasle-koji-i-do-devet-sati-dnevno-provode-na-internetu\/","url":"https:\/\/aem.hr\/web-junkies-internetski-ovisnici-moze-li-se-i-kako-reprogramirati-djecu-i-mlade-ali-i-odrasle-koji-i-do-devet-sati-dnevno-provode-na-internetu\/","name":"WEB JUNKIES \u2013 INTERNETSKI OVISNICI: Mo\u017ee li se i kako \u201ereprogramirati\u201d djecu i mlade, ali i odrasle koji i do devet sati dnevno provode na internetu - Agencija za elektroni\u010dke medije","isPartOf":{"@id":"https:\/\/aem.hr\/#website"},"datePublished":"2022-02-09T12:34:11+00:00","dateModified":"2022-02-09T12:34:15+00:00","breadcrumb":{"@id":"https:\/\/aem.hr\/web-junkies-internetski-ovisnici-moze-li-se-i-kako-reprogramirati-djecu-i-mlade-ali-i-odrasle-koji-i-do-devet-sati-dnevno-provode-na-internetu\/#breadcrumb"},"inLanguage":"en-US","potentialAction":[{"@type":"ReadAction","target":["https:\/\/aem.hr\/web-junkies-internetski-ovisnici-moze-li-se-i-kako-reprogramirati-djecu-i-mlade-ali-i-odrasle-koji-i-do-devet-sati-dnevno-provode-na-internetu\/"]}]},{"@type":"BreadcrumbList","@id":"https:\/\/aem.hr\/web-junkies-internetski-ovisnici-moze-li-se-i-kako-reprogramirati-djecu-i-mlade-ali-i-odrasle-koji-i-do-devet-sati-dnevno-provode-na-internetu\/#breadcrumb","itemListElement":[{"@type":"ListItem","position":1,"name":"Po\u010detna stranica","item":"https:\/\/aem.hr\/"},{"@type":"ListItem","position":2,"name":"WEB JUNKIES \u2013 INTERNETSKI OVISNICI: Mo\u017ee li se i kako \u201ereprogramirati\u201d djecu i mlade, ali i odrasle koji i do devet sati dnevno provode na internetu"}]},{"@type":"WebSite","@id":"https:\/\/aem.hr\/#website","url":"https:\/\/aem.hr\/","name":"Agencija za elektroni\u010dke medije","description":"","potentialAction":[{"@type":"SearchAction","target":{"@type":"EntryPoint","urlTemplate":"https:\/\/aem.hr\/?s={search_term_string}"},"query-input":{"@type":"PropertyValueSpecification","valueRequired":true,"valueName":"search_term_string"}}],"inLanguage":"en-US"}]}},"coauthors":[],"author_meta":{"author_link":"https:\/\/aem.hr\/en\/blog\/author\/mkirac\/","display_name":"Matko Kirac"},"relative_dates":{"created":"Posted 4 years ago","modified":"Updated 4 years ago"},"absolute_dates":{"created":"Posted on 9. February 2022.","modified":"Updated on 9. February 2022."},"absolute_dates_time":{"created":"Posted on 9. February 2022. 13:34","modified":"Updated on 9. February 2022. 13:34"},"featured_img_caption":"","featured_img":false,"series_order":"","_links":{"self":[{"href":"https:\/\/aem.hr\/en\/wp-json\/wp\/v2\/pages\/11508","targetHints":{"allow":["GET"]}}],"collection":[{"href":"https:\/\/aem.hr\/en\/wp-json\/wp\/v2\/pages"}],"about":[{"href":"https:\/\/aem.hr\/en\/wp-json\/wp\/v2\/types\/page"}],"author":[{"embeddable":true,"href":"https:\/\/aem.hr\/en\/wp-json\/wp\/v2\/users\/18"}],"replies":[{"embeddable":true,"href":"https:\/\/aem.hr\/en\/wp-json\/wp\/v2\/comments?post=11508"}],"version-history":[{"count":1,"href":"https:\/\/aem.hr\/en\/wp-json\/wp\/v2\/pages\/11508\/revisions"}],"predecessor-version":[{"id":11518,"href":"https:\/\/aem.hr\/en\/wp-json\/wp\/v2\/pages\/11508\/revisions\/11518"}],"wp:attachment":[{"href":"https:\/\/aem.hr\/en\/wp-json\/wp\/v2\/media?parent=11508"}],"curies":[{"name":"wp","href":"https:\/\/api.w.org\/{rel}","templated":true}]}}