{"id":11520,"date":"2022-02-09T13:41:22","date_gmt":"2022-02-09T12:41:22","guid":{"rendered":"http:\/\/aem.hr\/?page_id=11520"},"modified":"2022-02-09T13:41:25","modified_gmt":"2022-02-09T12:41:25","slug":"invalidi-u-svijetu-rada","status":"publish","type":"page","link":"https:\/\/aem.hr\/en\/invalidi-u-svijetu-rada\/","title":{"rendered":"Invalidi u svijetu rada"},"content":{"rendered":"\n<div class=\"wp-block-file\"><a href=\"https:\/\/aem.hr\/wp-content\/uploads\/2022\/02\/1.-Vise-od-trecine-osoba-s-invaliditetom-1.pdf\">1. Vi\u0161e od tre\u0107ine osoba s invaliditetom u riziku je od siroma\u0161tva<\/a><a href=\"https:\/\/aem.hr\/wp-content\/uploads\/2022\/02\/1.-Vise-od-trecine-osoba-s-invaliditetom-1.pdf\" class=\"wp-block-file__button\" download>Preuzimanje<\/a><\/div>\n\n\n\n<div class=\"wp-block-file\"><a href=\"https:\/\/aem.hr\/wp-content\/uploads\/2022\/02\/2.-Kroz-strah-i-predrasude-do-radnog-mjesta-1.pdf\">2. Kroz strah i predrasude do radnog mjesta<\/a><a href=\"https:\/\/aem.hr\/wp-content\/uploads\/2022\/02\/2.-Kroz-strah-i-predrasude-do-radnog-mjesta-1.pdf\" class=\"wp-block-file__button\" download>Preuzimanje<\/a><\/div>\n\n\n\n<div class=\"wp-block-file\"><a href=\"https:\/\/aem.hr\/wp-content\/uploads\/2022\/02\/3.-Od-kolijevke-pa-do-groba_-nedostupnost-1.pdf\">3. Od kolijevke pa do groba \u2013 nedostupnost obrazovanja za osobe s invaliditetom<\/a><a href=\"https:\/\/aem.hr\/wp-content\/uploads\/2022\/02\/3.-Od-kolijevke-pa-do-groba_-nedostupnost-1.pdf\" class=\"wp-block-file__button\" download>Preuzimanje<\/a><\/div>\n\n\n\n<div class=\"wp-block-file\"><a href=\"https:\/\/aem.hr\/wp-content\/uploads\/2022\/02\/4.-Manji-grad-veci-problemi-za-osobe-1.pdf\">4. Manji grad \u2013 ve\u0107i problemi za osobe s invaliditetom<\/a><a href=\"https:\/\/aem.hr\/wp-content\/uploads\/2022\/02\/4.-Manji-grad-veci-problemi-za-osobe-1.pdf\" class=\"wp-block-file__button\" download>Preuzimanje<\/a><\/div>\n\n\n\n<div class=\"wp-block-file\"><a href=\"https:\/\/aem.hr\/wp-content\/uploads\/2022\/02\/5.-Imamo-stepenice-tesko-cete-se-kretati-1.pdf\">5. Imamo stepenice, te\u0161ko \u0107ete se kretati\u201d: Osobe s invaliditetom na radnom mjestu<\/a><a href=\"https:\/\/aem.hr\/wp-content\/uploads\/2022\/02\/5.-Imamo-stepenice-tesko-cete-se-kretati-1.pdf\" class=\"wp-block-file__button\" download>Preuzimanje<\/a><\/div>\n\n\n\n<div class=\"wp-block-file\"><a href=\"https:\/\/aem.hr\/wp-content\/uploads\/2022\/02\/6.-Invaliditet-nije-zapreka-za-rad-1.pdf\">6. Invaliditet nije zapreka za rad<\/a><a href=\"https:\/\/aem.hr\/wp-content\/uploads\/2022\/02\/6.-Invaliditet-nije-zapreka-za-rad-1.pdf\" class=\"wp-block-file__button\" download>Preuzimanje<\/a><\/div>\n\n\n\n<p><\/p>\n","protected":false},"excerpt":{"rendered":"","protected":false},"author":18,"featured_media":0,"parent":0,"menu_order":0,"comment_status":"closed","ping_status":"closed","template":"","meta":{"_acf_changed":false,"inline_featured_image":false,"advgb_blocks_editor_width":"","advgb_blocks_columns_visual_guide":"","_links_to":"","_links_to_type":0,"footnotes":""},"class_list":["post-11520","page","type-page","status-publish","hentry"],"acf":[],"yoast_head":"<!-- This site is optimized with the Yoast SEO plugin v25.7 - https:\/\/yoast.com\/wordpress\/plugins\/seo\/ -->\n<title>Invalidi u svijetu rada - Agencija za elektroni\u010dke medije<\/title>\n<meta name=\"robots\" content=\"index, follow, max-snippet:-1, max-image-preview:large, max-video-preview:-1\" \/>\n<link rel=\"canonical\" href=\"https:\/\/aem.hr\/invalidi-u-svijetu-rada\/\" \/>\n<meta property=\"og:locale\" content=\"en_US\" \/>\n<meta property=\"og:type\" content=\"article\" \/>\n<meta property=\"og:title\" content=\"Invalidi u svijetu rada - Agencija za elektroni\u010dke medije\" \/>\n<meta property=\"og:url\" content=\"https:\/\/aem.hr\/invalidi-u-svijetu-rada\/\" \/>\n<meta property=\"og:site_name\" content=\"Agencija za elektroni\u010dke medije\" \/>\n<meta property=\"article:modified_time\" content=\"2022-02-09T12:41:25+00:00\" \/>\n<meta name=\"twitter:card\" content=\"summary_large_image\" \/>\n<meta name=\"twitter:label1\" content=\"Est. reading time\" \/>\n\t<meta name=\"twitter:data1\" content=\"1 minute\" \/>\n<script type=\"application\/ld+json\" class=\"yoast-schema-graph\">{\"@context\":\"https:\/\/schema.org\",\"@graph\":[{\"@type\":\"WebPage\",\"@id\":\"https:\/\/aem.hr\/invalidi-u-svijetu-rada\/\",\"url\":\"https:\/\/aem.hr\/invalidi-u-svijetu-rada\/\",\"name\":\"Invalidi u svijetu rada - Agencija za elektroni\u010dke medije\",\"isPartOf\":{\"@id\":\"https:\/\/aem.hr\/#website\"},\"datePublished\":\"2022-02-09T12:41:22+00:00\",\"dateModified\":\"2022-02-09T12:41:25+00:00\",\"breadcrumb\":{\"@id\":\"https:\/\/aem.hr\/invalidi-u-svijetu-rada\/#breadcrumb\"},\"inLanguage\":\"en-US\",\"potentialAction\":[{\"@type\":\"ReadAction\",\"target\":[\"https:\/\/aem.hr\/invalidi-u-svijetu-rada\/\"]}]},{\"@type\":\"BreadcrumbList\",\"@id\":\"https:\/\/aem.hr\/invalidi-u-svijetu-rada\/#breadcrumb\",\"itemListElement\":[{\"@type\":\"ListItem\",\"position\":1,\"name\":\"Po\u010detna stranica\",\"item\":\"https:\/\/aem.hr\/\"},{\"@type\":\"ListItem\",\"position\":2,\"name\":\"Invalidi u svijetu rada\"}]},{\"@type\":\"WebSite\",\"@id\":\"https:\/\/aem.hr\/#website\",\"url\":\"https:\/\/aem.hr\/\",\"name\":\"Agencija za elektroni\u010dke medije\",\"description\":\"\",\"potentialAction\":[{\"@type\":\"SearchAction\",\"target\":{\"@type\":\"EntryPoint\",\"urlTemplate\":\"https:\/\/aem.hr\/?s={search_term_string}\"},\"query-input\":{\"@type\":\"PropertyValueSpecification\",\"valueRequired\":true,\"valueName\":\"search_term_string\"}}],\"inLanguage\":\"en-US\"}]}<\/script>\n<!-- \/ Yoast SEO plugin. -->","yoast_head_json":{"title":"Invalidi u svijetu rada - Agencija za elektroni\u010dke medije","robots":{"index":"index","follow":"follow","max-snippet":"max-snippet:-1","max-image-preview":"max-image-preview:large","max-video-preview":"max-video-preview:-1"},"canonical":"https:\/\/aem.hr\/invalidi-u-svijetu-rada\/","og_locale":"en_US","og_type":"article","og_title":"Invalidi u svijetu rada - Agencija za elektroni\u010dke medije","og_url":"https:\/\/aem.hr\/invalidi-u-svijetu-rada\/","og_site_name":"Agencija za elektroni\u010dke medije","article_modified_time":"2022-02-09T12:41:25+00:00","twitter_card":"summary_large_image","twitter_misc":{"Est. reading time":"1 minute"},"schema":{"@context":"https:\/\/schema.org","@graph":[{"@type":"WebPage","@id":"https:\/\/aem.hr\/invalidi-u-svijetu-rada\/","url":"https:\/\/aem.hr\/invalidi-u-svijetu-rada\/","name":"Invalidi u svijetu rada - Agencija za elektroni\u010dke medije","isPartOf":{"@id":"https:\/\/aem.hr\/#website"},"datePublished":"2022-02-09T12:41:22+00:00","dateModified":"2022-02-09T12:41:25+00:00","breadcrumb":{"@id":"https:\/\/aem.hr\/invalidi-u-svijetu-rada\/#breadcrumb"},"inLanguage":"en-US","potentialAction":[{"@type":"ReadAction","target":["https:\/\/aem.hr\/invalidi-u-svijetu-rada\/"]}]},{"@type":"BreadcrumbList","@id":"https:\/\/aem.hr\/invalidi-u-svijetu-rada\/#breadcrumb","itemListElement":[{"@type":"ListItem","position":1,"name":"Po\u010detna stranica","item":"https:\/\/aem.hr\/"},{"@type":"ListItem","position":2,"name":"Invalidi u svijetu rada"}]},{"@type":"WebSite","@id":"https:\/\/aem.hr\/#website","url":"https:\/\/aem.hr\/","name":"Agencija za elektroni\u010dke medije","description":"","potentialAction":[{"@type":"SearchAction","target":{"@type":"EntryPoint","urlTemplate":"https:\/\/aem.hr\/?s={search_term_string}"},"query-input":{"@type":"PropertyValueSpecification","valueRequired":true,"valueName":"search_term_string"}}],"inLanguage":"en-US"}]}},"coauthors":[],"author_meta":{"author_link":"https:\/\/aem.hr\/en\/blog\/author\/mkirac\/","display_name":"Matko Kirac"},"relative_dates":{"created":"Posted 4 years ago","modified":"Updated 4 years ago"},"absolute_dates":{"created":"Posted on 9. February 2022.","modified":"Updated on 9. February 2022."},"absolute_dates_time":{"created":"Posted on 9. February 2022. 13:41","modified":"Updated on 9. February 2022. 13:41"},"featured_img_caption":"","featured_img":false,"series_order":"","_links":{"self":[{"href":"https:\/\/aem.hr\/en\/wp-json\/wp\/v2\/pages\/11520","targetHints":{"allow":["GET"]}}],"collection":[{"href":"https:\/\/aem.hr\/en\/wp-json\/wp\/v2\/pages"}],"about":[{"href":"https:\/\/aem.hr\/en\/wp-json\/wp\/v2\/types\/page"}],"author":[{"embeddable":true,"href":"https:\/\/aem.hr\/en\/wp-json\/wp\/v2\/users\/18"}],"replies":[{"embeddable":true,"href":"https:\/\/aem.hr\/en\/wp-json\/wp\/v2\/comments?post=11520"}],"version-history":[{"count":1,"href":"https:\/\/aem.hr\/en\/wp-json\/wp\/v2\/pages\/11520\/revisions"}],"predecessor-version":[{"id":11546,"href":"https:\/\/aem.hr\/en\/wp-json\/wp\/v2\/pages\/11520\/revisions\/11546"}],"wp:attachment":[{"href":"https:\/\/aem.hr\/en\/wp-json\/wp\/v2\/media?parent=11520"}],"curies":[{"name":"wp","href":"https:\/\/api.w.org\/{rel}","templated":true}]}}