{"id":11548,"date":"2022-02-09T13:47:06","date_gmt":"2022-02-09T12:47:06","guid":{"rendered":"http:\/\/aem.hr\/?page_id=11548"},"modified":"2022-02-17T09:41:24","modified_gmt":"2022-02-17T08:41:24","slug":"optuznice-procesi-i-presude-ne-smetaju","status":"publish","type":"page","link":"https:\/\/aem.hr\/en\/optuznice-procesi-i-presude-ne-smetaju\/","title":{"rendered":"Optu\u017enice, procesi i presude (ne) smetaju"},"content":{"rendered":"\n<div class=\"wp-block-file\"><a href=\"https:\/\/aem.hr\/wp-content\/uploads\/2022\/02\/1.-Uz-veliku-potporu-unatoc-istrazi.pdf\">1. Optu\u017enice, procesi i presude (ne)smetaju (1): Uz veliku potporu, unato\u010d istrazi, Posavec izlazi na izbore?<\/a><a href=\"https:\/\/aem.hr\/wp-content\/uploads\/2022\/02\/1.-Uz-veliku-potporu-unatoc-istrazi.pdf\" class=\"wp-block-file__button\" download>Preuzimanje<\/a><\/div>\n\n\n\n<div class=\"wp-block-file\"><a href=\"https:\/\/aem.hr\/wp-content\/uploads\/2022\/02\/2.-Posavec-Izlazim-na-izbore-zbog-gradana.pdf\">2. Optu\u017enice, procesi i presude (ne)smetaju (2): Posavec: Izlazim na izbore zbog gra\u0111ana!<\/a><a href=\"https:\/\/aem.hr\/wp-content\/uploads\/2022\/02\/2.-Posavec-Izlazim-na-izbore-zbog-gradana.pdf\" class=\"wp-block-file__button\" download>Preuzimanje<\/a><\/div>\n\n\n\n<div class=\"wp-block-file\"><a href=\"https:\/\/aem.hr\/wp-content\/uploads\/2022\/02\/3.-Jesu-li-u-Medimurju-uistinu-slijedili-primjer.pdf\">3. Optu\u017enice, procesi i presude (ne)smetaju (3): Jesu li u Me\u0111imurju uistinu slijedili primjer metropole i dr\u017eave?<\/a><a href=\"https:\/\/aem.hr\/wp-content\/uploads\/2022\/02\/3.-Jesu-li-u-Medimurju-uistinu-slijedili-primjer.pdf\" class=\"wp-block-file__button\" download>Preuzimanje<\/a><\/div>\n\n\n\n<div class=\"wp-block-file\"><a href=\"https:\/\/aem.hr\/wp-content\/uploads\/2022\/02\/4.-Ivan-Cehok-fenomen-na-politickoj-sceni.pdf\">4. Optu\u017enice, procesi i presude (ne)smetaju (4): Ivan \u010cehok &#8211; fenomen na politi\u010dkoj sceni<\/a><a href=\"https:\/\/aem.hr\/wp-content\/uploads\/2022\/02\/4.-Ivan-Cehok-fenomen-na-politickoj-sceni.pdf\" class=\"wp-block-file__button\" download>Preuzimanje<\/a><\/div>\n\n\n\n<div class=\"wp-block-file\"><a href=\"https:\/\/aem.hr\/wp-content\/uploads\/2022\/02\/5.-Tesko-je-shvatljivo-da-gradani-osuduju-korupciju.pdf\">5. Optu\u017enice, procesi i presude (ne)smetaju (5) &#8211; Habijan: Te\u0161ko je shvatljivo da gra\u0111ani osu\u0111uju korupciju, a amnestiraju okrivljene<\/a><a href=\"https:\/\/aem.hr\/wp-content\/uploads\/2022\/02\/5.-Tesko-je-shvatljivo-da-gradani-osuduju-korupciju.pdf\" class=\"wp-block-file__button\" download>Preuzimanje<\/a><\/div>\n\n\n\n<div class=\"wp-block-file\"><a href=\"https:\/\/aem.hr\/wp-content\/uploads\/2022\/02\/6.-Nije-moralno-i-politicki-je-neodgovorno.pdf\">6. Optu\u017enice, procesi i presude (ne)smetaju (6): Markovi\u0107: Nije moralno i politi\u010dki je neodgovorno kad se kandidiraju osumnji\u010deni<\/a><a href=\"https:\/\/aem.hr\/wp-content\/uploads\/2022\/02\/6.-Nije-moralno-i-politicki-je-neodgovorno.pdf\" class=\"wp-block-file__button\" download>Preuzimanje<\/a><\/div>\n\n\n\n<div class=\"wp-block-file\"><a href=\"https:\/\/aem.hr\/wp-content\/uploads\/2022\/02\/7.-Ne-mozemo-osudivati-korupciju-a-da.pdf\">7. Optu\u017enice, procesi i presude (ne)smetaju (7): Maldini: Ne mo\u017eemo osu\u0111ivati korupciju, a da pritom sami ni\u0161ta ne \u010dinimo na suzbijanju<\/a><a href=\"https:\/\/aem.hr\/wp-content\/uploads\/2022\/02\/7.-Ne-mozemo-osudivati-korupciju-a-da.pdf\" class=\"wp-block-file__button\" download>Preuzimanje<\/a><\/div>\n\n\n\n<div class=\"wp-block-file\"><a href=\"https:\/\/aem.hr\/wp-content\/uploads\/2022\/02\/8.-Zakonske-i-institucionalne-pretpostavke-za-suzbijanje-korupcije.pdf\">8. Optu\u017enice, procesi i presude (ne)smetaju (8): Zakonske i institucionalne pretpostavke za suzbijanje korupcije<\/a><a href=\"https:\/\/aem.hr\/wp-content\/uploads\/2022\/02\/8.-Zakonske-i-institucionalne-pretpostavke-za-suzbijanje-korupcije.pdf\" class=\"wp-block-file__button\" download>Preuzimanje<\/a><\/div>\n\n\n\n<div class=\"wp-block-file\"><a href=\"https:\/\/aem.hr\/wp-content\/uploads\/2022\/02\/9.-Treba-procesni-kalentar-ali-i-suspenzija.pdf\">9. Optu\u017enice, procesi i presude (ne)smetaju (9): Treba procesni kalendar, ali i suspenzija optu\u017eenih du\u017enosnika<\/a><a href=\"https:\/\/aem.hr\/wp-content\/uploads\/2022\/02\/9.-Treba-procesni-kalentar-ali-i-suspenzija.pdf\" class=\"wp-block-file__button\" download>Preuzimanje<\/a><\/div>\n\n\n\n<div class=\"wp-block-file\"><a href=\"https:\/\/aem.hr\/wp-content\/uploads\/2022\/02\/10.-Promjene-zakona-nisu-dovoljne.pdf\">10. Optu\u017enice, procesi i presude (ne)smetaju (10): Promjene zakona nisu dovoljne &#8211; ozbiljna reforma pravosu\u0111a vi\u0161e ne mo\u017ee odga\u0111ati!<\/a><a href=\"https:\/\/aem.hr\/wp-content\/uploads\/2022\/02\/10.-Promjene-zakona-nisu-dovoljne.pdf\" class=\"wp-block-file__button\" download>Preuzimanje<\/a><\/div>\n\n\n\n<p><\/p>\n","protected":false},"excerpt":{"rendered":"","protected":false},"author":18,"featured_media":0,"parent":0,"menu_order":0,"comment_status":"closed","ping_status":"closed","template":"","meta":{"_acf_changed":false,"inline_featured_image":false,"advgb_blocks_editor_width":"","advgb_blocks_columns_visual_guide":"","_links_to":"","_links_to_type":0,"footnotes":""},"class_list":["post-11548","page","type-page","status-publish","hentry"],"acf":[],"yoast_head":"<!-- This site is optimized with the Yoast SEO plugin v25.7 - https:\/\/yoast.com\/wordpress\/plugins\/seo\/ -->\n<title>Optu\u017enice, procesi i presude (ne) smetaju - Agencija za elektroni\u010dke medije<\/title>\n<meta name=\"robots\" content=\"index, follow, max-snippet:-1, max-image-preview:large, max-video-preview:-1\" \/>\n<link rel=\"canonical\" href=\"https:\/\/aem.hr\/optuznice-procesi-i-presude-ne-smetaju\/\" \/>\n<meta property=\"og:locale\" content=\"en_US\" \/>\n<meta property=\"og:type\" content=\"article\" \/>\n<meta property=\"og:title\" content=\"Optu\u017enice, procesi i presude (ne) smetaju - Agencija za elektroni\u010dke medije\" \/>\n<meta property=\"og:url\" content=\"https:\/\/aem.hr\/optuznice-procesi-i-presude-ne-smetaju\/\" \/>\n<meta property=\"og:site_name\" content=\"Agencija za elektroni\u010dke medije\" \/>\n<meta property=\"article:modified_time\" content=\"2022-02-17T08:41:24+00:00\" \/>\n<meta name=\"twitter:card\" content=\"summary_large_image\" \/>\n<meta name=\"twitter:label1\" content=\"Est. reading time\" \/>\n\t<meta name=\"twitter:data1\" content=\"1 minute\" \/>\n<script type=\"application\/ld+json\" class=\"yoast-schema-graph\">{\"@context\":\"https:\/\/schema.org\",\"@graph\":[{\"@type\":\"WebPage\",\"@id\":\"https:\/\/aem.hr\/optuznice-procesi-i-presude-ne-smetaju\/\",\"url\":\"https:\/\/aem.hr\/optuznice-procesi-i-presude-ne-smetaju\/\",\"name\":\"Optu\u017enice, procesi i presude (ne) smetaju - Agencija za elektroni\u010dke medije\",\"isPartOf\":{\"@id\":\"https:\/\/aem.hr\/#website\"},\"datePublished\":\"2022-02-09T12:47:06+00:00\",\"dateModified\":\"2022-02-17T08:41:24+00:00\",\"breadcrumb\":{\"@id\":\"https:\/\/aem.hr\/optuznice-procesi-i-presude-ne-smetaju\/#breadcrumb\"},\"inLanguage\":\"en-US\",\"potentialAction\":[{\"@type\":\"ReadAction\",\"target\":[\"https:\/\/aem.hr\/optuznice-procesi-i-presude-ne-smetaju\/\"]}]},{\"@type\":\"BreadcrumbList\",\"@id\":\"https:\/\/aem.hr\/optuznice-procesi-i-presude-ne-smetaju\/#breadcrumb\",\"itemListElement\":[{\"@type\":\"ListItem\",\"position\":1,\"name\":\"Po\u010detna stranica\",\"item\":\"https:\/\/aem.hr\/\"},{\"@type\":\"ListItem\",\"position\":2,\"name\":\"Optu\u017enice, procesi i presude (ne) smetaju\"}]},{\"@type\":\"WebSite\",\"@id\":\"https:\/\/aem.hr\/#website\",\"url\":\"https:\/\/aem.hr\/\",\"name\":\"Agencija za elektroni\u010dke medije\",\"description\":\"\",\"potentialAction\":[{\"@type\":\"SearchAction\",\"target\":{\"@type\":\"EntryPoint\",\"urlTemplate\":\"https:\/\/aem.hr\/?s={search_term_string}\"},\"query-input\":{\"@type\":\"PropertyValueSpecification\",\"valueRequired\":true,\"valueName\":\"search_term_string\"}}],\"inLanguage\":\"en-US\"}]}<\/script>\n<!-- \/ Yoast SEO plugin. -->","yoast_head_json":{"title":"Optu\u017enice, procesi i presude (ne) smetaju - Agencija za elektroni\u010dke medije","robots":{"index":"index","follow":"follow","max-snippet":"max-snippet:-1","max-image-preview":"max-image-preview:large","max-video-preview":"max-video-preview:-1"},"canonical":"https:\/\/aem.hr\/optuznice-procesi-i-presude-ne-smetaju\/","og_locale":"en_US","og_type":"article","og_title":"Optu\u017enice, procesi i presude (ne) smetaju - Agencija za elektroni\u010dke medije","og_url":"https:\/\/aem.hr\/optuznice-procesi-i-presude-ne-smetaju\/","og_site_name":"Agencija za elektroni\u010dke medije","article_modified_time":"2022-02-17T08:41:24+00:00","twitter_card":"summary_large_image","twitter_misc":{"Est. reading time":"1 minute"},"schema":{"@context":"https:\/\/schema.org","@graph":[{"@type":"WebPage","@id":"https:\/\/aem.hr\/optuznice-procesi-i-presude-ne-smetaju\/","url":"https:\/\/aem.hr\/optuznice-procesi-i-presude-ne-smetaju\/","name":"Optu\u017enice, procesi i presude (ne) smetaju - Agencija za elektroni\u010dke medije","isPartOf":{"@id":"https:\/\/aem.hr\/#website"},"datePublished":"2022-02-09T12:47:06+00:00","dateModified":"2022-02-17T08:41:24+00:00","breadcrumb":{"@id":"https:\/\/aem.hr\/optuznice-procesi-i-presude-ne-smetaju\/#breadcrumb"},"inLanguage":"en-US","potentialAction":[{"@type":"ReadAction","target":["https:\/\/aem.hr\/optuznice-procesi-i-presude-ne-smetaju\/"]}]},{"@type":"BreadcrumbList","@id":"https:\/\/aem.hr\/optuznice-procesi-i-presude-ne-smetaju\/#breadcrumb","itemListElement":[{"@type":"ListItem","position":1,"name":"Po\u010detna stranica","item":"https:\/\/aem.hr\/"},{"@type":"ListItem","position":2,"name":"Optu\u017enice, procesi i presude (ne) smetaju"}]},{"@type":"WebSite","@id":"https:\/\/aem.hr\/#website","url":"https:\/\/aem.hr\/","name":"Agencija za elektroni\u010dke medije","description":"","potentialAction":[{"@type":"SearchAction","target":{"@type":"EntryPoint","urlTemplate":"https:\/\/aem.hr\/?s={search_term_string}"},"query-input":{"@type":"PropertyValueSpecification","valueRequired":true,"valueName":"search_term_string"}}],"inLanguage":"en-US"}]}},"coauthors":[],"author_meta":{"author_link":"https:\/\/aem.hr\/en\/blog\/author\/mkirac\/","display_name":"Matko Kirac"},"relative_dates":{"created":"Posted 4 years ago","modified":"Updated 4 years ago"},"absolute_dates":{"created":"Posted on 9. February 2022.","modified":"Updated on 17. February 2022."},"absolute_dates_time":{"created":"Posted on 9. February 2022. 13:47","modified":"Updated on 17. February 2022. 9:41"},"featured_img_caption":"","featured_img":false,"series_order":"","_links":{"self":[{"href":"https:\/\/aem.hr\/en\/wp-json\/wp\/v2\/pages\/11548","targetHints":{"allow":["GET"]}}],"collection":[{"href":"https:\/\/aem.hr\/en\/wp-json\/wp\/v2\/pages"}],"about":[{"href":"https:\/\/aem.hr\/en\/wp-json\/wp\/v2\/types\/page"}],"author":[{"embeddable":true,"href":"https:\/\/aem.hr\/en\/wp-json\/wp\/v2\/users\/18"}],"replies":[{"embeddable":true,"href":"https:\/\/aem.hr\/en\/wp-json\/wp\/v2\/comments?post=11548"}],"version-history":[{"count":2,"href":"https:\/\/aem.hr\/en\/wp-json\/wp\/v2\/pages\/11548\/revisions"}],"predecessor-version":[{"id":12030,"href":"https:\/\/aem.hr\/en\/wp-json\/wp\/v2\/pages\/11548\/revisions\/12030"}],"wp:attachment":[{"href":"https:\/\/aem.hr\/en\/wp-json\/wp\/v2\/media?parent=11548"}],"curies":[{"name":"wp","href":"https:\/\/api.w.org\/{rel}","templated":true}]}}