{"id":11572,"date":"2022-02-09T14:01:22","date_gmt":"2022-02-09T13:01:22","guid":{"rendered":"http:\/\/aem.hr\/?page_id=11572"},"modified":"2022-02-09T14:01:23","modified_gmt":"2022-02-09T13:01:23","slug":"velikani-hrvatske-kulture-iz-redova-srpske-manjine","status":"publish","type":"page","link":"https:\/\/aem.hr\/en\/velikani-hrvatske-kulture-iz-redova-srpske-manjine\/","title":{"rendered":"Velikani hrvatske kulture iz redova srpske manjine"},"content":{"rendered":"\n<div class=\"wp-block-file\"><a href=\"https:\/\/aem.hr\/wp-content\/uploads\/2022\/02\/1.-Velicanstvena-povijest-skrivena.pdf\">1. Veli\u010danstvena povijest skrivena<\/a><a href=\"https:\/\/aem.hr\/wp-content\/uploads\/2022\/02\/1.-Velicanstvena-povijest-skrivena.pdf\" class=\"wp-block-file__button\" download>Preuzimanje<\/a><\/div>\n\n\n\n<div class=\"wp-block-file\"><a href=\"https:\/\/aem.hr\/wp-content\/uploads\/2022\/02\/2.-Borivoj-Dovnikovic_-Pripadam-manjini.pdf\">2. Borivoj Dovnikovi\u0107_ Pripadam manjini<\/a><a href=\"https:\/\/aem.hr\/wp-content\/uploads\/2022\/02\/2.-Borivoj-Dovnikovic_-Pripadam-manjini.pdf\" class=\"wp-block-file__button\" download>Preuzimanje<\/a><\/div>\n\n\n\n<div class=\"wp-block-file\"><a href=\"https:\/\/aem.hr\/wp-content\/uploads\/2022\/02\/3.-Bela-Krleza-glumica-koja-je-pripadala.pdf\">3. Bela Krle\u017ea, glumica koja je pripadala<\/a><a href=\"https:\/\/aem.hr\/wp-content\/uploads\/2022\/02\/3.-Bela-Krleza-glumica-koja-je-pripadala.pdf\" class=\"wp-block-file__button\" download>Preuzimanje<\/a><\/div>\n\n\n\n<div class=\"wp-block-file\"><a href=\"https:\/\/aem.hr\/wp-content\/uploads\/2022\/02\/4.-Praxis-\u2013-filozofska-skola-i-neizbjeznost.pdf\">4. Praxis \u2013 filozofska \u0161kola i neizbje\u017enost<\/a><a href=\"https:\/\/aem.hr\/wp-content\/uploads\/2022\/02\/4.-Praxis-\u2013-filozofska-skola-i-neizbjeznost.pdf\" class=\"wp-block-file__button\" download>Preuzimanje<\/a><\/div>\n\n\n\n<div class=\"wp-block-file\"><a href=\"https:\/\/aem.hr\/wp-content\/uploads\/2022\/02\/5.-Vladan-Desnica-\u2013-Korijeni-i-nelagoda.pdf\">5. Vladan Desnica \u2013 Korijeni i nelagoda<\/a><a href=\"https:\/\/aem.hr\/wp-content\/uploads\/2022\/02\/5.-Vladan-Desnica-\u2013-Korijeni-i-nelagoda.pdf\" class=\"wp-block-file__button\" download>Preuzimanje<\/a><\/div>\n\n\n\n<div class=\"wp-block-file\"><a href=\"https:\/\/aem.hr\/wp-content\/uploads\/2022\/02\/6.-Momo-zasto-places-Ni-vise-onega-vrimena.pdf\">6. Momo za\u0161to pla\u010de\u0161 Ni vi\u0161e onega vrimena<\/a><a href=\"https:\/\/aem.hr\/wp-content\/uploads\/2022\/02\/6.-Momo-zasto-places-Ni-vise-onega-vrimena.pdf\" class=\"wp-block-file__button\" download>Preuzimanje<\/a><\/div>\n\n\n\n<div class=\"wp-block-file\"><a href=\"https:\/\/aem.hr\/wp-content\/uploads\/2022\/02\/7.-Simo-Matavulj-ili-\u2013-biti-voljen-a-biti.pdf\">7. Simo Matavulj ili \u2013 biti voljen, a biti<\/a><a href=\"https:\/\/aem.hr\/wp-content\/uploads\/2022\/02\/7.-Simo-Matavulj-ili-\u2013-biti-voljen-a-biti.pdf\" class=\"wp-block-file__button\" download>Preuzimanje<\/a><\/div>\n\n\n\n<p><\/p>\n","protected":false},"excerpt":{"rendered":"","protected":false},"author":18,"featured_media":0,"parent":0,"menu_order":0,"comment_status":"closed","ping_status":"closed","template":"","meta":{"_acf_changed":false,"inline_featured_image":false,"advgb_blocks_editor_width":"","advgb_blocks_columns_visual_guide":"","_links_to":"","_links_to_type":0,"footnotes":""},"class_list":["post-11572","page","type-page","status-publish","hentry"],"acf":[],"yoast_head":"<!-- This site is optimized with the Yoast SEO plugin v25.7 - https:\/\/yoast.com\/wordpress\/plugins\/seo\/ -->\n<title>Velikani hrvatske kulture iz redova srpske manjine - Agencija za elektroni\u010dke medije<\/title>\n<meta name=\"robots\" content=\"index, follow, max-snippet:-1, max-image-preview:large, max-video-preview:-1\" \/>\n<link rel=\"canonical\" href=\"https:\/\/aem.hr\/velikani-hrvatske-kulture-iz-redova-srpske-manjine\/\" \/>\n<meta property=\"og:locale\" content=\"en_US\" \/>\n<meta property=\"og:type\" content=\"article\" \/>\n<meta property=\"og:title\" content=\"Velikani hrvatske kulture iz redova srpske manjine - Agencija za elektroni\u010dke medije\" \/>\n<meta property=\"og:url\" content=\"https:\/\/aem.hr\/velikani-hrvatske-kulture-iz-redova-srpske-manjine\/\" \/>\n<meta property=\"og:site_name\" content=\"Agencija za elektroni\u010dke medije\" \/>\n<meta property=\"article:modified_time\" content=\"2022-02-09T13:01:23+00:00\" \/>\n<meta name=\"twitter:card\" content=\"summary_large_image\" \/>\n<meta name=\"twitter:label1\" content=\"Est. reading time\" \/>\n\t<meta name=\"twitter:data1\" content=\"1 minute\" \/>\n<script type=\"application\/ld+json\" class=\"yoast-schema-graph\">{\"@context\":\"https:\/\/schema.org\",\"@graph\":[{\"@type\":\"WebPage\",\"@id\":\"https:\/\/aem.hr\/velikani-hrvatske-kulture-iz-redova-srpske-manjine\/\",\"url\":\"https:\/\/aem.hr\/velikani-hrvatske-kulture-iz-redova-srpske-manjine\/\",\"name\":\"Velikani hrvatske kulture iz redova srpske manjine - Agencija za elektroni\u010dke medije\",\"isPartOf\":{\"@id\":\"https:\/\/aem.hr\/#website\"},\"datePublished\":\"2022-02-09T13:01:22+00:00\",\"dateModified\":\"2022-02-09T13:01:23+00:00\",\"breadcrumb\":{\"@id\":\"https:\/\/aem.hr\/velikani-hrvatske-kulture-iz-redova-srpske-manjine\/#breadcrumb\"},\"inLanguage\":\"en-US\",\"potentialAction\":[{\"@type\":\"ReadAction\",\"target\":[\"https:\/\/aem.hr\/velikani-hrvatske-kulture-iz-redova-srpske-manjine\/\"]}]},{\"@type\":\"BreadcrumbList\",\"@id\":\"https:\/\/aem.hr\/velikani-hrvatske-kulture-iz-redova-srpske-manjine\/#breadcrumb\",\"itemListElement\":[{\"@type\":\"ListItem\",\"position\":1,\"name\":\"Po\u010detna stranica\",\"item\":\"https:\/\/aem.hr\/\"},{\"@type\":\"ListItem\",\"position\":2,\"name\":\"Velikani hrvatske kulture iz redova srpske manjine\"}]},{\"@type\":\"WebSite\",\"@id\":\"https:\/\/aem.hr\/#website\",\"url\":\"https:\/\/aem.hr\/\",\"name\":\"Agencija za elektroni\u010dke medije\",\"description\":\"\",\"potentialAction\":[{\"@type\":\"SearchAction\",\"target\":{\"@type\":\"EntryPoint\",\"urlTemplate\":\"https:\/\/aem.hr\/?s={search_term_string}\"},\"query-input\":{\"@type\":\"PropertyValueSpecification\",\"valueRequired\":true,\"valueName\":\"search_term_string\"}}],\"inLanguage\":\"en-US\"}]}<\/script>\n<!-- \/ Yoast SEO plugin. -->","yoast_head_json":{"title":"Velikani hrvatske kulture iz redova srpske manjine - Agencija za elektroni\u010dke medije","robots":{"index":"index","follow":"follow","max-snippet":"max-snippet:-1","max-image-preview":"max-image-preview:large","max-video-preview":"max-video-preview:-1"},"canonical":"https:\/\/aem.hr\/velikani-hrvatske-kulture-iz-redova-srpske-manjine\/","og_locale":"en_US","og_type":"article","og_title":"Velikani hrvatske kulture iz redova srpske manjine - Agencija za elektroni\u010dke medije","og_url":"https:\/\/aem.hr\/velikani-hrvatske-kulture-iz-redova-srpske-manjine\/","og_site_name":"Agencija za elektroni\u010dke medije","article_modified_time":"2022-02-09T13:01:23+00:00","twitter_card":"summary_large_image","twitter_misc":{"Est. reading time":"1 minute"},"schema":{"@context":"https:\/\/schema.org","@graph":[{"@type":"WebPage","@id":"https:\/\/aem.hr\/velikani-hrvatske-kulture-iz-redova-srpske-manjine\/","url":"https:\/\/aem.hr\/velikani-hrvatske-kulture-iz-redova-srpske-manjine\/","name":"Velikani hrvatske kulture iz redova srpske manjine - Agencija za elektroni\u010dke medije","isPartOf":{"@id":"https:\/\/aem.hr\/#website"},"datePublished":"2022-02-09T13:01:22+00:00","dateModified":"2022-02-09T13:01:23+00:00","breadcrumb":{"@id":"https:\/\/aem.hr\/velikani-hrvatske-kulture-iz-redova-srpske-manjine\/#breadcrumb"},"inLanguage":"en-US","potentialAction":[{"@type":"ReadAction","target":["https:\/\/aem.hr\/velikani-hrvatske-kulture-iz-redova-srpske-manjine\/"]}]},{"@type":"BreadcrumbList","@id":"https:\/\/aem.hr\/velikani-hrvatske-kulture-iz-redova-srpske-manjine\/#breadcrumb","itemListElement":[{"@type":"ListItem","position":1,"name":"Po\u010detna stranica","item":"https:\/\/aem.hr\/"},{"@type":"ListItem","position":2,"name":"Velikani hrvatske kulture iz redova srpske manjine"}]},{"@type":"WebSite","@id":"https:\/\/aem.hr\/#website","url":"https:\/\/aem.hr\/","name":"Agencija za elektroni\u010dke medije","description":"","potentialAction":[{"@type":"SearchAction","target":{"@type":"EntryPoint","urlTemplate":"https:\/\/aem.hr\/?s={search_term_string}"},"query-input":{"@type":"PropertyValueSpecification","valueRequired":true,"valueName":"search_term_string"}}],"inLanguage":"en-US"}]}},"coauthors":[],"author_meta":{"author_link":"https:\/\/aem.hr\/en\/blog\/author\/mkirac\/","display_name":"Matko Kirac"},"relative_dates":{"created":"Posted 4 years ago","modified":"Updated 4 years ago"},"absolute_dates":{"created":"Posted on 9. February 2022.","modified":"Updated on 9. February 2022."},"absolute_dates_time":{"created":"Posted on 9. February 2022. 14:01","modified":"Updated on 9. February 2022. 14:01"},"featured_img_caption":"","featured_img":false,"series_order":"","_links":{"self":[{"href":"https:\/\/aem.hr\/en\/wp-json\/wp\/v2\/pages\/11572","targetHints":{"allow":["GET"]}}],"collection":[{"href":"https:\/\/aem.hr\/en\/wp-json\/wp\/v2\/pages"}],"about":[{"href":"https:\/\/aem.hr\/en\/wp-json\/wp\/v2\/types\/page"}],"author":[{"embeddable":true,"href":"https:\/\/aem.hr\/en\/wp-json\/wp\/v2\/users\/18"}],"replies":[{"embeddable":true,"href":"https:\/\/aem.hr\/en\/wp-json\/wp\/v2\/comments?post=11572"}],"version-history":[{"count":1,"href":"https:\/\/aem.hr\/en\/wp-json\/wp\/v2\/pages\/11572\/revisions"}],"predecessor-version":[{"id":11588,"href":"https:\/\/aem.hr\/en\/wp-json\/wp\/v2\/pages\/11572\/revisions\/11588"}],"wp:attachment":[{"href":"https:\/\/aem.hr\/en\/wp-json\/wp\/v2\/media?parent=11572"}],"curies":[{"name":"wp","href":"https:\/\/api.w.org\/{rel}","templated":true}]}}