{"id":116,"date":"2018-11-02T12:56:27","date_gmt":"2018-11-02T11:56:27","guid":{"rendered":"http:\/\/emediji.inspirium.hr\/?page_id=116"},"modified":"2025-11-24T11:49:20","modified_gmt":"2025-11-24T10:49:20","slug":"upisnik","status":"publish","type":"page","link":"https:\/\/aem.hr\/en\/upisnik\/","title":{"rendered":"Upisnik pru\u017eatelja medijskih usluga i el. publikacija"},"content":{"rendered":"\n<p>Upisnik pru\u017eatelja medijskih usluga i elektroni\u010dkih publikacija vodi Agencija za elektroni\u010dke medije i on sadr\u017ei osnovne podatke o pru\u017eateljima medijskih usluga.<\/p>\n\n\n\n<p>Upisnik se sastoji od:<\/p>\n\n\n\n<p>&#8211; knjige koncesija pru\u017eatelja medijskih usluga televizije<\/p>\n\n\n\n<p>&#8211; knjige koncesija pru\u017eatelja medijskih usluga radija<\/p>\n\n\n\n<p>&#8211; knjige pru\u017eatelja medijskih usluga na zahtjev<\/p>\n\n\n\n<p>&#8211; knjige pru\u017eatelja medijskih usluga satelitom, internetom i kabelom<\/p>\n\n\n\n<p>&#8211; knjige pru\u017eatelja elektroni\u010dkih publikacija<\/p>\n\n\n\n<p>U knjige koncesija radija i televizija upisuju se pru\u017eatelji medijskih usluga po sklopljenom ugovoru o koncesiji, a temeljem odluke Vije\u0107a za elektroni\u010dke medije o davanju koncesije. U knjigu pru\u017eatelja elektroni\u010dkih publikacija Vije\u0107e upisuje internetske portale sukladno podacima iz njihove pisane prijave, dok se u ostale knjige upisuju pru\u017eatelji medijskih usluga koji su dobili dopu\u0161tenje za obavljanje medijskih usluga na zahtjev i medijskih usluga satelitom, internetom i kabelom.&nbsp;<\/p>\n\n\n\n<p>Elektroni\u010dke publikacije su uredni\u010dki oblikovani, proizvedeni ili prikupljeni medijski sadr\u017eaji koje putem interneta objavljuju pru\u017eatelji usluga elektroni\u010dkih publikacija u svrhu javnog informiranja, zabave ili obrazovanja. Fizi\u010dka i pravna osoba mora podnijeti prijavu za upis u Upisnik pru\u017eatelja elektroni\u010dkih publikacija. Za neispunjenje navedene obveze Zakon o elektroni\u010dkim medijima u \u010dl. 99. propisuje prekr\u0161ajnu odgovornost.<\/p>\n\n\n\n<p>Sadr\u017eaj prijave za upis u Upisnik pru\u017eatelja medijskih usluga i elektroni\u010dkih publikacija, kao i detaljni kriteriji upisa neprofitnih pru\u017eatelja elektroni\u010dkih publikacija utvr\u0111eni su &nbsp;<a href=\"https:\/\/narodne-novine.nn.hr\/clanci\/sluzbeni\/2022_12_150_2314.html\"><strong>Naputkom o upisniku pru\u017eatelja medijskih usluga i elektroni\u010dkih publikacija<\/strong><\/a>.<\/p>\n\n\n\n<p>Vije\u0107e za elektroni\u010dke medije donijelo je i&nbsp;<a href=\"https:\/\/narodne-novine.nn.hr\/clanci\/sluzbeni\/2022_04_48_610.html\"><strong>Pravilnik o uvjetima za upis u upisnik pru\u017eatelja elektroni\u010dkih publikacija<\/strong><\/a>, kojim su propisani uvjeti za upis u Upisnik u kojeg se upisuju komercijalni i neprofitni pru\u017eatelji elektroni\u010dkih publikacija. Obrazac za prijavu elektroni\u010dke publikacije u upisnik mo\u017eete preuzeti&nbsp;<a href=\"http:\/\/aem.hr\/zahtjev-za-upis-u-upisnik-pruzatelja-elektronickih-publikacija\/\"><strong>ovdje<\/strong><\/a>.<\/p>\n\n\n\n<p>Knjige pru\u017eatelja medijskih usluga i elektroni\u010dkih publikacija mo\u017eete, prema njihovim vrstama, pregledavati na sljede\u0107oj <a href=\"https:\/\/emediji.aem.hr\/Aem\/Nias\/Home\/IndexPublic\">POVEZNICI<\/a>. Tako\u0111er, mo\u017eete pregledati i podatke za svakog od upisanih pru\u017eatelja, a na istoj se stranici nudi i opcija preuzimanja cjelokupnog popisa. Sve se to nalazi u sklopu nove platforme Agencije za elektroni\u010dke medije <em><a href=\"https:\/\/emediji.aem.hr\/\">Vlasni\u0161tvo i financiranje medija<\/a><\/em>,digitalnog sustava za\u00a0javnu objavu podataka o vlasni\u010dkim strukturama i na\u010dinu financiranja medija.<\/p>\n","protected":false},"excerpt":{"rendered":"<p>Upisnik pru\u017eatelja medijskih usluga i elektroni\u010dkih publikacija vodi Agencija za elektroni\u010dke medije i on sadr\u017ei osnovne podatke o pru\u017eateljima medijskih usluga. Upisnik se sastoji od: &#8211; knjige koncesija pru\u017eatelja medijskih usluga televizije &#8211; knjige koncesija pru\u017eatelja medijskih usluga radija &#8211; knjige pru\u017eatelja medijskih usluga na zahtjev &#8211; knjige pru\u017eatelja medijskih usluga satelitom, internetom i kabelom [&hellip;]<\/p>\n","protected":false},"author":2,"featured_media":0,"parent":0,"menu_order":0,"comment_status":"closed","ping_status":"closed","template":"","meta":{"_acf_changed":false,"inline_featured_image":false,"advgb_blocks_editor_width":"","advgb_blocks_columns_visual_guide":"","_links_to":"","_links_to_type":0,"footnotes":""},"class_list":["post-116","page","type-page","status-publish","hentry"],"acf":[],"yoast_head":"<!-- This site is optimized with the Yoast SEO plugin v25.7 - https:\/\/yoast.com\/wordpress\/plugins\/seo\/ -->\n<title>Upisnik pru\u017eatelja medijskih usluga i el. publikacija - Agencija za elektroni\u010dke medije<\/title>\n<meta name=\"robots\" content=\"index, follow, max-snippet:-1, max-image-preview:large, max-video-preview:-1\" \/>\n<link rel=\"canonical\" href=\"https:\/\/aem.hr\/upisnik\/\" \/>\n<meta property=\"og:locale\" content=\"en_US\" \/>\n<meta property=\"og:type\" content=\"article\" \/>\n<meta property=\"og:title\" content=\"Upisnik pru\u017eatelja medijskih usluga i el. publikacija - Agencija za elektroni\u010dke medije\" \/>\n<meta property=\"og:description\" content=\"Upisnik pru\u017eatelja medijskih usluga i elektroni\u010dkih publikacija vodi Agencija za elektroni\u010dke medije i on sadr\u017ei osnovne podatke o pru\u017eateljima medijskih usluga. Upisnik se sastoji od: &#8211; knjige koncesija pru\u017eatelja medijskih usluga televizije &#8211; knjige koncesija pru\u017eatelja medijskih usluga radija &#8211; knjige pru\u017eatelja medijskih usluga na zahtjev &#8211; knjige pru\u017eatelja medijskih usluga satelitom, internetom i kabelom [&hellip;]\" \/>\n<meta property=\"og:url\" content=\"https:\/\/aem.hr\/upisnik\/\" \/>\n<meta property=\"og:site_name\" content=\"Agencija za elektroni\u010dke medije\" \/>\n<meta property=\"article:modified_time\" content=\"2025-11-24T10:49:20+00:00\" \/>\n<meta name=\"twitter:card\" content=\"summary_large_image\" \/>\n<meta name=\"twitter:label1\" content=\"Est. reading time\" \/>\n\t<meta name=\"twitter:data1\" content=\"2 minutes\" \/>\n<script type=\"application\/ld+json\" class=\"yoast-schema-graph\">{\"@context\":\"https:\/\/schema.org\",\"@graph\":[{\"@type\":\"WebPage\",\"@id\":\"https:\/\/aem.hr\/upisnik\/\",\"url\":\"https:\/\/aem.hr\/upisnik\/\",\"name\":\"Upisnik pru\u017eatelja medijskih usluga i el. publikacija - Agencija za elektroni\u010dke medije\",\"isPartOf\":{\"@id\":\"https:\/\/aem.hr\/#website\"},\"datePublished\":\"2018-11-02T11:56:27+00:00\",\"dateModified\":\"2025-11-24T10:49:20+00:00\",\"breadcrumb\":{\"@id\":\"https:\/\/aem.hr\/upisnik\/#breadcrumb\"},\"inLanguage\":\"en-US\",\"potentialAction\":[{\"@type\":\"ReadAction\",\"target\":[\"https:\/\/aem.hr\/upisnik\/\"]}]},{\"@type\":\"BreadcrumbList\",\"@id\":\"https:\/\/aem.hr\/upisnik\/#breadcrumb\",\"itemListElement\":[{\"@type\":\"ListItem\",\"position\":1,\"name\":\"Po\u010detna stranica\",\"item\":\"https:\/\/aem.hr\/\"},{\"@type\":\"ListItem\",\"position\":2,\"name\":\"Upisnik pru\u017eatelja medijskih usluga i el. publikacija\"}]},{\"@type\":\"WebSite\",\"@id\":\"https:\/\/aem.hr\/#website\",\"url\":\"https:\/\/aem.hr\/\",\"name\":\"Agencija za elektroni\u010dke medije\",\"description\":\"\",\"potentialAction\":[{\"@type\":\"SearchAction\",\"target\":{\"@type\":\"EntryPoint\",\"urlTemplate\":\"https:\/\/aem.hr\/?s={search_term_string}\"},\"query-input\":{\"@type\":\"PropertyValueSpecification\",\"valueRequired\":true,\"valueName\":\"search_term_string\"}}],\"inLanguage\":\"en-US\"}]}<\/script>\n<!-- \/ Yoast SEO plugin. -->","yoast_head_json":{"title":"Upisnik pru\u017eatelja medijskih usluga i el. publikacija - Agencija za elektroni\u010dke medije","robots":{"index":"index","follow":"follow","max-snippet":"max-snippet:-1","max-image-preview":"max-image-preview:large","max-video-preview":"max-video-preview:-1"},"canonical":"https:\/\/aem.hr\/upisnik\/","og_locale":"en_US","og_type":"article","og_title":"Upisnik pru\u017eatelja medijskih usluga i el. publikacija - Agencija za elektroni\u010dke medije","og_description":"Upisnik pru\u017eatelja medijskih usluga i elektroni\u010dkih publikacija vodi Agencija za elektroni\u010dke medije i on sadr\u017ei osnovne podatke o pru\u017eateljima medijskih usluga. Upisnik se sastoji od: &#8211; knjige koncesija pru\u017eatelja medijskih usluga televizije &#8211; knjige koncesija pru\u017eatelja medijskih usluga radija &#8211; knjige pru\u017eatelja medijskih usluga na zahtjev &#8211; knjige pru\u017eatelja medijskih usluga satelitom, internetom i kabelom [&hellip;]","og_url":"https:\/\/aem.hr\/upisnik\/","og_site_name":"Agencija za elektroni\u010dke medije","article_modified_time":"2025-11-24T10:49:20+00:00","twitter_card":"summary_large_image","twitter_misc":{"Est. reading time":"2 minutes"},"schema":{"@context":"https:\/\/schema.org","@graph":[{"@type":"WebPage","@id":"https:\/\/aem.hr\/upisnik\/","url":"https:\/\/aem.hr\/upisnik\/","name":"Upisnik pru\u017eatelja medijskih usluga i el. publikacija - Agencija za elektroni\u010dke medije","isPartOf":{"@id":"https:\/\/aem.hr\/#website"},"datePublished":"2018-11-02T11:56:27+00:00","dateModified":"2025-11-24T10:49:20+00:00","breadcrumb":{"@id":"https:\/\/aem.hr\/upisnik\/#breadcrumb"},"inLanguage":"en-US","potentialAction":[{"@type":"ReadAction","target":["https:\/\/aem.hr\/upisnik\/"]}]},{"@type":"BreadcrumbList","@id":"https:\/\/aem.hr\/upisnik\/#breadcrumb","itemListElement":[{"@type":"ListItem","position":1,"name":"Po\u010detna stranica","item":"https:\/\/aem.hr\/"},{"@type":"ListItem","position":2,"name":"Upisnik pru\u017eatelja medijskih usluga i el. publikacija"}]},{"@type":"WebSite","@id":"https:\/\/aem.hr\/#website","url":"https:\/\/aem.hr\/","name":"Agencija za elektroni\u010dke medije","description":"","potentialAction":[{"@type":"SearchAction","target":{"@type":"EntryPoint","urlTemplate":"https:\/\/aem.hr\/?s={search_term_string}"},"query-input":{"@type":"PropertyValueSpecification","valueRequired":true,"valueName":"search_term_string"}}],"inLanguage":"en-US"}]}},"coauthors":[],"author_meta":{"author_link":"https:\/\/aem.hr\/en\/blog\/author\/stjepan\/","display_name":"stjepan"},"relative_dates":{"created":"Posted 7 years ago","modified":"Updated 5 months ago"},"absolute_dates":{"created":"Posted on 2. November 2018.","modified":"Updated on 24. November 2025."},"absolute_dates_time":{"created":"Posted on 2. November 2018. 12:56","modified":"Updated on 24. November 2025. 11:49"},"featured_img_caption":"","featured_img":false,"series_order":"","_links":{"self":[{"href":"https:\/\/aem.hr\/en\/wp-json\/wp\/v2\/pages\/116","targetHints":{"allow":["GET"]}}],"collection":[{"href":"https:\/\/aem.hr\/en\/wp-json\/wp\/v2\/pages"}],"about":[{"href":"https:\/\/aem.hr\/en\/wp-json\/wp\/v2\/types\/page"}],"author":[{"embeddable":true,"href":"https:\/\/aem.hr\/en\/wp-json\/wp\/v2\/users\/2"}],"replies":[{"embeddable":true,"href":"https:\/\/aem.hr\/en\/wp-json\/wp\/v2\/comments?post=116"}],"version-history":[{"count":13,"href":"https:\/\/aem.hr\/en\/wp-json\/wp\/v2\/pages\/116\/revisions"}],"predecessor-version":[{"id":23496,"href":"https:\/\/aem.hr\/en\/wp-json\/wp\/v2\/pages\/116\/revisions\/23496"}],"wp:attachment":[{"href":"https:\/\/aem.hr\/en\/wp-json\/wp\/v2\/media?parent=116"}],"curies":[{"name":"wp","href":"https:\/\/api.w.org\/{rel}","templated":true}]}}