{"id":11608,"date":"2022-02-09T14:10:29","date_gmt":"2022-02-09T13:10:29","guid":{"rendered":"http:\/\/aem.hr\/?page_id=11608"},"modified":"2022-02-09T14:10:32","modified_gmt":"2022-02-09T13:10:32","slug":"2020-godina-bez-zagrljaja","status":"publish","type":"page","link":"https:\/\/aem.hr\/en\/2020-godina-bez-zagrljaja\/","title":{"rendered":"2020. &#8211; Godina bez zagrljaja"},"content":{"rendered":"\n<div class=\"wp-block-file\"><a href=\"https:\/\/aem.hr\/wp-content\/uploads\/2022\/02\/1.-Iva-Milley_-Kazalisno-razmisljanje.pdf\">1. Iva Milley_ Kazali\u0161no razmi\u0161ljanje<\/a><a href=\"https:\/\/aem.hr\/wp-content\/uploads\/2022\/02\/1.-Iva-Milley_-Kazalisno-razmisljanje.pdf\" class=\"wp-block-file__button\" download>Preuzimanje<\/a><\/div>\n\n\n\n<div class=\"wp-block-file\"><a href=\"https:\/\/aem.hr\/wp-content\/uploads\/2022\/02\/2.-Uciteljice_-Kada-smo-se-vratili-u-skolu.pdf\">2. U\u010diteljice_ Kada smo se vratili u \u0161kolu<\/a><a href=\"https:\/\/aem.hr\/wp-content\/uploads\/2022\/02\/2.-Uciteljice_-Kada-smo-se-vratili-u-skolu.pdf\" class=\"wp-block-file__button\" download>Preuzimanje<\/a><\/div>\n\n\n\n<div class=\"wp-block-file\"><a href=\"https:\/\/aem.hr\/wp-content\/uploads\/2022\/02\/3.-Diana-Sokolic_-Dan-bez-zagrljaja.pdf\">3. Diana Sokoli\u0107_ Dan bez zagrljaja<\/a><a href=\"https:\/\/aem.hr\/wp-content\/uploads\/2022\/02\/3.-Diana-Sokolic_-Dan-bez-zagrljaja.pdf\" class=\"wp-block-file__button\" download>Preuzimanje<\/a><\/div>\n\n\n\n<div class=\"wp-block-file\"><a href=\"https:\/\/aem.hr\/wp-content\/uploads\/2022\/02\/4.-Mirjana-Martic-Ivancic_-Ne-postoji.pdf\">4. Mirjana Marti\u0107 Ivan\u010di\u0107_ Ne postoji<\/a><a href=\"https:\/\/aem.hr\/wp-content\/uploads\/2022\/02\/4.-Mirjana-Martic-Ivancic_-Ne-postoji.pdf\" class=\"wp-block-file__button\" download>Preuzimanje<\/a><\/div>\n\n\n\n<div class=\"wp-block-file\"><a href=\"https:\/\/aem.hr\/wp-content\/uploads\/2022\/02\/5.-Pandemija-je-ubrzala-digitalizaciju.pdf\">5.Pandemija je ubrzala digitalizaciju<\/a><a href=\"https:\/\/aem.hr\/wp-content\/uploads\/2022\/02\/5.-Pandemija-je-ubrzala-digitalizaciju.pdf\" class=\"wp-block-file__button\" download>Preuzimanje<\/a><\/div>\n\n\n\n<div class=\"wp-block-file\"><a href=\"https:\/\/aem.hr\/wp-content\/uploads\/2022\/02\/6.-A-sto-kad-je-baka-stotinama-kilometara.pdf\">6. A \u0161to kad je baka stotinama kilometara<\/a><a href=\"https:\/\/aem.hr\/wp-content\/uploads\/2022\/02\/6.-A-sto-kad-je-baka-stotinama-kilometara.pdf\" class=\"wp-block-file__button\" download>Preuzimanje<\/a><\/div>\n\n\n\n<div class=\"wp-block-file\"><a href=\"https:\/\/aem.hr\/wp-content\/uploads\/2022\/02\/7.-Laboratorij-zabave_-Kada-i-torta-ode-online.pdf\">7. Laboratorij zabave_ Kada i torta ode online<\/a><a href=\"https:\/\/aem.hr\/wp-content\/uploads\/2022\/02\/7.-Laboratorij-zabave_-Kada-i-torta-ode-online.pdf\" class=\"wp-block-file__button\" download>Preuzimanje<\/a><\/div>\n\n\n\n<div class=\"wp-block-file\"><a href=\"https:\/\/aem.hr\/wp-content\/uploads\/2022\/02\/8.-Seniori-u-pandemiji_-U-domu-kao-u-zatvoru.pdf\">8. Seniori u pandemiji_ U domu kao u zatvoru<\/a><a href=\"https:\/\/aem.hr\/wp-content\/uploads\/2022\/02\/8.-Seniori-u-pandemiji_-U-domu-kao-u-zatvoru.pdf\" class=\"wp-block-file__button\" download>Preuzimanje<\/a><\/div>\n\n\n\n<div class=\"wp-block-file\"><a href=\"https:\/\/aem.hr\/wp-content\/uploads\/2022\/02\/9.-Djeci-s-teskim-kronicnim-bolestima.pdf\">9. Djeci s te\u0161kim kroni\u010dnim bolestima<\/a><a href=\"https:\/\/aem.hr\/wp-content\/uploads\/2022\/02\/9.-Djeci-s-teskim-kronicnim-bolestima.pdf\" class=\"wp-block-file__button\" download>Preuzimanje<\/a><\/div>\n\n\n\n<div class=\"wp-block-file\"><a href=\"https:\/\/aem.hr\/wp-content\/uploads\/2022\/02\/10.-Anica-Tomic_-Korona-je-snazno-pogodila.pdf\">10. Anica Tomi\u0107_ Korona je sna\u017eno pogodila<\/a><a href=\"https:\/\/aem.hr\/wp-content\/uploads\/2022\/02\/10.-Anica-Tomic_-Korona-je-snazno-pogodila.pdf\" class=\"wp-block-file__button\" download>Preuzimanje<\/a><\/div>\n\n\n\n<p><\/p>\n","protected":false},"excerpt":{"rendered":"","protected":false},"author":18,"featured_media":0,"parent":0,"menu_order":0,"comment_status":"closed","ping_status":"closed","template":"","meta":{"_acf_changed":false,"inline_featured_image":false,"advgb_blocks_editor_width":"","advgb_blocks_columns_visual_guide":"","_links_to":"","_links_to_type":0,"footnotes":""},"class_list":["post-11608","page","type-page","status-publish","hentry"],"acf":[],"yoast_head":"<!-- This site is optimized with the Yoast SEO plugin v25.7 - https:\/\/yoast.com\/wordpress\/plugins\/seo\/ -->\n<title>2020. - Godina bez zagrljaja - Agencija za elektroni\u010dke medije<\/title>\n<meta name=\"robots\" content=\"index, follow, max-snippet:-1, max-image-preview:large, max-video-preview:-1\" \/>\n<link rel=\"canonical\" href=\"https:\/\/aem.hr\/2020-godina-bez-zagrljaja\/\" \/>\n<meta property=\"og:locale\" content=\"en_US\" \/>\n<meta property=\"og:type\" content=\"article\" \/>\n<meta property=\"og:title\" content=\"2020. - Godina bez zagrljaja - Agencija za elektroni\u010dke medije\" \/>\n<meta property=\"og:url\" content=\"https:\/\/aem.hr\/2020-godina-bez-zagrljaja\/\" \/>\n<meta property=\"og:site_name\" content=\"Agencija za elektroni\u010dke medije\" \/>\n<meta property=\"article:modified_time\" content=\"2022-02-09T13:10:32+00:00\" \/>\n<meta name=\"twitter:card\" content=\"summary_large_image\" \/>\n<meta name=\"twitter:label1\" content=\"Est. reading time\" \/>\n\t<meta name=\"twitter:data1\" content=\"1 minute\" \/>\n<script type=\"application\/ld+json\" class=\"yoast-schema-graph\">{\"@context\":\"https:\/\/schema.org\",\"@graph\":[{\"@type\":\"WebPage\",\"@id\":\"https:\/\/aem.hr\/2020-godina-bez-zagrljaja\/\",\"url\":\"https:\/\/aem.hr\/2020-godina-bez-zagrljaja\/\",\"name\":\"2020. - Godina bez zagrljaja - Agencija za elektroni\u010dke medije\",\"isPartOf\":{\"@id\":\"https:\/\/aem.hr\/#website\"},\"datePublished\":\"2022-02-09T13:10:29+00:00\",\"dateModified\":\"2022-02-09T13:10:32+00:00\",\"breadcrumb\":{\"@id\":\"https:\/\/aem.hr\/2020-godina-bez-zagrljaja\/#breadcrumb\"},\"inLanguage\":\"en-US\",\"potentialAction\":[{\"@type\":\"ReadAction\",\"target\":[\"https:\/\/aem.hr\/2020-godina-bez-zagrljaja\/\"]}]},{\"@type\":\"BreadcrumbList\",\"@id\":\"https:\/\/aem.hr\/2020-godina-bez-zagrljaja\/#breadcrumb\",\"itemListElement\":[{\"@type\":\"ListItem\",\"position\":1,\"name\":\"Po\u010detna stranica\",\"item\":\"https:\/\/aem.hr\/\"},{\"@type\":\"ListItem\",\"position\":2,\"name\":\"2020. &#8211; Godina bez zagrljaja\"}]},{\"@type\":\"WebSite\",\"@id\":\"https:\/\/aem.hr\/#website\",\"url\":\"https:\/\/aem.hr\/\",\"name\":\"Agencija za elektroni\u010dke medije\",\"description\":\"\",\"potentialAction\":[{\"@type\":\"SearchAction\",\"target\":{\"@type\":\"EntryPoint\",\"urlTemplate\":\"https:\/\/aem.hr\/?s={search_term_string}\"},\"query-input\":{\"@type\":\"PropertyValueSpecification\",\"valueRequired\":true,\"valueName\":\"search_term_string\"}}],\"inLanguage\":\"en-US\"}]}<\/script>\n<!-- \/ Yoast SEO plugin. -->","yoast_head_json":{"title":"2020. - Godina bez zagrljaja - Agencija za elektroni\u010dke medije","robots":{"index":"index","follow":"follow","max-snippet":"max-snippet:-1","max-image-preview":"max-image-preview:large","max-video-preview":"max-video-preview:-1"},"canonical":"https:\/\/aem.hr\/2020-godina-bez-zagrljaja\/","og_locale":"en_US","og_type":"article","og_title":"2020. - Godina bez zagrljaja - Agencija za elektroni\u010dke medije","og_url":"https:\/\/aem.hr\/2020-godina-bez-zagrljaja\/","og_site_name":"Agencija za elektroni\u010dke medije","article_modified_time":"2022-02-09T13:10:32+00:00","twitter_card":"summary_large_image","twitter_misc":{"Est. reading time":"1 minute"},"schema":{"@context":"https:\/\/schema.org","@graph":[{"@type":"WebPage","@id":"https:\/\/aem.hr\/2020-godina-bez-zagrljaja\/","url":"https:\/\/aem.hr\/2020-godina-bez-zagrljaja\/","name":"2020. - Godina bez zagrljaja - Agencija za elektroni\u010dke medije","isPartOf":{"@id":"https:\/\/aem.hr\/#website"},"datePublished":"2022-02-09T13:10:29+00:00","dateModified":"2022-02-09T13:10:32+00:00","breadcrumb":{"@id":"https:\/\/aem.hr\/2020-godina-bez-zagrljaja\/#breadcrumb"},"inLanguage":"en-US","potentialAction":[{"@type":"ReadAction","target":["https:\/\/aem.hr\/2020-godina-bez-zagrljaja\/"]}]},{"@type":"BreadcrumbList","@id":"https:\/\/aem.hr\/2020-godina-bez-zagrljaja\/#breadcrumb","itemListElement":[{"@type":"ListItem","position":1,"name":"Po\u010detna stranica","item":"https:\/\/aem.hr\/"},{"@type":"ListItem","position":2,"name":"2020. &#8211; Godina bez zagrljaja"}]},{"@type":"WebSite","@id":"https:\/\/aem.hr\/#website","url":"https:\/\/aem.hr\/","name":"Agencija za elektroni\u010dke medije","description":"","potentialAction":[{"@type":"SearchAction","target":{"@type":"EntryPoint","urlTemplate":"https:\/\/aem.hr\/?s={search_term_string}"},"query-input":{"@type":"PropertyValueSpecification","valueRequired":true,"valueName":"search_term_string"}}],"inLanguage":"en-US"}]}},"coauthors":[],"author_meta":{"author_link":"https:\/\/aem.hr\/en\/blog\/author\/mkirac\/","display_name":"Matko Kirac"},"relative_dates":{"created":"Posted 4 years ago","modified":"Updated 4 years ago"},"absolute_dates":{"created":"Posted on 9. February 2022.","modified":"Updated on 9. February 2022."},"absolute_dates_time":{"created":"Posted on 9. February 2022. 14:10","modified":"Updated on 9. February 2022. 14:10"},"featured_img_caption":"","featured_img":false,"series_order":"","_links":{"self":[{"href":"https:\/\/aem.hr\/en\/wp-json\/wp\/v2\/pages\/11608","targetHints":{"allow":["GET"]}}],"collection":[{"href":"https:\/\/aem.hr\/en\/wp-json\/wp\/v2\/pages"}],"about":[{"href":"https:\/\/aem.hr\/en\/wp-json\/wp\/v2\/types\/page"}],"author":[{"embeddable":true,"href":"https:\/\/aem.hr\/en\/wp-json\/wp\/v2\/users\/18"}],"replies":[{"embeddable":true,"href":"https:\/\/aem.hr\/en\/wp-json\/wp\/v2\/comments?post=11608"}],"version-history":[{"count":1,"href":"https:\/\/aem.hr\/en\/wp-json\/wp\/v2\/pages\/11608\/revisions"}],"predecessor-version":[{"id":11628,"href":"https:\/\/aem.hr\/en\/wp-json\/wp\/v2\/pages\/11608\/revisions\/11628"}],"wp:attachment":[{"href":"https:\/\/aem.hr\/en\/wp-json\/wp\/v2\/media?parent=11608"}],"curies":[{"name":"wp","href":"https:\/\/api.w.org\/{rel}","templated":true}]}}