{"id":11718,"date":"2022-02-10T13:22:10","date_gmt":"2022-02-10T12:22:10","guid":{"rendered":"http:\/\/aem.hr\/?page_id=11718"},"modified":"2022-02-10T13:22:13","modified_gmt":"2022-02-10T12:22:13","slug":"od-necujnog-ne-do-lavine-seksizam-na-sveucilistu-u-zagrebu","status":"publish","type":"page","link":"https:\/\/aem.hr\/en\/od-necujnog-ne-do-lavine-seksizam-na-sveucilistu-u-zagrebu\/","title":{"rendered":"Od ne\u010dujnog \u201ene\u201d do lavine \u2013 seksizam na Sveu\u010dili\u0161tu u Zagrebu"},"content":{"rendered":"\n<div class=\"wp-block-file\"><a href=\"https:\/\/aem.hr\/wp-content\/uploads\/2022\/02\/1.-Franka-Perkovic-Gamulin.pdf\">1. Intervju: Franka Perkovi\u0107 Gamulin<\/a><a href=\"https:\/\/aem.hr\/wp-content\/uploads\/2022\/02\/1.-Franka-Perkovic-Gamulin.pdf\" class=\"wp-block-file__button\" download>Preuzimanje<\/a><\/div>\n\n\n\n<div class=\"wp-block-file\"><a href=\"https:\/\/aem.hr\/wp-content\/uploads\/2022\/02\/2.-Seksualno-uznemiravanje.pdf\">2. Posljedice seksualnog zlostavljanja na psihi\u010dko zdravlje studenata<\/a><a href=\"https:\/\/aem.hr\/wp-content\/uploads\/2022\/02\/2.-Seksualno-uznemiravanje.pdf\" class=\"wp-block-file__button\" download>Preuzimanje<\/a><\/div>\n\n\n\n<div class=\"wp-block-file\"><a href=\"https:\/\/aem.hr\/wp-content\/uploads\/2022\/02\/3.-Stav-o-muskoj-nadmoci.pdf\">3. Je li zavr\u0161ila borba za ravnopravnost spolova \u2013 smatraju li mu\u0161karci na polo\u017eaju mo\u0107i da su vrjedniji od studentica?<\/a><a href=\"https:\/\/aem.hr\/wp-content\/uploads\/2022\/02\/3.-Stav-o-muskoj-nadmoci.pdf\" class=\"wp-block-file__button\" download>Preuzimanje<\/a><\/div>\n\n\n\n<div class=\"wp-block-file\"><a href=\"https:\/\/aem.hr\/wp-content\/uploads\/2022\/02\/4.-Od-nerazumijevanja-do.pdf\">4. Progovaranje o \u201estarim\u201d slu\u010dajevima \u2013 koliko je te\u0161ko progovoriti i za\u0161to \u017ertve progovaraju nakon vi\u0161e godina \u0161utnje?<\/a><a href=\"https:\/\/aem.hr\/wp-content\/uploads\/2022\/02\/4.-Od-nerazumijevanja-do.pdf\" class=\"wp-block-file__button\" download>Preuzimanje<\/a><\/div>\n\n\n\n<div class=\"wp-block-file\"><a href=\"https:\/\/aem.hr\/wp-content\/uploads\/2022\/02\/5.-Na-zatvorenom-setu.pdf\">5. Za\u0161to se velik broj slu\u010dajeva doga\u0111a u gluma\u010dkom sektoru \u2013 koliko je te\u0161ko do\u0107i do honorara i koliko su daleko spremni i\u0107i?<\/a><a href=\"https:\/\/aem.hr\/wp-content\/uploads\/2022\/02\/5.-Na-zatvorenom-setu.pdf\" class=\"wp-block-file__button\" download>Preuzimanje<\/a><\/div>\n\n\n\n<div class=\"wp-block-file\"><a href=\"https:\/\/aem.hr\/wp-content\/uploads\/2022\/02\/6.-U-godinu-dana-fakulteti.pdf\">6. Daljnji postupci Sveu\u010dili\u0161ta u Zagrebu: \u0161to \u0107e se \u201eizroditi\u201d iz prijava?<\/a><a href=\"https:\/\/aem.hr\/wp-content\/uploads\/2022\/02\/6.-U-godinu-dana-fakulteti.pdf\" class=\"wp-block-file__button\" download>Preuzimanje<\/a><\/div>\n\n\n\n<p><\/p>\n","protected":false},"excerpt":{"rendered":"","protected":false},"author":18,"featured_media":0,"parent":0,"menu_order":0,"comment_status":"closed","ping_status":"closed","template":"","meta":{"_acf_changed":false,"inline_featured_image":false,"advgb_blocks_editor_width":"","advgb_blocks_columns_visual_guide":"","_links_to":"","_links_to_type":0,"footnotes":""},"class_list":["post-11718","page","type-page","status-publish","hentry"],"acf":[],"yoast_head":"<!-- This site is optimized with the Yoast SEO plugin v25.7 - https:\/\/yoast.com\/wordpress\/plugins\/seo\/ -->\n<title>Od ne\u010dujnog \u201ene\u201d do lavine \u2013 seksizam na Sveu\u010dili\u0161tu u Zagrebu - Agencija za elektroni\u010dke medije<\/title>\n<meta name=\"robots\" content=\"index, follow, max-snippet:-1, max-image-preview:large, max-video-preview:-1\" \/>\n<link rel=\"canonical\" href=\"https:\/\/aem.hr\/od-necujnog-ne-do-lavine-seksizam-na-sveucilistu-u-zagrebu\/\" \/>\n<meta property=\"og:locale\" content=\"en_US\" \/>\n<meta property=\"og:type\" content=\"article\" \/>\n<meta property=\"og:title\" content=\"Od ne\u010dujnog \u201ene\u201d do lavine \u2013 seksizam na Sveu\u010dili\u0161tu u Zagrebu - Agencija za elektroni\u010dke medije\" \/>\n<meta property=\"og:url\" content=\"https:\/\/aem.hr\/od-necujnog-ne-do-lavine-seksizam-na-sveucilistu-u-zagrebu\/\" \/>\n<meta property=\"og:site_name\" content=\"Agencija za elektroni\u010dke medije\" \/>\n<meta property=\"article:modified_time\" content=\"2022-02-10T12:22:13+00:00\" \/>\n<meta name=\"twitter:card\" content=\"summary_large_image\" \/>\n<meta name=\"twitter:label1\" content=\"Est. reading time\" \/>\n\t<meta name=\"twitter:data1\" content=\"1 minute\" \/>\n<script type=\"application\/ld+json\" class=\"yoast-schema-graph\">{\"@context\":\"https:\/\/schema.org\",\"@graph\":[{\"@type\":\"WebPage\",\"@id\":\"https:\/\/aem.hr\/od-necujnog-ne-do-lavine-seksizam-na-sveucilistu-u-zagrebu\/\",\"url\":\"https:\/\/aem.hr\/od-necujnog-ne-do-lavine-seksizam-na-sveucilistu-u-zagrebu\/\",\"name\":\"Od ne\u010dujnog \u201ene\u201d do lavine \u2013 seksizam na Sveu\u010dili\u0161tu u Zagrebu - Agencija za elektroni\u010dke medije\",\"isPartOf\":{\"@id\":\"https:\/\/aem.hr\/#website\"},\"datePublished\":\"2022-02-10T12:22:10+00:00\",\"dateModified\":\"2022-02-10T12:22:13+00:00\",\"breadcrumb\":{\"@id\":\"https:\/\/aem.hr\/od-necujnog-ne-do-lavine-seksizam-na-sveucilistu-u-zagrebu\/#breadcrumb\"},\"inLanguage\":\"en-US\",\"potentialAction\":[{\"@type\":\"ReadAction\",\"target\":[\"https:\/\/aem.hr\/od-necujnog-ne-do-lavine-seksizam-na-sveucilistu-u-zagrebu\/\"]}]},{\"@type\":\"BreadcrumbList\",\"@id\":\"https:\/\/aem.hr\/od-necujnog-ne-do-lavine-seksizam-na-sveucilistu-u-zagrebu\/#breadcrumb\",\"itemListElement\":[{\"@type\":\"ListItem\",\"position\":1,\"name\":\"Po\u010detna stranica\",\"item\":\"https:\/\/aem.hr\/\"},{\"@type\":\"ListItem\",\"position\":2,\"name\":\"Od ne\u010dujnog \u201ene\u201d do lavine \u2013 seksizam na Sveu\u010dili\u0161tu u Zagrebu\"}]},{\"@type\":\"WebSite\",\"@id\":\"https:\/\/aem.hr\/#website\",\"url\":\"https:\/\/aem.hr\/\",\"name\":\"Agencija za elektroni\u010dke medije\",\"description\":\"\",\"potentialAction\":[{\"@type\":\"SearchAction\",\"target\":{\"@type\":\"EntryPoint\",\"urlTemplate\":\"https:\/\/aem.hr\/?s={search_term_string}\"},\"query-input\":{\"@type\":\"PropertyValueSpecification\",\"valueRequired\":true,\"valueName\":\"search_term_string\"}}],\"inLanguage\":\"en-US\"}]}<\/script>\n<!-- \/ Yoast SEO plugin. -->","yoast_head_json":{"title":"Od ne\u010dujnog \u201ene\u201d do lavine \u2013 seksizam na Sveu\u010dili\u0161tu u Zagrebu - Agencija za elektroni\u010dke medije","robots":{"index":"index","follow":"follow","max-snippet":"max-snippet:-1","max-image-preview":"max-image-preview:large","max-video-preview":"max-video-preview:-1"},"canonical":"https:\/\/aem.hr\/od-necujnog-ne-do-lavine-seksizam-na-sveucilistu-u-zagrebu\/","og_locale":"en_US","og_type":"article","og_title":"Od ne\u010dujnog \u201ene\u201d do lavine \u2013 seksizam na Sveu\u010dili\u0161tu u Zagrebu - Agencija za elektroni\u010dke medije","og_url":"https:\/\/aem.hr\/od-necujnog-ne-do-lavine-seksizam-na-sveucilistu-u-zagrebu\/","og_site_name":"Agencija za elektroni\u010dke medije","article_modified_time":"2022-02-10T12:22:13+00:00","twitter_card":"summary_large_image","twitter_misc":{"Est. reading time":"1 minute"},"schema":{"@context":"https:\/\/schema.org","@graph":[{"@type":"WebPage","@id":"https:\/\/aem.hr\/od-necujnog-ne-do-lavine-seksizam-na-sveucilistu-u-zagrebu\/","url":"https:\/\/aem.hr\/od-necujnog-ne-do-lavine-seksizam-na-sveucilistu-u-zagrebu\/","name":"Od ne\u010dujnog \u201ene\u201d do lavine \u2013 seksizam na Sveu\u010dili\u0161tu u Zagrebu - Agencija za elektroni\u010dke medije","isPartOf":{"@id":"https:\/\/aem.hr\/#website"},"datePublished":"2022-02-10T12:22:10+00:00","dateModified":"2022-02-10T12:22:13+00:00","breadcrumb":{"@id":"https:\/\/aem.hr\/od-necujnog-ne-do-lavine-seksizam-na-sveucilistu-u-zagrebu\/#breadcrumb"},"inLanguage":"en-US","potentialAction":[{"@type":"ReadAction","target":["https:\/\/aem.hr\/od-necujnog-ne-do-lavine-seksizam-na-sveucilistu-u-zagrebu\/"]}]},{"@type":"BreadcrumbList","@id":"https:\/\/aem.hr\/od-necujnog-ne-do-lavine-seksizam-na-sveucilistu-u-zagrebu\/#breadcrumb","itemListElement":[{"@type":"ListItem","position":1,"name":"Po\u010detna stranica","item":"https:\/\/aem.hr\/"},{"@type":"ListItem","position":2,"name":"Od ne\u010dujnog \u201ene\u201d do lavine \u2013 seksizam na Sveu\u010dili\u0161tu u Zagrebu"}]},{"@type":"WebSite","@id":"https:\/\/aem.hr\/#website","url":"https:\/\/aem.hr\/","name":"Agencija za elektroni\u010dke medije","description":"","potentialAction":[{"@type":"SearchAction","target":{"@type":"EntryPoint","urlTemplate":"https:\/\/aem.hr\/?s={search_term_string}"},"query-input":{"@type":"PropertyValueSpecification","valueRequired":true,"valueName":"search_term_string"}}],"inLanguage":"en-US"}]}},"coauthors":[],"author_meta":{"author_link":"https:\/\/aem.hr\/en\/blog\/author\/mkirac\/","display_name":"Matko Kirac"},"relative_dates":{"created":"Posted 4 years ago","modified":"Updated 4 years ago"},"absolute_dates":{"created":"Posted on 10. February 2022.","modified":"Updated on 10. February 2022."},"absolute_dates_time":{"created":"Posted on 10. February 2022. 13:22","modified":"Updated on 10. February 2022. 13:22"},"featured_img_caption":"","featured_img":false,"series_order":"","_links":{"self":[{"href":"https:\/\/aem.hr\/en\/wp-json\/wp\/v2\/pages\/11718","targetHints":{"allow":["GET"]}}],"collection":[{"href":"https:\/\/aem.hr\/en\/wp-json\/wp\/v2\/pages"}],"about":[{"href":"https:\/\/aem.hr\/en\/wp-json\/wp\/v2\/types\/page"}],"author":[{"embeddable":true,"href":"https:\/\/aem.hr\/en\/wp-json\/wp\/v2\/users\/18"}],"replies":[{"embeddable":true,"href":"https:\/\/aem.hr\/en\/wp-json\/wp\/v2\/comments?post=11718"}],"version-history":[{"count":1,"href":"https:\/\/aem.hr\/en\/wp-json\/wp\/v2\/pages\/11718\/revisions"}],"predecessor-version":[{"id":11732,"href":"https:\/\/aem.hr\/en\/wp-json\/wp\/v2\/pages\/11718\/revisions\/11732"}],"wp:attachment":[{"href":"https:\/\/aem.hr\/en\/wp-json\/wp\/v2\/media?parent=11718"}],"curies":[{"name":"wp","href":"https:\/\/api.w.org\/{rel}","templated":true}]}}