{"id":11748,"date":"2022-02-10T13:36:44","date_gmt":"2022-02-10T12:36:44","guid":{"rendered":"http:\/\/aem.hr\/?page_id=11748"},"modified":"2022-02-10T13:36:47","modified_gmt":"2022-02-10T12:36:47","slug":"otkrivanje-tajni-jadrana-podvodna-arheoloska-istrazivanja-i-lokaliteti","status":"publish","type":"page","link":"https:\/\/aem.hr\/en\/otkrivanje-tajni-jadrana-podvodna-arheoloska-istrazivanja-i-lokaliteti\/","title":{"rendered":"Otkrivanje tajni Jadrana, podvodna arheolo\u0161ka istra\u017eivanja i lokaliteti"},"content":{"rendered":"\n<div class=\"wp-block-file\"><a href=\"https:\/\/aem.hr\/wp-content\/uploads\/2022\/02\/1.-Zastita-podmorskog-arheoloskog.pdf\">1. Za\u0161tita podmorskog arheolo\u0161kog nalazi\u0161ta spinut<\/a><a href=\"https:\/\/aem.hr\/wp-content\/uploads\/2022\/02\/1.-Zastita-podmorskog-arheoloskog.pdf\" class=\"wp-block-file__button\" download>Preuzimanje<\/a><\/div>\n\n\n\n<div class=\"wp-block-file\"><a href=\"https:\/\/aem.hr\/wp-content\/uploads\/2022\/02\/2.-KAKO-NASTAJE-PODVODNI.pdf\">2. Kako nastaje podvodni arheolo\u0161ki lokalitet?<\/a><a href=\"https:\/\/aem.hr\/wp-content\/uploads\/2022\/02\/2.-KAKO-NASTAJE-PODVODNI.pdf\" class=\"wp-block-file__button\" download>Preuzimanje<\/a><\/div>\n\n\n\n<div class=\"wp-block-file\"><a href=\"https:\/\/aem.hr\/wp-content\/uploads\/2022\/02\/3.-KAKO-PREPOZNATI-PODVODNI.pdf\">3. Kako prepoznati podvodni arheolo\u0161ki lokalitet i \u0161to u\u010diniti kada ga prona\u0111ete?<\/a><a href=\"https:\/\/aem.hr\/wp-content\/uploads\/2022\/02\/3.-KAKO-PREPOZNATI-PODVODNI.pdf\" class=\"wp-block-file__button\" download>Preuzimanje<\/a><\/div>\n\n\n\n<div class=\"wp-block-file\"><a href=\"https:\/\/aem.hr\/wp-content\/uploads\/2022\/02\/4.-POCETAK-I-RAZVOJ.pdf\">4. Po\u010detak i razvoj podvodnih arheolo\u0161kih istra\u017eivanja u svijetu<\/a><a href=\"https:\/\/aem.hr\/wp-content\/uploads\/2022\/02\/4.-POCETAK-I-RAZVOJ.pdf\" class=\"wp-block-file__button\" download>Preuzimanje<\/a><\/div>\n\n\n\n<div class=\"wp-block-file\"><a href=\"https:\/\/aem.hr\/wp-content\/uploads\/2022\/02\/5.-POCECI-I-RAZVOJ-PODVODNE.pdf\">5. Po\u010deci i razvoj podvodne arheologije u hrvatskoj<\/a><a href=\"https:\/\/aem.hr\/wp-content\/uploads\/2022\/02\/5.-POCECI-I-RAZVOJ-PODVODNE.pdf\" class=\"wp-block-file__button\" download>Preuzimanje<\/a><\/div>\n\n\n\n<div class=\"wp-block-file\"><a href=\"https:\/\/aem.hr\/wp-content\/uploads\/2022\/02\/6.-PODVODNO-ARHEOLOSKA.pdf\">6. Podvodno arheolo\u0161ka istra\u017eivanja milostivog otoka \u0161\u0107edra<\/a><a href=\"https:\/\/aem.hr\/wp-content\/uploads\/2022\/02\/6.-PODVODNO-ARHEOLOSKA.pdf\" class=\"wp-block-file__button\" download>Preuzimanje<\/a><\/div>\n\n\n\n<p><\/p>\n","protected":false},"excerpt":{"rendered":"","protected":false},"author":18,"featured_media":0,"parent":0,"menu_order":0,"comment_status":"closed","ping_status":"closed","template":"","meta":{"_acf_changed":false,"inline_featured_image":false,"advgb_blocks_editor_width":"","advgb_blocks_columns_visual_guide":"","_links_to":"","_links_to_type":0,"footnotes":""},"class_list":["post-11748","page","type-page","status-publish","hentry"],"acf":[],"yoast_head":"<!-- This site is optimized with the Yoast SEO plugin v25.7 - https:\/\/yoast.com\/wordpress\/plugins\/seo\/ -->\n<title>Otkrivanje tajni Jadrana, podvodna arheolo\u0161ka istra\u017eivanja i lokaliteti - Agencija za elektroni\u010dke medije<\/title>\n<meta name=\"robots\" content=\"index, follow, max-snippet:-1, max-image-preview:large, max-video-preview:-1\" \/>\n<link rel=\"canonical\" href=\"https:\/\/aem.hr\/otkrivanje-tajni-jadrana-podvodna-arheoloska-istrazivanja-i-lokaliteti\/\" \/>\n<meta property=\"og:locale\" content=\"en_US\" \/>\n<meta property=\"og:type\" content=\"article\" \/>\n<meta property=\"og:title\" content=\"Otkrivanje tajni Jadrana, podvodna arheolo\u0161ka istra\u017eivanja i lokaliteti - Agencija za elektroni\u010dke medije\" \/>\n<meta property=\"og:url\" content=\"https:\/\/aem.hr\/otkrivanje-tajni-jadrana-podvodna-arheoloska-istrazivanja-i-lokaliteti\/\" \/>\n<meta property=\"og:site_name\" content=\"Agencija za elektroni\u010dke medije\" \/>\n<meta property=\"article:modified_time\" content=\"2022-02-10T12:36:47+00:00\" \/>\n<meta name=\"twitter:card\" content=\"summary_large_image\" \/>\n<meta name=\"twitter:label1\" content=\"Est. reading time\" \/>\n\t<meta name=\"twitter:data1\" content=\"1 minute\" \/>\n<script type=\"application\/ld+json\" class=\"yoast-schema-graph\">{\"@context\":\"https:\/\/schema.org\",\"@graph\":[{\"@type\":\"WebPage\",\"@id\":\"https:\/\/aem.hr\/otkrivanje-tajni-jadrana-podvodna-arheoloska-istrazivanja-i-lokaliteti\/\",\"url\":\"https:\/\/aem.hr\/otkrivanje-tajni-jadrana-podvodna-arheoloska-istrazivanja-i-lokaliteti\/\",\"name\":\"Otkrivanje tajni Jadrana, podvodna arheolo\u0161ka istra\u017eivanja i lokaliteti - Agencija za elektroni\u010dke medije\",\"isPartOf\":{\"@id\":\"https:\/\/aem.hr\/#website\"},\"datePublished\":\"2022-02-10T12:36:44+00:00\",\"dateModified\":\"2022-02-10T12:36:47+00:00\",\"breadcrumb\":{\"@id\":\"https:\/\/aem.hr\/otkrivanje-tajni-jadrana-podvodna-arheoloska-istrazivanja-i-lokaliteti\/#breadcrumb\"},\"inLanguage\":\"en-US\",\"potentialAction\":[{\"@type\":\"ReadAction\",\"target\":[\"https:\/\/aem.hr\/otkrivanje-tajni-jadrana-podvodna-arheoloska-istrazivanja-i-lokaliteti\/\"]}]},{\"@type\":\"BreadcrumbList\",\"@id\":\"https:\/\/aem.hr\/otkrivanje-tajni-jadrana-podvodna-arheoloska-istrazivanja-i-lokaliteti\/#breadcrumb\",\"itemListElement\":[{\"@type\":\"ListItem\",\"position\":1,\"name\":\"Po\u010detna stranica\",\"item\":\"https:\/\/aem.hr\/\"},{\"@type\":\"ListItem\",\"position\":2,\"name\":\"Otkrivanje tajni Jadrana, podvodna arheolo\u0161ka istra\u017eivanja i lokaliteti\"}]},{\"@type\":\"WebSite\",\"@id\":\"https:\/\/aem.hr\/#website\",\"url\":\"https:\/\/aem.hr\/\",\"name\":\"Agencija za elektroni\u010dke medije\",\"description\":\"\",\"potentialAction\":[{\"@type\":\"SearchAction\",\"target\":{\"@type\":\"EntryPoint\",\"urlTemplate\":\"https:\/\/aem.hr\/?s={search_term_string}\"},\"query-input\":{\"@type\":\"PropertyValueSpecification\",\"valueRequired\":true,\"valueName\":\"search_term_string\"}}],\"inLanguage\":\"en-US\"}]}<\/script>\n<!-- \/ Yoast SEO plugin. -->","yoast_head_json":{"title":"Otkrivanje tajni Jadrana, podvodna arheolo\u0161ka istra\u017eivanja i lokaliteti - Agencija za elektroni\u010dke medije","robots":{"index":"index","follow":"follow","max-snippet":"max-snippet:-1","max-image-preview":"max-image-preview:large","max-video-preview":"max-video-preview:-1"},"canonical":"https:\/\/aem.hr\/otkrivanje-tajni-jadrana-podvodna-arheoloska-istrazivanja-i-lokaliteti\/","og_locale":"en_US","og_type":"article","og_title":"Otkrivanje tajni Jadrana, podvodna arheolo\u0161ka istra\u017eivanja i lokaliteti - Agencija za elektroni\u010dke medije","og_url":"https:\/\/aem.hr\/otkrivanje-tajni-jadrana-podvodna-arheoloska-istrazivanja-i-lokaliteti\/","og_site_name":"Agencija za elektroni\u010dke medije","article_modified_time":"2022-02-10T12:36:47+00:00","twitter_card":"summary_large_image","twitter_misc":{"Est. reading time":"1 minute"},"schema":{"@context":"https:\/\/schema.org","@graph":[{"@type":"WebPage","@id":"https:\/\/aem.hr\/otkrivanje-tajni-jadrana-podvodna-arheoloska-istrazivanja-i-lokaliteti\/","url":"https:\/\/aem.hr\/otkrivanje-tajni-jadrana-podvodna-arheoloska-istrazivanja-i-lokaliteti\/","name":"Otkrivanje tajni Jadrana, podvodna arheolo\u0161ka istra\u017eivanja i lokaliteti - Agencija za elektroni\u010dke medije","isPartOf":{"@id":"https:\/\/aem.hr\/#website"},"datePublished":"2022-02-10T12:36:44+00:00","dateModified":"2022-02-10T12:36:47+00:00","breadcrumb":{"@id":"https:\/\/aem.hr\/otkrivanje-tajni-jadrana-podvodna-arheoloska-istrazivanja-i-lokaliteti\/#breadcrumb"},"inLanguage":"en-US","potentialAction":[{"@type":"ReadAction","target":["https:\/\/aem.hr\/otkrivanje-tajni-jadrana-podvodna-arheoloska-istrazivanja-i-lokaliteti\/"]}]},{"@type":"BreadcrumbList","@id":"https:\/\/aem.hr\/otkrivanje-tajni-jadrana-podvodna-arheoloska-istrazivanja-i-lokaliteti\/#breadcrumb","itemListElement":[{"@type":"ListItem","position":1,"name":"Po\u010detna stranica","item":"https:\/\/aem.hr\/"},{"@type":"ListItem","position":2,"name":"Otkrivanje tajni Jadrana, podvodna arheolo\u0161ka istra\u017eivanja i lokaliteti"}]},{"@type":"WebSite","@id":"https:\/\/aem.hr\/#website","url":"https:\/\/aem.hr\/","name":"Agencija za elektroni\u010dke medije","description":"","potentialAction":[{"@type":"SearchAction","target":{"@type":"EntryPoint","urlTemplate":"https:\/\/aem.hr\/?s={search_term_string}"},"query-input":{"@type":"PropertyValueSpecification","valueRequired":true,"valueName":"search_term_string"}}],"inLanguage":"en-US"}]}},"coauthors":[],"author_meta":{"author_link":"https:\/\/aem.hr\/en\/blog\/author\/mkirac\/","display_name":"Matko Kirac"},"relative_dates":{"created":"Posted 4 years ago","modified":"Updated 4 years ago"},"absolute_dates":{"created":"Posted on 10. February 2022.","modified":"Updated on 10. February 2022."},"absolute_dates_time":{"created":"Posted on 10. February 2022. 13:36","modified":"Updated on 10. February 2022. 13:36"},"featured_img_caption":"","featured_img":false,"series_order":"","_links":{"self":[{"href":"https:\/\/aem.hr\/en\/wp-json\/wp\/v2\/pages\/11748","targetHints":{"allow":["GET"]}}],"collection":[{"href":"https:\/\/aem.hr\/en\/wp-json\/wp\/v2\/pages"}],"about":[{"href":"https:\/\/aem.hr\/en\/wp-json\/wp\/v2\/types\/page"}],"author":[{"embeddable":true,"href":"https:\/\/aem.hr\/en\/wp-json\/wp\/v2\/users\/18"}],"replies":[{"embeddable":true,"href":"https:\/\/aem.hr\/en\/wp-json\/wp\/v2\/comments?post=11748"}],"version-history":[{"count":1,"href":"https:\/\/aem.hr\/en\/wp-json\/wp\/v2\/pages\/11748\/revisions"}],"predecessor-version":[{"id":11761,"href":"https:\/\/aem.hr\/en\/wp-json\/wp\/v2\/pages\/11748\/revisions\/11761"}],"wp:attachment":[{"href":"https:\/\/aem.hr\/en\/wp-json\/wp\/v2\/media?parent=11748"}],"curies":[{"name":"wp","href":"https:\/\/api.w.org\/{rel}","templated":true}]}}