{"id":11764,"date":"2022-02-10T13:44:15","date_gmt":"2022-02-10T12:44:15","guid":{"rendered":"http:\/\/aem.hr\/?page_id=11764"},"modified":"2022-08-25T12:56:08","modified_gmt":"2022-08-25T10:56:08","slug":"seksualno-obrazovanje-desetljeca-borbe-za-znanje-o-temeljnim-cinjenicama","status":"publish","type":"page","link":"https:\/\/aem.hr\/en\/seksualno-obrazovanje-desetljeca-borbe-za-znanje-o-temeljnim-cinjenicama\/","title":{"rendered":"SEKSUALNO OBRAZOVANJE: Desetlje\u0107a borbe za znanje o temeljnim \u010dinjenicama"},"content":{"rendered":"\n<div class=\"wp-block-file\"><a id=\"wp-block-file--media-f722bfb6-f4c3-4920-ae3a-e54e7a62b9c0\" href=\"https:\/\/aem.hr\/wp-content\/uploads\/2022\/02\/1.-Indija-je-bila-prva-zemlja.pdf\">1. SEKSUALNO OBRAZOVANJE: Indija je bila prva zemlja svijeta koja je planiranje obitelji uvela jo\u0161 1952.<\/a><a href=\"https:\/\/aem.hr\/wp-content\/uploads\/2022\/02\/1.-Indija-je-bila-prva-zemlja.pdf\" class=\"wp-block-file__button\" download aria-describedby=\"wp-block-file--media-f722bfb6-f4c3-4920-ae3a-e54e7a62b9c0\">Preuzimanje<\/a><\/div>\n\n\n\n<div class=\"wp-block-file\"><a id=\"wp-block-file--media-94be0735-3b4c-438b-ac54-b7316c24b6ee\" href=\"https:\/\/aem.hr\/wp-content\/uploads\/2022\/02\/2.-Desetljeca-borbe.pdf\">2. SEKSUALNO OBRAZOVANJE: Desetlje\u0107a borbe za znanje o temeljnim \u010dinjenicama<\/a><a href=\"https:\/\/aem.hr\/wp-content\/uploads\/2022\/02\/2.-Desetljeca-borbe.pdf\" class=\"wp-block-file__button\" download aria-describedby=\"wp-block-file--media-94be0735-3b4c-438b-ac54-b7316c24b6ee\">Preuzimanje<\/a><\/div>\n\n\n\n<div class=\"wp-block-file\"><a id=\"wp-block-file--media-0621a369-ce8e-4ee8-87fe-ff177ccaa5a6\" href=\"https:\/\/aem.hr\/wp-content\/uploads\/2022\/02\/3.-Nasilje-rizicna-ponasanja.pdf\">3. SEKSUALNO OBRAZOVANJE -Nasilje, rizi\u010dna pona\u0161anja i zarazne bolesti rezultat su neznanja i plodno su tlo seksizmu i mizoginiji<\/a><a href=\"https:\/\/aem.hr\/wp-content\/uploads\/2022\/02\/3.-Nasilje-rizicna-ponasanja.pdf\" class=\"wp-block-file__button\" download aria-describedby=\"wp-block-file--media-0621a369-ce8e-4ee8-87fe-ff177ccaa5a6\">Preuzimanje<\/a><\/div>\n\n\n\n<div class=\"wp-block-file\"><a id=\"wp-block-file--media-69c76495-5dbe-493b-b1c2-3387db26c88d\" href=\"https:\/\/aem.hr\/wp-content\/uploads\/2022\/02\/4.-Nizozemci-uce-o-seksualnosti.pdf\">4. SEKSUALNO OBRAZOVANJE &#8211; Nizozemci u\u010de o seksualnosti jo\u0161 od vrti\u0107a, a prvi seks imaju iznad 18emci-uce-o-seksualnosti<\/a><a href=\"https:\/\/aem.hr\/wp-content\/uploads\/2022\/02\/4.-Nizozemci-uce-o-seksualnosti.pdf\" class=\"wp-block-file__button\" download aria-describedby=\"wp-block-file--media-69c76495-5dbe-493b-b1c2-3387db26c88d\">Preuzimanje<\/a><\/div>\n\n\n\n<div class=\"wp-block-file\"><a id=\"wp-block-file--media-8b4aba74-af71-45d0-82d8-dc7a59b45aee\" href=\"https:\/\/aem.hr\/wp-content\/uploads\/2022\/02\/5.-Kako-je-Estonija-VAN-ROKA.pdf\">5. SEKSUALNO OBRAZOVANJE: Kako je Estonija u 10 godina srezala spolne bolesti i maloljetni\u010dke trudno\u0107e<\/a><a href=\"https:\/\/aem.hr\/wp-content\/uploads\/2022\/02\/5.-Kako-je-Estonija-VAN-ROKA.pdf\" class=\"wp-block-file__button\" download aria-describedby=\"wp-block-file--media-8b4aba74-af71-45d0-82d8-dc7a59b45aee\">Preuzimanje<\/a><\/div>\n\n\n\n<div class=\"wp-block-file\"><a id=\"wp-block-file--media-775ec2a4-3224-459b-a9a6-8e14fa10dd03\" href=\"https:\/\/aem.hr\/wp-content\/uploads\/2022\/02\/6.-Zasto-Romi-traze-VAN-ROKA.pdf\">6. SEKSUALNO OBRAZOVANJE: Za\u0161to Romi tra\u017ee njegovo uvo\u0111enje u \u0161kole<\/a><a href=\"https:\/\/aem.hr\/wp-content\/uploads\/2022\/02\/6.-Zasto-Romi-traze-VAN-ROKA.pdf\" class=\"wp-block-file__button\" download aria-describedby=\"wp-block-file--media-775ec2a4-3224-459b-a9a6-8e14fa10dd03\">Preuzimanje<\/a><\/div>\n\n\n\n<div class=\"wp-block-file\"><a id=\"wp-block-file--media-517ee72b-63cd-4d4c-bf09-124fa56647a4\" href=\"https:\/\/aem.hr\/wp-content\/uploads\/2022\/02\/7.-Seks-pozitivno-VAN-ROKA.pdf\">7. SEKSUALNO OBRAZOVANJE: Seks pozitivno roditeljstvo &#8211; izazov je \u017eivjeti po njegovim pravilima<\/a><a href=\"https:\/\/aem.hr\/wp-content\/uploads\/2022\/02\/7.-Seks-pozitivno-VAN-ROKA.pdf\" class=\"wp-block-file__button\" download aria-describedby=\"wp-block-file--media-517ee72b-63cd-4d4c-bf09-124fa56647a4\">Preuzimanje<\/a><\/div>\n\n\n\n<p><\/p>\n","protected":false},"excerpt":{"rendered":"","protected":false},"author":18,"featured_media":0,"parent":0,"menu_order":0,"comment_status":"closed","ping_status":"closed","template":"","meta":{"_acf_changed":false,"inline_featured_image":false,"advgb_blocks_editor_width":"","advgb_blocks_columns_visual_guide":"","_links_to":"","_links_to_type":0,"footnotes":""},"class_list":["post-11764","page","type-page","status-publish","hentry"],"acf":[],"yoast_head":"<!-- This site is optimized with the Yoast SEO plugin v25.7 - https:\/\/yoast.com\/wordpress\/plugins\/seo\/ -->\n<title>SEKSUALNO OBRAZOVANJE: Desetlje\u0107a borbe za znanje o temeljnim \u010dinjenicama - Agencija za elektroni\u010dke medije<\/title>\n<meta name=\"robots\" content=\"index, follow, max-snippet:-1, max-image-preview:large, max-video-preview:-1\" \/>\n<link rel=\"canonical\" href=\"https:\/\/aem.hr\/seksualno-obrazovanje-desetljeca-borbe-za-znanje-o-temeljnim-cinjenicama\/\" \/>\n<meta property=\"og:locale\" content=\"en_US\" \/>\n<meta property=\"og:type\" content=\"article\" \/>\n<meta property=\"og:title\" content=\"SEKSUALNO OBRAZOVANJE: Desetlje\u0107a borbe za znanje o temeljnim \u010dinjenicama - Agencija za elektroni\u010dke medije\" \/>\n<meta property=\"og:url\" content=\"https:\/\/aem.hr\/seksualno-obrazovanje-desetljeca-borbe-za-znanje-o-temeljnim-cinjenicama\/\" \/>\n<meta property=\"og:site_name\" content=\"Agencija za elektroni\u010dke medije\" \/>\n<meta property=\"article:modified_time\" content=\"2022-08-25T10:56:08+00:00\" \/>\n<meta name=\"twitter:card\" content=\"summary_large_image\" \/>\n<meta name=\"twitter:label1\" content=\"Est. reading time\" \/>\n\t<meta name=\"twitter:data1\" content=\"1 minute\" \/>\n<script type=\"application\/ld+json\" class=\"yoast-schema-graph\">{\"@context\":\"https:\/\/schema.org\",\"@graph\":[{\"@type\":\"WebPage\",\"@id\":\"https:\/\/aem.hr\/seksualno-obrazovanje-desetljeca-borbe-za-znanje-o-temeljnim-cinjenicama\/\",\"url\":\"https:\/\/aem.hr\/seksualno-obrazovanje-desetljeca-borbe-za-znanje-o-temeljnim-cinjenicama\/\",\"name\":\"SEKSUALNO OBRAZOVANJE: Desetlje\u0107a borbe za znanje o temeljnim \u010dinjenicama - Agencija za elektroni\u010dke medije\",\"isPartOf\":{\"@id\":\"https:\/\/aem.hr\/#website\"},\"datePublished\":\"2022-02-10T12:44:15+00:00\",\"dateModified\":\"2022-08-25T10:56:08+00:00\",\"breadcrumb\":{\"@id\":\"https:\/\/aem.hr\/seksualno-obrazovanje-desetljeca-borbe-za-znanje-o-temeljnim-cinjenicama\/#breadcrumb\"},\"inLanguage\":\"en-US\",\"potentialAction\":[{\"@type\":\"ReadAction\",\"target\":[\"https:\/\/aem.hr\/seksualno-obrazovanje-desetljeca-borbe-za-znanje-o-temeljnim-cinjenicama\/\"]}]},{\"@type\":\"BreadcrumbList\",\"@id\":\"https:\/\/aem.hr\/seksualno-obrazovanje-desetljeca-borbe-za-znanje-o-temeljnim-cinjenicama\/#breadcrumb\",\"itemListElement\":[{\"@type\":\"ListItem\",\"position\":1,\"name\":\"Po\u010detna stranica\",\"item\":\"https:\/\/aem.hr\/\"},{\"@type\":\"ListItem\",\"position\":2,\"name\":\"SEKSUALNO OBRAZOVANJE: Desetlje\u0107a borbe za znanje o temeljnim \u010dinjenicama\"}]},{\"@type\":\"WebSite\",\"@id\":\"https:\/\/aem.hr\/#website\",\"url\":\"https:\/\/aem.hr\/\",\"name\":\"Agencija za elektroni\u010dke medije\",\"description\":\"\",\"potentialAction\":[{\"@type\":\"SearchAction\",\"target\":{\"@type\":\"EntryPoint\",\"urlTemplate\":\"https:\/\/aem.hr\/?s={search_term_string}\"},\"query-input\":{\"@type\":\"PropertyValueSpecification\",\"valueRequired\":true,\"valueName\":\"search_term_string\"}}],\"inLanguage\":\"en-US\"}]}<\/script>\n<!-- \/ Yoast SEO plugin. -->","yoast_head_json":{"title":"SEKSUALNO OBRAZOVANJE: Desetlje\u0107a borbe za znanje o temeljnim \u010dinjenicama - Agencija za elektroni\u010dke medije","robots":{"index":"index","follow":"follow","max-snippet":"max-snippet:-1","max-image-preview":"max-image-preview:large","max-video-preview":"max-video-preview:-1"},"canonical":"https:\/\/aem.hr\/seksualno-obrazovanje-desetljeca-borbe-za-znanje-o-temeljnim-cinjenicama\/","og_locale":"en_US","og_type":"article","og_title":"SEKSUALNO OBRAZOVANJE: Desetlje\u0107a borbe za znanje o temeljnim \u010dinjenicama - Agencija za elektroni\u010dke medije","og_url":"https:\/\/aem.hr\/seksualno-obrazovanje-desetljeca-borbe-za-znanje-o-temeljnim-cinjenicama\/","og_site_name":"Agencija za elektroni\u010dke medije","article_modified_time":"2022-08-25T10:56:08+00:00","twitter_card":"summary_large_image","twitter_misc":{"Est. reading time":"1 minute"},"schema":{"@context":"https:\/\/schema.org","@graph":[{"@type":"WebPage","@id":"https:\/\/aem.hr\/seksualno-obrazovanje-desetljeca-borbe-za-znanje-o-temeljnim-cinjenicama\/","url":"https:\/\/aem.hr\/seksualno-obrazovanje-desetljeca-borbe-za-znanje-o-temeljnim-cinjenicama\/","name":"SEKSUALNO OBRAZOVANJE: Desetlje\u0107a borbe za znanje o temeljnim \u010dinjenicama - Agencija za elektroni\u010dke medije","isPartOf":{"@id":"https:\/\/aem.hr\/#website"},"datePublished":"2022-02-10T12:44:15+00:00","dateModified":"2022-08-25T10:56:08+00:00","breadcrumb":{"@id":"https:\/\/aem.hr\/seksualno-obrazovanje-desetljeca-borbe-za-znanje-o-temeljnim-cinjenicama\/#breadcrumb"},"inLanguage":"en-US","potentialAction":[{"@type":"ReadAction","target":["https:\/\/aem.hr\/seksualno-obrazovanje-desetljeca-borbe-za-znanje-o-temeljnim-cinjenicama\/"]}]},{"@type":"BreadcrumbList","@id":"https:\/\/aem.hr\/seksualno-obrazovanje-desetljeca-borbe-za-znanje-o-temeljnim-cinjenicama\/#breadcrumb","itemListElement":[{"@type":"ListItem","position":1,"name":"Po\u010detna stranica","item":"https:\/\/aem.hr\/"},{"@type":"ListItem","position":2,"name":"SEKSUALNO OBRAZOVANJE: Desetlje\u0107a borbe za znanje o temeljnim \u010dinjenicama"}]},{"@type":"WebSite","@id":"https:\/\/aem.hr\/#website","url":"https:\/\/aem.hr\/","name":"Agencija za elektroni\u010dke medije","description":"","potentialAction":[{"@type":"SearchAction","target":{"@type":"EntryPoint","urlTemplate":"https:\/\/aem.hr\/?s={search_term_string}"},"query-input":{"@type":"PropertyValueSpecification","valueRequired":true,"valueName":"search_term_string"}}],"inLanguage":"en-US"}]}},"coauthors":[],"author_meta":{"author_link":"https:\/\/aem.hr\/en\/blog\/author\/mkirac\/","display_name":"Matko Kirac"},"relative_dates":{"created":"Posted 4 years ago","modified":"Updated 4 years ago"},"absolute_dates":{"created":"Posted on 10. February 2022.","modified":"Updated on 25. August 2022."},"absolute_dates_time":{"created":"Posted on 10. February 2022. 13:44","modified":"Updated on 25. August 2022. 12:56"},"featured_img_caption":"","featured_img":false,"series_order":"","_links":{"self":[{"href":"https:\/\/aem.hr\/en\/wp-json\/wp\/v2\/pages\/11764","targetHints":{"allow":["GET"]}}],"collection":[{"href":"https:\/\/aem.hr\/en\/wp-json\/wp\/v2\/pages"}],"about":[{"href":"https:\/\/aem.hr\/en\/wp-json\/wp\/v2\/types\/page"}],"author":[{"embeddable":true,"href":"https:\/\/aem.hr\/en\/wp-json\/wp\/v2\/users\/18"}],"replies":[{"embeddable":true,"href":"https:\/\/aem.hr\/en\/wp-json\/wp\/v2\/comments?post=11764"}],"version-history":[{"count":4,"href":"https:\/\/aem.hr\/en\/wp-json\/wp\/v2\/pages\/11764\/revisions"}],"predecessor-version":[{"id":12926,"href":"https:\/\/aem.hr\/en\/wp-json\/wp\/v2\/pages\/11764\/revisions\/12926"}],"wp:attachment":[{"href":"https:\/\/aem.hr\/en\/wp-json\/wp\/v2\/media?parent=11764"}],"curies":[{"name":"wp","href":"https:\/\/api.w.org\/{rel}","templated":true}]}}