{"id":11779,"date":"2022-02-10T13:52:02","date_gmt":"2022-02-10T12:52:02","guid":{"rendered":"http:\/\/aem.hr\/?page_id=11779"},"modified":"2022-02-10T13:52:06","modified_gmt":"2022-02-10T12:52:06","slug":"odrzivost-poljoprivredne-proizvodnje-obnova-i-uvjeti-zivota-u-ruralnom-dijelu-potresom-pogodenog-podrucja-sisacko-moslavacke-zupanije","status":"publish","type":"page","link":"https:\/\/aem.hr\/en\/odrzivost-poljoprivredne-proizvodnje-obnova-i-uvjeti-zivota-u-ruralnom-dijelu-potresom-pogodenog-podrucja-sisacko-moslavacke-zupanije\/","title":{"rendered":"Odr\u017eivost poljoprivredne proizvodnje, obnova i uvjeti \u017eivota u ruralnom dijelu potresom pogo\u0111enog podru\u010dja Sisa\u010dko-moslava\u010dke \u017eupanije"},"content":{"rendered":"\n<div class=\"wp-block-file\"><a href=\"https:\/\/aem.hr\/wp-content\/uploads\/2022\/02\/1.-Ekstremne-prirodne.pdf\">1. Ekstremne prirodne nepogode, pandemija i &#8211; potres<\/a><a href=\"https:\/\/aem.hr\/wp-content\/uploads\/2022\/02\/1.-Ekstremne-prirodne.pdf\" class=\"wp-block-file__button\" download>Preuzimanje<\/a><\/div>\n\n\n\n<div class=\"wp-block-file\"><a href=\"https:\/\/aem.hr\/wp-content\/uploads\/2022\/02\/2.-Stjepan-Tonkovic.pdf\">2. Stjepan Tonkovi\u0107: Dok sam na tr\u017enici sa svojim jabukama, prekupaca nema<\/a><a href=\"https:\/\/aem.hr\/wp-content\/uploads\/2022\/02\/2.-Stjepan-Tonkovic.pdf\" class=\"wp-block-file__button\" download>Preuzimanje<\/a><\/div>\n\n\n\n<div class=\"wp-block-file\"><a href=\"https:\/\/aem.hr\/wp-content\/uploads\/2022\/02\/3.-Stojan-Priljeva.pdf\">3. Stojan Priljeva: Nitko nas ne po\u0161tuje, ne dr\u017ei do proizvo\u0111a\u010da jer su pre\u010di oni \u0161to preprodaju<\/a><a href=\"https:\/\/aem.hr\/wp-content\/uploads\/2022\/02\/3.-Stojan-Priljeva.pdf\" class=\"wp-block-file__button\" download>Preuzimanje<\/a><\/div>\n\n\n\n<div class=\"wp-block-file\"><a href=\"https:\/\/aem.hr\/wp-content\/uploads\/2022\/02\/4.-Kazu-ako-nije.pdf\">4. Ka\u017eu ako nije nacionalna staklenka &#8211; nije hrvatski med, a ta uniformiranost ubija kreaciju<\/a><a href=\"https:\/\/aem.hr\/wp-content\/uploads\/2022\/02\/4.-Kazu-ako-nije.pdf\" class=\"wp-block-file__button\" download>Preuzimanje<\/a><\/div>\n\n\n\n<div class=\"wp-block-file\"><a href=\"https:\/\/aem.hr\/wp-content\/uploads\/2022\/02\/5.-Vatra-im-uzela.pdf\">5. Vatra im uzela gotovo sve, ali ne odustaju &#8211; uz ovce na farmi \u017eivjet \u0107e magarci i konji<\/a><a href=\"https:\/\/aem.hr\/wp-content\/uploads\/2022\/02\/5.-Vatra-im-uzela.pdf\" class=\"wp-block-file__button\" download>Preuzimanje<\/a><\/div>\n\n\n\n<div class=\"wp-block-file\"><a href=\"https:\/\/aem.hr\/wp-content\/uploads\/2022\/02\/6.-Kostajnicka-pletenica.pdf\">6. Kostajni\u010dka pletenica &#8211; uspjeh OPG-a Lenac za kojeg je kriv pomalo zaboravljeni bo\u017ei\u0107ni obi\u010daj<\/a><a href=\"https:\/\/aem.hr\/wp-content\/uploads\/2022\/02\/6.-Kostajnicka-pletenica.pdf\" class=\"wp-block-file__button\" download>Preuzimanje<\/a><\/div>\n\n\n\n<div class=\"wp-block-file\"><a href=\"https:\/\/aem.hr\/wp-content\/uploads\/2022\/02\/7.-Milan-Radic-vise.pdf\">7. Milan Radi\u0107 vi\u0161e i ne broji koliko je puta imao posla s razbojnicima &#8211; prebili su mu i bika i tele<\/a><a href=\"https:\/\/aem.hr\/wp-content\/uploads\/2022\/02\/7.-Milan-Radic-vise.pdf\" class=\"wp-block-file__button\" download>Preuzimanje<\/a><\/div>\n\n\n\n<div class=\"wp-block-file\"><a href=\"https:\/\/aem.hr\/wp-content\/uploads\/2022\/02\/8.-Godina-je-dana.pdf\">8. Godina je dana od prvog potresa, kako smo pomagali poljoprivrednicima na Banovini?<\/a><a href=\"https:\/\/aem.hr\/wp-content\/uploads\/2022\/02\/8.-Godina-je-dana.pdf\" class=\"wp-block-file__button\" download>Preuzimanje<\/a><\/div>\n\n\n\n<div class=\"wp-block-file\"><a href=\"https:\/\/aem.hr\/wp-content\/uploads\/2022\/02\/9.-Majdak-Brojke.pdf\">9. Majdak: Brojke na Banovini ohrabruju, sto\u010dni fond raste, za\u017eivjet \u0107e i peradarska proizvodnja<\/a><a href=\"https:\/\/aem.hr\/wp-content\/uploads\/2022\/02\/9.-Majdak-Brojke.pdf\" class=\"wp-block-file__button\" download>Preuzimanje<\/a><\/div>\n\n\n\n<div class=\"wp-block-file\"><a href=\"https:\/\/aem.hr\/wp-content\/uploads\/2022\/02\/10.-Poruka-s-glinske.pdf\">10. Poruka s glinske tr\u017enice: Za\u0161ti\u0107eni su \u010dagalj, vuk, lisica i jastreb, a tko nas \u0161titi?<\/a><a href=\"https:\/\/aem.hr\/wp-content\/uploads\/2022\/02\/10.-Poruka-s-glinske.pdf\" class=\"wp-block-file__button\" download>Preuzimanje<\/a><\/div>\n\n\n\n<p><\/p>\n","protected":false},"excerpt":{"rendered":"","protected":false},"author":18,"featured_media":0,"parent":0,"menu_order":0,"comment_status":"closed","ping_status":"closed","template":"","meta":{"_acf_changed":false,"inline_featured_image":false,"advgb_blocks_editor_width":"","advgb_blocks_columns_visual_guide":"","_links_to":"","_links_to_type":0,"footnotes":""},"class_list":["post-11779","page","type-page","status-publish","hentry"],"acf":[],"yoast_head":"<!-- This site is optimized with the Yoast SEO plugin v25.7 - https:\/\/yoast.com\/wordpress\/plugins\/seo\/ -->\n<title>Odr\u017eivost poljoprivredne proizvodnje, obnova i uvjeti \u017eivota u ruralnom dijelu potresom pogo\u0111enog podru\u010dja Sisa\u010dko-moslava\u010dke \u017eupanije - Agencija za elektroni\u010dke medije<\/title>\n<meta name=\"robots\" content=\"index, follow, max-snippet:-1, max-image-preview:large, max-video-preview:-1\" \/>\n<link rel=\"canonical\" href=\"https:\/\/aem.hr\/odrzivost-poljoprivredne-proizvodnje-obnova-i-uvjeti-zivota-u-ruralnom-dijelu-potresom-pogodenog-podrucja-sisacko-moslavacke-zupanije\/\" \/>\n<meta property=\"og:locale\" content=\"en_US\" \/>\n<meta property=\"og:type\" content=\"article\" \/>\n<meta property=\"og:title\" content=\"Odr\u017eivost poljoprivredne proizvodnje, obnova i uvjeti \u017eivota u ruralnom dijelu potresom pogo\u0111enog podru\u010dja Sisa\u010dko-moslava\u010dke \u017eupanije - Agencija za elektroni\u010dke medije\" \/>\n<meta property=\"og:url\" content=\"https:\/\/aem.hr\/odrzivost-poljoprivredne-proizvodnje-obnova-i-uvjeti-zivota-u-ruralnom-dijelu-potresom-pogodenog-podrucja-sisacko-moslavacke-zupanije\/\" \/>\n<meta property=\"og:site_name\" content=\"Agencija za elektroni\u010dke medije\" \/>\n<meta property=\"article:modified_time\" content=\"2022-02-10T12:52:06+00:00\" \/>\n<meta name=\"twitter:card\" content=\"summary_large_image\" \/>\n<meta name=\"twitter:label1\" content=\"Est. reading time\" \/>\n\t<meta name=\"twitter:data1\" content=\"1 minute\" \/>\n<script type=\"application\/ld+json\" class=\"yoast-schema-graph\">{\"@context\":\"https:\/\/schema.org\",\"@graph\":[{\"@type\":\"WebPage\",\"@id\":\"https:\/\/aem.hr\/odrzivost-poljoprivredne-proizvodnje-obnova-i-uvjeti-zivota-u-ruralnom-dijelu-potresom-pogodenog-podrucja-sisacko-moslavacke-zupanije\/\",\"url\":\"https:\/\/aem.hr\/odrzivost-poljoprivredne-proizvodnje-obnova-i-uvjeti-zivota-u-ruralnom-dijelu-potresom-pogodenog-podrucja-sisacko-moslavacke-zupanije\/\",\"name\":\"Odr\u017eivost poljoprivredne proizvodnje, obnova i uvjeti \u017eivota u ruralnom dijelu potresom pogo\u0111enog podru\u010dja Sisa\u010dko-moslava\u010dke \u017eupanije - Agencija za elektroni\u010dke medije\",\"isPartOf\":{\"@id\":\"https:\/\/aem.hr\/#website\"},\"datePublished\":\"2022-02-10T12:52:02+00:00\",\"dateModified\":\"2022-02-10T12:52:06+00:00\",\"breadcrumb\":{\"@id\":\"https:\/\/aem.hr\/odrzivost-poljoprivredne-proizvodnje-obnova-i-uvjeti-zivota-u-ruralnom-dijelu-potresom-pogodenog-podrucja-sisacko-moslavacke-zupanije\/#breadcrumb\"},\"inLanguage\":\"en-US\",\"potentialAction\":[{\"@type\":\"ReadAction\",\"target\":[\"https:\/\/aem.hr\/odrzivost-poljoprivredne-proizvodnje-obnova-i-uvjeti-zivota-u-ruralnom-dijelu-potresom-pogodenog-podrucja-sisacko-moslavacke-zupanije\/\"]}]},{\"@type\":\"BreadcrumbList\",\"@id\":\"https:\/\/aem.hr\/odrzivost-poljoprivredne-proizvodnje-obnova-i-uvjeti-zivota-u-ruralnom-dijelu-potresom-pogodenog-podrucja-sisacko-moslavacke-zupanije\/#breadcrumb\",\"itemListElement\":[{\"@type\":\"ListItem\",\"position\":1,\"name\":\"Po\u010detna stranica\",\"item\":\"https:\/\/aem.hr\/\"},{\"@type\":\"ListItem\",\"position\":2,\"name\":\"Odr\u017eivost poljoprivredne proizvodnje, obnova i uvjeti \u017eivota u ruralnom dijelu potresom pogo\u0111enog podru\u010dja Sisa\u010dko-moslava\u010dke \u017eupanije\"}]},{\"@type\":\"WebSite\",\"@id\":\"https:\/\/aem.hr\/#website\",\"url\":\"https:\/\/aem.hr\/\",\"name\":\"Agencija za elektroni\u010dke medije\",\"description\":\"\",\"potentialAction\":[{\"@type\":\"SearchAction\",\"target\":{\"@type\":\"EntryPoint\",\"urlTemplate\":\"https:\/\/aem.hr\/?s={search_term_string}\"},\"query-input\":{\"@type\":\"PropertyValueSpecification\",\"valueRequired\":true,\"valueName\":\"search_term_string\"}}],\"inLanguage\":\"en-US\"}]}<\/script>\n<!-- \/ Yoast SEO plugin. -->","yoast_head_json":{"title":"Odr\u017eivost poljoprivredne proizvodnje, obnova i uvjeti \u017eivota u ruralnom dijelu potresom pogo\u0111enog podru\u010dja Sisa\u010dko-moslava\u010dke \u017eupanije - Agencija za elektroni\u010dke medije","robots":{"index":"index","follow":"follow","max-snippet":"max-snippet:-1","max-image-preview":"max-image-preview:large","max-video-preview":"max-video-preview:-1"},"canonical":"https:\/\/aem.hr\/odrzivost-poljoprivredne-proizvodnje-obnova-i-uvjeti-zivota-u-ruralnom-dijelu-potresom-pogodenog-podrucja-sisacko-moslavacke-zupanije\/","og_locale":"en_US","og_type":"article","og_title":"Odr\u017eivost poljoprivredne proizvodnje, obnova i uvjeti \u017eivota u ruralnom dijelu potresom pogo\u0111enog podru\u010dja Sisa\u010dko-moslava\u010dke \u017eupanije - Agencija za elektroni\u010dke medije","og_url":"https:\/\/aem.hr\/odrzivost-poljoprivredne-proizvodnje-obnova-i-uvjeti-zivota-u-ruralnom-dijelu-potresom-pogodenog-podrucja-sisacko-moslavacke-zupanije\/","og_site_name":"Agencija za elektroni\u010dke medije","article_modified_time":"2022-02-10T12:52:06+00:00","twitter_card":"summary_large_image","twitter_misc":{"Est. reading time":"1 minute"},"schema":{"@context":"https:\/\/schema.org","@graph":[{"@type":"WebPage","@id":"https:\/\/aem.hr\/odrzivost-poljoprivredne-proizvodnje-obnova-i-uvjeti-zivota-u-ruralnom-dijelu-potresom-pogodenog-podrucja-sisacko-moslavacke-zupanije\/","url":"https:\/\/aem.hr\/odrzivost-poljoprivredne-proizvodnje-obnova-i-uvjeti-zivota-u-ruralnom-dijelu-potresom-pogodenog-podrucja-sisacko-moslavacke-zupanije\/","name":"Odr\u017eivost poljoprivredne proizvodnje, obnova i uvjeti \u017eivota u ruralnom dijelu potresom pogo\u0111enog podru\u010dja Sisa\u010dko-moslava\u010dke \u017eupanije - Agencija za elektroni\u010dke medije","isPartOf":{"@id":"https:\/\/aem.hr\/#website"},"datePublished":"2022-02-10T12:52:02+00:00","dateModified":"2022-02-10T12:52:06+00:00","breadcrumb":{"@id":"https:\/\/aem.hr\/odrzivost-poljoprivredne-proizvodnje-obnova-i-uvjeti-zivota-u-ruralnom-dijelu-potresom-pogodenog-podrucja-sisacko-moslavacke-zupanije\/#breadcrumb"},"inLanguage":"en-US","potentialAction":[{"@type":"ReadAction","target":["https:\/\/aem.hr\/odrzivost-poljoprivredne-proizvodnje-obnova-i-uvjeti-zivota-u-ruralnom-dijelu-potresom-pogodenog-podrucja-sisacko-moslavacke-zupanije\/"]}]},{"@type":"BreadcrumbList","@id":"https:\/\/aem.hr\/odrzivost-poljoprivredne-proizvodnje-obnova-i-uvjeti-zivota-u-ruralnom-dijelu-potresom-pogodenog-podrucja-sisacko-moslavacke-zupanije\/#breadcrumb","itemListElement":[{"@type":"ListItem","position":1,"name":"Po\u010detna stranica","item":"https:\/\/aem.hr\/"},{"@type":"ListItem","position":2,"name":"Odr\u017eivost poljoprivredne proizvodnje, obnova i uvjeti \u017eivota u ruralnom dijelu potresom pogo\u0111enog podru\u010dja Sisa\u010dko-moslava\u010dke \u017eupanije"}]},{"@type":"WebSite","@id":"https:\/\/aem.hr\/#website","url":"https:\/\/aem.hr\/","name":"Agencija za elektroni\u010dke medije","description":"","potentialAction":[{"@type":"SearchAction","target":{"@type":"EntryPoint","urlTemplate":"https:\/\/aem.hr\/?s={search_term_string}"},"query-input":{"@type":"PropertyValueSpecification","valueRequired":true,"valueName":"search_term_string"}}],"inLanguage":"en-US"}]}},"coauthors":[],"author_meta":{"author_link":"https:\/\/aem.hr\/en\/blog\/author\/mkirac\/","display_name":"Matko Kirac"},"relative_dates":{"created":"Posted 4 years ago","modified":"Updated 4 years ago"},"absolute_dates":{"created":"Posted on 10. February 2022.","modified":"Updated on 10. February 2022."},"absolute_dates_time":{"created":"Posted on 10. February 2022. 13:52","modified":"Updated on 10. February 2022. 13:52"},"featured_img_caption":"","featured_img":false,"series_order":"","_links":{"self":[{"href":"https:\/\/aem.hr\/en\/wp-json\/wp\/v2\/pages\/11779","targetHints":{"allow":["GET"]}}],"collection":[{"href":"https:\/\/aem.hr\/en\/wp-json\/wp\/v2\/pages"}],"about":[{"href":"https:\/\/aem.hr\/en\/wp-json\/wp\/v2\/types\/page"}],"author":[{"embeddable":true,"href":"https:\/\/aem.hr\/en\/wp-json\/wp\/v2\/users\/18"}],"replies":[{"embeddable":true,"href":"https:\/\/aem.hr\/en\/wp-json\/wp\/v2\/comments?post=11779"}],"version-history":[{"count":1,"href":"https:\/\/aem.hr\/en\/wp-json\/wp\/v2\/pages\/11779\/revisions"}],"predecessor-version":[{"id":11800,"href":"https:\/\/aem.hr\/en\/wp-json\/wp\/v2\/pages\/11779\/revisions\/11800"}],"wp:attachment":[{"href":"https:\/\/aem.hr\/en\/wp-json\/wp\/v2\/media?parent=11779"}],"curies":[{"name":"wp","href":"https:\/\/api.w.org\/{rel}","templated":true}]}}