{"id":11949,"date":"2022-02-15T11:32:59","date_gmt":"2022-02-15T10:32:59","guid":{"rendered":"http:\/\/aem.hr\/?page_id=11949"},"modified":"2022-02-15T11:33:03","modified_gmt":"2022-02-15T10:33:03","slug":"gradani-u-skoli-ljudska-prava-demokracija-i-drustvena-zajednica-u-obrazovanju","status":"publish","type":"page","link":"https:\/\/aem.hr\/en\/gradani-u-skoli-ljudska-prava-demokracija-i-drustvena-zajednica-u-obrazovanju\/","title":{"rendered":"&#8220;Gra\u0111ani u \u0161koli &#8211; Ljudska prava, demokracija i dru\u0161tvena zajednica u obrazovanju&#8221;"},"content":{"rendered":"\n<div class=\"wp-block-file\"><a href=\"https:\/\/aem.hr\/wp-content\/uploads\/2022\/02\/1.-Populizam.pdf\">1. Populizam i ekstremizam produkti su (i) nekvalitetnog gra\u0111anskog odgoja\u201d<\/a><a href=\"https:\/\/aem.hr\/wp-content\/uploads\/2022\/02\/1.-Populizam.pdf\" class=\"wp-block-file__button\" download>Preuzimanje<\/a><\/div>\n\n\n\n<div class=\"wp-block-file\"><a href=\"https:\/\/aem.hr\/wp-content\/uploads\/2022\/02\/2.-Ovu-zemlju-uskoro.pdf\">2. Ovu zemlju uskoro ne\u0107e imati tko popraviti<\/a><a href=\"https:\/\/aem.hr\/wp-content\/uploads\/2022\/02\/2.-Ovu-zemlju-uskoro.pdf\" class=\"wp-block-file__button\" download>Preuzimanje<\/a><\/div>\n\n\n\n<div class=\"wp-block-file\"><a href=\"https:\/\/aem.hr\/wp-content\/uploads\/2022\/02\/3.-Nase-sve.pdf\">3. Na\u0161e sve regresivnije konzervativno i patrijarhalno dru\u0161tvo mlade u\u010di da toleriraju nasilje<\/a><a href=\"https:\/\/aem.hr\/wp-content\/uploads\/2022\/02\/3.-Nase-sve.pdf\" class=\"wp-block-file__button\" download>Preuzimanje<\/a><\/div>\n\n\n\n<div class=\"wp-block-file\"><a href=\"https:\/\/aem.hr\/wp-content\/uploads\/2022\/02\/4.-Nasilje-nad.pdf\">4. Nasilje nad \u017eenama u Hrvatskoj korijene hvata ve\u0107 u \u0161kolskoj dobi<\/a><a href=\"https:\/\/aem.hr\/wp-content\/uploads\/2022\/02\/4.-Nasilje-nad.pdf\" class=\"wp-block-file__button\" download>Preuzimanje<\/a><\/div>\n\n\n\n<div class=\"wp-block-file\"><a href=\"https:\/\/aem.hr\/wp-content\/uploads\/2022\/02\/5.-Pandemija.pdf\">5. Pandemija femicida u dr\u017eavi koja se odvojila od stvarnosti<\/a><a href=\"https:\/\/aem.hr\/wp-content\/uploads\/2022\/02\/5.-Pandemija.pdf\" class=\"wp-block-file__button\" download>Preuzimanje<\/a><\/div>\n\n\n\n<div class=\"wp-block-file\"><a href=\"https:\/\/aem.hr\/wp-content\/uploads\/2022\/02\/6.-Nasilje-u-vrijeme-pandemije.pdf\">6. Nasilje u vrijeme pandemije, a pogotovo prema \u017eenama, u porastu je u Hrvatskoj, ali i u cijelom svijetu<\/a><a href=\"https:\/\/aem.hr\/wp-content\/uploads\/2022\/02\/6.-Nasilje-u-vrijeme-pandemije.pdf\" class=\"wp-block-file__button\" download>Preuzimanje<\/a><\/div>\n\n\n\n<div class=\"wp-block-file\"><a href=\"https:\/\/aem.hr\/wp-content\/uploads\/2022\/02\/7.-Je-li-vlada-ignorantskim.pdf\">7. Je li vlada ignorantskim stavom prema Gra\u0111anskom odgoju osna\u017eila pokret protiv cijepljenja?<\/a><a href=\"https:\/\/aem.hr\/wp-content\/uploads\/2022\/02\/7.-Je-li-vlada-ignorantskim.pdf\" class=\"wp-block-file__button\" download>Preuzimanje<\/a><\/div>\n\n\n\n<p><\/p>\n","protected":false},"excerpt":{"rendered":"","protected":false},"author":18,"featured_media":0,"parent":0,"menu_order":0,"comment_status":"closed","ping_status":"closed","template":"","meta":{"_acf_changed":false,"inline_featured_image":false,"advgb_blocks_editor_width":"","advgb_blocks_columns_visual_guide":"","_links_to":"","_links_to_type":0,"footnotes":""},"class_list":["post-11949","page","type-page","status-publish","hentry"],"acf":[],"yoast_head":"<!-- This site is optimized with the Yoast SEO plugin v25.7 - https:\/\/yoast.com\/wordpress\/plugins\/seo\/ -->\n<title>&quot;Gra\u0111ani u \u0161koli - Ljudska prava, demokracija i dru\u0161tvena zajednica u obrazovanju&quot; - Agencija za elektroni\u010dke medije<\/title>\n<meta name=\"robots\" content=\"index, follow, max-snippet:-1, max-image-preview:large, max-video-preview:-1\" \/>\n<link rel=\"canonical\" href=\"https:\/\/aem.hr\/gradani-u-skoli-ljudska-prava-demokracija-i-drustvena-zajednica-u-obrazovanju\/\" \/>\n<meta property=\"og:locale\" content=\"en_US\" \/>\n<meta property=\"og:type\" content=\"article\" \/>\n<meta property=\"og:title\" content=\"&quot;Gra\u0111ani u \u0161koli - Ljudska prava, demokracija i dru\u0161tvena zajednica u obrazovanju&quot; - Agencija za elektroni\u010dke medije\" \/>\n<meta property=\"og:url\" content=\"https:\/\/aem.hr\/gradani-u-skoli-ljudska-prava-demokracija-i-drustvena-zajednica-u-obrazovanju\/\" \/>\n<meta property=\"og:site_name\" content=\"Agencija za elektroni\u010dke medije\" \/>\n<meta property=\"article:modified_time\" content=\"2022-02-15T10:33:03+00:00\" \/>\n<meta name=\"twitter:card\" content=\"summary_large_image\" \/>\n<meta name=\"twitter:label1\" content=\"Est. reading time\" \/>\n\t<meta name=\"twitter:data1\" content=\"1 minute\" \/>\n<script type=\"application\/ld+json\" class=\"yoast-schema-graph\">{\"@context\":\"https:\/\/schema.org\",\"@graph\":[{\"@type\":\"WebPage\",\"@id\":\"https:\/\/aem.hr\/gradani-u-skoli-ljudska-prava-demokracija-i-drustvena-zajednica-u-obrazovanju\/\",\"url\":\"https:\/\/aem.hr\/gradani-u-skoli-ljudska-prava-demokracija-i-drustvena-zajednica-u-obrazovanju\/\",\"name\":\"\\\"Gra\u0111ani u \u0161koli - Ljudska prava, demokracija i dru\u0161tvena zajednica u obrazovanju\\\" - Agencija za elektroni\u010dke medije\",\"isPartOf\":{\"@id\":\"https:\/\/aem.hr\/#website\"},\"datePublished\":\"2022-02-15T10:32:59+00:00\",\"dateModified\":\"2022-02-15T10:33:03+00:00\",\"breadcrumb\":{\"@id\":\"https:\/\/aem.hr\/gradani-u-skoli-ljudska-prava-demokracija-i-drustvena-zajednica-u-obrazovanju\/#breadcrumb\"},\"inLanguage\":\"en-US\",\"potentialAction\":[{\"@type\":\"ReadAction\",\"target\":[\"https:\/\/aem.hr\/gradani-u-skoli-ljudska-prava-demokracija-i-drustvena-zajednica-u-obrazovanju\/\"]}]},{\"@type\":\"BreadcrumbList\",\"@id\":\"https:\/\/aem.hr\/gradani-u-skoli-ljudska-prava-demokracija-i-drustvena-zajednica-u-obrazovanju\/#breadcrumb\",\"itemListElement\":[{\"@type\":\"ListItem\",\"position\":1,\"name\":\"Po\u010detna stranica\",\"item\":\"https:\/\/aem.hr\/\"},{\"@type\":\"ListItem\",\"position\":2,\"name\":\"&#8220;Gra\u0111ani u \u0161koli &#8211; Ljudska prava, demokracija i dru\u0161tvena zajednica u obrazovanju&#8221;\"}]},{\"@type\":\"WebSite\",\"@id\":\"https:\/\/aem.hr\/#website\",\"url\":\"https:\/\/aem.hr\/\",\"name\":\"Agencija za elektroni\u010dke medije\",\"description\":\"\",\"potentialAction\":[{\"@type\":\"SearchAction\",\"target\":{\"@type\":\"EntryPoint\",\"urlTemplate\":\"https:\/\/aem.hr\/?s={search_term_string}\"},\"query-input\":{\"@type\":\"PropertyValueSpecification\",\"valueRequired\":true,\"valueName\":\"search_term_string\"}}],\"inLanguage\":\"en-US\"}]}<\/script>\n<!-- \/ Yoast SEO plugin. -->","yoast_head_json":{"title":"\"Gra\u0111ani u \u0161koli - Ljudska prava, demokracija i dru\u0161tvena zajednica u obrazovanju\" - Agencija za elektroni\u010dke medije","robots":{"index":"index","follow":"follow","max-snippet":"max-snippet:-1","max-image-preview":"max-image-preview:large","max-video-preview":"max-video-preview:-1"},"canonical":"https:\/\/aem.hr\/gradani-u-skoli-ljudska-prava-demokracija-i-drustvena-zajednica-u-obrazovanju\/","og_locale":"en_US","og_type":"article","og_title":"\"Gra\u0111ani u \u0161koli - Ljudska prava, demokracija i dru\u0161tvena zajednica u obrazovanju\" - Agencija za elektroni\u010dke medije","og_url":"https:\/\/aem.hr\/gradani-u-skoli-ljudska-prava-demokracija-i-drustvena-zajednica-u-obrazovanju\/","og_site_name":"Agencija za elektroni\u010dke medije","article_modified_time":"2022-02-15T10:33:03+00:00","twitter_card":"summary_large_image","twitter_misc":{"Est. reading time":"1 minute"},"schema":{"@context":"https:\/\/schema.org","@graph":[{"@type":"WebPage","@id":"https:\/\/aem.hr\/gradani-u-skoli-ljudska-prava-demokracija-i-drustvena-zajednica-u-obrazovanju\/","url":"https:\/\/aem.hr\/gradani-u-skoli-ljudska-prava-demokracija-i-drustvena-zajednica-u-obrazovanju\/","name":"\"Gra\u0111ani u \u0161koli - Ljudska prava, demokracija i dru\u0161tvena zajednica u obrazovanju\" - Agencija za elektroni\u010dke medije","isPartOf":{"@id":"https:\/\/aem.hr\/#website"},"datePublished":"2022-02-15T10:32:59+00:00","dateModified":"2022-02-15T10:33:03+00:00","breadcrumb":{"@id":"https:\/\/aem.hr\/gradani-u-skoli-ljudska-prava-demokracija-i-drustvena-zajednica-u-obrazovanju\/#breadcrumb"},"inLanguage":"en-US","potentialAction":[{"@type":"ReadAction","target":["https:\/\/aem.hr\/gradani-u-skoli-ljudska-prava-demokracija-i-drustvena-zajednica-u-obrazovanju\/"]}]},{"@type":"BreadcrumbList","@id":"https:\/\/aem.hr\/gradani-u-skoli-ljudska-prava-demokracija-i-drustvena-zajednica-u-obrazovanju\/#breadcrumb","itemListElement":[{"@type":"ListItem","position":1,"name":"Po\u010detna stranica","item":"https:\/\/aem.hr\/"},{"@type":"ListItem","position":2,"name":"&#8220;Gra\u0111ani u \u0161koli &#8211; Ljudska prava, demokracija i dru\u0161tvena zajednica u obrazovanju&#8221;"}]},{"@type":"WebSite","@id":"https:\/\/aem.hr\/#website","url":"https:\/\/aem.hr\/","name":"Agencija za elektroni\u010dke medije","description":"","potentialAction":[{"@type":"SearchAction","target":{"@type":"EntryPoint","urlTemplate":"https:\/\/aem.hr\/?s={search_term_string}"},"query-input":{"@type":"PropertyValueSpecification","valueRequired":true,"valueName":"search_term_string"}}],"inLanguage":"en-US"}]}},"coauthors":[],"author_meta":{"author_link":"https:\/\/aem.hr\/en\/blog\/author\/mkirac\/","display_name":"Matko Kirac"},"relative_dates":{"created":"Posted 4 years ago","modified":"Updated 4 years ago"},"absolute_dates":{"created":"Posted on 15. February 2022.","modified":"Updated on 15. February 2022."},"absolute_dates_time":{"created":"Posted on 15. February 2022. 11:32","modified":"Updated on 15. February 2022. 11:33"},"featured_img_caption":"","featured_img":false,"series_order":"","_links":{"self":[{"href":"https:\/\/aem.hr\/en\/wp-json\/wp\/v2\/pages\/11949","targetHints":{"allow":["GET"]}}],"collection":[{"href":"https:\/\/aem.hr\/en\/wp-json\/wp\/v2\/pages"}],"about":[{"href":"https:\/\/aem.hr\/en\/wp-json\/wp\/v2\/types\/page"}],"author":[{"embeddable":true,"href":"https:\/\/aem.hr\/en\/wp-json\/wp\/v2\/users\/18"}],"replies":[{"embeddable":true,"href":"https:\/\/aem.hr\/en\/wp-json\/wp\/v2\/comments?post=11949"}],"version-history":[{"count":1,"href":"https:\/\/aem.hr\/en\/wp-json\/wp\/v2\/pages\/11949\/revisions"}],"predecessor-version":[{"id":11962,"href":"https:\/\/aem.hr\/en\/wp-json\/wp\/v2\/pages\/11949\/revisions\/11962"}],"wp:attachment":[{"href":"https:\/\/aem.hr\/en\/wp-json\/wp\/v2\/media?parent=11949"}],"curies":[{"name":"wp","href":"https:\/\/api.w.org\/{rel}","templated":true}]}}