{"id":13147,"date":"2022-10-11T14:19:17","date_gmt":"2022-10-11T12:19:17","guid":{"rendered":"http:\/\/aem.hr\/?page_id=13147"},"modified":"2025-12-30T10:35:51","modified_gmt":"2025-12-30T09:35:51","slug":"objave","status":"publish","type":"page","link":"https:\/\/aem.hr\/en\/objave\/","title":{"rendered":"Upute i obrasci"},"content":{"rendered":"\n<h2 class=\"wp-block-heading\">Upute i obrasci<\/h2>\n\n\n\n<p><a href=\"http:\/\/aem.hr\/wp-content\/uploads\/2025\/11\/METODOLOSKE-UPUTE-NAKLADNICIMA-ZA-IZRADU-PROGRAMSKE-OSNOVE-NOVO-ZA-WEB-AZURIRANO.pdf\">Metodolo\u0161ke upute nakladnicima za izradu programske osnove (a\u017eurirano)<\/a><\/p>\n\n\n\n<p><a href=\"https:\/\/aem.hr\/wp-content\/uploads\/2023\/03\/Izjave-uz-Obavijest.docx\">Obrasci iz Dokumentacije za nadmetanje &#8211; koncesija<\/a><\/p>\n\n\n\n<p><a href=\"https:\/\/aem.hr\/wp-content\/uploads\/2023\/01\/Obrazac-programske-osnove-radijskog-nakladnika-za-objavu-na-internetu-\u2013-koncesija.docx\">Obrazac programske osnove radijskog nakladnika za objavu na internetu \u2013 koncesija<\/a><\/p>\n\n\n\n<p><a href=\"https:\/\/aem.hr\/wp-content\/uploads\/2023\/01\/Obrazac-programske-osnove-televizijskog-nakladnika-za-objavu-na-internetu-\u2013-koncesija.docx\">Obrazac programske osnove televizijskog nakladnika za objavu na internetu \u2013 koncesija<\/a><\/p>\n\n\n\n<p><a href=\"https:\/\/aem.hr\/wp-content\/uploads\/2025\/09\/Obrazac-programske-osnove-televizijskog-nakladnika-za-objavu-na-internetu_specijalizirani.docx\">Obrazac programske osnove televizijskog nakladnika za objavu na internetu \u2013 specijalizirani<\/a><\/p>\n\n\n\n<p><a href=\"https:\/\/aem.hr\/wp-content\/uploads\/2023\/01\/Obrazac-za-dostavu-udjela-europskih-djela-i-djela-neovisnih-proizvodaca-.xls\">Obrazac za dostavu udjela europskih djela i djela neovisnih proizvo\u0111a\u010da<\/a><\/p>\n\n\n\n<p><a href=\"https:\/\/aem.hr\/wp-content\/uploads\/2023\/01\/Obrazac-za-dostavu-dnevnog-ocevidnika.xlsx\">Obrazac za dostavu dnevnog o\u010devidnika<\/a><\/p>\n\n\n\n<p><a href=\"https:\/\/aem.hr\/wp-content\/uploads\/2023\/01\/Obrazac-za-dostavu-udjela-europskih-djela-\u2013-pruzatelji-audiovizualnih-medijskih-usluga-na-zahtjev-.xls\">Obrazac za dostavu udjela europskih djela \u2013 pru\u017eatelji audiovizualnih medijskih usluga na zahtjev<\/a><\/p>\n\n\n\n<p><a href=\"https:\/\/aem.hr\/wp-content\/uploads\/2022\/10\/obrazac_podnosenje-izvjestaja_OPERATOR.docx\">Obrazac za operatore elektroni\u010dkih komunikacija koji su postali pru\u017eatelji medijske usluge satelitom, internetom, kabelom i drugim dopu\u0161tenim oblikom prijenosa audiovizualnog i\/ili radijskog programa<\/a><\/p>\n\n\n\n<p><a href=\"https:\/\/aem.hr\/wp-content\/uploads\/2022\/10\/obrazac_podnosenje-izvjestaja_NA-ZAHTJEV-DOMACI.docx\">Obrazac za pru\u017eatelje medijskih usluga na zahtjev \u010diji je poslovni nastan u Republici Hrvatskoj<\/a><\/p>\n\n\n\n<p><a href=\"https:\/\/aem.hr\/wp-content\/uploads\/2022\/10\/obrazac_podnosenje-izvjestaja_NASTAN-VAN-HR.docx\">Obrazac za pru\u017eatelje audiovizualnih medijskih usluga na zahtjev, \u010diji je poslovni nastan u drugim dr\u017eavama \u010dlanicama Europske unije, a koji su usmjereni prema publici u Republici Hrvatskoj<\/a><\/p>\n\n\n\n<p><a href=\"https:\/\/aem.hr\/wp-content\/uploads\/2023\/01\/Zahtjev-za-dobivanje-suglasnosti-za-povezivanje-u-regionalnu-ili-nacionalnu-mrezu-nakladnika-televizije-ili-radija.docx\">Zahtjev za dobivanje suglasnosti za povezivanje u regionalnu ili nacionalnu mre\u017eu nakladnika televizije ili radija<\/a><\/p>\n\n\n\n<p><a href=\"https:\/\/aem.hr\/wp-content\/uploads\/2019\/03\/Tablica_EU_i_NEZ_djela_254.xls\">Tablica EU i NEZ djela<\/a><\/p>\n\n\n\n<p><a href=\"https:\/\/aem.hr\/wp-content\/uploads\/2024\/12\/AZTN-AEM-HAKOM.pdf\">Naputak regulatora za medijsku i telekom industriju u vezi ocjena koncentracija po posebnim propisima<\/a><\/p>\n\n\n\n<p><\/p>\n","protected":false},"excerpt":{"rendered":"<p>Upute i obrasci Metodolo\u0161ke upute nakladnicima za izradu programske osnove (a\u017eurirano) Obrasci iz Dokumentacije za nadmetanje &#8211; koncesija Obrazac programske osnove radijskog nakladnika za objavu na internetu \u2013 koncesija Obrazac programske osnove televizijskog nakladnika za objavu na internetu \u2013 koncesija Obrazac programske osnove televizijskog nakladnika za objavu na internetu \u2013 specijalizirani Obrazac za dostavu udjela [&hellip;]<\/p>\n","protected":false},"author":2,"featured_media":0,"parent":0,"menu_order":0,"comment_status":"closed","ping_status":"closed","template":"","meta":{"_acf_changed":false,"inline_featured_image":false,"advgb_blocks_editor_width":"","advgb_blocks_columns_visual_guide":"","_links_to":"","_links_to_type":0,"footnotes":""},"class_list":["post-13147","page","type-page","status-publish","hentry"],"acf":[],"yoast_head":"<!-- This site is optimized with the Yoast SEO plugin v25.7 - https:\/\/yoast.com\/wordpress\/plugins\/seo\/ -->\n<title>Upute i obrasci - Agencija za elektroni\u010dke medije<\/title>\n<meta name=\"robots\" content=\"index, follow, max-snippet:-1, max-image-preview:large, max-video-preview:-1\" \/>\n<link rel=\"canonical\" href=\"https:\/\/aem.hr\/en\/objave\/\" \/>\n<meta property=\"og:locale\" content=\"en_US\" \/>\n<meta property=\"og:type\" content=\"article\" \/>\n<meta property=\"og:title\" content=\"Upute i obrasci - Agencija za elektroni\u010dke medije\" \/>\n<meta property=\"og:description\" content=\"Upute i obrasci Metodolo\u0161ke upute nakladnicima za izradu programske osnove (a\u017eurirano) Obrasci iz Dokumentacije za nadmetanje &#8211; koncesija Obrazac programske osnove radijskog nakladnika za objavu na internetu \u2013 koncesija Obrazac programske osnove televizijskog nakladnika za objavu na internetu \u2013 koncesija Obrazac programske osnove televizijskog nakladnika za objavu na internetu \u2013 specijalizirani Obrazac za dostavu udjela [&hellip;]\" \/>\n<meta property=\"og:url\" content=\"https:\/\/aem.hr\/en\/objave\/\" \/>\n<meta property=\"og:site_name\" content=\"Agencija za elektroni\u010dke medije\" \/>\n<meta property=\"article:modified_time\" content=\"2025-12-30T09:35:51+00:00\" \/>\n<meta name=\"twitter:card\" content=\"summary_large_image\" \/>\n<meta name=\"twitter:label1\" content=\"Est. reading time\" \/>\n\t<meta name=\"twitter:data1\" content=\"1 minute\" \/>\n<script type=\"application\/ld+json\" class=\"yoast-schema-graph\">{\"@context\":\"https:\/\/schema.org\",\"@graph\":[{\"@type\":\"WebPage\",\"@id\":\"https:\/\/aem.hr\/en\/objave\/\",\"url\":\"https:\/\/aem.hr\/en\/objave\/\",\"name\":\"Upute i obrasci - Agencija za elektroni\u010dke medije\",\"isPartOf\":{\"@id\":\"https:\/\/aem.hr\/#website\"},\"datePublished\":\"2022-10-11T12:19:17+00:00\",\"dateModified\":\"2025-12-30T09:35:51+00:00\",\"breadcrumb\":{\"@id\":\"https:\/\/aem.hr\/en\/objave\/#breadcrumb\"},\"inLanguage\":\"en-US\",\"potentialAction\":[{\"@type\":\"ReadAction\",\"target\":[\"https:\/\/aem.hr\/en\/objave\/\"]}]},{\"@type\":\"BreadcrumbList\",\"@id\":\"https:\/\/aem.hr\/en\/objave\/#breadcrumb\",\"itemListElement\":[{\"@type\":\"ListItem\",\"position\":1,\"name\":\"Po\u010detna stranica\",\"item\":\"https:\/\/aem.hr\/\"},{\"@type\":\"ListItem\",\"position\":2,\"name\":\"Upute i obrasci\"}]},{\"@type\":\"WebSite\",\"@id\":\"https:\/\/aem.hr\/#website\",\"url\":\"https:\/\/aem.hr\/\",\"name\":\"Agencija za elektroni\u010dke medije\",\"description\":\"\",\"potentialAction\":[{\"@type\":\"SearchAction\",\"target\":{\"@type\":\"EntryPoint\",\"urlTemplate\":\"https:\/\/aem.hr\/?s={search_term_string}\"},\"query-input\":{\"@type\":\"PropertyValueSpecification\",\"valueRequired\":true,\"valueName\":\"search_term_string\"}}],\"inLanguage\":\"en-US\"}]}<\/script>\n<!-- \/ Yoast SEO plugin. -->","yoast_head_json":{"title":"Upute i obrasci - Agencija za elektroni\u010dke medije","robots":{"index":"index","follow":"follow","max-snippet":"max-snippet:-1","max-image-preview":"max-image-preview:large","max-video-preview":"max-video-preview:-1"},"canonical":"https:\/\/aem.hr\/en\/objave\/","og_locale":"en_US","og_type":"article","og_title":"Upute i obrasci - Agencija za elektroni\u010dke medije","og_description":"Upute i obrasci Metodolo\u0161ke upute nakladnicima za izradu programske osnove (a\u017eurirano) Obrasci iz Dokumentacije za nadmetanje &#8211; koncesija Obrazac programske osnove radijskog nakladnika za objavu na internetu \u2013 koncesija Obrazac programske osnove televizijskog nakladnika za objavu na internetu \u2013 koncesija Obrazac programske osnove televizijskog nakladnika za objavu na internetu \u2013 specijalizirani Obrazac za dostavu udjela [&hellip;]","og_url":"https:\/\/aem.hr\/en\/objave\/","og_site_name":"Agencija za elektroni\u010dke medije","article_modified_time":"2025-12-30T09:35:51+00:00","twitter_card":"summary_large_image","twitter_misc":{"Est. reading time":"1 minute"},"schema":{"@context":"https:\/\/schema.org","@graph":[{"@type":"WebPage","@id":"https:\/\/aem.hr\/en\/objave\/","url":"https:\/\/aem.hr\/en\/objave\/","name":"Upute i obrasci - Agencija za elektroni\u010dke medije","isPartOf":{"@id":"https:\/\/aem.hr\/#website"},"datePublished":"2022-10-11T12:19:17+00:00","dateModified":"2025-12-30T09:35:51+00:00","breadcrumb":{"@id":"https:\/\/aem.hr\/en\/objave\/#breadcrumb"},"inLanguage":"en-US","potentialAction":[{"@type":"ReadAction","target":["https:\/\/aem.hr\/en\/objave\/"]}]},{"@type":"BreadcrumbList","@id":"https:\/\/aem.hr\/en\/objave\/#breadcrumb","itemListElement":[{"@type":"ListItem","position":1,"name":"Po\u010detna stranica","item":"https:\/\/aem.hr\/"},{"@type":"ListItem","position":2,"name":"Upute i obrasci"}]},{"@type":"WebSite","@id":"https:\/\/aem.hr\/#website","url":"https:\/\/aem.hr\/","name":"Agencija za elektroni\u010dke medije","description":"","potentialAction":[{"@type":"SearchAction","target":{"@type":"EntryPoint","urlTemplate":"https:\/\/aem.hr\/?s={search_term_string}"},"query-input":{"@type":"PropertyValueSpecification","valueRequired":true,"valueName":"search_term_string"}}],"inLanguage":"en-US"}]}},"coauthors":[],"author_meta":{"author_link":"https:\/\/aem.hr\/en\/blog\/author\/stjepan\/","display_name":"stjepan"},"relative_dates":{"created":"Posted 4 years ago","modified":"Updated 4 months ago"},"absolute_dates":{"created":"Posted on 11. October 2022.","modified":"Updated on 30. December 2025."},"absolute_dates_time":{"created":"Posted on 11. October 2022. 14:19","modified":"Updated on 30. December 2025. 10:35"},"featured_img_caption":"","featured_img":false,"series_order":"","_links":{"self":[{"href":"https:\/\/aem.hr\/en\/wp-json\/wp\/v2\/pages\/13147","targetHints":{"allow":["GET"]}}],"collection":[{"href":"https:\/\/aem.hr\/en\/wp-json\/wp\/v2\/pages"}],"about":[{"href":"https:\/\/aem.hr\/en\/wp-json\/wp\/v2\/types\/page"}],"author":[{"embeddable":true,"href":"https:\/\/aem.hr\/en\/wp-json\/wp\/v2\/users\/2"}],"replies":[{"embeddable":true,"href":"https:\/\/aem.hr\/en\/wp-json\/wp\/v2\/comments?post=13147"}],"version-history":[{"count":34,"href":"https:\/\/aem.hr\/en\/wp-json\/wp\/v2\/pages\/13147\/revisions"}],"predecessor-version":[{"id":23847,"href":"https:\/\/aem.hr\/en\/wp-json\/wp\/v2\/pages\/13147\/revisions\/23847"}],"wp:attachment":[{"href":"https:\/\/aem.hr\/en\/wp-json\/wp\/v2\/media?parent=13147"}],"curies":[{"name":"wp","href":"https:\/\/api.w.org\/{rel}","templated":true}]}}