{"id":13348,"date":"2022-11-03T13:44:51","date_gmt":"2022-11-03T12:44:51","guid":{"rendered":"http:\/\/aem.hr\/?page_id=13348"},"modified":"2023-05-22T07:51:19","modified_gmt":"2023-05-22T05:51:19","slug":"snjezana-nemec-dijasporom-jacajmo-hrvatsku-odnos-republike-hrvatske-prema-njenim-gradanima-u-dijaspori","status":"publish","type":"page","link":"https:\/\/aem.hr\/en\/snjezana-nemec-dijasporom-jacajmo-hrvatsku-odnos-republike-hrvatske-prema-njenim-gradanima-u-dijaspori\/","title":{"rendered":"Snje\u017eana Nemec &#8211; Dijasporom ja\u010dajmo Hrvatsku &#8211; Odnos RH prema njenim gra\u0111anima u dijaspori"},"content":{"rendered":"\n<div class=\"wp-block-file\"><a id=\"wp-block-file--media-9783230f-328b-4728-9ea8-72b2da48d9bd\" href=\"https:\/\/aem.hr\/wp-content\/uploads\/2022\/11\/1.-Povijest-hrvatske-dijaspore.pdf\">1. Povijest hrvatske dijaspore<\/a><a href=\"https:\/\/aem.hr\/wp-content\/uploads\/2022\/11\/1.-Povijest-hrvatske-dijaspore.pdf\" class=\"wp-block-file__button wp-element-button\" download aria-describedby=\"wp-block-file--media-9783230f-328b-4728-9ea8-72b2da48d9bd\">Preuzimanje<\/a><\/div>\n\n\n\n<div class=\"wp-block-file\"><a id=\"wp-block-file--media-0167cf9b-809b-48f9-b349-e70dcd32726f\" href=\"https:\/\/aem.hr\/wp-content\/uploads\/2022\/11\/2.-Drzavna-politika-i-praksa.pdf\">2. Dr\u017eavna politika i praksa<\/a><a href=\"https:\/\/aem.hr\/wp-content\/uploads\/2022\/11\/2.-Drzavna-politika-i-praksa.pdf\" class=\"wp-block-file__button wp-element-button\" download aria-describedby=\"wp-block-file--media-0167cf9b-809b-48f9-b349-e70dcd32726f\">Preuzimanje<\/a><\/div>\n\n\n\n<div class=\"wp-block-file\"><a id=\"wp-block-file--media-9b06af61-a461-4814-a32f-01b5a6c485e0\" href=\"https:\/\/aem.hr\/wp-content\/uploads\/2022\/11\/3.-Odnos-i-potreba-povezanosti.pdf\">3. Odnos i potreba povezanosti<\/a><a href=\"https:\/\/aem.hr\/wp-content\/uploads\/2022\/11\/3.-Odnos-i-potreba-povezanosti.pdf\" class=\"wp-block-file__button wp-element-button\" download aria-describedby=\"wp-block-file--media-9b06af61-a461-4814-a32f-01b5a6c485e0\">Preuzimanje<\/a><\/div>\n\n\n\n<div class=\"wp-block-file\"><a id=\"wp-block-file--media-20560246-e223-4c1b-ac7b-c006cc2bf4a8\" href=\"https:\/\/aem.hr\/wp-content\/uploads\/2022\/11\/4.-Odnos-prema-Hrvatima-u-BiH.pdf\">4. Odnos prema Hrvatima u BiH<\/a><a href=\"https:\/\/aem.hr\/wp-content\/uploads\/2022\/11\/4.-Odnos-prema-Hrvatima-u-BiH.pdf\" class=\"wp-block-file__button wp-element-button\" download aria-describedby=\"wp-block-file--media-20560246-e223-4c1b-ac7b-c006cc2bf4a8\">Preuzimanje<\/a><\/div>\n\n\n\n<div class=\"wp-block-file\"><a id=\"wp-block-file--media-3502d85c-1e50-4ace-94b5-92f938af08b2\" href=\"https:\/\/aem.hr\/wp-content\/uploads\/2022\/11\/5.-Stjepan-Sterc_-Osnovna-je-ocjena.pdf\">5. Stjepan \u0160terc_ Osnovna je ocjena<\/a><a href=\"https:\/\/aem.hr\/wp-content\/uploads\/2022\/11\/5.-Stjepan-Sterc_-Osnovna-je-ocjena.pdf\" class=\"wp-block-file__button wp-element-button\" download aria-describedby=\"wp-block-file--media-3502d85c-1e50-4ace-94b5-92f938af08b2\">Preuzimanje<\/a><\/div>\n\n\n\n<div class=\"wp-block-file\"><a id=\"wp-block-file--media-1f2121c3-92c2-4419-a4b6-2ad6929ddf05\" href=\"https:\/\/aem.hr\/wp-content\/uploads\/2022\/11\/6.-Zakljucak-s-osvrtom.pdf\">6. Zaklju\u010dak s osvrtom<\/a><a href=\"https:\/\/aem.hr\/wp-content\/uploads\/2022\/11\/6.-Zakljucak-s-osvrtom.pdf\" class=\"wp-block-file__button wp-element-button\" download aria-describedby=\"wp-block-file--media-1f2121c3-92c2-4419-a4b6-2ad6929ddf05\">Preuzimanje<\/a><\/div>\n\n\n\n<p><\/p>\n","protected":false},"excerpt":{"rendered":"","protected":false},"author":18,"featured_media":0,"parent":0,"menu_order":0,"comment_status":"closed","ping_status":"closed","template":"","meta":{"_acf_changed":false,"inline_featured_image":false,"advgb_blocks_editor_width":"","advgb_blocks_columns_visual_guide":"","_links_to":"","_links_to_type":0,"footnotes":""},"class_list":["post-13348","page","type-page","status-publish","hentry"],"acf":[],"yoast_head":"<!-- This site is optimized with the Yoast SEO plugin v25.7 - https:\/\/yoast.com\/wordpress\/plugins\/seo\/ -->\n<title>Snje\u017eana Nemec - Dijasporom ja\u010dajmo Hrvatsku - Odnos RH prema njenim gra\u0111anima u dijaspori - Agencija za elektroni\u010dke medije<\/title>\n<meta name=\"robots\" content=\"index, follow, max-snippet:-1, max-image-preview:large, max-video-preview:-1\" \/>\n<link rel=\"canonical\" href=\"https:\/\/aem.hr\/snjezana-nemec-dijasporom-jacajmo-hrvatsku-odnos-republike-hrvatske-prema-njenim-gradanima-u-dijaspori\/\" \/>\n<meta property=\"og:locale\" content=\"en_US\" \/>\n<meta property=\"og:type\" content=\"article\" \/>\n<meta property=\"og:title\" content=\"Snje\u017eana Nemec - Dijasporom ja\u010dajmo Hrvatsku - Odnos RH prema njenim gra\u0111anima u dijaspori - Agencija za elektroni\u010dke medije\" \/>\n<meta property=\"og:url\" content=\"https:\/\/aem.hr\/snjezana-nemec-dijasporom-jacajmo-hrvatsku-odnos-republike-hrvatske-prema-njenim-gradanima-u-dijaspori\/\" \/>\n<meta property=\"og:site_name\" content=\"Agencija za elektroni\u010dke medije\" \/>\n<meta property=\"article:modified_time\" content=\"2023-05-22T05:51:19+00:00\" \/>\n<meta name=\"twitter:card\" content=\"summary_large_image\" \/>\n<meta name=\"twitter:label1\" content=\"Est. reading time\" \/>\n\t<meta name=\"twitter:data1\" content=\"1 minute\" \/>\n<script type=\"application\/ld+json\" class=\"yoast-schema-graph\">{\"@context\":\"https:\/\/schema.org\",\"@graph\":[{\"@type\":\"WebPage\",\"@id\":\"https:\/\/aem.hr\/snjezana-nemec-dijasporom-jacajmo-hrvatsku-odnos-republike-hrvatske-prema-njenim-gradanima-u-dijaspori\/\",\"url\":\"https:\/\/aem.hr\/snjezana-nemec-dijasporom-jacajmo-hrvatsku-odnos-republike-hrvatske-prema-njenim-gradanima-u-dijaspori\/\",\"name\":\"Snje\u017eana Nemec - Dijasporom ja\u010dajmo Hrvatsku - Odnos RH prema njenim gra\u0111anima u dijaspori - Agencija za elektroni\u010dke medije\",\"isPartOf\":{\"@id\":\"https:\/\/aem.hr\/#website\"},\"datePublished\":\"2022-11-03T12:44:51+00:00\",\"dateModified\":\"2023-05-22T05:51:19+00:00\",\"breadcrumb\":{\"@id\":\"https:\/\/aem.hr\/snjezana-nemec-dijasporom-jacajmo-hrvatsku-odnos-republike-hrvatske-prema-njenim-gradanima-u-dijaspori\/#breadcrumb\"},\"inLanguage\":\"en-US\",\"potentialAction\":[{\"@type\":\"ReadAction\",\"target\":[\"https:\/\/aem.hr\/snjezana-nemec-dijasporom-jacajmo-hrvatsku-odnos-republike-hrvatske-prema-njenim-gradanima-u-dijaspori\/\"]}]},{\"@type\":\"BreadcrumbList\",\"@id\":\"https:\/\/aem.hr\/snjezana-nemec-dijasporom-jacajmo-hrvatsku-odnos-republike-hrvatske-prema-njenim-gradanima-u-dijaspori\/#breadcrumb\",\"itemListElement\":[{\"@type\":\"ListItem\",\"position\":1,\"name\":\"Po\u010detna stranica\",\"item\":\"https:\/\/aem.hr\/\"},{\"@type\":\"ListItem\",\"position\":2,\"name\":\"Snje\u017eana Nemec &#8211; Dijasporom ja\u010dajmo Hrvatsku &#8211; Odnos RH prema njenim gra\u0111anima u dijaspori\"}]},{\"@type\":\"WebSite\",\"@id\":\"https:\/\/aem.hr\/#website\",\"url\":\"https:\/\/aem.hr\/\",\"name\":\"Agencija za elektroni\u010dke medije\",\"description\":\"\",\"potentialAction\":[{\"@type\":\"SearchAction\",\"target\":{\"@type\":\"EntryPoint\",\"urlTemplate\":\"https:\/\/aem.hr\/?s={search_term_string}\"},\"query-input\":{\"@type\":\"PropertyValueSpecification\",\"valueRequired\":true,\"valueName\":\"search_term_string\"}}],\"inLanguage\":\"en-US\"}]}<\/script>\n<!-- \/ Yoast SEO plugin. -->","yoast_head_json":{"title":"Snje\u017eana Nemec - Dijasporom ja\u010dajmo Hrvatsku - Odnos RH prema njenim gra\u0111anima u dijaspori - Agencija za elektroni\u010dke medije","robots":{"index":"index","follow":"follow","max-snippet":"max-snippet:-1","max-image-preview":"max-image-preview:large","max-video-preview":"max-video-preview:-1"},"canonical":"https:\/\/aem.hr\/snjezana-nemec-dijasporom-jacajmo-hrvatsku-odnos-republike-hrvatske-prema-njenim-gradanima-u-dijaspori\/","og_locale":"en_US","og_type":"article","og_title":"Snje\u017eana Nemec - Dijasporom ja\u010dajmo Hrvatsku - Odnos RH prema njenim gra\u0111anima u dijaspori - Agencija za elektroni\u010dke medije","og_url":"https:\/\/aem.hr\/snjezana-nemec-dijasporom-jacajmo-hrvatsku-odnos-republike-hrvatske-prema-njenim-gradanima-u-dijaspori\/","og_site_name":"Agencija za elektroni\u010dke medije","article_modified_time":"2023-05-22T05:51:19+00:00","twitter_card":"summary_large_image","twitter_misc":{"Est. reading time":"1 minute"},"schema":{"@context":"https:\/\/schema.org","@graph":[{"@type":"WebPage","@id":"https:\/\/aem.hr\/snjezana-nemec-dijasporom-jacajmo-hrvatsku-odnos-republike-hrvatske-prema-njenim-gradanima-u-dijaspori\/","url":"https:\/\/aem.hr\/snjezana-nemec-dijasporom-jacajmo-hrvatsku-odnos-republike-hrvatske-prema-njenim-gradanima-u-dijaspori\/","name":"Snje\u017eana Nemec - Dijasporom ja\u010dajmo Hrvatsku - Odnos RH prema njenim gra\u0111anima u dijaspori - Agencija za elektroni\u010dke medije","isPartOf":{"@id":"https:\/\/aem.hr\/#website"},"datePublished":"2022-11-03T12:44:51+00:00","dateModified":"2023-05-22T05:51:19+00:00","breadcrumb":{"@id":"https:\/\/aem.hr\/snjezana-nemec-dijasporom-jacajmo-hrvatsku-odnos-republike-hrvatske-prema-njenim-gradanima-u-dijaspori\/#breadcrumb"},"inLanguage":"en-US","potentialAction":[{"@type":"ReadAction","target":["https:\/\/aem.hr\/snjezana-nemec-dijasporom-jacajmo-hrvatsku-odnos-republike-hrvatske-prema-njenim-gradanima-u-dijaspori\/"]}]},{"@type":"BreadcrumbList","@id":"https:\/\/aem.hr\/snjezana-nemec-dijasporom-jacajmo-hrvatsku-odnos-republike-hrvatske-prema-njenim-gradanima-u-dijaspori\/#breadcrumb","itemListElement":[{"@type":"ListItem","position":1,"name":"Po\u010detna stranica","item":"https:\/\/aem.hr\/"},{"@type":"ListItem","position":2,"name":"Snje\u017eana Nemec &#8211; Dijasporom ja\u010dajmo Hrvatsku &#8211; Odnos RH prema njenim gra\u0111anima u dijaspori"}]},{"@type":"WebSite","@id":"https:\/\/aem.hr\/#website","url":"https:\/\/aem.hr\/","name":"Agencija za elektroni\u010dke medije","description":"","potentialAction":[{"@type":"SearchAction","target":{"@type":"EntryPoint","urlTemplate":"https:\/\/aem.hr\/?s={search_term_string}"},"query-input":{"@type":"PropertyValueSpecification","valueRequired":true,"valueName":"search_term_string"}}],"inLanguage":"en-US"}]}},"coauthors":[],"author_meta":{"author_link":"https:\/\/aem.hr\/en\/blog\/author\/mkirac\/","display_name":"Matko Kirac"},"relative_dates":{"created":"Posted 3 years ago","modified":"Updated 3 years ago"},"absolute_dates":{"created":"Posted on 3. November 2022.","modified":"Updated on 22. May 2023."},"absolute_dates_time":{"created":"Posted on 3. November 2022. 13:44","modified":"Updated on 22. May 2023. 7:51"},"featured_img_caption":"","featured_img":false,"series_order":"","_links":{"self":[{"href":"https:\/\/aem.hr\/en\/wp-json\/wp\/v2\/pages\/13348","targetHints":{"allow":["GET"]}}],"collection":[{"href":"https:\/\/aem.hr\/en\/wp-json\/wp\/v2\/pages"}],"about":[{"href":"https:\/\/aem.hr\/en\/wp-json\/wp\/v2\/types\/page"}],"author":[{"embeddable":true,"href":"https:\/\/aem.hr\/en\/wp-json\/wp\/v2\/users\/18"}],"replies":[{"embeddable":true,"href":"https:\/\/aem.hr\/en\/wp-json\/wp\/v2\/comments?post=13348"}],"version-history":[{"count":2,"href":"https:\/\/aem.hr\/en\/wp-json\/wp\/v2\/pages\/13348\/revisions"}],"predecessor-version":[{"id":16460,"href":"https:\/\/aem.hr\/en\/wp-json\/wp\/v2\/pages\/13348\/revisions\/16460"}],"wp:attachment":[{"href":"https:\/\/aem.hr\/en\/wp-json\/wp\/v2\/media?parent=13348"}],"curies":[{"name":"wp","href":"https:\/\/api.w.org\/{rel}","templated":true}]}}