{"id":13363,"date":"2022-11-03T13:51:38","date_gmt":"2022-11-03T12:51:38","guid":{"rendered":"http:\/\/aem.hr\/?page_id=13363"},"modified":"2022-11-03T13:51:39","modified_gmt":"2022-11-03T12:51:39","slug":"biljana-basic-asistenti-u-nastavi-kako-dalje-izazovi-u-radu-s-nagluhom-djecom","status":"publish","type":"page","link":"https:\/\/aem.hr\/en\/biljana-basic-asistenti-u-nastavi-kako-dalje-izazovi-u-radu-s-nagluhom-djecom\/","title":{"rendered":"Biljana Ba\u0161i\u0107 &#8211; Asistenti u nastavi, kako dalje &#8211; izazovi u radu s (na)gluhom djecom"},"content":{"rendered":"\n<div class=\"wp-block-file\"><a id=\"wp-block-file--media-270d45ff-9260-48e5-a444-063087763bc0\" href=\"https:\/\/aem.hr\/wp-content\/uploads\/2022\/11\/1.-Do-kraja-godine-rijesit-ce-status-asistenata.pdf\">1. Do kraja godine rije\u0161it \u0107e status asistenata, ho\u0107e li dobiti ve\u0107e pla\u0107e.pdf<\/a><a href=\"https:\/\/aem.hr\/wp-content\/uploads\/2022\/11\/1.-Do-kraja-godine-rijesit-ce-status-asistenata.pdf\" class=\"wp-block-file__button wp-element-button\" download aria-describedby=\"wp-block-file--media-270d45ff-9260-48e5-a444-063087763bc0\">Preuzimanje<\/a><\/div>\n\n\n\n<div class=\"wp-block-file\"><a id=\"wp-block-file--media-706d4edb-5176-4109-ad35-d088317f433a\" href=\"https:\/\/aem.hr\/wp-content\/uploads\/2022\/11\/2.-Asistentica-u-nastavi_-Odgovorni-kao-papige.pdf\">2. Asistentica u nastavi_ Odgovorni kao papige<\/a><a href=\"https:\/\/aem.hr\/wp-content\/uploads\/2022\/11\/2.-Asistentica-u-nastavi_-Odgovorni-kao-papige.pdf\" class=\"wp-block-file__button wp-element-button\" download aria-describedby=\"wp-block-file--media-706d4edb-5176-4109-ad35-d088317f433a\">Preuzimanje<\/a><\/div>\n\n\n\n<div class=\"wp-block-file\"><a id=\"wp-block-file--media-a43ba45f-e43e-4771-9e83-57e5b852a857\" href=\"https:\/\/aem.hr\/wp-content\/uploads\/2022\/11\/3.-Dr.-Damir-Kovacic_-Od-djetinjstva-sam-znao.pdf\">3. Dr. Damir Kova\u010di\u0107_ Od djetinjstva sam znao<\/a><a href=\"https:\/\/aem.hr\/wp-content\/uploads\/2022\/11\/3.-Dr.-Damir-Kovacic_-Od-djetinjstva-sam-znao.pdf\" class=\"wp-block-file__button wp-element-button\" download aria-describedby=\"wp-block-file--media-a43ba45f-e43e-4771-9e83-57e5b852a857\">Preuzimanje<\/a><\/div>\n\n\n\n<div class=\"wp-block-file\"><a id=\"wp-block-file--media-bea81fbf-78ba-4b45-b1d8-18b462452ec0\" href=\"https:\/\/aem.hr\/wp-content\/uploads\/2022\/11\/4.-Asistentica-radi-10-godina-u-skoli.pdf\">4. Asistentica radi 10 godina u \u0161koli<\/a><a href=\"https:\/\/aem.hr\/wp-content\/uploads\/2022\/11\/4.-Asistentica-radi-10-godina-u-skoli.pdf\" class=\"wp-block-file__button wp-element-button\" download aria-describedby=\"wp-block-file--media-bea81fbf-78ba-4b45-b1d8-18b462452ec0\">Preuzimanje<\/a><\/div>\n\n\n\n<div class=\"wp-block-file\"><a id=\"wp-block-file--media-d9a957fd-adc5-4d9a-bbd4-6404160726fd\" href=\"https:\/\/aem.hr\/wp-content\/uploads\/2022\/11\/5.-Asistentica-Ratkovic_-O-radu-na-neodredeno.pdf\">5. Asistentica Ratkovi\u0107_ O radu na neodre\u0111eno<\/a><a href=\"https:\/\/aem.hr\/wp-content\/uploads\/2022\/11\/5.-Asistentica-Ratkovic_-O-radu-na-neodredeno.pdf\" class=\"wp-block-file__button wp-element-button\" download aria-describedby=\"wp-block-file--media-d9a957fd-adc5-4d9a-bbd4-6404160726fd\">Preuzimanje<\/a><\/div>\n\n\n\n<div class=\"wp-block-file\"><a id=\"wp-block-file--media-4b34e6ac-f8a3-4254-91f9-ecc952a9e535\" href=\"https:\/\/aem.hr\/wp-content\/uploads\/2022\/11\/6.-Savez-\u201eDodir_-Znakovni-jezik-gotovo.pdf\">6. Savez \u201eDodir\u201d_ Znakovni jezik gotovo<\/a><a href=\"https:\/\/aem.hr\/wp-content\/uploads\/2022\/11\/6.-Savez-\u201eDodir_-Znakovni-jezik-gotovo.pdf\" class=\"wp-block-file__button wp-element-button\" download aria-describedby=\"wp-block-file--media-4b34e6ac-f8a3-4254-91f9-ecc952a9e535\">Preuzimanje<\/a><\/div>\n\n\n\n<p><\/p>\n","protected":false},"excerpt":{"rendered":"","protected":false},"author":18,"featured_media":0,"parent":0,"menu_order":0,"comment_status":"closed","ping_status":"closed","template":"","meta":{"_acf_changed":false,"inline_featured_image":false,"advgb_blocks_editor_width":"","advgb_blocks_columns_visual_guide":"","_links_to":"","_links_to_type":0,"footnotes":""},"class_list":["post-13363","page","type-page","status-publish","hentry"],"acf":[],"yoast_head":"<!-- This site is optimized with the Yoast SEO plugin v25.7 - https:\/\/yoast.com\/wordpress\/plugins\/seo\/ -->\n<title>Biljana Ba\u0161i\u0107 - Asistenti u nastavi, kako dalje - izazovi u radu s (na)gluhom djecom - Agencija za elektroni\u010dke medije<\/title>\n<meta name=\"robots\" content=\"index, follow, max-snippet:-1, max-image-preview:large, max-video-preview:-1\" \/>\n<link rel=\"canonical\" href=\"https:\/\/aem.hr\/biljana-basic-asistenti-u-nastavi-kako-dalje-izazovi-u-radu-s-nagluhom-djecom\/\" \/>\n<meta property=\"og:locale\" content=\"en_US\" \/>\n<meta property=\"og:type\" content=\"article\" \/>\n<meta property=\"og:title\" content=\"Biljana Ba\u0161i\u0107 - Asistenti u nastavi, kako dalje - izazovi u radu s (na)gluhom djecom - Agencija za elektroni\u010dke medije\" \/>\n<meta property=\"og:url\" content=\"https:\/\/aem.hr\/biljana-basic-asistenti-u-nastavi-kako-dalje-izazovi-u-radu-s-nagluhom-djecom\/\" \/>\n<meta property=\"og:site_name\" content=\"Agencija za elektroni\u010dke medije\" \/>\n<meta property=\"article:modified_time\" content=\"2022-11-03T12:51:39+00:00\" \/>\n<meta name=\"twitter:card\" content=\"summary_large_image\" \/>\n<meta name=\"twitter:label1\" content=\"Est. reading time\" \/>\n\t<meta name=\"twitter:data1\" content=\"1 minute\" \/>\n<script type=\"application\/ld+json\" class=\"yoast-schema-graph\">{\"@context\":\"https:\/\/schema.org\",\"@graph\":[{\"@type\":\"WebPage\",\"@id\":\"https:\/\/aem.hr\/biljana-basic-asistenti-u-nastavi-kako-dalje-izazovi-u-radu-s-nagluhom-djecom\/\",\"url\":\"https:\/\/aem.hr\/biljana-basic-asistenti-u-nastavi-kako-dalje-izazovi-u-radu-s-nagluhom-djecom\/\",\"name\":\"Biljana Ba\u0161i\u0107 - Asistenti u nastavi, kako dalje - izazovi u radu s (na)gluhom djecom - Agencija za elektroni\u010dke medije\",\"isPartOf\":{\"@id\":\"https:\/\/aem.hr\/#website\"},\"datePublished\":\"2022-11-03T12:51:38+00:00\",\"dateModified\":\"2022-11-03T12:51:39+00:00\",\"breadcrumb\":{\"@id\":\"https:\/\/aem.hr\/biljana-basic-asistenti-u-nastavi-kako-dalje-izazovi-u-radu-s-nagluhom-djecom\/#breadcrumb\"},\"inLanguage\":\"en-US\",\"potentialAction\":[{\"@type\":\"ReadAction\",\"target\":[\"https:\/\/aem.hr\/biljana-basic-asistenti-u-nastavi-kako-dalje-izazovi-u-radu-s-nagluhom-djecom\/\"]}]},{\"@type\":\"BreadcrumbList\",\"@id\":\"https:\/\/aem.hr\/biljana-basic-asistenti-u-nastavi-kako-dalje-izazovi-u-radu-s-nagluhom-djecom\/#breadcrumb\",\"itemListElement\":[{\"@type\":\"ListItem\",\"position\":1,\"name\":\"Po\u010detna stranica\",\"item\":\"https:\/\/aem.hr\/\"},{\"@type\":\"ListItem\",\"position\":2,\"name\":\"Biljana Ba\u0161i\u0107 &#8211; Asistenti u nastavi, kako dalje &#8211; izazovi u radu s (na)gluhom djecom\"}]},{\"@type\":\"WebSite\",\"@id\":\"https:\/\/aem.hr\/#website\",\"url\":\"https:\/\/aem.hr\/\",\"name\":\"Agencija za elektroni\u010dke medije\",\"description\":\"\",\"potentialAction\":[{\"@type\":\"SearchAction\",\"target\":{\"@type\":\"EntryPoint\",\"urlTemplate\":\"https:\/\/aem.hr\/?s={search_term_string}\"},\"query-input\":{\"@type\":\"PropertyValueSpecification\",\"valueRequired\":true,\"valueName\":\"search_term_string\"}}],\"inLanguage\":\"en-US\"}]}<\/script>\n<!-- \/ Yoast SEO plugin. -->","yoast_head_json":{"title":"Biljana Ba\u0161i\u0107 - Asistenti u nastavi, kako dalje - izazovi u radu s (na)gluhom djecom - Agencija za elektroni\u010dke medije","robots":{"index":"index","follow":"follow","max-snippet":"max-snippet:-1","max-image-preview":"max-image-preview:large","max-video-preview":"max-video-preview:-1"},"canonical":"https:\/\/aem.hr\/biljana-basic-asistenti-u-nastavi-kako-dalje-izazovi-u-radu-s-nagluhom-djecom\/","og_locale":"en_US","og_type":"article","og_title":"Biljana Ba\u0161i\u0107 - Asistenti u nastavi, kako dalje - izazovi u radu s (na)gluhom djecom - Agencija za elektroni\u010dke medije","og_url":"https:\/\/aem.hr\/biljana-basic-asistenti-u-nastavi-kako-dalje-izazovi-u-radu-s-nagluhom-djecom\/","og_site_name":"Agencija za elektroni\u010dke medije","article_modified_time":"2022-11-03T12:51:39+00:00","twitter_card":"summary_large_image","twitter_misc":{"Est. reading time":"1 minute"},"schema":{"@context":"https:\/\/schema.org","@graph":[{"@type":"WebPage","@id":"https:\/\/aem.hr\/biljana-basic-asistenti-u-nastavi-kako-dalje-izazovi-u-radu-s-nagluhom-djecom\/","url":"https:\/\/aem.hr\/biljana-basic-asistenti-u-nastavi-kako-dalje-izazovi-u-radu-s-nagluhom-djecom\/","name":"Biljana Ba\u0161i\u0107 - Asistenti u nastavi, kako dalje - izazovi u radu s (na)gluhom djecom - Agencija za elektroni\u010dke medije","isPartOf":{"@id":"https:\/\/aem.hr\/#website"},"datePublished":"2022-11-03T12:51:38+00:00","dateModified":"2022-11-03T12:51:39+00:00","breadcrumb":{"@id":"https:\/\/aem.hr\/biljana-basic-asistenti-u-nastavi-kako-dalje-izazovi-u-radu-s-nagluhom-djecom\/#breadcrumb"},"inLanguage":"en-US","potentialAction":[{"@type":"ReadAction","target":["https:\/\/aem.hr\/biljana-basic-asistenti-u-nastavi-kako-dalje-izazovi-u-radu-s-nagluhom-djecom\/"]}]},{"@type":"BreadcrumbList","@id":"https:\/\/aem.hr\/biljana-basic-asistenti-u-nastavi-kako-dalje-izazovi-u-radu-s-nagluhom-djecom\/#breadcrumb","itemListElement":[{"@type":"ListItem","position":1,"name":"Po\u010detna stranica","item":"https:\/\/aem.hr\/"},{"@type":"ListItem","position":2,"name":"Biljana Ba\u0161i\u0107 &#8211; Asistenti u nastavi, kako dalje &#8211; izazovi u radu s (na)gluhom djecom"}]},{"@type":"WebSite","@id":"https:\/\/aem.hr\/#website","url":"https:\/\/aem.hr\/","name":"Agencija za elektroni\u010dke medije","description":"","potentialAction":[{"@type":"SearchAction","target":{"@type":"EntryPoint","urlTemplate":"https:\/\/aem.hr\/?s={search_term_string}"},"query-input":{"@type":"PropertyValueSpecification","valueRequired":true,"valueName":"search_term_string"}}],"inLanguage":"en-US"}]}},"coauthors":[],"author_meta":{"author_link":"https:\/\/aem.hr\/en\/blog\/author\/mkirac\/","display_name":"Matko Kirac"},"relative_dates":{"created":"Posted 3 years ago","modified":"Updated 3 years ago"},"absolute_dates":{"created":"Posted on 3. November 2022.","modified":"Updated on 3. November 2022."},"absolute_dates_time":{"created":"Posted on 3. November 2022. 13:51","modified":"Updated on 3. November 2022. 13:51"},"featured_img_caption":"","featured_img":false,"series_order":"","_links":{"self":[{"href":"https:\/\/aem.hr\/en\/wp-json\/wp\/v2\/pages\/13363","targetHints":{"allow":["GET"]}}],"collection":[{"href":"https:\/\/aem.hr\/en\/wp-json\/wp\/v2\/pages"}],"about":[{"href":"https:\/\/aem.hr\/en\/wp-json\/wp\/v2\/types\/page"}],"author":[{"embeddable":true,"href":"https:\/\/aem.hr\/en\/wp-json\/wp\/v2\/users\/18"}],"replies":[{"embeddable":true,"href":"https:\/\/aem.hr\/en\/wp-json\/wp\/v2\/comments?post=13363"}],"version-history":[{"count":1,"href":"https:\/\/aem.hr\/en\/wp-json\/wp\/v2\/pages\/13363\/revisions"}],"predecessor-version":[{"id":13376,"href":"https:\/\/aem.hr\/en\/wp-json\/wp\/v2\/pages\/13363\/revisions\/13376"}],"wp:attachment":[{"href":"https:\/\/aem.hr\/en\/wp-json\/wp\/v2\/media?parent=13363"}],"curies":[{"name":"wp","href":"https:\/\/api.w.org\/{rel}","templated":true}]}}