{"id":13381,"date":"2022-11-03T13:57:02","date_gmt":"2022-11-03T12:57:02","guid":{"rendered":"http:\/\/aem.hr\/?page_id=13381"},"modified":"2022-11-03T13:57:03","modified_gmt":"2022-11-03T12:57:03","slug":"josip-antic-otocanke-biti-zena-na-otoku","status":"publish","type":"page","link":"https:\/\/aem.hr\/en\/josip-antic-otocanke-biti-zena-na-otoku\/","title":{"rendered":"Josip Anti\u0107 &#8211; Oto\u010danke, biti \u017eena na otoku"},"content":{"rendered":"\n<div class=\"wp-block-file\"><a id=\"wp-block-file--media-823873fd-5826-42f2-b97d-280b593b5577\" href=\"https:\/\/aem.hr\/wp-content\/uploads\/2022\/11\/1.-IVANA-MEDIC-\u2013-Kad-su-tate-i-mame.pdf\">1. IVANA MEDI\u0106 \u2013 Kad su tate i mame<\/a><a href=\"https:\/\/aem.hr\/wp-content\/uploads\/2022\/11\/1.-IVANA-MEDIC-\u2013-Kad-su-tate-i-mame.pdf\" class=\"wp-block-file__button wp-element-button\" download aria-describedby=\"wp-block-file--media-823873fd-5826-42f2-b97d-280b593b5577\">Preuzimanje<\/a><\/div>\n\n\n\n<div class=\"wp-block-file\"><a id=\"wp-block-file--media-18e73846-0bb3-4abb-afa5-50d3bf1f130d\" href=\"https:\/\/aem.hr\/wp-content\/uploads\/2022\/11\/2.-JOVANA-CUTUL-Zena-je-zeni-\u2013-bodulka.pdf\">2. JOVANA \u010cUTUL \u017dena je \u017eeni \u2013 bodulka<\/a><a href=\"https:\/\/aem.hr\/wp-content\/uploads\/2022\/11\/2.-JOVANA-CUTUL-Zena-je-zeni-\u2013-bodulka.pdf\" class=\"wp-block-file__button wp-element-button\" download aria-describedby=\"wp-block-file--media-18e73846-0bb3-4abb-afa5-50d3bf1f130d\">Preuzimanje<\/a><\/div>\n\n\n\n<div class=\"wp-block-file\"><a id=\"wp-block-file--media-111cef56-6942-425e-b979-2cf91c3579fa\" href=\"https:\/\/aem.hr\/wp-content\/uploads\/2022\/11\/3.-MARIJA-MARE-MRGUDIC-Iza-svake-bobe.pdf\">3. MARIJA, MARE MRGUDI\u0106 Iza svake bobe<\/a><a href=\"https:\/\/aem.hr\/wp-content\/uploads\/2022\/11\/3.-MARIJA-MARE-MRGUDIC-Iza-svake-bobe.pdf\" class=\"wp-block-file__button wp-element-button\" download aria-describedby=\"wp-block-file--media-111cef56-6942-425e-b979-2cf91c3579fa\">Preuzimanje<\/a><\/div>\n\n\n\n<div class=\"wp-block-file\"><a id=\"wp-block-file--media-d8574157-f9c5-4423-93f3-a66e662383dd\" href=\"https:\/\/aem.hr\/wp-content\/uploads\/2022\/11\/4.-dr.-sc.-SANJA-KLEMPIC-BOGADI-i-dr.-sc.-SONJA-PODGORELEC.pdf\">4. dr. sc. SANJA KLEMPI\u0106 BOGADI i dr. sc. SONJA PODGORELEC<\/a><a href=\"https:\/\/aem.hr\/wp-content\/uploads\/2022\/11\/4.-dr.-sc.-SANJA-KLEMPIC-BOGADI-i-dr.-sc.-SONJA-PODGORELEC.pdf\" class=\"wp-block-file__button wp-element-button\" download aria-describedby=\"wp-block-file--media-d8574157-f9c5-4423-93f3-a66e662383dd\">Preuzimanje<\/a><\/div>\n\n\n\n<div class=\"wp-block-file\"><a id=\"wp-block-file--media-9ff36dfc-e23e-4b82-87c8-33c7ace79d2c\" href=\"https:\/\/aem.hr\/wp-content\/uploads\/2022\/11\/5.-KATE-SIKIC-CUBRIC-U-Betini-zna-se-ona-vridi-zlata.pdf\">5. KATE \u0160IKI\u0106 \u010cUBRI\u0106 U Betini, zna se, ona vridi zlata<\/a><a href=\"https:\/\/aem.hr\/wp-content\/uploads\/2022\/11\/5.-KATE-SIKIC-CUBRIC-U-Betini-zna-se-ona-vridi-zlata.pdf\" class=\"wp-block-file__button wp-element-button\" download aria-describedby=\"wp-block-file--media-9ff36dfc-e23e-4b82-87c8-33c7ace79d2c\">Preuzimanje<\/a><\/div>\n\n\n\n<div class=\"wp-block-file\"><a id=\"wp-block-file--media-9c2be39d-372f-4074-9277-34abacd67ced\" href=\"https:\/\/aem.hr\/wp-content\/uploads\/2022\/11\/6.-IVANA-MARKOVIC-Nema-bolje-podrske.pdf\">6. IVANA MARKOVI\u0106 Nema bolje podr\u0161ke<\/a><a href=\"https:\/\/aem.hr\/wp-content\/uploads\/2022\/11\/6.-IVANA-MARKOVIC-Nema-bolje-podrske.pdf\" class=\"wp-block-file__button wp-element-button\" download aria-describedby=\"wp-block-file--media-9c2be39d-372f-4074-9277-34abacd67ced\">Preuzimanje<\/a><\/div>\n\n\n\n<p><\/p>\n","protected":false},"excerpt":{"rendered":"","protected":false},"author":18,"featured_media":0,"parent":0,"menu_order":0,"comment_status":"closed","ping_status":"closed","template":"","meta":{"_acf_changed":false,"inline_featured_image":false,"advgb_blocks_editor_width":"","advgb_blocks_columns_visual_guide":"","_links_to":"","_links_to_type":0,"footnotes":""},"class_list":["post-13381","page","type-page","status-publish","hentry"],"acf":[],"yoast_head":"<!-- This site is optimized with the Yoast SEO plugin v25.7 - https:\/\/yoast.com\/wordpress\/plugins\/seo\/ -->\n<title>Josip Anti\u0107 - Oto\u010danke, biti \u017eena na otoku - Agencija za elektroni\u010dke medije<\/title>\n<meta name=\"robots\" content=\"index, follow, max-snippet:-1, max-image-preview:large, max-video-preview:-1\" \/>\n<link rel=\"canonical\" href=\"https:\/\/aem.hr\/josip-antic-otocanke-biti-zena-na-otoku\/\" \/>\n<meta property=\"og:locale\" content=\"en_US\" \/>\n<meta property=\"og:type\" content=\"article\" \/>\n<meta property=\"og:title\" content=\"Josip Anti\u0107 - Oto\u010danke, biti \u017eena na otoku - Agencija za elektroni\u010dke medije\" \/>\n<meta property=\"og:url\" content=\"https:\/\/aem.hr\/josip-antic-otocanke-biti-zena-na-otoku\/\" \/>\n<meta property=\"og:site_name\" content=\"Agencija za elektroni\u010dke medije\" \/>\n<meta property=\"article:modified_time\" content=\"2022-11-03T12:57:03+00:00\" \/>\n<meta name=\"twitter:card\" content=\"summary_large_image\" \/>\n<meta name=\"twitter:label1\" content=\"Est. reading time\" \/>\n\t<meta name=\"twitter:data1\" content=\"1 minute\" \/>\n<script type=\"application\/ld+json\" class=\"yoast-schema-graph\">{\"@context\":\"https:\/\/schema.org\",\"@graph\":[{\"@type\":\"WebPage\",\"@id\":\"https:\/\/aem.hr\/josip-antic-otocanke-biti-zena-na-otoku\/\",\"url\":\"https:\/\/aem.hr\/josip-antic-otocanke-biti-zena-na-otoku\/\",\"name\":\"Josip Anti\u0107 - Oto\u010danke, biti \u017eena na otoku - Agencija za elektroni\u010dke medije\",\"isPartOf\":{\"@id\":\"https:\/\/aem.hr\/#website\"},\"datePublished\":\"2022-11-03T12:57:02+00:00\",\"dateModified\":\"2022-11-03T12:57:03+00:00\",\"breadcrumb\":{\"@id\":\"https:\/\/aem.hr\/josip-antic-otocanke-biti-zena-na-otoku\/#breadcrumb\"},\"inLanguage\":\"en-US\",\"potentialAction\":[{\"@type\":\"ReadAction\",\"target\":[\"https:\/\/aem.hr\/josip-antic-otocanke-biti-zena-na-otoku\/\"]}]},{\"@type\":\"BreadcrumbList\",\"@id\":\"https:\/\/aem.hr\/josip-antic-otocanke-biti-zena-na-otoku\/#breadcrumb\",\"itemListElement\":[{\"@type\":\"ListItem\",\"position\":1,\"name\":\"Po\u010detna stranica\",\"item\":\"https:\/\/aem.hr\/\"},{\"@type\":\"ListItem\",\"position\":2,\"name\":\"Josip Anti\u0107 &#8211; Oto\u010danke, biti \u017eena na otoku\"}]},{\"@type\":\"WebSite\",\"@id\":\"https:\/\/aem.hr\/#website\",\"url\":\"https:\/\/aem.hr\/\",\"name\":\"Agencija za elektroni\u010dke medije\",\"description\":\"\",\"potentialAction\":[{\"@type\":\"SearchAction\",\"target\":{\"@type\":\"EntryPoint\",\"urlTemplate\":\"https:\/\/aem.hr\/?s={search_term_string}\"},\"query-input\":{\"@type\":\"PropertyValueSpecification\",\"valueRequired\":true,\"valueName\":\"search_term_string\"}}],\"inLanguage\":\"en-US\"}]}<\/script>\n<!-- \/ Yoast SEO plugin. -->","yoast_head_json":{"title":"Josip Anti\u0107 - Oto\u010danke, biti \u017eena na otoku - Agencija za elektroni\u010dke medije","robots":{"index":"index","follow":"follow","max-snippet":"max-snippet:-1","max-image-preview":"max-image-preview:large","max-video-preview":"max-video-preview:-1"},"canonical":"https:\/\/aem.hr\/josip-antic-otocanke-biti-zena-na-otoku\/","og_locale":"en_US","og_type":"article","og_title":"Josip Anti\u0107 - Oto\u010danke, biti \u017eena na otoku - Agencija za elektroni\u010dke medije","og_url":"https:\/\/aem.hr\/josip-antic-otocanke-biti-zena-na-otoku\/","og_site_name":"Agencija za elektroni\u010dke medije","article_modified_time":"2022-11-03T12:57:03+00:00","twitter_card":"summary_large_image","twitter_misc":{"Est. reading time":"1 minute"},"schema":{"@context":"https:\/\/schema.org","@graph":[{"@type":"WebPage","@id":"https:\/\/aem.hr\/josip-antic-otocanke-biti-zena-na-otoku\/","url":"https:\/\/aem.hr\/josip-antic-otocanke-biti-zena-na-otoku\/","name":"Josip Anti\u0107 - Oto\u010danke, biti \u017eena na otoku - Agencija za elektroni\u010dke medije","isPartOf":{"@id":"https:\/\/aem.hr\/#website"},"datePublished":"2022-11-03T12:57:02+00:00","dateModified":"2022-11-03T12:57:03+00:00","breadcrumb":{"@id":"https:\/\/aem.hr\/josip-antic-otocanke-biti-zena-na-otoku\/#breadcrumb"},"inLanguage":"en-US","potentialAction":[{"@type":"ReadAction","target":["https:\/\/aem.hr\/josip-antic-otocanke-biti-zena-na-otoku\/"]}]},{"@type":"BreadcrumbList","@id":"https:\/\/aem.hr\/josip-antic-otocanke-biti-zena-na-otoku\/#breadcrumb","itemListElement":[{"@type":"ListItem","position":1,"name":"Po\u010detna stranica","item":"https:\/\/aem.hr\/"},{"@type":"ListItem","position":2,"name":"Josip Anti\u0107 &#8211; Oto\u010danke, biti \u017eena na otoku"}]},{"@type":"WebSite","@id":"https:\/\/aem.hr\/#website","url":"https:\/\/aem.hr\/","name":"Agencija za elektroni\u010dke medije","description":"","potentialAction":[{"@type":"SearchAction","target":{"@type":"EntryPoint","urlTemplate":"https:\/\/aem.hr\/?s={search_term_string}"},"query-input":{"@type":"PropertyValueSpecification","valueRequired":true,"valueName":"search_term_string"}}],"inLanguage":"en-US"}]}},"coauthors":[],"author_meta":{"author_link":"https:\/\/aem.hr\/en\/blog\/author\/mkirac\/","display_name":"Matko Kirac"},"relative_dates":{"created":"Posted 3 years ago","modified":"Updated 3 years ago"},"absolute_dates":{"created":"Posted on 3. November 2022.","modified":"Updated on 3. November 2022."},"absolute_dates_time":{"created":"Posted on 3. November 2022. 13:57","modified":"Updated on 3. November 2022. 13:57"},"featured_img_caption":"","featured_img":false,"series_order":"","_links":{"self":[{"href":"https:\/\/aem.hr\/en\/wp-json\/wp\/v2\/pages\/13381","targetHints":{"allow":["GET"]}}],"collection":[{"href":"https:\/\/aem.hr\/en\/wp-json\/wp\/v2\/pages"}],"about":[{"href":"https:\/\/aem.hr\/en\/wp-json\/wp\/v2\/types\/page"}],"author":[{"embeddable":true,"href":"https:\/\/aem.hr\/en\/wp-json\/wp\/v2\/users\/18"}],"replies":[{"embeddable":true,"href":"https:\/\/aem.hr\/en\/wp-json\/wp\/v2\/comments?post=13381"}],"version-history":[{"count":1,"href":"https:\/\/aem.hr\/en\/wp-json\/wp\/v2\/pages\/13381\/revisions"}],"predecessor-version":[{"id":13394,"href":"https:\/\/aem.hr\/en\/wp-json\/wp\/v2\/pages\/13381\/revisions\/13394"}],"wp:attachment":[{"href":"https:\/\/aem.hr\/en\/wp-json\/wp\/v2\/media?parent=13381"}],"curies":[{"name":"wp","href":"https:\/\/api.w.org\/{rel}","templated":true}]}}