{"id":13396,"date":"2022-11-03T14:02:34","date_gmt":"2022-11-03T13:02:34","guid":{"rendered":"http:\/\/aem.hr\/?page_id=13396"},"modified":"2022-11-03T14:02:35","modified_gmt":"2022-11-03T13:02:35","slug":"davor-dijanovic-agresija-ruske-federacije-na-ukrajinu-povijesni-geopoliticki-i-sigurnosni-aspekti","status":"publish","type":"page","link":"https:\/\/aem.hr\/en\/davor-dijanovic-agresija-ruske-federacije-na-ukrajinu-povijesni-geopoliticki-i-sigurnosni-aspekti\/","title":{"rendered":"Davor Dijanovi\u0107 &#8211; Agresija Ruske Federacije na Ukrajinu: Povijesni, geopoliti\u010dki i sigurnosni aspekti"},"content":{"rendered":"\n<div class=\"wp-block-file\"><a id=\"wp-block-file--media-d65635e5-1775-4e80-80ad-1c79ce0e4a51\" href=\"https:\/\/aem.hr\/wp-content\/uploads\/2022\/11\/1.-Od-Kijevske-Rusi-do-moderne-ukrajinske-drzave.pdf\">1. Od Kijevske Rus&#8217;i do moderne ukrajinske drzave<\/a><a href=\"https:\/\/aem.hr\/wp-content\/uploads\/2022\/11\/1.-Od-Kijevske-Rusi-do-moderne-ukrajinske-drzave.pdf\" class=\"wp-block-file__button wp-element-button\" download aria-describedby=\"wp-block-file--media-d65635e5-1775-4e80-80ad-1c79ce0e4a51\">Preuzimanje<\/a><\/div>\n\n\n\n<div class=\"wp-block-file\"><a id=\"wp-block-file--media-ae7b1590-cb0c-40a2-a2ac-c29863fecb2c\" href=\"https:\/\/aem.hr\/wp-content\/uploads\/2022\/11\/2.-Aneksija-Krima-i-dezavuiranje-ukrajinskog-identiteta.pdf\">2. Aneksija Krima i dezavuiranje ukrajinskog identiteta<\/a><a href=\"https:\/\/aem.hr\/wp-content\/uploads\/2022\/11\/2.-Aneksija-Krima-i-dezavuiranje-ukrajinskog-identiteta.pdf\" class=\"wp-block-file__button wp-element-button\" download aria-describedby=\"wp-block-file--media-ae7b1590-cb0c-40a2-a2ac-c29863fecb2c\">Preuzimanje<\/a><\/div>\n\n\n\n<div class=\"wp-block-file\"><a id=\"wp-block-file--media-9487cc4d-4a74-4d44-a7d8-d9abf440c41b\" href=\"https:\/\/aem.hr\/wp-content\/uploads\/2022\/11\/3.-Ruski-svijet_-i-agresija-Ruske-Federacije-na-Ukrajinu.pdf\">3. Ruski svijet_ i agresija Ruske Federacije na Ukrajinu<\/a><a href=\"https:\/\/aem.hr\/wp-content\/uploads\/2022\/11\/3.-Ruski-svijet_-i-agresija-Ruske-Federacije-na-Ukrajinu.pdf\" class=\"wp-block-file__button wp-element-button\" download aria-describedby=\"wp-block-file--media-9487cc4d-4a74-4d44-a7d8-d9abf440c41b\">Preuzimanje<\/a><\/div>\n\n\n\n<div class=\"wp-block-file\"><a id=\"wp-block-file--media-e42bda5b-3677-4959-ae40-3924a988b8fa\" href=\"https:\/\/aem.hr\/wp-content\/uploads\/2022\/11\/4.-Vjerski-prijepori-Kijeva-i-Moskve.pdf\">4. Vjerski prijepori Kijeva i Moskve<\/a><a href=\"https:\/\/aem.hr\/wp-content\/uploads\/2022\/11\/4.-Vjerski-prijepori-Kijeva-i-Moskve.pdf\" class=\"wp-block-file__button wp-element-button\" download aria-describedby=\"wp-block-file--media-e42bda5b-3677-4959-ae40-3924a988b8fa\">Preuzimanje<\/a><\/div>\n\n\n\n<div class=\"wp-block-file\"><a id=\"wp-block-file--media-f223616b-8635-45ff-a4cc-c1d1bf6674bf\" href=\"https:\/\/aem.hr\/wp-content\/uploads\/2022\/11\/5.-Implikacije-ukrajinskog-rata-na-hrvatsko-sigurnosno-okruzenje.pdf\">5. Implikacije ukrajinskog rata na hrvatsko sigurnosno okruzenje<\/a><a href=\"https:\/\/aem.hr\/wp-content\/uploads\/2022\/11\/5.-Implikacije-ukrajinskog-rata-na-hrvatsko-sigurnosno-okruzenje.pdf\" class=\"wp-block-file__button wp-element-button\" download aria-describedby=\"wp-block-file--media-f223616b-8635-45ff-a4cc-c1d1bf6674bf\">Preuzimanje<\/a><\/div>\n\n\n\n<div class=\"wp-block-file\"><a id=\"wp-block-file--media-04478db4-e4ce-49a0-b7ba-c48c02285771\" href=\"https:\/\/aem.hr\/wp-content\/uploads\/2022\/11\/6.-Izazovi-integracije-izbjeglica-iz-Ukrajine-primjer-Hrvatske.pdf\">6. Izazovi integracije izbjeglica iz Ukrajine &#8211; primjer Hrvatske<\/a><a href=\"https:\/\/aem.hr\/wp-content\/uploads\/2022\/11\/6.-Izazovi-integracije-izbjeglica-iz-Ukrajine-primjer-Hrvatske.pdf\" class=\"wp-block-file__button wp-element-button\" download aria-describedby=\"wp-block-file--media-04478db4-e4ce-49a0-b7ba-c48c02285771\">Preuzimanje<\/a><\/div>\n\n\n\n<p><\/p>\n","protected":false},"excerpt":{"rendered":"","protected":false},"author":18,"featured_media":0,"parent":0,"menu_order":0,"comment_status":"closed","ping_status":"closed","template":"","meta":{"_acf_changed":false,"inline_featured_image":false,"advgb_blocks_editor_width":"","advgb_blocks_columns_visual_guide":"","_links_to":"","_links_to_type":0,"footnotes":""},"class_list":["post-13396","page","type-page","status-publish","hentry"],"acf":[],"yoast_head":"<!-- This site is optimized with the Yoast SEO plugin v25.7 - https:\/\/yoast.com\/wordpress\/plugins\/seo\/ -->\n<title>Davor Dijanovi\u0107 - Agresija Ruske Federacije na Ukrajinu: Povijesni, geopoliti\u010dki i sigurnosni aspekti - Agencija za elektroni\u010dke medije<\/title>\n<meta name=\"robots\" content=\"index, follow, max-snippet:-1, max-image-preview:large, max-video-preview:-1\" \/>\n<link rel=\"canonical\" href=\"https:\/\/aem.hr\/davor-dijanovic-agresija-ruske-federacije-na-ukrajinu-povijesni-geopoliticki-i-sigurnosni-aspekti\/\" \/>\n<meta property=\"og:locale\" content=\"en_US\" \/>\n<meta property=\"og:type\" content=\"article\" \/>\n<meta property=\"og:title\" content=\"Davor Dijanovi\u0107 - Agresija Ruske Federacije na Ukrajinu: Povijesni, geopoliti\u010dki i sigurnosni aspekti - Agencija za elektroni\u010dke medije\" \/>\n<meta property=\"og:url\" content=\"https:\/\/aem.hr\/davor-dijanovic-agresija-ruske-federacije-na-ukrajinu-povijesni-geopoliticki-i-sigurnosni-aspekti\/\" \/>\n<meta property=\"og:site_name\" content=\"Agencija za elektroni\u010dke medije\" \/>\n<meta property=\"article:modified_time\" content=\"2022-11-03T13:02:35+00:00\" \/>\n<meta name=\"twitter:card\" content=\"summary_large_image\" \/>\n<meta name=\"twitter:label1\" content=\"Est. reading time\" \/>\n\t<meta name=\"twitter:data1\" content=\"1 minute\" \/>\n<script type=\"application\/ld+json\" class=\"yoast-schema-graph\">{\"@context\":\"https:\/\/schema.org\",\"@graph\":[{\"@type\":\"WebPage\",\"@id\":\"https:\/\/aem.hr\/davor-dijanovic-agresija-ruske-federacije-na-ukrajinu-povijesni-geopoliticki-i-sigurnosni-aspekti\/\",\"url\":\"https:\/\/aem.hr\/davor-dijanovic-agresija-ruske-federacije-na-ukrajinu-povijesni-geopoliticki-i-sigurnosni-aspekti\/\",\"name\":\"Davor Dijanovi\u0107 - Agresija Ruske Federacije na Ukrajinu: Povijesni, geopoliti\u010dki i sigurnosni aspekti - Agencija za elektroni\u010dke medije\",\"isPartOf\":{\"@id\":\"https:\/\/aem.hr\/#website\"},\"datePublished\":\"2022-11-03T13:02:34+00:00\",\"dateModified\":\"2022-11-03T13:02:35+00:00\",\"breadcrumb\":{\"@id\":\"https:\/\/aem.hr\/davor-dijanovic-agresija-ruske-federacije-na-ukrajinu-povijesni-geopoliticki-i-sigurnosni-aspekti\/#breadcrumb\"},\"inLanguage\":\"en-US\",\"potentialAction\":[{\"@type\":\"ReadAction\",\"target\":[\"https:\/\/aem.hr\/davor-dijanovic-agresija-ruske-federacije-na-ukrajinu-povijesni-geopoliticki-i-sigurnosni-aspekti\/\"]}]},{\"@type\":\"BreadcrumbList\",\"@id\":\"https:\/\/aem.hr\/davor-dijanovic-agresija-ruske-federacije-na-ukrajinu-povijesni-geopoliticki-i-sigurnosni-aspekti\/#breadcrumb\",\"itemListElement\":[{\"@type\":\"ListItem\",\"position\":1,\"name\":\"Po\u010detna stranica\",\"item\":\"https:\/\/aem.hr\/\"},{\"@type\":\"ListItem\",\"position\":2,\"name\":\"Davor Dijanovi\u0107 &#8211; Agresija Ruske Federacije na Ukrajinu: Povijesni, geopoliti\u010dki i sigurnosni aspekti\"}]},{\"@type\":\"WebSite\",\"@id\":\"https:\/\/aem.hr\/#website\",\"url\":\"https:\/\/aem.hr\/\",\"name\":\"Agencija za elektroni\u010dke medije\",\"description\":\"\",\"potentialAction\":[{\"@type\":\"SearchAction\",\"target\":{\"@type\":\"EntryPoint\",\"urlTemplate\":\"https:\/\/aem.hr\/?s={search_term_string}\"},\"query-input\":{\"@type\":\"PropertyValueSpecification\",\"valueRequired\":true,\"valueName\":\"search_term_string\"}}],\"inLanguage\":\"en-US\"}]}<\/script>\n<!-- \/ Yoast SEO plugin. -->","yoast_head_json":{"title":"Davor Dijanovi\u0107 - Agresija Ruske Federacije na Ukrajinu: Povijesni, geopoliti\u010dki i sigurnosni aspekti - Agencija za elektroni\u010dke medije","robots":{"index":"index","follow":"follow","max-snippet":"max-snippet:-1","max-image-preview":"max-image-preview:large","max-video-preview":"max-video-preview:-1"},"canonical":"https:\/\/aem.hr\/davor-dijanovic-agresija-ruske-federacije-na-ukrajinu-povijesni-geopoliticki-i-sigurnosni-aspekti\/","og_locale":"en_US","og_type":"article","og_title":"Davor Dijanovi\u0107 - Agresija Ruske Federacije na Ukrajinu: Povijesni, geopoliti\u010dki i sigurnosni aspekti - Agencija za elektroni\u010dke medije","og_url":"https:\/\/aem.hr\/davor-dijanovic-agresija-ruske-federacije-na-ukrajinu-povijesni-geopoliticki-i-sigurnosni-aspekti\/","og_site_name":"Agencija za elektroni\u010dke medije","article_modified_time":"2022-11-03T13:02:35+00:00","twitter_card":"summary_large_image","twitter_misc":{"Est. reading time":"1 minute"},"schema":{"@context":"https:\/\/schema.org","@graph":[{"@type":"WebPage","@id":"https:\/\/aem.hr\/davor-dijanovic-agresija-ruske-federacije-na-ukrajinu-povijesni-geopoliticki-i-sigurnosni-aspekti\/","url":"https:\/\/aem.hr\/davor-dijanovic-agresija-ruske-federacije-na-ukrajinu-povijesni-geopoliticki-i-sigurnosni-aspekti\/","name":"Davor Dijanovi\u0107 - Agresija Ruske Federacije na Ukrajinu: Povijesni, geopoliti\u010dki i sigurnosni aspekti - Agencija za elektroni\u010dke medije","isPartOf":{"@id":"https:\/\/aem.hr\/#website"},"datePublished":"2022-11-03T13:02:34+00:00","dateModified":"2022-11-03T13:02:35+00:00","breadcrumb":{"@id":"https:\/\/aem.hr\/davor-dijanovic-agresija-ruske-federacije-na-ukrajinu-povijesni-geopoliticki-i-sigurnosni-aspekti\/#breadcrumb"},"inLanguage":"en-US","potentialAction":[{"@type":"ReadAction","target":["https:\/\/aem.hr\/davor-dijanovic-agresija-ruske-federacije-na-ukrajinu-povijesni-geopoliticki-i-sigurnosni-aspekti\/"]}]},{"@type":"BreadcrumbList","@id":"https:\/\/aem.hr\/davor-dijanovic-agresija-ruske-federacije-na-ukrajinu-povijesni-geopoliticki-i-sigurnosni-aspekti\/#breadcrumb","itemListElement":[{"@type":"ListItem","position":1,"name":"Po\u010detna stranica","item":"https:\/\/aem.hr\/"},{"@type":"ListItem","position":2,"name":"Davor Dijanovi\u0107 &#8211; Agresija Ruske Federacije na Ukrajinu: Povijesni, geopoliti\u010dki i sigurnosni aspekti"}]},{"@type":"WebSite","@id":"https:\/\/aem.hr\/#website","url":"https:\/\/aem.hr\/","name":"Agencija za elektroni\u010dke medije","description":"","potentialAction":[{"@type":"SearchAction","target":{"@type":"EntryPoint","urlTemplate":"https:\/\/aem.hr\/?s={search_term_string}"},"query-input":{"@type":"PropertyValueSpecification","valueRequired":true,"valueName":"search_term_string"}}],"inLanguage":"en-US"}]}},"coauthors":[],"author_meta":{"author_link":"https:\/\/aem.hr\/en\/blog\/author\/mkirac\/","display_name":"Matko Kirac"},"relative_dates":{"created":"Posted 3 years ago","modified":"Updated 3 years ago"},"absolute_dates":{"created":"Posted on 3. November 2022.","modified":"Updated on 3. November 2022."},"absolute_dates_time":{"created":"Posted on 3. November 2022. 14:02","modified":"Updated on 3. November 2022. 14:02"},"featured_img_caption":"","featured_img":false,"series_order":"","_links":{"self":[{"href":"https:\/\/aem.hr\/en\/wp-json\/wp\/v2\/pages\/13396","targetHints":{"allow":["GET"]}}],"collection":[{"href":"https:\/\/aem.hr\/en\/wp-json\/wp\/v2\/pages"}],"about":[{"href":"https:\/\/aem.hr\/en\/wp-json\/wp\/v2\/types\/page"}],"author":[{"embeddable":true,"href":"https:\/\/aem.hr\/en\/wp-json\/wp\/v2\/users\/18"}],"replies":[{"embeddable":true,"href":"https:\/\/aem.hr\/en\/wp-json\/wp\/v2\/comments?post=13396"}],"version-history":[{"count":1,"href":"https:\/\/aem.hr\/en\/wp-json\/wp\/v2\/pages\/13396\/revisions"}],"predecessor-version":[{"id":13410,"href":"https:\/\/aem.hr\/en\/wp-json\/wp\/v2\/pages\/13396\/revisions\/13410"}],"wp:attachment":[{"href":"https:\/\/aem.hr\/en\/wp-json\/wp\/v2\/media?parent=13396"}],"curies":[{"name":"wp","href":"https:\/\/api.w.org\/{rel}","templated":true}]}}