{"id":13440,"date":"2022-11-03T14:13:27","date_gmt":"2022-11-03T13:13:27","guid":{"rendered":"http:\/\/aem.hr\/?page_id=13440"},"modified":"2022-11-03T14:13:33","modified_gmt":"2022-11-03T13:13:33","slug":"tomislav-sovagovic-rene-matousek-vukovar-sam-neispricana-prica","status":"publish","type":"page","link":"https:\/\/aem.hr\/en\/tomislav-sovagovic-rene-matousek-vukovar-sam-neispricana-prica\/","title":{"rendered":"Tomislav \u0160ovagovi\u0107 &#8211; Ren\u00e9 Matou\u0161ek \u2013 Vukovar s\u00e2m, neispri\u010dana pri\u010da"},"content":{"rendered":"\n<div class=\"wp-block-file\"><a id=\"wp-block-file--media-9d9f9d37-25c1-4ac9-a4e2-982c4a1155b6\" href=\"https:\/\/aem.hr\/wp-content\/uploads\/2022\/11\/1.-Prolog-\u2013-ime-koje-bismo-morali.pdf\">1. Prolog \u2013 ime koje bismo morali<\/a><a href=\"https:\/\/aem.hr\/wp-content\/uploads\/2022\/11\/1.-Prolog-\u2013-ime-koje-bismo-morali.pdf\" class=\"wp-block-file__button wp-element-button\" download aria-describedby=\"wp-block-file--media-9d9f9d37-25c1-4ac9-a4e2-982c4a1155b6\">Preuzimanje<\/a><\/div>\n\n\n\n<div class=\"wp-block-file\"><a id=\"wp-block-file--media-92a17aa4-4e32-4451-ab45-beefb23c1cdf\" href=\"https:\/\/aem.hr\/wp-content\/uploads\/2022\/11\/2.-Reneova-teta-Ankica.pdf\">2. Ren\u00e9ova teta Ankica<\/a><a href=\"https:\/\/aem.hr\/wp-content\/uploads\/2022\/11\/2.-Reneova-teta-Ankica.pdf\" class=\"wp-block-file__button wp-element-button\" download aria-describedby=\"wp-block-file--media-92a17aa4-4e32-4451-ab45-beefb23c1cdf\">Preuzimanje<\/a><\/div>\n\n\n\n<div class=\"wp-block-file\"><a id=\"wp-block-file--media-5b251252-770e-4d05-bc11-19d8e6694871\" href=\"https:\/\/aem.hr\/wp-content\/uploads\/2022\/11\/3.-Sandra-Harak-Moj-dragi-bratic-Rene.pdf\">3. Sandra Harak Moj dragi brati\u0107 Rene<\/a><a href=\"https:\/\/aem.hr\/wp-content\/uploads\/2022\/11\/3.-Sandra-Harak-Moj-dragi-bratic-Rene.pdf\" class=\"wp-block-file__button wp-element-button\" download aria-describedby=\"wp-block-file--media-5b251252-770e-4d05-bc11-19d8e6694871\">Preuzimanje<\/a><\/div>\n\n\n\n<div class=\"wp-block-file\"><a id=\"wp-block-file--media-dc7ae6ed-76a3-44b7-b5e3-dbb0544879a8\" href=\"https:\/\/aem.hr\/wp-content\/uploads\/2022\/11\/4.-Duhovita-osobnost-koja-je-zivjela-kulturu.pdf\">4. Duhovita osobnost koja je \u017eivjela kulturu<\/a><a href=\"https:\/\/aem.hr\/wp-content\/uploads\/2022\/11\/4.-Duhovita-osobnost-koja-je-zivjela-kulturu.pdf\" class=\"wp-block-file__button wp-element-button\" download aria-describedby=\"wp-block-file--media-dc7ae6ed-76a3-44b7-b5e3-dbb0544879a8\">Preuzimanje<\/a><\/div>\n\n\n\n<div class=\"wp-block-file\"><a id=\"wp-block-file--media-5ed2f3a1-239e-4cb5-a221-f01d5a674dce\" href=\"https:\/\/aem.hr\/wp-content\/uploads\/2022\/11\/5.-\u201eStope-vukovarske-mladosti.pdf\">5. \u201eStope\u201d vukovarske mladosti<\/a><a href=\"https:\/\/aem.hr\/wp-content\/uploads\/2022\/11\/5.-\u201eStope-vukovarske-mladosti.pdf\" class=\"wp-block-file__button wp-element-button\" download aria-describedby=\"wp-block-file--media-5ed2f3a1-239e-4cb5-a221-f01d5a674dce\">Preuzimanje<\/a><\/div>\n\n\n\n<div class=\"wp-block-file\"><a id=\"wp-block-file--media-0a633b33-bcfb-4b34-a88b-74e730deb2b9\" href=\"https:\/\/aem.hr\/wp-content\/uploads\/2022\/11\/6.-\u201eStope-vukovarske-mladosti-2.pdf\">6. \u201eStope\u201d vukovarske mladosti 2<\/a><a href=\"https:\/\/aem.hr\/wp-content\/uploads\/2022\/11\/6.-\u201eStope-vukovarske-mladosti-2.pdf\" class=\"wp-block-file__button wp-element-button\" download aria-describedby=\"wp-block-file--media-0a633b33-bcfb-4b34-a88b-74e730deb2b9\">Preuzimanje<\/a><\/div>\n\n\n\n<div class=\"wp-block-file\"><a id=\"wp-block-file--media-66abc2fe-6d55-45f8-a95b-5accccce933c\" href=\"https:\/\/aem.hr\/wp-content\/uploads\/2022\/11\/7.-Neobjavljene-pjesme.pdf\">7. (Ne)objavljene pjesme<\/a><a href=\"https:\/\/aem.hr\/wp-content\/uploads\/2022\/11\/7.-Neobjavljene-pjesme.pdf\" class=\"wp-block-file__button wp-element-button\" download aria-describedby=\"wp-block-file--media-66abc2fe-6d55-45f8-a95b-5accccce933c\">Preuzimanje<\/a><\/div>\n\n\n\n<div class=\"wp-block-file\"><a id=\"wp-block-file--media-eaede586-2d06-47d9-8e15-41c99f6bd8db\" href=\"https:\/\/aem.hr\/wp-content\/uploads\/2022\/11\/8.-Esperanto-\u201eGostoljubivosti.pdf\">8. Esperanto \u201eGostoljubivosti\u201d<\/a><a href=\"https:\/\/aem.hr\/wp-content\/uploads\/2022\/11\/8.-Esperanto-\u201eGostoljubivosti.pdf\" class=\"wp-block-file__button wp-element-button\" download aria-describedby=\"wp-block-file--media-eaede586-2d06-47d9-8e15-41c99f6bd8db\">Preuzimanje<\/a><\/div>\n\n\n\n<div class=\"wp-block-file\"><a id=\"wp-block-file--media-6cd2a60a-d24b-4447-a964-d59d2bac5911\" href=\"https:\/\/aem.hr\/wp-content\/uploads\/2022\/11\/9.-\u201eHrvatski-dom.pdf\">9. \u201eHrvatski dom\u201d<\/a><a href=\"https:\/\/aem.hr\/wp-content\/uploads\/2022\/11\/9.-\u201eHrvatski-dom.pdf\" class=\"wp-block-file__button wp-element-button\" download aria-describedby=\"wp-block-file--media-6cd2a60a-d24b-4447-a964-d59d2bac5911\">Preuzimanje<\/a><\/div>\n\n\n\n<div class=\"wp-block-file\"><a id=\"wp-block-file--media-6af35926-6e95-4722-9521-d1ee116ff3d8\" href=\"https:\/\/aem.hr\/wp-content\/uploads\/2022\/11\/10.-33-Reneove-fotografije.pdf\">10. 33 Ren\u00e9ove fotografije<\/a><a href=\"https:\/\/aem.hr\/wp-content\/uploads\/2022\/11\/10.-33-Reneove-fotografije.pdf\" class=\"wp-block-file__button wp-element-button\" download aria-describedby=\"wp-block-file--media-6af35926-6e95-4722-9521-d1ee116ff3d8\">Preuzimanje<\/a><\/div>\n\n\n\n<p><\/p>\n","protected":false},"excerpt":{"rendered":"","protected":false},"author":18,"featured_media":0,"parent":0,"menu_order":0,"comment_status":"closed","ping_status":"closed","template":"","meta":{"_acf_changed":false,"inline_featured_image":false,"advgb_blocks_editor_width":"","advgb_blocks_columns_visual_guide":"","_links_to":"","_links_to_type":0,"footnotes":""},"class_list":["post-13440","page","type-page","status-publish","hentry"],"acf":[],"yoast_head":"<!-- This site is optimized with the Yoast SEO plugin v25.7 - https:\/\/yoast.com\/wordpress\/plugins\/seo\/ -->\n<title>Tomislav \u0160ovagovi\u0107 - Ren\u00e9 Matou\u0161ek \u2013 Vukovar s\u00e2m, neispri\u010dana pri\u010da - Agencija za elektroni\u010dke medije<\/title>\n<meta name=\"robots\" content=\"index, follow, max-snippet:-1, max-image-preview:large, max-video-preview:-1\" \/>\n<link rel=\"canonical\" href=\"https:\/\/aem.hr\/tomislav-sovagovic-rene-matousek-vukovar-sam-neispricana-prica\/\" \/>\n<meta property=\"og:locale\" content=\"en_US\" \/>\n<meta property=\"og:type\" content=\"article\" \/>\n<meta property=\"og:title\" content=\"Tomislav \u0160ovagovi\u0107 - Ren\u00e9 Matou\u0161ek \u2013 Vukovar s\u00e2m, neispri\u010dana pri\u010da - Agencija za elektroni\u010dke medije\" \/>\n<meta property=\"og:url\" content=\"https:\/\/aem.hr\/tomislav-sovagovic-rene-matousek-vukovar-sam-neispricana-prica\/\" \/>\n<meta property=\"og:site_name\" content=\"Agencija za elektroni\u010dke medije\" \/>\n<meta property=\"article:modified_time\" content=\"2022-11-03T13:13:33+00:00\" \/>\n<meta name=\"twitter:card\" content=\"summary_large_image\" \/>\n<meta name=\"twitter:label1\" content=\"Est. reading time\" \/>\n\t<meta name=\"twitter:data1\" content=\"1 minute\" \/>\n<script type=\"application\/ld+json\" class=\"yoast-schema-graph\">{\"@context\":\"https:\/\/schema.org\",\"@graph\":[{\"@type\":\"WebPage\",\"@id\":\"https:\/\/aem.hr\/tomislav-sovagovic-rene-matousek-vukovar-sam-neispricana-prica\/\",\"url\":\"https:\/\/aem.hr\/tomislav-sovagovic-rene-matousek-vukovar-sam-neispricana-prica\/\",\"name\":\"Tomislav \u0160ovagovi\u0107 - Ren\u00e9 Matou\u0161ek \u2013 Vukovar s\u00e2m, neispri\u010dana pri\u010da - Agencija za elektroni\u010dke medije\",\"isPartOf\":{\"@id\":\"https:\/\/aem.hr\/#website\"},\"datePublished\":\"2022-11-03T13:13:27+00:00\",\"dateModified\":\"2022-11-03T13:13:33+00:00\",\"breadcrumb\":{\"@id\":\"https:\/\/aem.hr\/tomislav-sovagovic-rene-matousek-vukovar-sam-neispricana-prica\/#breadcrumb\"},\"inLanguage\":\"en-US\",\"potentialAction\":[{\"@type\":\"ReadAction\",\"target\":[\"https:\/\/aem.hr\/tomislav-sovagovic-rene-matousek-vukovar-sam-neispricana-prica\/\"]}]},{\"@type\":\"BreadcrumbList\",\"@id\":\"https:\/\/aem.hr\/tomislav-sovagovic-rene-matousek-vukovar-sam-neispricana-prica\/#breadcrumb\",\"itemListElement\":[{\"@type\":\"ListItem\",\"position\":1,\"name\":\"Po\u010detna stranica\",\"item\":\"https:\/\/aem.hr\/\"},{\"@type\":\"ListItem\",\"position\":2,\"name\":\"Tomislav \u0160ovagovi\u0107 &#8211; Ren\u00e9 Matou\u0161ek \u2013 Vukovar s\u00e2m, neispri\u010dana pri\u010da\"}]},{\"@type\":\"WebSite\",\"@id\":\"https:\/\/aem.hr\/#website\",\"url\":\"https:\/\/aem.hr\/\",\"name\":\"Agencija za elektroni\u010dke medije\",\"description\":\"\",\"potentialAction\":[{\"@type\":\"SearchAction\",\"target\":{\"@type\":\"EntryPoint\",\"urlTemplate\":\"https:\/\/aem.hr\/?s={search_term_string}\"},\"query-input\":{\"@type\":\"PropertyValueSpecification\",\"valueRequired\":true,\"valueName\":\"search_term_string\"}}],\"inLanguage\":\"en-US\"}]}<\/script>\n<!-- \/ Yoast SEO plugin. -->","yoast_head_json":{"title":"Tomislav \u0160ovagovi\u0107 - Ren\u00e9 Matou\u0161ek \u2013 Vukovar s\u00e2m, neispri\u010dana pri\u010da - Agencija za elektroni\u010dke medije","robots":{"index":"index","follow":"follow","max-snippet":"max-snippet:-1","max-image-preview":"max-image-preview:large","max-video-preview":"max-video-preview:-1"},"canonical":"https:\/\/aem.hr\/tomislav-sovagovic-rene-matousek-vukovar-sam-neispricana-prica\/","og_locale":"en_US","og_type":"article","og_title":"Tomislav \u0160ovagovi\u0107 - Ren\u00e9 Matou\u0161ek \u2013 Vukovar s\u00e2m, neispri\u010dana pri\u010da - Agencija za elektroni\u010dke medije","og_url":"https:\/\/aem.hr\/tomislav-sovagovic-rene-matousek-vukovar-sam-neispricana-prica\/","og_site_name":"Agencija za elektroni\u010dke medije","article_modified_time":"2022-11-03T13:13:33+00:00","twitter_card":"summary_large_image","twitter_misc":{"Est. reading time":"1 minute"},"schema":{"@context":"https:\/\/schema.org","@graph":[{"@type":"WebPage","@id":"https:\/\/aem.hr\/tomislav-sovagovic-rene-matousek-vukovar-sam-neispricana-prica\/","url":"https:\/\/aem.hr\/tomislav-sovagovic-rene-matousek-vukovar-sam-neispricana-prica\/","name":"Tomislav \u0160ovagovi\u0107 - Ren\u00e9 Matou\u0161ek \u2013 Vukovar s\u00e2m, neispri\u010dana pri\u010da - Agencija za elektroni\u010dke medije","isPartOf":{"@id":"https:\/\/aem.hr\/#website"},"datePublished":"2022-11-03T13:13:27+00:00","dateModified":"2022-11-03T13:13:33+00:00","breadcrumb":{"@id":"https:\/\/aem.hr\/tomislav-sovagovic-rene-matousek-vukovar-sam-neispricana-prica\/#breadcrumb"},"inLanguage":"en-US","potentialAction":[{"@type":"ReadAction","target":["https:\/\/aem.hr\/tomislav-sovagovic-rene-matousek-vukovar-sam-neispricana-prica\/"]}]},{"@type":"BreadcrumbList","@id":"https:\/\/aem.hr\/tomislav-sovagovic-rene-matousek-vukovar-sam-neispricana-prica\/#breadcrumb","itemListElement":[{"@type":"ListItem","position":1,"name":"Po\u010detna stranica","item":"https:\/\/aem.hr\/"},{"@type":"ListItem","position":2,"name":"Tomislav \u0160ovagovi\u0107 &#8211; Ren\u00e9 Matou\u0161ek \u2013 Vukovar s\u00e2m, neispri\u010dana pri\u010da"}]},{"@type":"WebSite","@id":"https:\/\/aem.hr\/#website","url":"https:\/\/aem.hr\/","name":"Agencija za elektroni\u010dke medije","description":"","potentialAction":[{"@type":"SearchAction","target":{"@type":"EntryPoint","urlTemplate":"https:\/\/aem.hr\/?s={search_term_string}"},"query-input":{"@type":"PropertyValueSpecification","valueRequired":true,"valueName":"search_term_string"}}],"inLanguage":"en-US"}]}},"coauthors":[],"author_meta":{"author_link":"https:\/\/aem.hr\/en\/blog\/author\/mkirac\/","display_name":"Matko Kirac"},"relative_dates":{"created":"Posted 3 years ago","modified":"Updated 3 years ago"},"absolute_dates":{"created":"Posted on 3. November 2022.","modified":"Updated on 3. November 2022."},"absolute_dates_time":{"created":"Posted on 3. November 2022. 14:13","modified":"Updated on 3. November 2022. 14:13"},"featured_img_caption":"","featured_img":false,"series_order":"","_links":{"self":[{"href":"https:\/\/aem.hr\/en\/wp-json\/wp\/v2\/pages\/13440","targetHints":{"allow":["GET"]}}],"collection":[{"href":"https:\/\/aem.hr\/en\/wp-json\/wp\/v2\/pages"}],"about":[{"href":"https:\/\/aem.hr\/en\/wp-json\/wp\/v2\/types\/page"}],"author":[{"embeddable":true,"href":"https:\/\/aem.hr\/en\/wp-json\/wp\/v2\/users\/18"}],"replies":[{"embeddable":true,"href":"https:\/\/aem.hr\/en\/wp-json\/wp\/v2\/comments?post=13440"}],"version-history":[{"count":1,"href":"https:\/\/aem.hr\/en\/wp-json\/wp\/v2\/pages\/13440\/revisions"}],"predecessor-version":[{"id":13462,"href":"https:\/\/aem.hr\/en\/wp-json\/wp\/v2\/pages\/13440\/revisions\/13462"}],"wp:attachment":[{"href":"https:\/\/aem.hr\/en\/wp-json\/wp\/v2\/media?parent=13440"}],"curies":[{"name":"wp","href":"https:\/\/api.w.org\/{rel}","templated":true}]}}